{"id":57191,"date":"2025-09-25T13:59:28","date_gmt":"2025-09-25T11:59:28","guid":{"rendered":"https:\/\/clarijs-fietstassen.nl\/?post_type=product&#038;p=57191"},"modified":"2025-09-29T11:04:55","modified_gmt":"2025-09-29T09:04:55","slug":"hiplok-z-lokomotive-kopie","status":"publish","type":"product","link":"https:\/\/clarijs-fietstassen.nl\/de\/produkt\/hiplok-z-lokomotive-kopie\/","title":{"rendered":"Reflective Band Clarijs \u2013 15 Prints bei deiner Fahrradtasche"},"content":{"rendered":"<p data-start=\"340\" data-end=\"623\">Mit dem Reflective Band Clarijs bist du auf dem Fahrrad immer gut sichtbar \u2013 besonders im Dunkeln oder bei schlechtem Wetter. Dieses reflektierende Band erh\u00f6ht deine Sicherheit beim Radfahren. Das Band ist One Size und l\u00e4sst sich mit einem Klettverschluss sicher schlie\u00dfen. Dank des leichten Materials sp\u00fcrst du es beim Tragen kaum. Beim Radfahren bleibt das Band fest an Ort und Stelle und rutscht nicht ab, sodass du dich voll und ganz auf die Stra\u00dfe konzentrieren kannst.    <\/p>\n<p data-start=\"625\" data-end=\"916\">Das Besondere an diesem Accessoire: Das Reflective Band ist in nicht weniger als 15 verschiedenen Drucken erh\u00e4ltlich. Alle Designs passen perfekt zu den passenden <a href=\"https:\/\/clarijs-fietstassen.nl\/de\/doppelte-fahrradtaschen-mit-aufdruck\/\"><strong>Doppelpacktaschen<\/strong><\/a> von Clarijs. So kombinieren Sie Sicherheit mit Stil, und Ihr Band bildet zusammen mit Ihrer Tasche ein sch\u00f6nes Set.  <\/p>\n<p data-start=\"1202\" data-end=\"1250\"><strong>Warum das Reflective Band Clarijs w\u00e4hlen?<\/strong><\/p>\n<ul>\n<li data-start=\"1253\" data-end=\"1315\">Eine Gr\u00f6\u00dfe: 42 x 4,5 cm<\/li>\n<li data-start=\"1316\" data-end=\"1373\">\n<p data-start=\"1318\" data-end=\"1373\">15 Drucke, die zu Clarijs passen <strong><a href=\"https:\/\/clarijs-fietstassen.nl\/de\/doppelte-fahrradtaschen-mit-aufdruck\/\">Doppelter Packsack<\/a><\/strong><\/p>\n<\/li>\n<li data-start=\"1374\" data-end=\"1405\">\n<p data-start=\"1376\" data-end=\"1405\">Leicht und bequem<\/p>\n<\/li>\n<li data-start=\"1406\" data-end=\"1442\">\n<p data-start=\"1408\" data-end=\"1442\">Starker Klettverschluss, rutscht nicht ab<\/p>\n<\/li>\n<li data-start=\"1443\" data-end=\"1492\">\n<p data-start=\"1445\" data-end=\"1492\">Handgefertigt in den Niederlanden aus langlebigem Bisonyl<\/p>\n<\/li>\n<\/ul>\n<p>Fahre sicher und stilvoll mit dem Reflective Band Clarijs \u2013 dem reflektierenden Band, das deine Fahrradsicherheit erh\u00f6ht und perfekt zu deiner Tasche passt.<\/p>\n","protected":false},"excerpt":{"rendered":"<p>Mit dem Reflective Band Clarijs bist du auf dem Fahrrad immer gut sichtbar \u2013 besonders im Dunkeln oder bei schlechtem Wetter. Dieses reflektierende Band erh\u00f6ht deine Sicherheit beim Radfahren. Das Band ist One Size und l\u00e4sst sich mit einem Klettverschluss sicher schlie\u00dfen. Dank des leichten Materials sp\u00fcrst du es beim Tragen kaum. Beim Radfahren bleibt [&hellip;]<\/p>\n","protected":false},"featured_media":57476,"comment_status":"closed","ping_status":"closed","template":"","meta":{"_acf_changed":false,"_et_pb_use_builder":"","_et_pb_old_content":"","_et_gb_content_width":""},"product_brand":[],"product_cat":[723,684],"product_tag":[],"class_list":{"0":"post-57191","1":"product","2":"type-product","3":"status-publish","4":"has-post-thumbnail","6":"product_cat-fahrradzubehor","7":"product_cat-zubehor","8":"pa_print-dots-de","9":"pa_print-follina-de","10":"pa_print-grune-blatter","11":"pa_print-kuh","12":"pa_print-la-fleur-de","13":"pa_print-leidenschaft","14":"pa_print-maria-la-verda-porto-de","15":"pa_print-marienkafer","16":"pa_print-panther-de","17":"pa_print-retro-de","18":"pa_print-retro-rot","19":"pa_print-sal-schwarz","20":"pa_print-serpente-de","21":"pa_print-weinlese","22":"pa_print-wurfel","24":"first","25":"instock","26":"taxable","27":"shipping-taxable","28":"purchasable","29":"product-type-variable"},"acf":[],"yoast_head":"<!-- This site is optimized with the Yoast SEO Premium plugin v27.2 (Yoast SEO v27.3) - https:\/\/yoast.com\/product\/yoast-seo-premium-wordpress\/ -->\n<title>Reflective Band Clarijs \u2013 15 Prints bei deiner Fahrradtasche - Clarijs Fietstassen<\/title>\n<meta name=\"description\" content=\"Reflective Band Clarijs: reflektierendes Band f\u00fcr Radfahrer. Erh\u00f6ht die Fahrradsicherheit, leicht und in 15 passenden Prints erh\u00e4ltlich.\" \/>\n<meta name=\"robots\" content=\"index, follow, max-snippet:-1, max-image-preview:large, max-video-preview:-1\" \/>\n<link rel=\"canonical\" href=\"https:\/\/clarijs-fietstassen.nl\/de\/produkt\/hiplok-z-lokomotive-kopie\/\" \/>\n<meta property=\"og:locale\" content=\"de_DE\" \/>\n<meta property=\"og:type\" content=\"article\" \/>\n<meta property=\"og:title\" content=\"Reflective Band Clarijs \u2013 15 Prints bei deiner Fahrradtasche\" \/>\n<meta property=\"og:description\" content=\"Reflective Band Clarijs: reflektierendes Band f\u00fcr Radfahrer. Erh\u00f6ht die Fahrradsicherheit, leicht und in 15 passenden Prints erh\u00e4ltlich.\" \/>\n<meta property=\"og:url\" content=\"https:\/\/clarijs-fietstassen.nl\/de\/produkt\/hiplok-z-lokomotive-kopie\/\" \/>\n<meta property=\"og:site_name\" content=\"Clarijs Fietstassen\" \/>\n<meta property=\"article:publisher\" content=\"https:\/\/www.facebook.com\/clarijs1948\/\" \/>\n<meta property=\"article:modified_time\" content=\"2025-09-29T09:04:55+00:00\" \/>\n<meta property=\"og:image\" content=\"https:\/\/clarijs-fietstassen.nl\/wp-content\/uploads\/2025\/09\/reflective-band-diverse-prints4.png\" \/>\n\t<meta property=\"og:image:width\" content=\"1000\" \/>\n\t<meta property=\"og:image:height\" content=\"1000\" \/>\n\t<meta property=\"og:image:type\" content=\"image\/png\" \/>\n<meta name=\"twitter:card\" content=\"summary_large_image\" \/>\n<meta name=\"twitter:label1\" content=\"Verf\u00fcgbarkeit\" \/>\n\t<meta name=\"twitter:data1\" content=\"Auf Lager\" \/>\n<script type=\"application\/ld+json\" class=\"yoast-schema-graph\">{\"@context\":\"https:\\\/\\\/schema.org\",\"@graph\":[{\"@type\":\"WebPage\",\"@id\":\"https:\\\/\\\/clarijs-fietstassen.nl\\\/de\\\/produkt\\\/hiplok-z-lokomotive-kopie\\\/\",\"url\":\"https:\\\/\\\/clarijs-fietstassen.nl\\\/de\\\/produkt\\\/hiplok-z-lokomotive-kopie\\\/\",\"name\":\"Reflective Band Clarijs \u2013 15 Prints bei deiner Fahrradtasche - Clarijs Fietstassen\",\"isPartOf\":{\"@id\":\"https:\\\/\\\/clarijs-fietstassen.nl\\\/de\\\/#website\"},\"primaryImageOfPage\":{\"@id\":\"https:\\\/\\\/clarijs-fietstassen.nl\\\/de\\\/produkt\\\/hiplok-z-lokomotive-kopie\\\/#primaryimage\"},\"image\":{\"@id\":\"https:\\\/\\\/clarijs-fietstassen.nl\\\/de\\\/produkt\\\/hiplok-z-lokomotive-kopie\\\/#primaryimage\"},\"thumbnailUrl\":\"https:\\\/\\\/clarijs-fietstassen.nl\\\/wp-content\\\/uploads\\\/2025\\\/09\\\/reflective-band-diverse-prints4.png\",\"datePublished\":\"2025-09-25T11:59:28+00:00\",\"dateModified\":\"2025-09-29T09:04:55+00:00\",\"description\":\"Reflective Band Clarijs: reflektierendes Band f\u00fcr Radfahrer. Erh\u00f6ht die Fahrradsicherheit, leicht und in 15 passenden Prints erh\u00e4ltlich.\",\"breadcrumb\":{\"@id\":\"https:\\\/\\\/clarijs-fietstassen.nl\\\/de\\\/produkt\\\/hiplok-z-lokomotive-kopie\\\/#breadcrumb\"},\"inLanguage\":\"de\",\"potentialAction\":[{\"@type\":\"ReadAction\",\"target\":[\"https:\\\/\\\/clarijs-fietstassen.nl\\\/de\\\/produkt\\\/hiplok-z-lokomotive-kopie\\\/\"]}]},{\"@type\":\"ImageObject\",\"inLanguage\":\"de\",\"@id\":\"https:\\\/\\\/clarijs-fietstassen.nl\\\/de\\\/produkt\\\/hiplok-z-lokomotive-kopie\\\/#primaryimage\",\"url\":\"https:\\\/\\\/clarijs-fietstassen.nl\\\/wp-content\\\/uploads\\\/2025\\\/09\\\/reflective-band-diverse-prints4.png\",\"contentUrl\":\"https:\\\/\\\/clarijs-fietstassen.nl\\\/wp-content\\\/uploads\\\/2025\\\/09\\\/reflective-band-diverse-prints4.png\",\"width\":1000,\"height\":1000,\"caption\":\"Reflektierendes Band Clarijs Sichtbar auf dem Fahrrad\"},{\"@type\":\"BreadcrumbList\",\"@id\":\"https:\\\/\\\/clarijs-fietstassen.nl\\\/de\\\/produkt\\\/hiplok-z-lokomotive-kopie\\\/#breadcrumb\",\"itemListElement\":[{\"@type\":\"ListItem\",\"position\":1,\"name\":\"Home\",\"item\":\"https:\\\/\\\/clarijs-fietstassen.nl\\\/de\\\/\"},{\"@type\":\"ListItem\",\"position\":2,\"name\":\"Shop\",\"item\":\"https:\\\/\\\/clarijs-fietstassen.nl\\\/de\\\/shop\\\/\"},{\"@type\":\"ListItem\",\"position\":3,\"name\":\"Fahrradzubeh\u00f6r\",\"item\":\"https:\\\/\\\/clarijs-fietstassen.nl\\\/de\\\/fahrradzubehor\\\/\"},{\"@type\":\"ListItem\",\"position\":4,\"name\":\"Reflective Band Clarijs \u2013 15 Prints bei deiner Fahrradtasche\"}]},{\"@type\":\"WebSite\",\"@id\":\"https:\\\/\\\/clarijs-fietstassen.nl\\\/de\\\/#website\",\"url\":\"https:\\\/\\\/clarijs-fietstassen.nl\\\/de\\\/\",\"name\":\"Clarijs Fietstassen\",\"description\":\"Kwaliteit &amp; ambacht sinds 1948\",\"publisher\":{\"@id\":\"https:\\\/\\\/clarijs-fietstassen.nl\\\/de\\\/#organization\"},\"potentialAction\":[{\"@type\":\"SearchAction\",\"target\":{\"@type\":\"EntryPoint\",\"urlTemplate\":\"https:\\\/\\\/clarijs-fietstassen.nl\\\/de\\\/?s={search_term_string}\"},\"query-input\":{\"@type\":\"PropertyValueSpecification\",\"valueRequired\":true,\"valueName\":\"search_term_string\"}}],\"inLanguage\":\"de\"},{\"@type\":\"Organization\",\"@id\":\"https:\\\/\\\/clarijs-fietstassen.nl\\\/de\\\/#organization\",\"name\":\"Clarijs Fietstassen\",\"url\":\"https:\\\/\\\/clarijs-fietstassen.nl\\\/de\\\/\",\"logo\":{\"@type\":\"ImageObject\",\"inLanguage\":\"de\",\"@id\":\"https:\\\/\\\/clarijs-fietstassen.nl\\\/de\\\/#\\\/schema\\\/logo\\\/image\\\/\",\"url\":\"https:\\\/\\\/clarijs-fietstassen.nl\\\/wp-content\\\/uploads\\\/2024\\\/01\\\/clarijs-logo-met-rand.jpg\",\"contentUrl\":\"https:\\\/\\\/clarijs-fietstassen.nl\\\/wp-content\\\/uploads\\\/2024\\\/01\\\/clarijs-logo-met-rand.jpg\",\"width\":560,\"height\":266,\"caption\":\"Clarijs Fietstassen\"},\"image\":{\"@id\":\"https:\\\/\\\/clarijs-fietstassen.nl\\\/de\\\/#\\\/schema\\\/logo\\\/image\\\/\"},\"sameAs\":[\"https:\\\/\\\/www.facebook.com\\\/clarijs1948\\\/\",\"https:\\\/\\\/www.instagram.com\\\/clarijscovers\\\/\"]}]}<\/script>\n<meta property=\"og:availability\" content=\"instock\" \/>\n<meta property=\"product:availability\" content=\"instock\" \/>\n<meta property=\"product:retailer_item_id\" content=\"4096\" \/>\n<meta property=\"product:condition\" content=\"new\" \/>\n<!-- \/ Yoast SEO Premium plugin. -->","yoast_head_json":{"title":"Reflective Band Clarijs \u2013 15 Prints bei deiner Fahrradtasche - Clarijs Fietstassen","description":"Reflective Band Clarijs: reflektierendes Band f\u00fcr Radfahrer. Erh\u00f6ht die Fahrradsicherheit, leicht und in 15 passenden Prints erh\u00e4ltlich.","robots":{"index":"index","follow":"follow","max-snippet":"max-snippet:-1","max-image-preview":"max-image-preview:large","max-video-preview":"max-video-preview:-1"},"canonical":"https:\/\/clarijs-fietstassen.nl\/de\/produkt\/hiplok-z-lokomotive-kopie\/","og_locale":"de_DE","og_type":"article","og_title":"Reflective Band Clarijs \u2013 15 Prints bei deiner Fahrradtasche","og_description":"Reflective Band Clarijs: reflektierendes Band f\u00fcr Radfahrer. Erh\u00f6ht die Fahrradsicherheit, leicht und in 15 passenden Prints erh\u00e4ltlich.","og_url":"https:\/\/clarijs-fietstassen.nl\/de\/produkt\/hiplok-z-lokomotive-kopie\/","og_site_name":"Clarijs Fietstassen","article_publisher":"https:\/\/www.facebook.com\/clarijs1948\/","article_modified_time":"2025-09-29T09:04:55+00:00","og_image":[{"width":1000,"height":1000,"url":"https:\/\/clarijs-fietstassen.nl\/wp-content\/uploads\/2025\/09\/reflective-band-diverse-prints4.png","type":"image\/png"}],"twitter_card":"summary_large_image","twitter_misc":{"Verf\u00fcgbarkeit":"Auf Lager"},"schema":{"@context":"https:\/\/schema.org","@graph":[{"@type":"WebPage","@id":"https:\/\/clarijs-fietstassen.nl\/de\/produkt\/hiplok-z-lokomotive-kopie\/","url":"https:\/\/clarijs-fietstassen.nl\/de\/produkt\/hiplok-z-lokomotive-kopie\/","name":"Reflective Band Clarijs \u2013 15 Prints bei deiner Fahrradtasche - Clarijs Fietstassen","isPartOf":{"@id":"https:\/\/clarijs-fietstassen.nl\/de\/#website"},"primaryImageOfPage":{"@id":"https:\/\/clarijs-fietstassen.nl\/de\/produkt\/hiplok-z-lokomotive-kopie\/#primaryimage"},"image":{"@id":"https:\/\/clarijs-fietstassen.nl\/de\/produkt\/hiplok-z-lokomotive-kopie\/#primaryimage"},"thumbnailUrl":"https:\/\/clarijs-fietstassen.nl\/wp-content\/uploads\/2025\/09\/reflective-band-diverse-prints4.png","datePublished":"2025-09-25T11:59:28+00:00","dateModified":"2025-09-29T09:04:55+00:00","description":"Reflective Band Clarijs: reflektierendes Band f\u00fcr Radfahrer. Erh\u00f6ht die Fahrradsicherheit, leicht und in 15 passenden Prints erh\u00e4ltlich.","breadcrumb":{"@id":"https:\/\/clarijs-fietstassen.nl\/de\/produkt\/hiplok-z-lokomotive-kopie\/#breadcrumb"},"inLanguage":"de","potentialAction":[{"@type":"ReadAction","target":["https:\/\/clarijs-fietstassen.nl\/de\/produkt\/hiplok-z-lokomotive-kopie\/"]}]},{"@type":"ImageObject","inLanguage":"de","@id":"https:\/\/clarijs-fietstassen.nl\/de\/produkt\/hiplok-z-lokomotive-kopie\/#primaryimage","url":"https:\/\/clarijs-fietstassen.nl\/wp-content\/uploads\/2025\/09\/reflective-band-diverse-prints4.png","contentUrl":"https:\/\/clarijs-fietstassen.nl\/wp-content\/uploads\/2025\/09\/reflective-band-diverse-prints4.png","width":1000,"height":1000,"caption":"Reflektierendes Band Clarijs Sichtbar auf dem Fahrrad"},{"@type":"BreadcrumbList","@id":"https:\/\/clarijs-fietstassen.nl\/de\/produkt\/hiplok-z-lokomotive-kopie\/#breadcrumb","itemListElement":[{"@type":"ListItem","position":1,"name":"Home","item":"https:\/\/clarijs-fietstassen.nl\/de\/"},{"@type":"ListItem","position":2,"name":"Shop","item":"https:\/\/clarijs-fietstassen.nl\/de\/shop\/"},{"@type":"ListItem","position":3,"name":"Fahrradzubeh\u00f6r","item":"https:\/\/clarijs-fietstassen.nl\/de\/fahrradzubehor\/"},{"@type":"ListItem","position":4,"name":"Reflective Band Clarijs \u2013 15 Prints bei deiner Fahrradtasche"}]},{"@type":"WebSite","@id":"https:\/\/clarijs-fietstassen.nl\/de\/#website","url":"https:\/\/clarijs-fietstassen.nl\/de\/","name":"Clarijs Fietstassen","description":"Kwaliteit &amp; ambacht sinds 1948","publisher":{"@id":"https:\/\/clarijs-fietstassen.nl\/de\/#organization"},"potentialAction":[{"@type":"SearchAction","target":{"@type":"EntryPoint","urlTemplate":"https:\/\/clarijs-fietstassen.nl\/de\/?s={search_term_string}"},"query-input":{"@type":"PropertyValueSpecification","valueRequired":true,"valueName":"search_term_string"}}],"inLanguage":"de"},{"@type":"Organization","@id":"https:\/\/clarijs-fietstassen.nl\/de\/#organization","name":"Clarijs Fietstassen","url":"https:\/\/clarijs-fietstassen.nl\/de\/","logo":{"@type":"ImageObject","inLanguage":"de","@id":"https:\/\/clarijs-fietstassen.nl\/de\/#\/schema\/logo\/image\/","url":"https:\/\/clarijs-fietstassen.nl\/wp-content\/uploads\/2024\/01\/clarijs-logo-met-rand.jpg","contentUrl":"https:\/\/clarijs-fietstassen.nl\/wp-content\/uploads\/2024\/01\/clarijs-logo-met-rand.jpg","width":560,"height":266,"caption":"Clarijs Fietstassen"},"image":{"@id":"https:\/\/clarijs-fietstassen.nl\/de\/#\/schema\/logo\/image\/"},"sameAs":["https:\/\/www.facebook.com\/clarijs1948\/","https:\/\/www.instagram.com\/clarijscovers\/"]}]},"og_availability":"instock","product_availability":"instock","product_retailer_item_id":"4096","product_condition":"new"},"_links":{"self":[{"href":"https:\/\/clarijs-fietstassen.nl\/de\/wp-json\/wp\/v2\/product\/57191","targetHints":{"allow":["GET"]}}],"collection":[{"href":"https:\/\/clarijs-fietstassen.nl\/de\/wp-json\/wp\/v2\/product"}],"about":[{"href":"https:\/\/clarijs-fietstassen.nl\/de\/wp-json\/wp\/v2\/types\/product"}],"replies":[{"embeddable":true,"href":"https:\/\/clarijs-fietstassen.nl\/de\/wp-json\/wp\/v2\/comments?post=57191"}],"wp:featuredmedia":[{"embeddable":true,"href":"https:\/\/clarijs-fietstassen.nl\/de\/wp-json\/wp\/v2\/media\/57476"}],"wp:attachment":[{"href":"https:\/\/clarijs-fietstassen.nl\/de\/wp-json\/wp\/v2\/media?parent=57191"}],"wp:term":[{"taxonomy":"product_brand","embeddable":true,"href":"https:\/\/clarijs-fietstassen.nl\/de\/wp-json\/wp\/v2\/product_brand?post=57191"},{"taxonomy":"product_cat","embeddable":true,"href":"https:\/\/clarijs-fietstassen.nl\/de\/wp-json\/wp\/v2\/product_cat?post=57191"},{"taxonomy":"product_tag","embeddable":true,"href":"https:\/\/clarijs-fietstassen.nl\/de\/wp-json\/wp\/v2\/product_tag?post=57191"}],"curies":[{"name":"wp","href":"https:\/\/api.w.org\/{rel}","templated":true}]}}