{"id":58769,"date":"2025-11-03T10:07:07","date_gmt":"2025-11-03T09:07:07","guid":{"rendered":"https:\/\/clarijs-fietstassen.nl\/?post_type=product&#038;p=58769"},"modified":"2025-11-05T14:32:56","modified_gmt":"2025-11-05T13:32:56","slug":"zipper-shopper-matt-schwarz-kopie-kopie","status":"publish","type":"product","link":"https:\/\/clarijs-fietstassen.nl\/de\/produkt\/zipper-shopper-matt-schwarz-kopie-kopie\/","title":{"rendered":"Zipper Einzelne Fahrradtasche reCYCLEd &#8211; Italy XL"},"content":{"rendered":"<p>Die Zipper Single Bicycle Bag reCYCLEd &#8211; Italy XL von Clarijs ist eine stilvolle und nachhaltige Fahrradtasche f\u00fcr alle, die sich bewusst f\u00fcr Recycling und Charakter entscheiden. Die in den Niederlanden handgefertigte Tasche aus recyceltem Lkw-Planenstoff kombiniert ein frisches italienisches Farbgef\u00fchl mit einem robusten Design, das sofort auff\u00e4llt. Jede Tasche hat aufgrund der Herkunft des Materials ihren eigenen, einzigartigen Look, so dass keine Tasche der anderen gleicht.  <\/p>\n<p><strong>Warum w\u00e4hlen Sie die Zipper Einzelne Fahrradtasche reCYCLEd &#8211; Italy XL<\/strong><\/p>\n<ul>\n<li>Handgefertigt in den Niederlanden<\/li>\n<li>Wasserabweisend und langlebig<\/li>\n<li>Jede Tasche ist einzigartig in Farbe und Muster, keine gleicht der anderen.<\/li>\n<li>Verst\u00e4rkter R\u00fccken und Boden f\u00fcr zus\u00e4tzliche Stabilit\u00e4t und Tragf\u00e4higkeit<\/li>\n<li>Zusammenklappbare Basis f\u00fcr kompakte Aufbewahrung<\/li>\n<li>Rei\u00dfverschluss und kurze Griffe f\u00fcr einfaches Tragen<\/li>\n<\/ul>\n<p>Die Ma\u00dfe dieser Tasche sind B 34 cm x T 15 cm x H 36 cm.<\/p>\n<p>Die Tasche hat ein Rei\u00dfverschlussfach auf der Innenseite f\u00fcr kleine Gegenst\u00e4nde.<\/p>\n<p data-start=\"984\" data-end=\"1205\"><strong>Warum jede Tasche einzigartig ist<\/strong><br data-start=\"1008\" data-end=\"1011\">Da der recycelte LKW-Stoff jedes Mal anders ist, unterscheidet sich jedes Modell in Farbverteilung und Textur. So tragen Sie immer eine Tasche mit ihrer eigenen Geschichte bei sich &#8211; authentisch und einmalig. <\/p>\n<p data-start=\"1207\" data-end=\"1418\" data-is-last-node=\"\" data-is-only-node=\"\"><strong>Entscheiden Sie sich f\u00fcr Langlebigkeit und Design in einem hochwertigen Material<\/strong><br data-start=\"1240\" data-end=\"1243\">Bestellen Sie noch heute Ihre Zipper Single Bicycle Bag reCYCLEd &#8211; Italy XL und erleben Sie, wie praktisch und stilvoll perfekt zusammenpassen!<\/p>\n","protected":false},"excerpt":{"rendered":"<p><br data-mce-bogus=\"1\"><\/p>\n","protected":false},"featured_media":58840,"comment_status":"open","ping_status":"closed","template":"","meta":{"_acf_changed":false,"_et_pb_use_builder":"","_et_pb_old_content":"","_et_gb_content_width":""},"product_brand":[],"product_cat":[705,721,731,740,783,824,768,767,777,780],"product_tag":[],"class_list":{"0":"post-58769","1":"product","2":"type-product","3":"status-publish","4":"has-post-thumbnail","6":"product_cat-cortina-fahrradtaschen","7":"product_cat-einzelne-fahrradtaschen","8":"product_cat-gazelle-de","9":"product_cat-kleine-fahrradtaschen","10":"product_cat-recycled-de","11":"product_cat-recycled-fahrradtaschen","12":"product_cat-stabile-fahrradtaschen","13":"product_cat-stella-fahrradtaschen","14":"product_cat-wasserdichte-fahrradtaschen","15":"product_cat-zippers-de","16":"pa_materiaal-bisonyl-pvc-leinwand","17":"pa_merk-clarijs-covers-b-v-de","19":"first","20":"instock","21":"taxable","22":"shipping-taxable","23":"purchasable","24":"product-type-simple"},"acf":[],"yoast_head":"<!-- This site is optimized with the Yoast SEO Premium plugin v27.2 (Yoast SEO v27.3) - https:\/\/yoast.com\/product\/yoast-seo-premium-wordpress\/ -->\n<title>Zipper Einzelne Fahrradtasche reCYCLEd - Italy XL - Clarijs Fietstassen<\/title>\n<meta name=\"description\" content=\"Die Zipper Einzeltasche reCYCLEd \u2013 Italy XL wird in den Niederlanden aus recyceltem LKW-Planenstoff handgefertigt. Nachhaltig, einzigartig und stilvoll mit einem frischen italienischen Look.\" \/>\n<meta name=\"robots\" content=\"index, follow, max-snippet:-1, max-image-preview:large, max-video-preview:-1\" \/>\n<link rel=\"canonical\" href=\"https:\/\/clarijs-fietstassen.nl\/produkt\/zipper-enkele-fietstas-recycled-italy\/\" \/>\n<meta property=\"og:locale\" content=\"de_DE\" \/>\n<meta property=\"og:type\" content=\"article\" \/>\n<meta property=\"og:title\" content=\"Zipper Einzelne Fahrradtasche reCYCLEd - Italy XL\" \/>\n<meta property=\"og:description\" content=\"Die Zipper Einzeltasche reCYCLEd \u2013 Italy XL wird in den Niederlanden aus recyceltem LKW-Planenstoff handgefertigt. Nachhaltig, einzigartig und stilvoll mit einem frischen italienischen Look.\" \/>\n<meta property=\"og:url\" content=\"https:\/\/clarijs-fietstassen.nl\/produkt\/zipper-enkele-fietstas-recycled-italy\/\" \/>\n<meta property=\"og:site_name\" content=\"Clarijs Fietstassen\" \/>\n<meta property=\"article:publisher\" content=\"https:\/\/www.facebook.com\/clarijs1948\/\" \/>\n<meta property=\"article:modified_time\" content=\"2025-11-05T13:32:56+00:00\" \/>\n<meta property=\"og:image\" content=\"https:\/\/clarijs-fietstassen.nl\/wp-content\/uploads\/2025\/11\/Zipper-Enkele-Fietstas-reCYCLEd-Italy-XL.png\" \/>\n\t<meta property=\"og:image:width\" content=\"1000\" \/>\n\t<meta property=\"og:image:height\" content=\"1000\" \/>\n\t<meta property=\"og:image:type\" content=\"image\/png\" \/>\n<meta name=\"twitter:card\" content=\"summary_large_image\" \/>\n<meta name=\"twitter:label1\" content=\"Preis\" \/>\n\t<meta name=\"twitter:data1\" content=\"&euro;64.00\" \/>\n\t<meta name=\"twitter:label2\" content=\"Verf\u00fcgbarkeit\" \/>\n\t<meta name=\"twitter:data2\" content=\"Auf Lager\" \/>\n<script type=\"application\/ld+json\" class=\"yoast-schema-graph\">{\"@context\":\"https:\\\/\\\/schema.org\",\"@graph\":[{\"@type\":\"WebPage\",\"@id\":\"https:\\\/\\\/clarijs-fietstassen.nl\\\/produkt\\\/zipper-enkele-fietstas-recycled-italy\\\/\",\"url\":\"https:\\\/\\\/clarijs-fietstassen.nl\\\/produkt\\\/zipper-enkele-fietstas-recycled-italy\\\/\",\"name\":\"Zipper Einzelne Fahrradtasche reCYCLEd - Italy XL - Clarijs Fietstassen\",\"isPartOf\":{\"@id\":\"https:\\\/\\\/clarijs-fietstassen.nl\\\/de\\\/#website\"},\"primaryImageOfPage\":{\"@id\":\"https:\\\/\\\/clarijs-fietstassen.nl\\\/produkt\\\/zipper-enkele-fietstas-recycled-italy\\\/#primaryimage\"},\"image\":{\"@id\":\"https:\\\/\\\/clarijs-fietstassen.nl\\\/produkt\\\/zipper-enkele-fietstas-recycled-italy\\\/#primaryimage\"},\"thumbnailUrl\":\"https:\\\/\\\/clarijs-fietstassen.nl\\\/wp-content\\\/uploads\\\/2025\\\/11\\\/Zipper-Enkele-Fietstas-reCYCLEd-Italy-XL.png\",\"datePublished\":\"2025-11-03T09:07:07+00:00\",\"dateModified\":\"2025-11-05T13:32:56+00:00\",\"description\":\"Die Zipper Einzeltasche reCYCLEd \u2013 Italy XL wird in den Niederlanden aus recyceltem LKW-Planenstoff handgefertigt. Nachhaltig, einzigartig und stilvoll mit einem frischen italienischen Look.\",\"breadcrumb\":{\"@id\":\"https:\\\/\\\/clarijs-fietstassen.nl\\\/produkt\\\/zipper-enkele-fietstas-recycled-italy\\\/#breadcrumb\"},\"inLanguage\":\"de\",\"potentialAction\":[{\"@type\":\"ReadAction\",\"target\":[\"https:\\\/\\\/clarijs-fietstassen.nl\\\/produkt\\\/zipper-enkele-fietstas-recycled-italy\\\/\"]}]},{\"@type\":\"ImageObject\",\"inLanguage\":\"de\",\"@id\":\"https:\\\/\\\/clarijs-fietstassen.nl\\\/produkt\\\/zipper-enkele-fietstas-recycled-italy\\\/#primaryimage\",\"url\":\"https:\\\/\\\/clarijs-fietstassen.nl\\\/wp-content\\\/uploads\\\/2025\\\/11\\\/Zipper-Enkele-Fietstas-reCYCLEd-Italy-XL.png\",\"contentUrl\":\"https:\\\/\\\/clarijs-fietstassen.nl\\\/wp-content\\\/uploads\\\/2025\\\/11\\\/Zipper-Enkele-Fietstas-reCYCLEd-Italy-XL.png\",\"width\":1000,\"height\":1000,\"caption\":\"Zipper Enkele Fietstas reCYCLEd - Italy XL\"},{\"@type\":\"BreadcrumbList\",\"@id\":\"https:\\\/\\\/clarijs-fietstassen.nl\\\/produkt\\\/zipper-enkele-fietstas-recycled-italy\\\/#breadcrumb\",\"itemListElement\":[{\"@type\":\"ListItem\",\"position\":1,\"name\":\"Home\",\"item\":\"https:\\\/\\\/clarijs-fietstassen.nl\\\/de\\\/\"},{\"@type\":\"ListItem\",\"position\":2,\"name\":\"Shop\",\"item\":\"https:\\\/\\\/clarijs-fietstassen.nl\\\/de\\\/shop\\\/\"},{\"@type\":\"ListItem\",\"position\":3,\"name\":\"Wasserdichte Fahrradtaschen\",\"item\":\"http:\\\/\\\/clarijs-fietstassen.nl\\\/wasserdichte-fahrradtaschen\\\/\"},{\"@type\":\"ListItem\",\"position\":4,\"name\":\"Zipper Einzelne Fahrradtasche reCYCLEd &#8211; Italy XL\"}]},{\"@type\":\"WebSite\",\"@id\":\"https:\\\/\\\/clarijs-fietstassen.nl\\\/de\\\/#website\",\"url\":\"https:\\\/\\\/clarijs-fietstassen.nl\\\/de\\\/\",\"name\":\"Clarijs Fietstassen\",\"description\":\"Kwaliteit &amp; ambacht sinds 1948\",\"publisher\":{\"@id\":\"https:\\\/\\\/clarijs-fietstassen.nl\\\/de\\\/#organization\"},\"potentialAction\":[{\"@type\":\"SearchAction\",\"target\":{\"@type\":\"EntryPoint\",\"urlTemplate\":\"https:\\\/\\\/clarijs-fietstassen.nl\\\/de\\\/?s={search_term_string}\"},\"query-input\":{\"@type\":\"PropertyValueSpecification\",\"valueRequired\":true,\"valueName\":\"search_term_string\"}}],\"inLanguage\":\"de\"},{\"@type\":\"Organization\",\"@id\":\"https:\\\/\\\/clarijs-fietstassen.nl\\\/de\\\/#organization\",\"name\":\"Clarijs Fietstassen\",\"url\":\"https:\\\/\\\/clarijs-fietstassen.nl\\\/de\\\/\",\"logo\":{\"@type\":\"ImageObject\",\"inLanguage\":\"de\",\"@id\":\"https:\\\/\\\/clarijs-fietstassen.nl\\\/de\\\/#\\\/schema\\\/logo\\\/image\\\/\",\"url\":\"https:\\\/\\\/clarijs-fietstassen.nl\\\/wp-content\\\/uploads\\\/2024\\\/01\\\/clarijs-logo-met-rand.jpg\",\"contentUrl\":\"https:\\\/\\\/clarijs-fietstassen.nl\\\/wp-content\\\/uploads\\\/2024\\\/01\\\/clarijs-logo-met-rand.jpg\",\"width\":560,\"height\":266,\"caption\":\"Clarijs Fietstassen\"},\"image\":{\"@id\":\"https:\\\/\\\/clarijs-fietstassen.nl\\\/de\\\/#\\\/schema\\\/logo\\\/image\\\/\"},\"sameAs\":[\"https:\\\/\\\/www.facebook.com\\\/clarijs1948\\\/\",\"https:\\\/\\\/www.instagram.com\\\/clarijscovers\\\/\"]}]}<\/script>\n<meta property=\"product:price:amount\" content=\"64.00\" \/>\n<meta property=\"product:price:currency\" content=\"EUR\" \/>\n<meta property=\"og:availability\" content=\"instock\" \/>\n<meta property=\"product:availability\" content=\"instock\" \/>\n<meta property=\"product:retailer_item_id\" content=\"3111\" \/>\n<meta property=\"product:condition\" content=\"new\" \/>\n<!-- \/ Yoast SEO Premium plugin. -->","yoast_head_json":{"title":"Zipper Einzelne Fahrradtasche reCYCLEd - Italy XL - Clarijs Fietstassen","description":"Die Zipper Einzeltasche reCYCLEd \u2013 Italy XL wird in den Niederlanden aus recyceltem LKW-Planenstoff handgefertigt. Nachhaltig, einzigartig und stilvoll mit einem frischen italienischen Look.","robots":{"index":"index","follow":"follow","max-snippet":"max-snippet:-1","max-image-preview":"max-image-preview:large","max-video-preview":"max-video-preview:-1"},"canonical":"https:\/\/clarijs-fietstassen.nl\/produkt\/zipper-enkele-fietstas-recycled-italy\/","og_locale":"de_DE","og_type":"article","og_title":"Zipper Einzelne Fahrradtasche reCYCLEd - Italy XL","og_description":"Die Zipper Einzeltasche reCYCLEd \u2013 Italy XL wird in den Niederlanden aus recyceltem LKW-Planenstoff handgefertigt. Nachhaltig, einzigartig und stilvoll mit einem frischen italienischen Look.","og_url":"https:\/\/clarijs-fietstassen.nl\/produkt\/zipper-enkele-fietstas-recycled-italy\/","og_site_name":"Clarijs Fietstassen","article_publisher":"https:\/\/www.facebook.com\/clarijs1948\/","article_modified_time":"2025-11-05T13:32:56+00:00","og_image":[{"width":1000,"height":1000,"url":"https:\/\/clarijs-fietstassen.nl\/wp-content\/uploads\/2025\/11\/Zipper-Enkele-Fietstas-reCYCLEd-Italy-XL.png","type":"image\/png"}],"twitter_card":"summary_large_image","twitter_misc":{"Preis":"&euro;64.00","Verf\u00fcgbarkeit":"Auf Lager"},"schema":{"@context":"https:\/\/schema.org","@graph":[{"@type":"WebPage","@id":"https:\/\/clarijs-fietstassen.nl\/produkt\/zipper-enkele-fietstas-recycled-italy\/","url":"https:\/\/clarijs-fietstassen.nl\/produkt\/zipper-enkele-fietstas-recycled-italy\/","name":"Zipper Einzelne Fahrradtasche reCYCLEd - Italy XL - Clarijs Fietstassen","isPartOf":{"@id":"https:\/\/clarijs-fietstassen.nl\/de\/#website"},"primaryImageOfPage":{"@id":"https:\/\/clarijs-fietstassen.nl\/produkt\/zipper-enkele-fietstas-recycled-italy\/#primaryimage"},"image":{"@id":"https:\/\/clarijs-fietstassen.nl\/produkt\/zipper-enkele-fietstas-recycled-italy\/#primaryimage"},"thumbnailUrl":"https:\/\/clarijs-fietstassen.nl\/wp-content\/uploads\/2025\/11\/Zipper-Enkele-Fietstas-reCYCLEd-Italy-XL.png","datePublished":"2025-11-03T09:07:07+00:00","dateModified":"2025-11-05T13:32:56+00:00","description":"Die Zipper Einzeltasche reCYCLEd \u2013 Italy XL wird in den Niederlanden aus recyceltem LKW-Planenstoff handgefertigt. Nachhaltig, einzigartig und stilvoll mit einem frischen italienischen Look.","breadcrumb":{"@id":"https:\/\/clarijs-fietstassen.nl\/produkt\/zipper-enkele-fietstas-recycled-italy\/#breadcrumb"},"inLanguage":"de","potentialAction":[{"@type":"ReadAction","target":["https:\/\/clarijs-fietstassen.nl\/produkt\/zipper-enkele-fietstas-recycled-italy\/"]}]},{"@type":"ImageObject","inLanguage":"de","@id":"https:\/\/clarijs-fietstassen.nl\/produkt\/zipper-enkele-fietstas-recycled-italy\/#primaryimage","url":"https:\/\/clarijs-fietstassen.nl\/wp-content\/uploads\/2025\/11\/Zipper-Enkele-Fietstas-reCYCLEd-Italy-XL.png","contentUrl":"https:\/\/clarijs-fietstassen.nl\/wp-content\/uploads\/2025\/11\/Zipper-Enkele-Fietstas-reCYCLEd-Italy-XL.png","width":1000,"height":1000,"caption":"Zipper Enkele Fietstas reCYCLEd - Italy XL"},{"@type":"BreadcrumbList","@id":"https:\/\/clarijs-fietstassen.nl\/produkt\/zipper-enkele-fietstas-recycled-italy\/#breadcrumb","itemListElement":[{"@type":"ListItem","position":1,"name":"Home","item":"https:\/\/clarijs-fietstassen.nl\/de\/"},{"@type":"ListItem","position":2,"name":"Shop","item":"https:\/\/clarijs-fietstassen.nl\/de\/shop\/"},{"@type":"ListItem","position":3,"name":"Wasserdichte Fahrradtaschen","item":"http:\/\/clarijs-fietstassen.nl\/wasserdichte-fahrradtaschen\/"},{"@type":"ListItem","position":4,"name":"Zipper Einzelne Fahrradtasche reCYCLEd &#8211; Italy XL"}]},{"@type":"WebSite","@id":"https:\/\/clarijs-fietstassen.nl\/de\/#website","url":"https:\/\/clarijs-fietstassen.nl\/de\/","name":"Clarijs Fietstassen","description":"Kwaliteit &amp; ambacht sinds 1948","publisher":{"@id":"https:\/\/clarijs-fietstassen.nl\/de\/#organization"},"potentialAction":[{"@type":"SearchAction","target":{"@type":"EntryPoint","urlTemplate":"https:\/\/clarijs-fietstassen.nl\/de\/?s={search_term_string}"},"query-input":{"@type":"PropertyValueSpecification","valueRequired":true,"valueName":"search_term_string"}}],"inLanguage":"de"},{"@type":"Organization","@id":"https:\/\/clarijs-fietstassen.nl\/de\/#organization","name":"Clarijs Fietstassen","url":"https:\/\/clarijs-fietstassen.nl\/de\/","logo":{"@type":"ImageObject","inLanguage":"de","@id":"https:\/\/clarijs-fietstassen.nl\/de\/#\/schema\/logo\/image\/","url":"https:\/\/clarijs-fietstassen.nl\/wp-content\/uploads\/2024\/01\/clarijs-logo-met-rand.jpg","contentUrl":"https:\/\/clarijs-fietstassen.nl\/wp-content\/uploads\/2024\/01\/clarijs-logo-met-rand.jpg","width":560,"height":266,"caption":"Clarijs Fietstassen"},"image":{"@id":"https:\/\/clarijs-fietstassen.nl\/de\/#\/schema\/logo\/image\/"},"sameAs":["https:\/\/www.facebook.com\/clarijs1948\/","https:\/\/www.instagram.com\/clarijscovers\/"]}]},"product_price_amount":"64.00","product_price_currency":"EUR","og_availability":"instock","product_availability":"instock","product_retailer_item_id":"3111","product_condition":"new"},"_links":{"self":[{"href":"https:\/\/clarijs-fietstassen.nl\/de\/wp-json\/wp\/v2\/product\/58769","targetHints":{"allow":["GET"]}}],"collection":[{"href":"https:\/\/clarijs-fietstassen.nl\/de\/wp-json\/wp\/v2\/product"}],"about":[{"href":"https:\/\/clarijs-fietstassen.nl\/de\/wp-json\/wp\/v2\/types\/product"}],"replies":[{"embeddable":true,"href":"https:\/\/clarijs-fietstassen.nl\/de\/wp-json\/wp\/v2\/comments?post=58769"}],"wp:featuredmedia":[{"embeddable":true,"href":"https:\/\/clarijs-fietstassen.nl\/de\/wp-json\/wp\/v2\/media\/58840"}],"wp:attachment":[{"href":"https:\/\/clarijs-fietstassen.nl\/de\/wp-json\/wp\/v2\/media?parent=58769"}],"wp:term":[{"taxonomy":"product_brand","embeddable":true,"href":"https:\/\/clarijs-fietstassen.nl\/de\/wp-json\/wp\/v2\/product_brand?post=58769"},{"taxonomy":"product_cat","embeddable":true,"href":"https:\/\/clarijs-fietstassen.nl\/de\/wp-json\/wp\/v2\/product_cat?post=58769"},{"taxonomy":"product_tag","embeddable":true,"href":"https:\/\/clarijs-fietstassen.nl\/de\/wp-json\/wp\/v2\/product_tag?post=58769"}],"curies":[{"name":"wp","href":"https:\/\/api.w.org\/{rel}","templated":true}]}}