{"id":59769,"date":"2025-12-08T10:45:19","date_gmt":"2025-12-08T09:45:19","guid":{"rendered":"https:\/\/clarijs-fietstassen.nl\/?post_type=product&#038;p=59769"},"modified":"2026-01-14T16:16:01","modified_gmt":"2026-01-14T15:16:01","slug":"longtail-universal-fahrradtasche-kopie","status":"publish","type":"product","link":"https:\/\/clarijs-fietstassen.nl\/de\/produkt\/longtail-universal-fahrradtasche-kopie\/","title":{"rendered":"Longtail Universal Fahrradtasche reCYCLEd -red"},"content":{"rendered":"<p><span style=\"font-weight: 400;\">Die Long Tail Universal Fahrradtasche reCYCLEd \u2013 red von Clarijs Fahrradtaschen ist der ideale Begleiter f\u00fcr abenteuerliche Radfahrer, die unterwegs praktische und vielseitige Stauraum ben\u00f6tigen. Dank des universellen Befestigungssystems passt diese Tasche auf nahezu jedes Longtail-Bike, darunter Tern, Trek, Veloe, Carlos, Douze, Riese &amp; M\u00fcller, Brinckers und Bike43.   <\/span>Das robuste PVC-Gewebe sch\u00fctzt vor Wind und Regen, w\u00e4hrend der magnetische Fidlock-Verschluss Ihre Sachen trocken und sicher aufbewahrt. Die verst\u00e4rkte R\u00fcckenplatte und der klappbare Taschenboden sorgen f\u00fcr zus\u00e4tzliche Stabilit\u00e4t \u2013 auch bei schweren Lasten. <\/p>\n<p><b>Durchdacht gestaltet f\u00fcr den t\u00e4glichen Einsatz<\/b><\/p>\n<p>Diese Longtail Fahrradtasche Universal reCYCLEd von Clarijs, ausgef\u00fchrt in einer markanten rot-wei\u00dfen Optik, bietet viele praktische Vorteile wie:<\/p>\n<ul>\n<li style=\"font-weight: 400;\" aria-level=\"1\">Magnetischer Fidlock-Verschluss f\u00fcr schnelles und sicheres \u00d6ffnen und Schlie\u00dfen<\/li>\n<li style=\"font-weight: 400;\" aria-level=\"1\">Ger\u00e4umiges Innenfach f\u00fcr \u00fcbersichtliche Aufbewahrung<\/li>\n<li style=\"font-weight: 400;\" aria-level=\"1\">58 Liter Fassungsverm\u00f6gen f\u00fcr alles, was Sie mitnehmen m\u00f6chten<\/li>\n<li style=\"font-weight: 400;\" aria-level=\"1\">Klappbarer Boden f\u00fcr zus\u00e4tzliche Tragkraft und Stabilit\u00e4t<\/li>\n<li aria-level=\"1\">Hergestellt aus langlebigem reCYCLEd LKW-Planenmaterial<\/li>\n<\/ul>\n<p><strong>Ma\u00dfe dieser Longtail Universal Fahrradtasche:<\/strong><\/p>\n<p><i><span style=\"font-weight: 400;\">Breite 58\/54 cm<\/span><\/i><i><span style=\"font-weight: 400;\"><br \/>\n<\/span><\/i><i><span style=\"font-weight: 400;\">H\u00f6he 40 cm  <\/span><\/i><i><span style=\"font-weight: 400;\"><br \/>\n<\/span><\/i><i><span style=\"font-weight: 400;\">Tiefe 20 cm<\/span><\/i><\/p>\n<p><strong>Warum eine Longtail Fahrradtasche aus reCYCLEd LKW-Planenmaterial w\u00e4hlen?<\/strong><\/p>\n<p>Die Tasche besteht aus hochwertigem reCYCLEd LKW-Planenmaterial: einem starken, abriebfesten und vollst\u00e4ndig wasserdichten Material, das f\u00fcr seine lange Lebensdauer bekannt ist. Das Gewebe bleibt selbst unter hoher Belastung stabil, sch\u00fctzt den Inhalt vor Regen und t\u00e4glicher Abnutzung und macht die Tasche ideal f\u00fcr intensiven Gebrauch.  <\/p>\n<p>ombinieren Sie die Longtail Universal pannier reCYCLEd mit der <strong><a href=\"https:\/\/clarijs-fietstassen.nl\/de\/produkt\/fronttasche-premium-kopie\/\">Front Bag Premium reCYCLEd &#8211; red<\/a> <\/strong> voor extra opbergruimte en optimaal gebruik van je longtailfiets.<\/p>\n<p>Hier k\u00f6nnen Sie <b>das Benutzerhandbuch<\/b> f\u00fcr die Longtail Universal Fahrradtasche finden.<\/p>\n<p>&nbsp;<\/p>\n","protected":false},"excerpt":{"rendered":"<p>Die Long Tail Universal Fahrradtasche reCYCLEd \u2013 red von Clarijs Fahrradtaschen ist der ideale Begleiter f\u00fcr abenteuerliche Radfahrer, die unterwegs praktische und vielseitige Stauraum ben\u00f6tigen. Dank des universellen Befestigungssystems passt diese Tasche auf nahezu jedes Longtail-Bike, darunter Tern, Trek, Veloe, Carlos, Douze, Riese &amp; M\u00fcller, Brinckers und Bike43. Das robuste PVC-Gewebe sch\u00fctzt vor Wind und [&hellip;]<\/p>\n","protected":false},"featured_media":61336,"comment_status":"closed","ping_status":"closed","template":"","meta":{"_acf_changed":false,"_et_pb_use_builder":"","_et_pb_old_content":"","_et_gb_content_width":""},"product_brand":[],"product_cat":[721,737,746,783,824,781],"product_tag":[],"class_list":{"0":"post-59769","1":"product","2":"type-product","3":"status-publish","4":"has-post-thumbnail","6":"product_cat-einzelne-fahrradtaschen","7":"product_cat-grosse-fahrradtaschen","8":"product_cat-longtail-fahrradtaschen","9":"product_cat-recycled-de","10":"product_cat-recycled-fahrradtaschen","11":"product_cat-schwarze-einzelfahrradtaschen","13":"first","14":"onbackorder","15":"taxable","16":"shipping-taxable","17":"purchasable","18":"product-type-simple"},"acf":[],"yoast_head":"<!-- This site is optimized with the Yoast SEO Premium plugin v27.2 (Yoast SEO v27.4) - https:\/\/yoast.com\/product\/yoast-seo-premium-wordpress\/ -->\n<title>Longtail Universal fietstas reCYCLEd - red | Clarijs Fietstassen<\/title>\n<meta name=\"description\" content=\"De Longtail Universal fietstas reCYCLEd red is gemaakt voor de Longtail fiets. Deze tas is duurzaam en heeft een magnetische Fidlock sluiting\" \/>\n<meta name=\"robots\" content=\"index, follow, max-snippet:-1, max-image-preview:large, max-video-preview:-1\" \/>\n<link rel=\"canonical\" href=\"https:\/\/clarijs-fietstassen.nl\/de\/produkt\/longtail-universal-fahrradtasche-kopie\/\" \/>\n<meta property=\"og:locale\" content=\"de_DE\" \/>\n<meta property=\"og:type\" content=\"article\" \/>\n<meta property=\"og:title\" content=\"Longtail Universal Fahrradtasche reCYCLEd -red\" \/>\n<meta property=\"og:description\" content=\"De Longtail Universal fietstas reCYCLEd red is gemaakt voor de Longtail fiets. Deze tas is duurzaam en heeft een magnetische Fidlock sluiting\" \/>\n<meta property=\"og:url\" content=\"https:\/\/clarijs-fietstassen.nl\/de\/produkt\/longtail-universal-fahrradtasche-kopie\/\" \/>\n<meta property=\"og:site_name\" content=\"Clarijs Fietstassen\" \/>\n<meta property=\"article:publisher\" content=\"https:\/\/www.facebook.com\/clarijs1948\/\" \/>\n<meta property=\"article:modified_time\" content=\"2026-01-14T15:16:01+00:00\" \/>\n<meta property=\"og:image\" content=\"https:\/\/clarijs-fietstassen.nl\/wp-content\/uploads\/2025\/12\/Longtail-universal-recycycled-red.png\" \/>\n\t<meta property=\"og:image:width\" content=\"1000\" \/>\n\t<meta property=\"og:image:height\" content=\"1000\" \/>\n\t<meta property=\"og:image:type\" content=\"image\/png\" \/>\n<meta name=\"twitter:card\" content=\"summary_large_image\" \/>\n<meta name=\"twitter:label1\" content=\"Preis\" \/>\n\t<meta name=\"twitter:data1\" content=\"&euro;250.00\" \/>\n\t<meta name=\"twitter:label2\" content=\"Verf\u00fcgbarkeit\" \/>\n\t<meta name=\"twitter:data2\" content=\"bei Nachbestellung\" \/>\n<script type=\"application\/ld+json\" class=\"yoast-schema-graph\">{\"@context\":\"https:\\\/\\\/schema.org\",\"@graph\":[{\"@type\":\"WebPage\",\"@id\":\"https:\\\/\\\/clarijs-fietstassen.nl\\\/de\\\/produkt\\\/longtail-universal-fahrradtasche-kopie\\\/\",\"url\":\"https:\\\/\\\/clarijs-fietstassen.nl\\\/de\\\/produkt\\\/longtail-universal-fahrradtasche-kopie\\\/\",\"name\":\"Longtail Universal fietstas reCYCLEd - red | Clarijs Fietstassen\",\"isPartOf\":{\"@id\":\"https:\\\/\\\/clarijs-fietstassen.nl\\\/de\\\/#website\"},\"primaryImageOfPage\":{\"@id\":\"https:\\\/\\\/clarijs-fietstassen.nl\\\/de\\\/produkt\\\/longtail-universal-fahrradtasche-kopie\\\/#primaryimage\"},\"image\":{\"@id\":\"https:\\\/\\\/clarijs-fietstassen.nl\\\/de\\\/produkt\\\/longtail-universal-fahrradtasche-kopie\\\/#primaryimage\"},\"thumbnailUrl\":\"https:\\\/\\\/clarijs-fietstassen.nl\\\/wp-content\\\/uploads\\\/2025\\\/12\\\/Longtail-universal-recycycled-red.png\",\"datePublished\":\"2025-12-08T09:45:19+00:00\",\"dateModified\":\"2026-01-14T15:16:01+00:00\",\"description\":\"De Longtail Universal fietstas reCYCLEd red is gemaakt voor de Longtail fiets. Deze tas is duurzaam en heeft een magnetische Fidlock sluiting\",\"breadcrumb\":{\"@id\":\"https:\\\/\\\/clarijs-fietstassen.nl\\\/de\\\/produkt\\\/longtail-universal-fahrradtasche-kopie\\\/#breadcrumb\"},\"inLanguage\":\"de\",\"potentialAction\":[{\"@type\":\"ReadAction\",\"target\":[\"https:\\\/\\\/clarijs-fietstassen.nl\\\/de\\\/produkt\\\/longtail-universal-fahrradtasche-kopie\\\/\"]}]},{\"@type\":\"ImageObject\",\"inLanguage\":\"de\",\"@id\":\"https:\\\/\\\/clarijs-fietstassen.nl\\\/de\\\/produkt\\\/longtail-universal-fahrradtasche-kopie\\\/#primaryimage\",\"url\":\"https:\\\/\\\/clarijs-fietstassen.nl\\\/wp-content\\\/uploads\\\/2025\\\/12\\\/Longtail-universal-recycycled-red.png\",\"contentUrl\":\"https:\\\/\\\/clarijs-fietstassen.nl\\\/wp-content\\\/uploads\\\/2025\\\/12\\\/Longtail-universal-recycycled-red.png\",\"width\":1000,\"height\":1000,\"caption\":\"Longtail Universal Fietstas reCYCLEd red\"},{\"@type\":\"BreadcrumbList\",\"@id\":\"https:\\\/\\\/clarijs-fietstassen.nl\\\/de\\\/produkt\\\/longtail-universal-fahrradtasche-kopie\\\/#breadcrumb\",\"itemListElement\":[{\"@type\":\"ListItem\",\"position\":1,\"name\":\"Home\",\"item\":\"https:\\\/\\\/clarijs-fietstassen.nl\\\/de\\\/\"},{\"@type\":\"ListItem\",\"position\":2,\"name\":\"Shop\",\"item\":\"https:\\\/\\\/clarijs-fietstassen.nl\\\/de\\\/shop\\\/\"},{\"@type\":\"ListItem\",\"position\":3,\"name\":\"Enkele fietstassen\",\"item\":\"https:\\\/\\\/clarijs-fietstassen.nl\\\/enkele-fietstassen\\\/\"},{\"@type\":\"ListItem\",\"position\":4,\"name\":\"Longtail Universal Fahrradtasche reCYCLEd -red\"}]},{\"@type\":\"WebSite\",\"@id\":\"https:\\\/\\\/clarijs-fietstassen.nl\\\/de\\\/#website\",\"url\":\"https:\\\/\\\/clarijs-fietstassen.nl\\\/de\\\/\",\"name\":\"Clarijs Fietstassen\",\"description\":\"Kwaliteit &amp; ambacht sinds 1948\",\"publisher\":{\"@id\":\"https:\\\/\\\/clarijs-fietstassen.nl\\\/de\\\/#organization\"},\"potentialAction\":[{\"@type\":\"SearchAction\",\"target\":{\"@type\":\"EntryPoint\",\"urlTemplate\":\"https:\\\/\\\/clarijs-fietstassen.nl\\\/de\\\/?s={search_term_string}\"},\"query-input\":{\"@type\":\"PropertyValueSpecification\",\"valueRequired\":true,\"valueName\":\"search_term_string\"}}],\"inLanguage\":\"de\"},{\"@type\":\"Organization\",\"@id\":\"https:\\\/\\\/clarijs-fietstassen.nl\\\/de\\\/#organization\",\"name\":\"Clarijs Fietstassen\",\"url\":\"https:\\\/\\\/clarijs-fietstassen.nl\\\/de\\\/\",\"logo\":{\"@type\":\"ImageObject\",\"inLanguage\":\"de\",\"@id\":\"https:\\\/\\\/clarijs-fietstassen.nl\\\/de\\\/#\\\/schema\\\/logo\\\/image\\\/\",\"url\":\"https:\\\/\\\/clarijs-fietstassen.nl\\\/wp-content\\\/uploads\\\/2024\\\/01\\\/clarijs-logo-met-rand.jpg\",\"contentUrl\":\"https:\\\/\\\/clarijs-fietstassen.nl\\\/wp-content\\\/uploads\\\/2024\\\/01\\\/clarijs-logo-met-rand.jpg\",\"width\":560,\"height\":266,\"caption\":\"Clarijs Fietstassen\"},\"image\":{\"@id\":\"https:\\\/\\\/clarijs-fietstassen.nl\\\/de\\\/#\\\/schema\\\/logo\\\/image\\\/\"},\"sameAs\":[\"https:\\\/\\\/www.facebook.com\\\/clarijs1948\\\/\",\"https:\\\/\\\/www.instagram.com\\\/clarijscovers\\\/\"]}]}<\/script>\n<meta property=\"product:price:amount\" content=\"250.00\" \/>\n<meta property=\"product:price:currency\" content=\"EUR\" \/>\n<meta property=\"og:availability\" content=\"backorder\" \/>\n<meta property=\"product:availability\" content=\"available for order\" \/>\n<meta property=\"product:retailer_item_id\" content=\"3112\" \/>\n<meta property=\"product:condition\" content=\"new\" \/>\n<!-- \/ Yoast SEO Premium plugin. -->","yoast_head_json":{"title":"Longtail Universal fietstas reCYCLEd - red | Clarijs Fietstassen","description":"De Longtail Universal fietstas reCYCLEd red is gemaakt voor de Longtail fiets. Deze tas is duurzaam en heeft een magnetische Fidlock sluiting","robots":{"index":"index","follow":"follow","max-snippet":"max-snippet:-1","max-image-preview":"max-image-preview:large","max-video-preview":"max-video-preview:-1"},"canonical":"https:\/\/clarijs-fietstassen.nl\/de\/produkt\/longtail-universal-fahrradtasche-kopie\/","og_locale":"de_DE","og_type":"article","og_title":"Longtail Universal Fahrradtasche reCYCLEd -red","og_description":"De Longtail Universal fietstas reCYCLEd red is gemaakt voor de Longtail fiets. Deze tas is duurzaam en heeft een magnetische Fidlock sluiting","og_url":"https:\/\/clarijs-fietstassen.nl\/de\/produkt\/longtail-universal-fahrradtasche-kopie\/","og_site_name":"Clarijs Fietstassen","article_publisher":"https:\/\/www.facebook.com\/clarijs1948\/","article_modified_time":"2026-01-14T15:16:01+00:00","og_image":[{"width":1000,"height":1000,"url":"https:\/\/clarijs-fietstassen.nl\/wp-content\/uploads\/2025\/12\/Longtail-universal-recycycled-red.png","type":"image\/png"}],"twitter_card":"summary_large_image","twitter_misc":{"Preis":"&euro;250.00","Verf\u00fcgbarkeit":"bei Nachbestellung"},"schema":{"@context":"https:\/\/schema.org","@graph":[{"@type":"WebPage","@id":"https:\/\/clarijs-fietstassen.nl\/de\/produkt\/longtail-universal-fahrradtasche-kopie\/","url":"https:\/\/clarijs-fietstassen.nl\/de\/produkt\/longtail-universal-fahrradtasche-kopie\/","name":"Longtail Universal fietstas reCYCLEd - red | Clarijs Fietstassen","isPartOf":{"@id":"https:\/\/clarijs-fietstassen.nl\/de\/#website"},"primaryImageOfPage":{"@id":"https:\/\/clarijs-fietstassen.nl\/de\/produkt\/longtail-universal-fahrradtasche-kopie\/#primaryimage"},"image":{"@id":"https:\/\/clarijs-fietstassen.nl\/de\/produkt\/longtail-universal-fahrradtasche-kopie\/#primaryimage"},"thumbnailUrl":"https:\/\/clarijs-fietstassen.nl\/wp-content\/uploads\/2025\/12\/Longtail-universal-recycycled-red.png","datePublished":"2025-12-08T09:45:19+00:00","dateModified":"2026-01-14T15:16:01+00:00","description":"De Longtail Universal fietstas reCYCLEd red is gemaakt voor de Longtail fiets. Deze tas is duurzaam en heeft een magnetische Fidlock sluiting","breadcrumb":{"@id":"https:\/\/clarijs-fietstassen.nl\/de\/produkt\/longtail-universal-fahrradtasche-kopie\/#breadcrumb"},"inLanguage":"de","potentialAction":[{"@type":"ReadAction","target":["https:\/\/clarijs-fietstassen.nl\/de\/produkt\/longtail-universal-fahrradtasche-kopie\/"]}]},{"@type":"ImageObject","inLanguage":"de","@id":"https:\/\/clarijs-fietstassen.nl\/de\/produkt\/longtail-universal-fahrradtasche-kopie\/#primaryimage","url":"https:\/\/clarijs-fietstassen.nl\/wp-content\/uploads\/2025\/12\/Longtail-universal-recycycled-red.png","contentUrl":"https:\/\/clarijs-fietstassen.nl\/wp-content\/uploads\/2025\/12\/Longtail-universal-recycycled-red.png","width":1000,"height":1000,"caption":"Longtail Universal Fietstas reCYCLEd red"},{"@type":"BreadcrumbList","@id":"https:\/\/clarijs-fietstassen.nl\/de\/produkt\/longtail-universal-fahrradtasche-kopie\/#breadcrumb","itemListElement":[{"@type":"ListItem","position":1,"name":"Home","item":"https:\/\/clarijs-fietstassen.nl\/de\/"},{"@type":"ListItem","position":2,"name":"Shop","item":"https:\/\/clarijs-fietstassen.nl\/de\/shop\/"},{"@type":"ListItem","position":3,"name":"Enkele fietstassen","item":"https:\/\/clarijs-fietstassen.nl\/enkele-fietstassen\/"},{"@type":"ListItem","position":4,"name":"Longtail Universal Fahrradtasche reCYCLEd -red"}]},{"@type":"WebSite","@id":"https:\/\/clarijs-fietstassen.nl\/de\/#website","url":"https:\/\/clarijs-fietstassen.nl\/de\/","name":"Clarijs Fietstassen","description":"Kwaliteit &amp; ambacht sinds 1948","publisher":{"@id":"https:\/\/clarijs-fietstassen.nl\/de\/#organization"},"potentialAction":[{"@type":"SearchAction","target":{"@type":"EntryPoint","urlTemplate":"https:\/\/clarijs-fietstassen.nl\/de\/?s={search_term_string}"},"query-input":{"@type":"PropertyValueSpecification","valueRequired":true,"valueName":"search_term_string"}}],"inLanguage":"de"},{"@type":"Organization","@id":"https:\/\/clarijs-fietstassen.nl\/de\/#organization","name":"Clarijs Fietstassen","url":"https:\/\/clarijs-fietstassen.nl\/de\/","logo":{"@type":"ImageObject","inLanguage":"de","@id":"https:\/\/clarijs-fietstassen.nl\/de\/#\/schema\/logo\/image\/","url":"https:\/\/clarijs-fietstassen.nl\/wp-content\/uploads\/2024\/01\/clarijs-logo-met-rand.jpg","contentUrl":"https:\/\/clarijs-fietstassen.nl\/wp-content\/uploads\/2024\/01\/clarijs-logo-met-rand.jpg","width":560,"height":266,"caption":"Clarijs Fietstassen"},"image":{"@id":"https:\/\/clarijs-fietstassen.nl\/de\/#\/schema\/logo\/image\/"},"sameAs":["https:\/\/www.facebook.com\/clarijs1948\/","https:\/\/www.instagram.com\/clarijscovers\/"]}]},"product_price_amount":"250.00","product_price_currency":"EUR","og_availability":"backorder","product_availability":"available for order","product_retailer_item_id":"3112","product_condition":"new"},"_links":{"self":[{"href":"https:\/\/clarijs-fietstassen.nl\/de\/wp-json\/wp\/v2\/product\/59769","targetHints":{"allow":["GET"]}}],"collection":[{"href":"https:\/\/clarijs-fietstassen.nl\/de\/wp-json\/wp\/v2\/product"}],"about":[{"href":"https:\/\/clarijs-fietstassen.nl\/de\/wp-json\/wp\/v2\/types\/product"}],"replies":[{"embeddable":true,"href":"https:\/\/clarijs-fietstassen.nl\/de\/wp-json\/wp\/v2\/comments?post=59769"}],"wp:featuredmedia":[{"embeddable":true,"href":"https:\/\/clarijs-fietstassen.nl\/de\/wp-json\/wp\/v2\/media\/61336"}],"wp:attachment":[{"href":"https:\/\/clarijs-fietstassen.nl\/de\/wp-json\/wp\/v2\/media?parent=59769"}],"wp:term":[{"taxonomy":"product_brand","embeddable":true,"href":"https:\/\/clarijs-fietstassen.nl\/de\/wp-json\/wp\/v2\/product_brand?post=59769"},{"taxonomy":"product_cat","embeddable":true,"href":"https:\/\/clarijs-fietstassen.nl\/de\/wp-json\/wp\/v2\/product_cat?post=59769"},{"taxonomy":"product_tag","embeddable":true,"href":"https:\/\/clarijs-fietstassen.nl\/de\/wp-json\/wp\/v2\/product_tag?post=59769"}],"curies":[{"name":"wp","href":"https:\/\/api.w.org\/{rel}","templated":true}]}}