{"id":60134,"date":"2025-12-17T13:58:12","date_gmt":"2025-12-17T12:58:12","guid":{"rendered":"https:\/\/clarijs-fietstassen.nl\/?post_type=product&#038;p=60134"},"modified":"2026-03-25T16:30:05","modified_gmt":"2026-03-25T15:30:05","slug":"front-bag-premium-recycled-red-kopie","status":"publish","type":"product","link":"https:\/\/clarijs-fietstassen.nl\/de\/produkt\/front-bag-premium-recycled-red-kopie\/","title":{"rendered":"Front Bag Premium reCYCLEd -red (kopie)"},"content":{"rendered":"<p>Die Front Bag Premium reCYCLEd \u2013 red von Clarijs Fahrradtaschen ist eine handgefertigte, ger\u00e4umige und robuste Fahrradtasche, die speziell f\u00fcr Lenkergep\u00e4cktr\u00e4ger entwickelt wurde. Mit praktischen Eigenschaften und einer hochwertigen Verarbeitung ist diese Tasche aus langlebigem reCYCLEd Material eine bewusste Wahl f\u00fcr den t\u00e4glichen Einsatz. <\/p>\n<p><strong>Multifunktionales Design f\u00fcr den t\u00e4glichen Gebrauch<\/strong><\/p>\n<p>Diese Front Bag Premium reCYCLEd \u2013 red ist in einer markanten rot-wei\u00dfen Ausf\u00fchrung gestaltet und bietet dank ihres multifunktionalen Designs hohen Bedienkomfort. Die Tasche l\u00e4sst sich leicht vom Fahrrad abnehmen und bequem tragen \u2013 entweder an den Tragegriffen oder mit dem abnehmbaren Schultergurt, sodass sie m\u00fchelos als praktische Schultertasche genutzt werden kann. <\/p>\n<ul>\n<li>Geeignet f\u00fcr die Montage auf Lenkergep\u00e4cktr\u00e4gern<\/li>\n<li aria-level=\"1\"><span style=\"font-weight: 400;\">Tragegriffe an der Oberseite<\/span><\/li>\n<li aria-level=\"1\"><span style=\"font-weight: 400;\">Tragegriffe an der Oberseite<\/span><\/li>\n<li>Magnetischer Riemen f\u00fcr schnelles und einfaches \u00d6ffnen und Schlie\u00dfen, kein Hantieren mit Rei\u00dfverschl\u00fcssen oder Schnallen \u2013 einfach schlie\u00dfen und losfahren<\/li>\n<li>Stabiler, harter Boden mit 17 cm H\u00f6he, geeignet f\u00fcr schwerere Lasten<\/li>\n<li>Hergestellt aus langlebigem reCYCLEd LKW-Planenmaterial<\/li>\n<\/ul>\n<p><strong>Ma\u00dfe und Volumen dieser Fronttasche:<\/strong><\/p>\n<p>Breite 40 cm<br data-start=\"1247\" data-end=\"1250\">Tiefe 29 cm<br data-start=\"1262\" data-end=\"1265\">H\u00f6he 53 cm<br data-start=\"1277\" data-end=\"1280\">Volumen 61 Liter<\/p>\n<p><strong>Warum eine Front Bag aus reCYCLEd LKW-Planenmaterial w\u00e4hlen?<\/strong><\/p>\n<p>Die Front Bag Premium reCYCLEd \u2013 red besteht aus hochwertigem reCYCLEd LKW-Planenmaterial: einem starken, abriebfesten und vollst\u00e4ndig wasserdichten Material, das f\u00fcr den intensiven t\u00e4glichen Einsatz geeignet ist. Dank des stabilen Bodens mit 17 cm H\u00f6he bleiben Ihre Sachen sicher und \u00fcbersichtlich verstaut, w\u00e4hrend die gro\u00dfe Innentasche (35 \u00d7 40 cm) wichtige Gegenst\u00e4nde jederzeit griffbereit h\u00e4lt. Die hochwertige Verarbeitung und die praktische Aufteilung machen diese Tasche zu einer langlebigen und zuverl\u00e4ssigen Wahl f\u00fcr jede Fahrt und den Alltag.  <\/p>\n<p><span style=\"font-weight: 400;\">Mit der Front Bag Premium entscheiden Sie sich f\u00fcr eine hochwertige Fahrradtasche, die mit viel Liebe zum Detail gefertigt wurde. Kombinieren Sie die Front Bag Premium reCYCLEd \u2013red mit der<strong><a href=\"http:\/\/longtail-universal-fietstas-recycled-red\"> Longtail Universal Fahrradtasche reCYCLEd red<\/a> f\u00fcr noch mehr Stauraum und maximalen Komfort auf Ihrem Longtail-Bike<\/strong> <\/span><\/p>\n","protected":false},"excerpt":{"rendered":"<p>Die Front Bag Premium reCYCLEd \u2013 red von Clarijs Fahrradtaschen ist eine handgefertigte, ger\u00e4umige und robuste Fahrradtasche, die speziell f\u00fcr Lenkergep\u00e4cktr\u00e4ger entwickelt wurde. Mit praktischen Eigenschaften und einer hochwertigen Verarbeitung ist diese Tasche aus langlebigem reCYCLEd Material eine bewusste Wahl f\u00fcr den t\u00e4glichen Einsatz. Multifunktionales Design f\u00fcr den t\u00e4glichen Gebrauch Diese Front Bag Premium reCYCLEd [&hellip;]<\/p>\n","protected":false},"featured_media":64731,"comment_status":"closed","ping_status":"closed","template":"","meta":{"_acf_changed":false,"_et_pb_use_builder":"","_et_pb_old_content":"","_et_gb_content_width":""},"product_brand":[],"product_cat":[721,728,737,746,781,776],"product_tag":[],"class_list":{"0":"post-60134","1":"product","2":"type-product","3":"status-publish","4":"has-post-thumbnail","6":"product_cat-einzelne-fahrradtaschen","7":"product_cat-fahrradtaschen","8":"product_cat-grosse-fahrradtaschen","9":"product_cat-longtail-fahrradtaschen","10":"product_cat-schwarze-einzelfahrradtaschen","11":"product_cat-taschen-fuer-frontgepaecktraeger","13":"first","14":"instock","15":"taxable","16":"shipping-taxable","17":"purchasable","18":"product-type-simple"},"acf":[],"yoast_head":"<!-- This site is optimized with the Yoast SEO Premium plugin v27.2 (Yoast SEO v27.3) - https:\/\/yoast.com\/product\/yoast-seo-premium-wordpress\/ -->\n<title>Front Bag Premium Fahrradtasche f\u00fcr Frontgep\u00e4cktr\u00e4ger: echter Allesk\u00f6nner! - Clarijs Fietstassen<\/title>\n<meta name=\"description\" content=\"Entdecken Sie die Front Bag Premium reCYCLEd Fahrradtasche f\u00fcr Frontgep\u00e4cktr\u00e4ger. Ein multifunktionales Design, das die richtigen Eigenschaften f\u00fcr Ihre t\u00e4glichen Abenteuer bietet.\" \/>\n<meta name=\"robots\" content=\"index, follow, max-snippet:-1, max-image-preview:large, max-video-preview:-1\" \/>\n<link rel=\"canonical\" href=\"https:\/\/clarijs-fietstassen.nl\/de\/front-bag-premium-recycled-red-kopie\/\" \/>\n<meta property=\"og:locale\" content=\"de_DE\" \/>\n<meta property=\"og:type\" content=\"article\" \/>\n<meta property=\"og:title\" content=\"Front Bag Premium reCYCLEd -red (kopie)\" \/>\n<meta property=\"og:description\" content=\"Entdecken Sie die Front Bag Premium reCYCLEd Fahrradtasche f\u00fcr Frontgep\u00e4cktr\u00e4ger. Ein multifunktionales Design, das die richtigen Eigenschaften f\u00fcr Ihre t\u00e4glichen Abenteuer bietet.\" \/>\n<meta property=\"og:url\" content=\"https:\/\/clarijs-fietstassen.nl\/de\/front-bag-premium-recycled-red-kopie\/\" \/>\n<meta property=\"og:site_name\" content=\"Clarijs Fietstassen\" \/>\n<meta property=\"article:publisher\" content=\"https:\/\/www.facebook.com\/clarijs1948\/\" \/>\n<meta property=\"article:modified_time\" content=\"2026-03-25T15:30:05+00:00\" \/>\n<meta property=\"og:image\" content=\"https:\/\/clarijs-fietstassen.nl\/wp-content\/uploads\/2026\/03\/frontbag-recycled-blue.jpg\" \/>\n\t<meta property=\"og:image:width\" content=\"1200\" \/>\n\t<meta property=\"og:image:height\" content=\"1200\" \/>\n\t<meta property=\"og:image:type\" content=\"image\/jpeg\" \/>\n<meta name=\"twitter:card\" content=\"summary_large_image\" \/>\n<meta name=\"twitter:label1\" content=\"Preis\" \/>\n\t<meta name=\"twitter:data1\" content=\"&euro;210.00\" \/>\n\t<meta name=\"twitter:label2\" content=\"Verf\u00fcgbarkeit\" \/>\n\t<meta name=\"twitter:data2\" content=\"Auf Lager\" \/>\n<script type=\"application\/ld+json\" class=\"yoast-schema-graph\">{\"@context\":\"https:\\\/\\\/schema.org\",\"@graph\":[{\"@type\":\"WebPage\",\"@id\":\"https:\\\/\\\/clarijs-fietstassen.nl\\\/de\\\/front-bag-premium-recycled-red-kopie\\\/\",\"url\":\"https:\\\/\\\/clarijs-fietstassen.nl\\\/de\\\/front-bag-premium-recycled-red-kopie\\\/\",\"name\":\"Front Bag Premium Fahrradtasche f\u00fcr Frontgep\u00e4cktr\u00e4ger: echter Allesk\u00f6nner! - Clarijs Fietstassen\",\"isPartOf\":{\"@id\":\"https:\\\/\\\/clarijs-fietstassen.nl\\\/de\\\/#website\"},\"primaryImageOfPage\":{\"@id\":\"https:\\\/\\\/clarijs-fietstassen.nl\\\/de\\\/front-bag-premium-recycled-red-kopie\\\/#primaryimage\"},\"image\":{\"@id\":\"https:\\\/\\\/clarijs-fietstassen.nl\\\/de\\\/front-bag-premium-recycled-red-kopie\\\/#primaryimage\"},\"thumbnailUrl\":\"https:\\\/\\\/clarijs-fietstassen.nl\\\/wp-content\\\/uploads\\\/2026\\\/03\\\/frontbag-recycled-blue.jpg\",\"datePublished\":\"2025-12-17T12:58:12+00:00\",\"dateModified\":\"2026-03-25T15:30:05+00:00\",\"description\":\"Entdecken Sie die Front Bag Premium reCYCLEd Fahrradtasche f\u00fcr Frontgep\u00e4cktr\u00e4ger. Ein multifunktionales Design, das die richtigen Eigenschaften f\u00fcr Ihre t\u00e4glichen Abenteuer bietet.\",\"breadcrumb\":{\"@id\":\"https:\\\/\\\/clarijs-fietstassen.nl\\\/de\\\/front-bag-premium-recycled-red-kopie\\\/#breadcrumb\"},\"inLanguage\":\"de\",\"potentialAction\":[{\"@type\":\"ReadAction\",\"target\":[\"https:\\\/\\\/clarijs-fietstassen.nl\\\/de\\\/front-bag-premium-recycled-red-kopie\\\/\"]}]},{\"@type\":\"ImageObject\",\"inLanguage\":\"de\",\"@id\":\"https:\\\/\\\/clarijs-fietstassen.nl\\\/de\\\/front-bag-premium-recycled-red-kopie\\\/#primaryimage\",\"url\":\"https:\\\/\\\/clarijs-fietstassen.nl\\\/wp-content\\\/uploads\\\/2026\\\/03\\\/frontbag-recycled-blue.jpg\",\"contentUrl\":\"https:\\\/\\\/clarijs-fietstassen.nl\\\/wp-content\\\/uploads\\\/2026\\\/03\\\/frontbag-recycled-blue.jpg\",\"width\":1200,\"height\":1200,\"caption\":\"Front bag reCYCLEd Blue\"},{\"@type\":\"BreadcrumbList\",\"@id\":\"https:\\\/\\\/clarijs-fietstassen.nl\\\/de\\\/front-bag-premium-recycled-red-kopie\\\/#breadcrumb\",\"itemListElement\":[{\"@type\":\"ListItem\",\"position\":1,\"name\":\"Home\",\"item\":\"https:\\\/\\\/clarijs-fietstassen.nl\\\/de\\\/\"},{\"@type\":\"ListItem\",\"position\":2,\"name\":\"Shop\",\"item\":\"https:\\\/\\\/clarijs-fietstassen.nl\\\/de\\\/shop\\\/\"},{\"@type\":\"ListItem\",\"position\":3,\"name\":\"Enkele fietstassen\",\"item\":\"https:\\\/\\\/clarijs-fietstassen.nl\\\/enkele-fietstassen\\\/\"},{\"@type\":\"ListItem\",\"position\":4,\"name\":\"Front Bag Premium reCYCLEd -red (kopie)\"}]},{\"@type\":\"WebSite\",\"@id\":\"https:\\\/\\\/clarijs-fietstassen.nl\\\/de\\\/#website\",\"url\":\"https:\\\/\\\/clarijs-fietstassen.nl\\\/de\\\/\",\"name\":\"Clarijs Fietstassen\",\"description\":\"Kwaliteit &amp; ambacht sinds 1948\",\"publisher\":{\"@id\":\"https:\\\/\\\/clarijs-fietstassen.nl\\\/de\\\/#organization\"},\"potentialAction\":[{\"@type\":\"SearchAction\",\"target\":{\"@type\":\"EntryPoint\",\"urlTemplate\":\"https:\\\/\\\/clarijs-fietstassen.nl\\\/de\\\/?s={search_term_string}\"},\"query-input\":{\"@type\":\"PropertyValueSpecification\",\"valueRequired\":true,\"valueName\":\"search_term_string\"}}],\"inLanguage\":\"de\"},{\"@type\":\"Organization\",\"@id\":\"https:\\\/\\\/clarijs-fietstassen.nl\\\/de\\\/#organization\",\"name\":\"Clarijs Fietstassen\",\"url\":\"https:\\\/\\\/clarijs-fietstassen.nl\\\/de\\\/\",\"logo\":{\"@type\":\"ImageObject\",\"inLanguage\":\"de\",\"@id\":\"https:\\\/\\\/clarijs-fietstassen.nl\\\/de\\\/#\\\/schema\\\/logo\\\/image\\\/\",\"url\":\"https:\\\/\\\/clarijs-fietstassen.nl\\\/wp-content\\\/uploads\\\/2024\\\/01\\\/clarijs-logo-met-rand.jpg\",\"contentUrl\":\"https:\\\/\\\/clarijs-fietstassen.nl\\\/wp-content\\\/uploads\\\/2024\\\/01\\\/clarijs-logo-met-rand.jpg\",\"width\":560,\"height\":266,\"caption\":\"Clarijs Fietstassen\"},\"image\":{\"@id\":\"https:\\\/\\\/clarijs-fietstassen.nl\\\/de\\\/#\\\/schema\\\/logo\\\/image\\\/\"},\"sameAs\":[\"https:\\\/\\\/www.facebook.com\\\/clarijs1948\\\/\",\"https:\\\/\\\/www.instagram.com\\\/clarijscovers\\\/\"]}]}<\/script>\n<meta property=\"product:price:amount\" content=\"210.00\" \/>\n<meta property=\"product:price:currency\" content=\"EUR\" \/>\n<meta property=\"og:availability\" content=\"instock\" \/>\n<meta property=\"product:availability\" content=\"instock\" \/>\n<meta property=\"product:retailer_item_id\" content=\"3115\" \/>\n<meta property=\"product:condition\" content=\"new\" \/>\n<!-- \/ Yoast SEO Premium plugin. -->","yoast_head_json":{"title":"Front Bag Premium Fahrradtasche f\u00fcr Frontgep\u00e4cktr\u00e4ger: echter Allesk\u00f6nner! - Clarijs Fietstassen","description":"Entdecken Sie die Front Bag Premium reCYCLEd Fahrradtasche f\u00fcr Frontgep\u00e4cktr\u00e4ger. Ein multifunktionales Design, das die richtigen Eigenschaften f\u00fcr Ihre t\u00e4glichen Abenteuer bietet.","robots":{"index":"index","follow":"follow","max-snippet":"max-snippet:-1","max-image-preview":"max-image-preview:large","max-video-preview":"max-video-preview:-1"},"canonical":"https:\/\/clarijs-fietstassen.nl\/de\/front-bag-premium-recycled-red-kopie\/","og_locale":"de_DE","og_type":"article","og_title":"Front Bag Premium reCYCLEd -red (kopie)","og_description":"Entdecken Sie die Front Bag Premium reCYCLEd Fahrradtasche f\u00fcr Frontgep\u00e4cktr\u00e4ger. Ein multifunktionales Design, das die richtigen Eigenschaften f\u00fcr Ihre t\u00e4glichen Abenteuer bietet.","og_url":"https:\/\/clarijs-fietstassen.nl\/de\/front-bag-premium-recycled-red-kopie\/","og_site_name":"Clarijs Fietstassen","article_publisher":"https:\/\/www.facebook.com\/clarijs1948\/","article_modified_time":"2026-03-25T15:30:05+00:00","og_image":[{"width":1200,"height":1200,"url":"https:\/\/clarijs-fietstassen.nl\/wp-content\/uploads\/2026\/03\/frontbag-recycled-blue.jpg","type":"image\/jpeg"}],"twitter_card":"summary_large_image","twitter_misc":{"Preis":"&euro;210.00","Verf\u00fcgbarkeit":"Auf Lager"},"schema":{"@context":"https:\/\/schema.org","@graph":[{"@type":"WebPage","@id":"https:\/\/clarijs-fietstassen.nl\/de\/front-bag-premium-recycled-red-kopie\/","url":"https:\/\/clarijs-fietstassen.nl\/de\/front-bag-premium-recycled-red-kopie\/","name":"Front Bag Premium Fahrradtasche f\u00fcr Frontgep\u00e4cktr\u00e4ger: echter Allesk\u00f6nner! - Clarijs Fietstassen","isPartOf":{"@id":"https:\/\/clarijs-fietstassen.nl\/de\/#website"},"primaryImageOfPage":{"@id":"https:\/\/clarijs-fietstassen.nl\/de\/front-bag-premium-recycled-red-kopie\/#primaryimage"},"image":{"@id":"https:\/\/clarijs-fietstassen.nl\/de\/front-bag-premium-recycled-red-kopie\/#primaryimage"},"thumbnailUrl":"https:\/\/clarijs-fietstassen.nl\/wp-content\/uploads\/2026\/03\/frontbag-recycled-blue.jpg","datePublished":"2025-12-17T12:58:12+00:00","dateModified":"2026-03-25T15:30:05+00:00","description":"Entdecken Sie die Front Bag Premium reCYCLEd Fahrradtasche f\u00fcr Frontgep\u00e4cktr\u00e4ger. Ein multifunktionales Design, das die richtigen Eigenschaften f\u00fcr Ihre t\u00e4glichen Abenteuer bietet.","breadcrumb":{"@id":"https:\/\/clarijs-fietstassen.nl\/de\/front-bag-premium-recycled-red-kopie\/#breadcrumb"},"inLanguage":"de","potentialAction":[{"@type":"ReadAction","target":["https:\/\/clarijs-fietstassen.nl\/de\/front-bag-premium-recycled-red-kopie\/"]}]},{"@type":"ImageObject","inLanguage":"de","@id":"https:\/\/clarijs-fietstassen.nl\/de\/front-bag-premium-recycled-red-kopie\/#primaryimage","url":"https:\/\/clarijs-fietstassen.nl\/wp-content\/uploads\/2026\/03\/frontbag-recycled-blue.jpg","contentUrl":"https:\/\/clarijs-fietstassen.nl\/wp-content\/uploads\/2026\/03\/frontbag-recycled-blue.jpg","width":1200,"height":1200,"caption":"Front bag reCYCLEd Blue"},{"@type":"BreadcrumbList","@id":"https:\/\/clarijs-fietstassen.nl\/de\/front-bag-premium-recycled-red-kopie\/#breadcrumb","itemListElement":[{"@type":"ListItem","position":1,"name":"Home","item":"https:\/\/clarijs-fietstassen.nl\/de\/"},{"@type":"ListItem","position":2,"name":"Shop","item":"https:\/\/clarijs-fietstassen.nl\/de\/shop\/"},{"@type":"ListItem","position":3,"name":"Enkele fietstassen","item":"https:\/\/clarijs-fietstassen.nl\/enkele-fietstassen\/"},{"@type":"ListItem","position":4,"name":"Front Bag Premium reCYCLEd -red (kopie)"}]},{"@type":"WebSite","@id":"https:\/\/clarijs-fietstassen.nl\/de\/#website","url":"https:\/\/clarijs-fietstassen.nl\/de\/","name":"Clarijs Fietstassen","description":"Kwaliteit &amp; ambacht sinds 1948","publisher":{"@id":"https:\/\/clarijs-fietstassen.nl\/de\/#organization"},"potentialAction":[{"@type":"SearchAction","target":{"@type":"EntryPoint","urlTemplate":"https:\/\/clarijs-fietstassen.nl\/de\/?s={search_term_string}"},"query-input":{"@type":"PropertyValueSpecification","valueRequired":true,"valueName":"search_term_string"}}],"inLanguage":"de"},{"@type":"Organization","@id":"https:\/\/clarijs-fietstassen.nl\/de\/#organization","name":"Clarijs Fietstassen","url":"https:\/\/clarijs-fietstassen.nl\/de\/","logo":{"@type":"ImageObject","inLanguage":"de","@id":"https:\/\/clarijs-fietstassen.nl\/de\/#\/schema\/logo\/image\/","url":"https:\/\/clarijs-fietstassen.nl\/wp-content\/uploads\/2024\/01\/clarijs-logo-met-rand.jpg","contentUrl":"https:\/\/clarijs-fietstassen.nl\/wp-content\/uploads\/2024\/01\/clarijs-logo-met-rand.jpg","width":560,"height":266,"caption":"Clarijs Fietstassen"},"image":{"@id":"https:\/\/clarijs-fietstassen.nl\/de\/#\/schema\/logo\/image\/"},"sameAs":["https:\/\/www.facebook.com\/clarijs1948\/","https:\/\/www.instagram.com\/clarijscovers\/"]}]},"product_price_amount":"210.00","product_price_currency":"EUR","og_availability":"instock","product_availability":"instock","product_retailer_item_id":"3115","product_condition":"new"},"_links":{"self":[{"href":"https:\/\/clarijs-fietstassen.nl\/de\/wp-json\/wp\/v2\/product\/60134","targetHints":{"allow":["GET"]}}],"collection":[{"href":"https:\/\/clarijs-fietstassen.nl\/de\/wp-json\/wp\/v2\/product"}],"about":[{"href":"https:\/\/clarijs-fietstassen.nl\/de\/wp-json\/wp\/v2\/types\/product"}],"replies":[{"embeddable":true,"href":"https:\/\/clarijs-fietstassen.nl\/de\/wp-json\/wp\/v2\/comments?post=60134"}],"wp:featuredmedia":[{"embeddable":true,"href":"https:\/\/clarijs-fietstassen.nl\/de\/wp-json\/wp\/v2\/media\/64731"}],"wp:attachment":[{"href":"https:\/\/clarijs-fietstassen.nl\/de\/wp-json\/wp\/v2\/media?parent=60134"}],"wp:term":[{"taxonomy":"product_brand","embeddable":true,"href":"https:\/\/clarijs-fietstassen.nl\/de\/wp-json\/wp\/v2\/product_brand?post=60134"},{"taxonomy":"product_cat","embeddable":true,"href":"https:\/\/clarijs-fietstassen.nl\/de\/wp-json\/wp\/v2\/product_cat?post=60134"},{"taxonomy":"product_tag","embeddable":true,"href":"https:\/\/clarijs-fietstassen.nl\/de\/wp-json\/wp\/v2\/product_tag?post=60134"}],"curies":[{"name":"wp","href":"https:\/\/api.w.org\/{rel}","templated":true}]}}