{"id":60142,"date":"2026-02-16T11:00:32","date_gmt":"2026-02-16T10:00:32","guid":{"rendered":"https:\/\/clarijs-fietstassen.nl\/?post_type=product&#038;p=60142"},"modified":"2026-03-25T11:50:19","modified_gmt":"2026-03-25T10:50:19","slug":"doppelte-fahrradtasche-almond-blossom-kopie","status":"publish","type":"product","link":"https:\/\/clarijs-fietstassen.nl\/de\/produkt\/doppelte-fahrradtasche-almond-blossom-kopie\/","title":{"rendered":"Doppelte Fahrradtasche Mondriaan &#8211; ART edition"},"content":{"rendered":"<p>Die doppelte Fahrradtasche Mondrian von Clarijs aus der speziellen ART Edition ist die doppelte Fahrradtasche mit Druck f\u00fcr Liebhaber von klaren Linien und Prim\u00e4rfarben. Diese handgefertigte doppelte Fahrradtasche aus den Niederlanden ist aus robustem und spritzwassergesch\u00fctztem Bisonyl-PVC-Canvas gefertigt und verf\u00fcgt \u00fcber Reflexionen auf der Vorder- und R\u00fcckseite f\u00fcr zus\u00e4tzliche Sichtbarkeit im Stra\u00dfenverkehr. <\/p>\n<p><strong>Was macht diese doppelte Fahrradtasche von Clarijs so besonders?<\/strong><\/p>\n<ul>\n<li data-start=\"759\" data-end=\"803\">Regenklappen f\u00fcr zus\u00e4tzlichen Schutz<\/li>\n<li data-start=\"806\" data-end=\"856\">Spritzwasserdicht PVC-Gewebe, resistent gegen Regen und Wind<\/li>\n<li>Geeignet f\u00fcr fast alle Fahrr\u00e4der, einschlie\u00dflich Elektrofahrr\u00e4der<\/li>\n<li>Verst\u00e4rkte R\u00fcckseite und Boden mit Platten aus recyceltem Kunststoff<\/li>\n<li data-start=\"903\" data-end=\"960\">Reflektionen auf Vorder- und R\u00fcckseite f\u00fcr zus\u00e4tzliche Sicherheit<\/li>\n<li>Mit Abfluss\u00f6ffnungen ausgestattet, sodass kein Wasser in der Tasche stehen bleibt.<\/li>\n<\/ul>\n<div><strong>Gr\u00f6\u00dfen<\/strong> &#8211; <a href=\"https:\/\/clarijs-fietstassen.nl\/wp-content\/uploads\/2026\/03\/Lijntekening-Dubbele-Fietstas-met-maten.jpg\" target=\"_blank\" rel=\"noopener\">Bild<\/a><\/div>\n<div>Die Ma\u00dfe der Doppel-Fahrradtaschen sind in Zentimetern angegeben als: L\u00e4nge x Tiefe\/Breite x H\u00f6he<\/div>\n<p>Innen 36 x 18 x 32<br \/>\nAu\u00dfen 40 x 20 x 33<\/p>\n<p>Da die Taschen handgefertigt sind, k\u00f6nnen die Ma\u00dfe um etwa einen Zentimeter variieren.<br \/>\nDie Packtasche passt auf Gep\u00e4cktr\u00e4ger mit einer Breite zwischen 13 und 17 cm.<\/p>\n<p data-start=\"1734\" data-end=\"1815\"><strong>Setzen Sie bei jeder Fahrt ein Statement mit der Doppel-Fahrradtasche Mondriaan \u2013 ART Edition<\/strong><\/p>\n<p data-start=\"1817\" data-end=\"2020\">Kaufen Sie auch den passenden <a href=\"https:\/\/clarijs-fietstassen.nl\/de\/produkt\/de-shopper-mondriaan-art-edition\/\"><strong>Clarijs Shopper<\/strong><\/a> mit dem gleichen Mondrian-Druck. Dieser Shopper wurde speziell so entworfen, dass er perfekt in die Doppelpacktasche passt.  Bestelle jetzt und nimm deine Eink\u00e4ufe, Arbeitssachen oder Alltagsgegenst\u00e4nde ganz einfach mit.<\/p>\n","protected":false},"excerpt":{"rendered":"<p>Die doppelte Fahrradtasche Mondrian von Clarijs aus der speziellen ART Edition ist die doppelte Fahrradtasche mit Druck f\u00fcr Liebhaber von klaren Linien und Prim\u00e4rfarben. Diese handgefertigte doppelte Fahrradtasche aus den Niederlanden ist aus robustem und spritzwassergesch\u00fctztem Bisonyl-PVC-Canvas gefertigt und verf\u00fcgt \u00fcber Reflexionen auf der Vorder- und R\u00fcckseite f\u00fcr zus\u00e4tzliche Sichtbarkeit im Stra\u00dfenverkehr. Was macht diese [&hellip;]<\/p>\n","protected":false},"featured_media":62718,"comment_status":"closed","ping_status":"closed","template":"","meta":{"_acf_changed":false,"_et_pb_use_builder":"","_et_pb_old_content":"","_et_gb_content_width":""},"product_brand":[],"product_cat":[695,696,705,714,718,716,728,732,734,741,745,748,768,767,777],"product_tag":[],"class_list":{"0":"post-60142","1":"product","2":"type-product","3":"status-publish","4":"has-post-thumbnail","6":"product_cat-bisonyl-packtaschen","7":"product_cat-blaue-fahrradtaschen","8":"product_cat-cortina-fahrradtaschen","9":"product_cat-doppelte-fahrradtaschen","10":"product_cat-doppelte-fahrradtaschen-fuer-damen","11":"product_cat-doppelte-fahrradtaschen-mit-aufdruck","12":"product_cat-fahrradtaschen","13":"product_cat-gazelle-fahrradtaschen","14":"product_cat-giant-fahrradtaschen","15":"product_cat-koga-fahrradtaschen","16":"product_cat-leichte-fahrradtaschen","17":"product_cat-neue-kollektion","18":"product_cat-stabile-fahrradtaschen","19":"product_cat-stella-fahrradtaschen","20":"product_cat-wasserdichte-fahrradtaschen","21":"pa_afmetingen-40-x-20-x-33-cm-l-x-b-x-h-de","22":"pa_geschikt-voor-e-bike-ja-de","23":"pa_geschikt-voor-ledlampjes-ja-de","24":"pa_inhoud-42-liter-de","25":"pa_kleur-blau","26":"pa_kleur-gelb","27":"pa_kleur-rot","28":"pa_kleur-weis","29":"pa_materiaal-bisonyl-pvc-leinwand","30":"pa_reflectie-ja-de","31":"pa_snelbinders-toegankelijk-ja-wahlen-sie-die-option-schneiden-oder-aussparen-der-mitte","33":"first","34":"instock","35":"taxable","36":"shipping-taxable","37":"purchasable","38":"product-type-simple"},"acf":[],"yoast_head":"<!-- This site is optimized with the Yoast SEO Premium plugin v27.2 (Yoast SEO v27.3) - https:\/\/yoast.com\/product\/yoast-seo-premium-wordpress\/ -->\n<title>Doppelte Fahrradtasche Mondriaan - ART edition - Clarijs Fietstassen<\/title>\n<meta name=\"description\" content=\"Shoppe die Doppelte Fahrradtasche Mondriaan - ART edition von Clarijs: eine doppelte Fahrradtasche mit Print, Reflexion und in XL-Gr\u00f6\u00dfe. Handgefertigt in den Niederlanden. Jetzt bestellen.\" \/>\n<meta name=\"robots\" content=\"index, follow, max-snippet:-1, max-image-preview:large, max-video-preview:-1\" \/>\n<link rel=\"canonical\" href=\"https:\/\/clarijs-fietstassen.nl\/de\/produkt\/doppelte-fahrradtasche-almond-blossom-kopie\/\" \/>\n<meta property=\"og:locale\" content=\"de_DE\" \/>\n<meta property=\"og:type\" content=\"article\" \/>\n<meta property=\"og:title\" content=\"Doppelte Fahrradtasche Mondriaan - ART edition\" \/>\n<meta property=\"og:description\" content=\"Shoppe die Doppelte Fahrradtasche Mondriaan - ART edition von Clarijs: eine doppelte Fahrradtasche mit Print, Reflexion und in XL-Gr\u00f6\u00dfe. Handgefertigt in den Niederlanden. Jetzt bestellen.\" \/>\n<meta property=\"og:url\" content=\"https:\/\/clarijs-fietstassen.nl\/de\/produkt\/doppelte-fahrradtasche-almond-blossom-kopie\/\" \/>\n<meta property=\"og:site_name\" content=\"Clarijs Fietstassen\" \/>\n<meta property=\"article:publisher\" content=\"https:\/\/www.facebook.com\/clarijs1948\/\" \/>\n<meta property=\"article:modified_time\" content=\"2026-03-25T10:50:19+00:00\" \/>\n<meta property=\"og:image\" content=\"https:\/\/clarijs-fietstassen.nl\/wp-content\/uploads\/2026\/01\/Dubbele-fietstas-mondriaan-1.png\" \/>\n\t<meta property=\"og:image:width\" content=\"1000\" \/>\n\t<meta property=\"og:image:height\" content=\"1000\" \/>\n\t<meta property=\"og:image:type\" content=\"image\/png\" \/>\n<meta name=\"twitter:card\" content=\"summary_large_image\" \/>\n<meta name=\"twitter:label1\" content=\"Preis\" \/>\n\t<meta name=\"twitter:data1\" content=\"&euro;89.00\" \/>\n\t<meta name=\"twitter:label2\" content=\"Verf\u00fcgbarkeit\" \/>\n\t<meta name=\"twitter:data2\" content=\"Auf Lager\" \/>\n<script type=\"application\/ld+json\" class=\"yoast-schema-graph\">{\"@context\":\"https:\\\/\\\/schema.org\",\"@graph\":[{\"@type\":\"WebPage\",\"@id\":\"https:\\\/\\\/clarijs-fietstassen.nl\\\/de\\\/produkt\\\/doppelte-fahrradtasche-almond-blossom-kopie\\\/\",\"url\":\"https:\\\/\\\/clarijs-fietstassen.nl\\\/de\\\/produkt\\\/doppelte-fahrradtasche-almond-blossom-kopie\\\/\",\"name\":\"Doppelte Fahrradtasche Mondriaan - ART edition - Clarijs Fietstassen\",\"isPartOf\":{\"@id\":\"https:\\\/\\\/clarijs-fietstassen.nl\\\/de\\\/#website\"},\"primaryImageOfPage\":{\"@id\":\"https:\\\/\\\/clarijs-fietstassen.nl\\\/de\\\/produkt\\\/doppelte-fahrradtasche-almond-blossom-kopie\\\/#primaryimage\"},\"image\":{\"@id\":\"https:\\\/\\\/clarijs-fietstassen.nl\\\/de\\\/produkt\\\/doppelte-fahrradtasche-almond-blossom-kopie\\\/#primaryimage\"},\"thumbnailUrl\":\"https:\\\/\\\/clarijs-fietstassen.nl\\\/wp-content\\\/uploads\\\/2026\\\/01\\\/Dubbele-fietstas-mondriaan-1.png\",\"datePublished\":\"2026-02-16T10:00:32+00:00\",\"dateModified\":\"2026-03-25T10:50:19+00:00\",\"description\":\"Shoppe die Doppelte Fahrradtasche Mondriaan - ART edition von Clarijs: eine doppelte Fahrradtasche mit Print, Reflexion und in XL-Gr\u00f6\u00dfe. Handgefertigt in den Niederlanden. Jetzt bestellen.\",\"breadcrumb\":{\"@id\":\"https:\\\/\\\/clarijs-fietstassen.nl\\\/de\\\/produkt\\\/doppelte-fahrradtasche-almond-blossom-kopie\\\/#breadcrumb\"},\"inLanguage\":\"de\",\"potentialAction\":[{\"@type\":\"ReadAction\",\"target\":[\"https:\\\/\\\/clarijs-fietstassen.nl\\\/de\\\/produkt\\\/doppelte-fahrradtasche-almond-blossom-kopie\\\/\"]}]},{\"@type\":\"ImageObject\",\"inLanguage\":\"de\",\"@id\":\"https:\\\/\\\/clarijs-fietstassen.nl\\\/de\\\/produkt\\\/doppelte-fahrradtasche-almond-blossom-kopie\\\/#primaryimage\",\"url\":\"https:\\\/\\\/clarijs-fietstassen.nl\\\/wp-content\\\/uploads\\\/2026\\\/01\\\/Dubbele-fietstas-mondriaan-1.png\",\"contentUrl\":\"https:\\\/\\\/clarijs-fietstassen.nl\\\/wp-content\\\/uploads\\\/2026\\\/01\\\/Dubbele-fietstas-mondriaan-1.png\",\"width\":1000,\"height\":1000,\"caption\":\"Doppelte Fahrradtasche Mondriaan\"},{\"@type\":\"BreadcrumbList\",\"@id\":\"https:\\\/\\\/clarijs-fietstassen.nl\\\/de\\\/produkt\\\/doppelte-fahrradtasche-almond-blossom-kopie\\\/#breadcrumb\",\"itemListElement\":[{\"@type\":\"ListItem\",\"position\":1,\"name\":\"Home\",\"item\":\"https:\\\/\\\/clarijs-fietstassen.nl\\\/de\\\/\"},{\"@type\":\"ListItem\",\"position\":2,\"name\":\"Shop\",\"item\":\"https:\\\/\\\/clarijs-fietstassen.nl\\\/de\\\/shop\\\/\"},{\"@type\":\"ListItem\",\"position\":3,\"name\":\"Doppelte Fahrradtaschen mit Aufdruck\",\"item\":\"https:\\\/\\\/clarijs-fietstassen.nl\\\/de\\\/doppelte-fahrradtaschen-mit-aufdruck\\\/\"},{\"@type\":\"ListItem\",\"position\":4,\"name\":\"Doppelte Fahrradtasche Mondriaan &#8211; ART edition\"}]},{\"@type\":\"WebSite\",\"@id\":\"https:\\\/\\\/clarijs-fietstassen.nl\\\/de\\\/#website\",\"url\":\"https:\\\/\\\/clarijs-fietstassen.nl\\\/de\\\/\",\"name\":\"Clarijs Fietstassen\",\"description\":\"Kwaliteit &amp; ambacht sinds 1948\",\"publisher\":{\"@id\":\"https:\\\/\\\/clarijs-fietstassen.nl\\\/de\\\/#organization\"},\"potentialAction\":[{\"@type\":\"SearchAction\",\"target\":{\"@type\":\"EntryPoint\",\"urlTemplate\":\"https:\\\/\\\/clarijs-fietstassen.nl\\\/de\\\/?s={search_term_string}\"},\"query-input\":{\"@type\":\"PropertyValueSpecification\",\"valueRequired\":true,\"valueName\":\"search_term_string\"}}],\"inLanguage\":\"de\"},{\"@type\":\"Organization\",\"@id\":\"https:\\\/\\\/clarijs-fietstassen.nl\\\/de\\\/#organization\",\"name\":\"Clarijs Fietstassen\",\"url\":\"https:\\\/\\\/clarijs-fietstassen.nl\\\/de\\\/\",\"logo\":{\"@type\":\"ImageObject\",\"inLanguage\":\"de\",\"@id\":\"https:\\\/\\\/clarijs-fietstassen.nl\\\/de\\\/#\\\/schema\\\/logo\\\/image\\\/\",\"url\":\"https:\\\/\\\/clarijs-fietstassen.nl\\\/wp-content\\\/uploads\\\/2024\\\/01\\\/clarijs-logo-met-rand.jpg\",\"contentUrl\":\"https:\\\/\\\/clarijs-fietstassen.nl\\\/wp-content\\\/uploads\\\/2024\\\/01\\\/clarijs-logo-met-rand.jpg\",\"width\":560,\"height\":266,\"caption\":\"Clarijs Fietstassen\"},\"image\":{\"@id\":\"https:\\\/\\\/clarijs-fietstassen.nl\\\/de\\\/#\\\/schema\\\/logo\\\/image\\\/\"},\"sameAs\":[\"https:\\\/\\\/www.facebook.com\\\/clarijs1948\\\/\",\"https:\\\/\\\/www.instagram.com\\\/clarijscovers\\\/\"]}]}<\/script>\n<meta property=\"product:price:amount\" content=\"89.00\" \/>\n<meta property=\"product:price:currency\" content=\"EUR\" \/>\n<meta property=\"og:availability\" content=\"instock\" \/>\n<meta property=\"product:availability\" content=\"instock\" \/>\n<meta property=\"product:retailer_item_id\" content=\"1514\" \/>\n<meta property=\"product:condition\" content=\"new\" \/>\n<!-- \/ Yoast SEO Premium plugin. -->","yoast_head_json":{"title":"Doppelte Fahrradtasche Mondriaan - ART edition - Clarijs Fietstassen","description":"Shoppe die Doppelte Fahrradtasche Mondriaan - ART edition von Clarijs: eine doppelte Fahrradtasche mit Print, Reflexion und in XL-Gr\u00f6\u00dfe. Handgefertigt in den Niederlanden. Jetzt bestellen.","robots":{"index":"index","follow":"follow","max-snippet":"max-snippet:-1","max-image-preview":"max-image-preview:large","max-video-preview":"max-video-preview:-1"},"canonical":"https:\/\/clarijs-fietstassen.nl\/de\/produkt\/doppelte-fahrradtasche-almond-blossom-kopie\/","og_locale":"de_DE","og_type":"article","og_title":"Doppelte Fahrradtasche Mondriaan - ART edition","og_description":"Shoppe die Doppelte Fahrradtasche Mondriaan - ART edition von Clarijs: eine doppelte Fahrradtasche mit Print, Reflexion und in XL-Gr\u00f6\u00dfe. Handgefertigt in den Niederlanden. Jetzt bestellen.","og_url":"https:\/\/clarijs-fietstassen.nl\/de\/produkt\/doppelte-fahrradtasche-almond-blossom-kopie\/","og_site_name":"Clarijs Fietstassen","article_publisher":"https:\/\/www.facebook.com\/clarijs1948\/","article_modified_time":"2026-03-25T10:50:19+00:00","og_image":[{"width":1000,"height":1000,"url":"https:\/\/clarijs-fietstassen.nl\/wp-content\/uploads\/2026\/01\/Dubbele-fietstas-mondriaan-1.png","type":"image\/png"}],"twitter_card":"summary_large_image","twitter_misc":{"Preis":"&euro;89.00","Verf\u00fcgbarkeit":"Auf Lager"},"schema":{"@context":"https:\/\/schema.org","@graph":[{"@type":"WebPage","@id":"https:\/\/clarijs-fietstassen.nl\/de\/produkt\/doppelte-fahrradtasche-almond-blossom-kopie\/","url":"https:\/\/clarijs-fietstassen.nl\/de\/produkt\/doppelte-fahrradtasche-almond-blossom-kopie\/","name":"Doppelte Fahrradtasche Mondriaan - ART edition - Clarijs Fietstassen","isPartOf":{"@id":"https:\/\/clarijs-fietstassen.nl\/de\/#website"},"primaryImageOfPage":{"@id":"https:\/\/clarijs-fietstassen.nl\/de\/produkt\/doppelte-fahrradtasche-almond-blossom-kopie\/#primaryimage"},"image":{"@id":"https:\/\/clarijs-fietstassen.nl\/de\/produkt\/doppelte-fahrradtasche-almond-blossom-kopie\/#primaryimage"},"thumbnailUrl":"https:\/\/clarijs-fietstassen.nl\/wp-content\/uploads\/2026\/01\/Dubbele-fietstas-mondriaan-1.png","datePublished":"2026-02-16T10:00:32+00:00","dateModified":"2026-03-25T10:50:19+00:00","description":"Shoppe die Doppelte Fahrradtasche Mondriaan - ART edition von Clarijs: eine doppelte Fahrradtasche mit Print, Reflexion und in XL-Gr\u00f6\u00dfe. Handgefertigt in den Niederlanden. Jetzt bestellen.","breadcrumb":{"@id":"https:\/\/clarijs-fietstassen.nl\/de\/produkt\/doppelte-fahrradtasche-almond-blossom-kopie\/#breadcrumb"},"inLanguage":"de","potentialAction":[{"@type":"ReadAction","target":["https:\/\/clarijs-fietstassen.nl\/de\/produkt\/doppelte-fahrradtasche-almond-blossom-kopie\/"]}]},{"@type":"ImageObject","inLanguage":"de","@id":"https:\/\/clarijs-fietstassen.nl\/de\/produkt\/doppelte-fahrradtasche-almond-blossom-kopie\/#primaryimage","url":"https:\/\/clarijs-fietstassen.nl\/wp-content\/uploads\/2026\/01\/Dubbele-fietstas-mondriaan-1.png","contentUrl":"https:\/\/clarijs-fietstassen.nl\/wp-content\/uploads\/2026\/01\/Dubbele-fietstas-mondriaan-1.png","width":1000,"height":1000,"caption":"Doppelte Fahrradtasche Mondriaan"},{"@type":"BreadcrumbList","@id":"https:\/\/clarijs-fietstassen.nl\/de\/produkt\/doppelte-fahrradtasche-almond-blossom-kopie\/#breadcrumb","itemListElement":[{"@type":"ListItem","position":1,"name":"Home","item":"https:\/\/clarijs-fietstassen.nl\/de\/"},{"@type":"ListItem","position":2,"name":"Shop","item":"https:\/\/clarijs-fietstassen.nl\/de\/shop\/"},{"@type":"ListItem","position":3,"name":"Doppelte Fahrradtaschen mit Aufdruck","item":"https:\/\/clarijs-fietstassen.nl\/de\/doppelte-fahrradtaschen-mit-aufdruck\/"},{"@type":"ListItem","position":4,"name":"Doppelte Fahrradtasche Mondriaan &#8211; ART edition"}]},{"@type":"WebSite","@id":"https:\/\/clarijs-fietstassen.nl\/de\/#website","url":"https:\/\/clarijs-fietstassen.nl\/de\/","name":"Clarijs Fietstassen","description":"Kwaliteit &amp; ambacht sinds 1948","publisher":{"@id":"https:\/\/clarijs-fietstassen.nl\/de\/#organization"},"potentialAction":[{"@type":"SearchAction","target":{"@type":"EntryPoint","urlTemplate":"https:\/\/clarijs-fietstassen.nl\/de\/?s={search_term_string}"},"query-input":{"@type":"PropertyValueSpecification","valueRequired":true,"valueName":"search_term_string"}}],"inLanguage":"de"},{"@type":"Organization","@id":"https:\/\/clarijs-fietstassen.nl\/de\/#organization","name":"Clarijs Fietstassen","url":"https:\/\/clarijs-fietstassen.nl\/de\/","logo":{"@type":"ImageObject","inLanguage":"de","@id":"https:\/\/clarijs-fietstassen.nl\/de\/#\/schema\/logo\/image\/","url":"https:\/\/clarijs-fietstassen.nl\/wp-content\/uploads\/2024\/01\/clarijs-logo-met-rand.jpg","contentUrl":"https:\/\/clarijs-fietstassen.nl\/wp-content\/uploads\/2024\/01\/clarijs-logo-met-rand.jpg","width":560,"height":266,"caption":"Clarijs Fietstassen"},"image":{"@id":"https:\/\/clarijs-fietstassen.nl\/de\/#\/schema\/logo\/image\/"},"sameAs":["https:\/\/www.facebook.com\/clarijs1948\/","https:\/\/www.instagram.com\/clarijscovers\/"]}]},"product_price_amount":"89.00","product_price_currency":"EUR","og_availability":"instock","product_availability":"instock","product_retailer_item_id":"1514","product_condition":"new"},"_links":{"self":[{"href":"https:\/\/clarijs-fietstassen.nl\/de\/wp-json\/wp\/v2\/product\/60142","targetHints":{"allow":["GET"]}}],"collection":[{"href":"https:\/\/clarijs-fietstassen.nl\/de\/wp-json\/wp\/v2\/product"}],"about":[{"href":"https:\/\/clarijs-fietstassen.nl\/de\/wp-json\/wp\/v2\/types\/product"}],"replies":[{"embeddable":true,"href":"https:\/\/clarijs-fietstassen.nl\/de\/wp-json\/wp\/v2\/comments?post=60142"}],"wp:featuredmedia":[{"embeddable":true,"href":"https:\/\/clarijs-fietstassen.nl\/de\/wp-json\/wp\/v2\/media\/62718"}],"wp:attachment":[{"href":"https:\/\/clarijs-fietstassen.nl\/de\/wp-json\/wp\/v2\/media?parent=60142"}],"wp:term":[{"taxonomy":"product_brand","embeddable":true,"href":"https:\/\/clarijs-fietstassen.nl\/de\/wp-json\/wp\/v2\/product_brand?post=60142"},{"taxonomy":"product_cat","embeddable":true,"href":"https:\/\/clarijs-fietstassen.nl\/de\/wp-json\/wp\/v2\/product_cat?post=60142"},{"taxonomy":"product_tag","embeddable":true,"href":"https:\/\/clarijs-fietstassen.nl\/de\/wp-json\/wp\/v2\/product_tag?post=60142"}],"curies":[{"name":"wp","href":"https:\/\/api.w.org\/{rel}","templated":true}]}}