{"id":60608,"date":"2026-01-13T11:02:54","date_gmt":"2026-01-13T10:02:54","guid":{"rendered":"https:\/\/clarijs-fietstassen.nl\/?post_type=product&#038;p=60608"},"modified":"2026-03-11T13:00:41","modified_gmt":"2026-03-11T12:00:41","slug":"plane-fur-bakfiets-nl-kopie","status":"publish","type":"product","link":"https:\/\/clarijs-fietstassen.nl\/de\/produkt\/plane-fur-bakfiets-nl-kopie\/","title":{"rendered":"Auslaufend &#8211; Plane f\u00fcr Bakfiets.nl"},"content":{"rendered":"<p><b><span style=\"font-weight: 400;\">Die Plane f\u00fcr Bakfiets.nl wurde speziell f\u00fcr das Bakfiets.nl Classic oder Cruiser entwickelt (Diese Plane passt nur f\u00fcr dieses Bakfiets-Modell). <\/span><\/b>Diese Plane wird <span style=\"font-weight: 400;\">mit dem notwendigen Befestigungsmaterial geliefert , aber nicht mit einer Latte wie bei der 2.0-Version.<\/span><\/p>\n<p><b>Materialien:<\/b><\/p>\n<p><span style=\"font-weight: 400;\">Alle diese Produkte werden aus einer der st\u00e4rksten (dicht gewebten und dick beschichteten) Arten von Bisonyl hergestellt. Die Plane ist in verschiedenen Farben erh\u00e4ltlich. Das hochwertige Material ist sehr robust und au\u00dferdem wasserabweisend.  <\/span><\/p>\n<p><b>Vorteile<\/b><span style=\"font-weight: 400;\"> Der Plane f\u00fcr Bakfiets.nl:<\/span><\/p>\n<ul>\n<li>Zus\u00e4tzlicher Schutz f\u00fcr Ihr Hab und Gut und Ihr Fahrrad<\/li>\n<li style=\"font-weight: 400;\" aria-level=\"1\"><span style=\"font-weight: 400;\">kann die Lebensdauer Ihres Lastenfahrrads verl\u00e4ngern<\/span><\/li>\n<li style=\"font-weight: 400;\" aria-level=\"1\"><span style=\"font-weight: 400;\">k\u00f6nnen zu mehr Sicherheit beim Radfahren beitragen<\/span><\/li>\n<li style=\"font-weight: 400;\" aria-level=\"1\"><span style=\"font-weight: 400;\">das Cargo-Bike-Zelt ist mit Ihrem eigenen Druck, Logo oder Foto erh\u00e4ltlich<\/span><\/li>\n<\/ul>\n<p><span style=\"font-weight: 400;\">Einfach mit den mitgelieferten Materialien zu befestigen. Au\u00dferdem k\u00f6nnen Sie bei uns sofort Kissen f\u00fcr Ihr Lastenfahrrad in der gleichen Farbe kaufen! <\/span><\/p>\n","protected":false},"excerpt":{"rendered":"<p>Die Plane f\u00fcr Bakfiets.nl wurde speziell f\u00fcr das Bakfiets.nl Classic oder Cruiser entwickelt (Diese Plane passt nur f\u00fcr dieses Bakfiets-Modell). Diese Plane wird mit dem notwendigen Befestigungsmaterial geliefert , aber nicht mit einer Latte wie bei der 2.0-Version. Materialien: Alle diese Produkte werden aus einer der st\u00e4rksten (dicht gewebten und dick beschichteten) Arten von Bisonyl [&hellip;]<\/p>\n","protected":false},"featured_media":47785,"comment_status":"closed","ping_status":"closed","template":"","meta":{"_acf_changed":false,"_et_pb_use_builder":"","_et_pb_old_content":"","_et_gb_content_width":""},"product_brand":[],"product_cat":[881,686,689,879],"product_tag":[],"class_list":{"0":"post-60608","1":"product","2":"type-product","3":"status-publish","4":"has-post-thumbnail","6":"product_cat-angebote","7":"product_cat-bakfiets-de","8":"product_cat-bakfiets-planen","9":"product_cat-deals","10":"pa_afmetingen-kurz","11":"pa_afmetingen-lang-de","12":"pa_geschikt-voor-e-bike-ja-de","13":"pa_kleur-azurblau","14":"pa_kleur-beton-grau","15":"pa_kleur-bordeaux-rot","16":"pa_kleur-creme-de","17":"pa_kleur-dunkelblau","18":"pa_kleur-dunkelgrun","19":"pa_kleur-feuerwehr-rot","20":"pa_kleur-holland-orange-de","21":"pa_kleur-koningsblau","22":"pa_kleur-lila","23":"pa_kleur-matt-sand-de","24":"pa_kleur-rosa","25":"pa_kleur-schokoladen-braun","26":"pa_kleur-silber-metallic","27":"pa_materiaal-bisonyl-pvc-leinwand","28":"pa_merk-clarijs-covers-b-v-de","29":"pa_reflectie-nein","31":"first","32":"instock","33":"sale","34":"taxable","35":"shipping-taxable","36":"purchasable","37":"product-type-variable"},"acf":[],"yoast_head":"<!-- This site is optimized with the Yoast SEO Premium plugin v27.2 (Yoast SEO v27.3) - https:\/\/yoast.com\/product\/yoast-seo-premium-wordpress\/ -->\n<title>Auslaufend - Plane f\u00fcr Bakfiets.nl - Clarijs Fietstassen<\/title>\n<meta name=\"description\" content=\"Die Plane f\u00fcr Bakfiets.nl wurde f\u00fcr das Bakfiets.nl Classic oder Cruiser entworfen. Erh\u00e4ltlich in vielen Farben. Kann mit Ihrem eigenen Aufdruck personalisiert werden.\" \/>\n<meta name=\"robots\" content=\"index, follow, max-snippet:-1, max-image-preview:large, max-video-preview:-1\" \/>\n<link rel=\"canonical\" href=\"https:\/\/clarijs-fietstassen.nl\/de\/produkt\/plane-fur-bakfiets-nl-kopie\/\" \/>\n<meta property=\"og:locale\" content=\"de_DE\" \/>\n<meta property=\"og:type\" content=\"article\" \/>\n<meta property=\"og:title\" content=\"Auslaufend - Plane f\u00fcr Bakfiets.nl\" \/>\n<meta property=\"og:description\" content=\"Die Plane f\u00fcr Bakfiets.nl wurde f\u00fcr das Bakfiets.nl Classic oder Cruiser entworfen. Erh\u00e4ltlich in vielen Farben. Kann mit Ihrem eigenen Aufdruck personalisiert werden.\" \/>\n<meta property=\"og:url\" content=\"https:\/\/clarijs-fietstassen.nl\/de\/produkt\/plane-fur-bakfiets-nl-kopie\/\" \/>\n<meta property=\"og:site_name\" content=\"Clarijs Fietstassen\" \/>\n<meta property=\"article:publisher\" content=\"https:\/\/www.facebook.com\/clarijs1948\/\" \/>\n<meta property=\"article:modified_time\" content=\"2026-03-11T12:00:41+00:00\" \/>\n<meta property=\"og:image\" content=\"https:\/\/clarijs-fietstassen.nl\/wp-content\/uploads\/2023\/07\/17-Zwart.png\" \/>\n\t<meta property=\"og:image:width\" content=\"600\" \/>\n\t<meta property=\"og:image:height\" content=\"600\" \/>\n\t<meta property=\"og:image:type\" content=\"image\/png\" \/>\n<meta name=\"twitter:card\" content=\"summary_large_image\" \/>\n<meta name=\"twitter:label1\" content=\"Verf\u00fcgbarkeit\" \/>\n\t<meta name=\"twitter:data1\" content=\"Auf Lager\" \/>\n<script type=\"application\/ld+json\" class=\"yoast-schema-graph\">{\"@context\":\"https:\\\/\\\/schema.org\",\"@graph\":[{\"@type\":\"WebPage\",\"@id\":\"https:\\\/\\\/clarijs-fietstassen.nl\\\/de\\\/produkt\\\/plane-fur-bakfiets-nl-kopie\\\/\",\"url\":\"https:\\\/\\\/clarijs-fietstassen.nl\\\/de\\\/produkt\\\/plane-fur-bakfiets-nl-kopie\\\/\",\"name\":\"Auslaufend - Plane f\u00fcr Bakfiets.nl - Clarijs Fietstassen\",\"isPartOf\":{\"@id\":\"https:\\\/\\\/clarijs-fietstassen.nl\\\/de\\\/#website\"},\"primaryImageOfPage\":{\"@id\":\"https:\\\/\\\/clarijs-fietstassen.nl\\\/de\\\/produkt\\\/plane-fur-bakfiets-nl-kopie\\\/#primaryimage\"},\"image\":{\"@id\":\"https:\\\/\\\/clarijs-fietstassen.nl\\\/de\\\/produkt\\\/plane-fur-bakfiets-nl-kopie\\\/#primaryimage\"},\"thumbnailUrl\":\"https:\\\/\\\/clarijs-fietstassen.nl\\\/wp-content\\\/uploads\\\/2023\\\/07\\\/17-Zwart.png\",\"datePublished\":\"2026-01-13T10:02:54+00:00\",\"dateModified\":\"2026-03-11T12:00:41+00:00\",\"description\":\"Die Plane f\u00fcr Bakfiets.nl wurde f\u00fcr das Bakfiets.nl Classic oder Cruiser entworfen. Erh\u00e4ltlich in vielen Farben. Kann mit Ihrem eigenen Aufdruck personalisiert werden.\",\"breadcrumb\":{\"@id\":\"https:\\\/\\\/clarijs-fietstassen.nl\\\/de\\\/produkt\\\/plane-fur-bakfiets-nl-kopie\\\/#breadcrumb\"},\"inLanguage\":\"de\",\"potentialAction\":[{\"@type\":\"ReadAction\",\"target\":[\"https:\\\/\\\/clarijs-fietstassen.nl\\\/de\\\/produkt\\\/plane-fur-bakfiets-nl-kopie\\\/\"]}]},{\"@type\":\"ImageObject\",\"inLanguage\":\"de\",\"@id\":\"https:\\\/\\\/clarijs-fietstassen.nl\\\/de\\\/produkt\\\/plane-fur-bakfiets-nl-kopie\\\/#primaryimage\",\"url\":\"https:\\\/\\\/clarijs-fietstassen.nl\\\/wp-content\\\/uploads\\\/2023\\\/07\\\/17-Zwart.png\",\"contentUrl\":\"https:\\\/\\\/clarijs-fietstassen.nl\\\/wp-content\\\/uploads\\\/2023\\\/07\\\/17-Zwart.png\",\"width\":600,\"height\":600,\"caption\":\"Plane f\u00fcr Bakfiets.nl - Schwarz\"},{\"@type\":\"BreadcrumbList\",\"@id\":\"https:\\\/\\\/clarijs-fietstassen.nl\\\/de\\\/produkt\\\/plane-fur-bakfiets-nl-kopie\\\/#breadcrumb\",\"itemListElement\":[{\"@type\":\"ListItem\",\"position\":1,\"name\":\"Home\",\"item\":\"https:\\\/\\\/clarijs-fietstassen.nl\\\/de\\\/\"},{\"@type\":\"ListItem\",\"position\":2,\"name\":\"Shop\",\"item\":\"https:\\\/\\\/clarijs-fietstassen.nl\\\/de\\\/shop\\\/\"},{\"@type\":\"ListItem\",\"position\":3,\"name\":\"Angebote\",\"item\":\"https:\\\/\\\/clarijs-fietstassen.nl\\\/de\\\/angebote\\\/\"},{\"@type\":\"ListItem\",\"position\":4,\"name\":\"Auslaufend &#8211; Plane f\u00fcr Bakfiets.nl\"}]},{\"@type\":\"WebSite\",\"@id\":\"https:\\\/\\\/clarijs-fietstassen.nl\\\/de\\\/#website\",\"url\":\"https:\\\/\\\/clarijs-fietstassen.nl\\\/de\\\/\",\"name\":\"Clarijs Fietstassen\",\"description\":\"Kwaliteit &amp; ambacht sinds 1948\",\"publisher\":{\"@id\":\"https:\\\/\\\/clarijs-fietstassen.nl\\\/de\\\/#organization\"},\"potentialAction\":[{\"@type\":\"SearchAction\",\"target\":{\"@type\":\"EntryPoint\",\"urlTemplate\":\"https:\\\/\\\/clarijs-fietstassen.nl\\\/de\\\/?s={search_term_string}\"},\"query-input\":{\"@type\":\"PropertyValueSpecification\",\"valueRequired\":true,\"valueName\":\"search_term_string\"}}],\"inLanguage\":\"de\"},{\"@type\":\"Organization\",\"@id\":\"https:\\\/\\\/clarijs-fietstassen.nl\\\/de\\\/#organization\",\"name\":\"Clarijs Fietstassen\",\"url\":\"https:\\\/\\\/clarijs-fietstassen.nl\\\/de\\\/\",\"logo\":{\"@type\":\"ImageObject\",\"inLanguage\":\"de\",\"@id\":\"https:\\\/\\\/clarijs-fietstassen.nl\\\/de\\\/#\\\/schema\\\/logo\\\/image\\\/\",\"url\":\"https:\\\/\\\/clarijs-fietstassen.nl\\\/wp-content\\\/uploads\\\/2024\\\/01\\\/clarijs-logo-met-rand.jpg\",\"contentUrl\":\"https:\\\/\\\/clarijs-fietstassen.nl\\\/wp-content\\\/uploads\\\/2024\\\/01\\\/clarijs-logo-met-rand.jpg\",\"width\":560,\"height\":266,\"caption\":\"Clarijs Fietstassen\"},\"image\":{\"@id\":\"https:\\\/\\\/clarijs-fietstassen.nl\\\/de\\\/#\\\/schema\\\/logo\\\/image\\\/\"},\"sameAs\":[\"https:\\\/\\\/www.facebook.com\\\/clarijs1948\\\/\",\"https:\\\/\\\/www.instagram.com\\\/clarijscovers\\\/\"]}]}<\/script>\n<meta property=\"og:availability\" content=\"instock\" \/>\n<meta property=\"product:availability\" content=\"instock\" \/>\n<meta property=\"product:retailer_item_id\" content=\"5001-1\" \/>\n<meta property=\"product:condition\" content=\"new\" \/>\n<!-- \/ Yoast SEO Premium plugin. -->","yoast_head_json":{"title":"Auslaufend - Plane f\u00fcr Bakfiets.nl - Clarijs Fietstassen","description":"Die Plane f\u00fcr Bakfiets.nl wurde f\u00fcr das Bakfiets.nl Classic oder Cruiser entworfen. Erh\u00e4ltlich in vielen Farben. Kann mit Ihrem eigenen Aufdruck personalisiert werden.","robots":{"index":"index","follow":"follow","max-snippet":"max-snippet:-1","max-image-preview":"max-image-preview:large","max-video-preview":"max-video-preview:-1"},"canonical":"https:\/\/clarijs-fietstassen.nl\/de\/produkt\/plane-fur-bakfiets-nl-kopie\/","og_locale":"de_DE","og_type":"article","og_title":"Auslaufend - Plane f\u00fcr Bakfiets.nl","og_description":"Die Plane f\u00fcr Bakfiets.nl wurde f\u00fcr das Bakfiets.nl Classic oder Cruiser entworfen. Erh\u00e4ltlich in vielen Farben. Kann mit Ihrem eigenen Aufdruck personalisiert werden.","og_url":"https:\/\/clarijs-fietstassen.nl\/de\/produkt\/plane-fur-bakfiets-nl-kopie\/","og_site_name":"Clarijs Fietstassen","article_publisher":"https:\/\/www.facebook.com\/clarijs1948\/","article_modified_time":"2026-03-11T12:00:41+00:00","og_image":[{"width":600,"height":600,"url":"https:\/\/clarijs-fietstassen.nl\/wp-content\/uploads\/2023\/07\/17-Zwart.png","type":"image\/png"}],"twitter_card":"summary_large_image","twitter_misc":{"Verf\u00fcgbarkeit":"Auf Lager"},"schema":{"@context":"https:\/\/schema.org","@graph":[{"@type":"WebPage","@id":"https:\/\/clarijs-fietstassen.nl\/de\/produkt\/plane-fur-bakfiets-nl-kopie\/","url":"https:\/\/clarijs-fietstassen.nl\/de\/produkt\/plane-fur-bakfiets-nl-kopie\/","name":"Auslaufend - Plane f\u00fcr Bakfiets.nl - Clarijs Fietstassen","isPartOf":{"@id":"https:\/\/clarijs-fietstassen.nl\/de\/#website"},"primaryImageOfPage":{"@id":"https:\/\/clarijs-fietstassen.nl\/de\/produkt\/plane-fur-bakfiets-nl-kopie\/#primaryimage"},"image":{"@id":"https:\/\/clarijs-fietstassen.nl\/de\/produkt\/plane-fur-bakfiets-nl-kopie\/#primaryimage"},"thumbnailUrl":"https:\/\/clarijs-fietstassen.nl\/wp-content\/uploads\/2023\/07\/17-Zwart.png","datePublished":"2026-01-13T10:02:54+00:00","dateModified":"2026-03-11T12:00:41+00:00","description":"Die Plane f\u00fcr Bakfiets.nl wurde f\u00fcr das Bakfiets.nl Classic oder Cruiser entworfen. Erh\u00e4ltlich in vielen Farben. Kann mit Ihrem eigenen Aufdruck personalisiert werden.","breadcrumb":{"@id":"https:\/\/clarijs-fietstassen.nl\/de\/produkt\/plane-fur-bakfiets-nl-kopie\/#breadcrumb"},"inLanguage":"de","potentialAction":[{"@type":"ReadAction","target":["https:\/\/clarijs-fietstassen.nl\/de\/produkt\/plane-fur-bakfiets-nl-kopie\/"]}]},{"@type":"ImageObject","inLanguage":"de","@id":"https:\/\/clarijs-fietstassen.nl\/de\/produkt\/plane-fur-bakfiets-nl-kopie\/#primaryimage","url":"https:\/\/clarijs-fietstassen.nl\/wp-content\/uploads\/2023\/07\/17-Zwart.png","contentUrl":"https:\/\/clarijs-fietstassen.nl\/wp-content\/uploads\/2023\/07\/17-Zwart.png","width":600,"height":600,"caption":"Plane f\u00fcr Bakfiets.nl - Schwarz"},{"@type":"BreadcrumbList","@id":"https:\/\/clarijs-fietstassen.nl\/de\/produkt\/plane-fur-bakfiets-nl-kopie\/#breadcrumb","itemListElement":[{"@type":"ListItem","position":1,"name":"Home","item":"https:\/\/clarijs-fietstassen.nl\/de\/"},{"@type":"ListItem","position":2,"name":"Shop","item":"https:\/\/clarijs-fietstassen.nl\/de\/shop\/"},{"@type":"ListItem","position":3,"name":"Angebote","item":"https:\/\/clarijs-fietstassen.nl\/de\/angebote\/"},{"@type":"ListItem","position":4,"name":"Auslaufend &#8211; Plane f\u00fcr Bakfiets.nl"}]},{"@type":"WebSite","@id":"https:\/\/clarijs-fietstassen.nl\/de\/#website","url":"https:\/\/clarijs-fietstassen.nl\/de\/","name":"Clarijs Fietstassen","description":"Kwaliteit &amp; ambacht sinds 1948","publisher":{"@id":"https:\/\/clarijs-fietstassen.nl\/de\/#organization"},"potentialAction":[{"@type":"SearchAction","target":{"@type":"EntryPoint","urlTemplate":"https:\/\/clarijs-fietstassen.nl\/de\/?s={search_term_string}"},"query-input":{"@type":"PropertyValueSpecification","valueRequired":true,"valueName":"search_term_string"}}],"inLanguage":"de"},{"@type":"Organization","@id":"https:\/\/clarijs-fietstassen.nl\/de\/#organization","name":"Clarijs Fietstassen","url":"https:\/\/clarijs-fietstassen.nl\/de\/","logo":{"@type":"ImageObject","inLanguage":"de","@id":"https:\/\/clarijs-fietstassen.nl\/de\/#\/schema\/logo\/image\/","url":"https:\/\/clarijs-fietstassen.nl\/wp-content\/uploads\/2024\/01\/clarijs-logo-met-rand.jpg","contentUrl":"https:\/\/clarijs-fietstassen.nl\/wp-content\/uploads\/2024\/01\/clarijs-logo-met-rand.jpg","width":560,"height":266,"caption":"Clarijs Fietstassen"},"image":{"@id":"https:\/\/clarijs-fietstassen.nl\/de\/#\/schema\/logo\/image\/"},"sameAs":["https:\/\/www.facebook.com\/clarijs1948\/","https:\/\/www.instagram.com\/clarijscovers\/"]}]},"og_availability":"instock","product_availability":"instock","product_retailer_item_id":"5001-1","product_condition":"new"},"_links":{"self":[{"href":"https:\/\/clarijs-fietstassen.nl\/de\/wp-json\/wp\/v2\/product\/60608","targetHints":{"allow":["GET"]}}],"collection":[{"href":"https:\/\/clarijs-fietstassen.nl\/de\/wp-json\/wp\/v2\/product"}],"about":[{"href":"https:\/\/clarijs-fietstassen.nl\/de\/wp-json\/wp\/v2\/types\/product"}],"replies":[{"embeddable":true,"href":"https:\/\/clarijs-fietstassen.nl\/de\/wp-json\/wp\/v2\/comments?post=60608"}],"wp:featuredmedia":[{"embeddable":true,"href":"https:\/\/clarijs-fietstassen.nl\/de\/wp-json\/wp\/v2\/media\/47785"}],"wp:attachment":[{"href":"https:\/\/clarijs-fietstassen.nl\/de\/wp-json\/wp\/v2\/media?parent=60608"}],"wp:term":[{"taxonomy":"product_brand","embeddable":true,"href":"https:\/\/clarijs-fietstassen.nl\/de\/wp-json\/wp\/v2\/product_brand?post=60608"},{"taxonomy":"product_cat","embeddable":true,"href":"https:\/\/clarijs-fietstassen.nl\/de\/wp-json\/wp\/v2\/product_cat?post=60608"},{"taxonomy":"product_tag","embeddable":true,"href":"https:\/\/clarijs-fietstassen.nl\/de\/wp-json\/wp\/v2\/product_tag?post=60608"}],"curies":[{"name":"wp","href":"https:\/\/api.w.org\/{rel}","templated":true}]}}