{"id":60907,"date":"2026-01-13T11:15:19","date_gmt":"2026-01-13T10:15:19","guid":{"rendered":"https:\/\/clarijs-fietstassen.nl\/?post_type=product&#038;p=60907"},"modified":"2026-02-24T06:11:55","modified_gmt":"2026-02-24T05:11:55","slug":"plane-2-0-fur-bakfiets-nl-kopie","status":"publish","type":"product","link":"https:\/\/clarijs-fietstassen.nl\/de\/produkt\/plane-2-0-fur-bakfiets-nl-kopie\/","title":{"rendered":"Auslaufend &#8211; Plane 2.0 f\u00fcr Bakfiets.nl"},"content":{"rendered":"<p><span style=\"font-weight: 400;\">Die Plane 2.0 f\u00fcr Bakfiets.nl ist die neue Version der Plane und wurde speziell f\u00fcr das Bakfiets.nl Classic oder Cruiser entworfen (Diese Plane passt nur f\u00fcr dieses Bakfiets-Modell).<\/span><br \/>\n<span style=\"font-weight: 400;\">Diese Plane wird mit dem notwendigen Befestigungsmaterial geliefert.<\/span><br \/>\n<span style=\"font-weight: 400;\"><strong>Diese neue Version hat eine Latte in der Mitte, die verhindert, dass Wasser in ihr steht.<\/strong>  Nur bei Clarijs!<\/span><\/p>\n<p><b>Materialien:<\/b><\/p>\n<p><span style=\"font-weight: 400;\">Alle diese Produkte werden aus einer der st\u00e4rksten (dicht gewebten und dick beschichteten) Arten von Bisonyl hergestellt. Die Plane ist in verschiedenen Farben erh\u00e4ltlich. Das hochwertige Material ist sehr robust und au\u00dferdem wasserabweisend.  <\/span><\/p>\n<p><b>Vorteile<\/b><span style=\"font-weight: 400;\"> Von der Plane 2.0 f\u00fcr Bakfiets.nl:<\/span><\/p>\n<ul>\n<li style=\"font-weight: 400;\" aria-level=\"1\"><span style=\"font-weight: 400;\">Zus\u00e4tzlicher Schutz f\u00fcr Ihr Hab und Gut und Ihr Fahrrad<\/span><\/li>\n<li style=\"font-weight: 400;\" aria-level=\"1\"><span style=\"font-weight: 400;\">kann die Lebensdauer Ihres Lastenfahrrads verl\u00e4ngern<\/span><\/li>\n<li style=\"font-weight: 400;\" aria-level=\"1\"><span style=\"font-weight: 400;\">k\u00f6nnen zu mehr Sicherheit beim Radfahren beitragen<\/span><\/li>\n<li style=\"font-weight: 400;\" aria-level=\"1\"><span style=\"font-weight: 400;\">das Cargo-Bike-Zelt ist mit Ihrem eigenen Druck, Logo oder Foto erh\u00e4ltlich<\/span><\/li>\n<\/ul>\n<p><span style=\"font-weight: 400;\">Einfach mit den mitgelieferten Materialien zu befestigen. Au\u00dferdem k\u00f6nnen Sie bei uns sofort Kissen f\u00fcr Ihr Lastenfahrrad in der gleichen Farbe kaufen! <\/span><\/p>\n","protected":false},"excerpt":{"rendered":"<p>Die Plane 2.0 f\u00fcr Bakfiets.nl ist die neue Version der Plane und wurde speziell f\u00fcr das Bakfiets.nl Classic oder Cruiser entworfen (Diese Plane passt nur f\u00fcr dieses Bakfiets-Modell). Diese Plane wird mit dem notwendigen Befestigungsmaterial geliefert. Diese neue Version hat eine Latte in der Mitte, die verhindert, dass Wasser in ihr steht. Nur bei Clarijs! [&hellip;]<\/p>\n","protected":false},"featured_media":47669,"comment_status":"closed","ping_status":"closed","template":"","meta":{"_acf_changed":false,"_et_pb_use_builder":"","_et_pb_old_content":"","_et_gb_content_width":""},"product_brand":[],"product_cat":[881,686,689,879],"product_tag":[],"class_list":{"0":"post-60907","1":"product","2":"type-product","3":"status-publish","4":"has-post-thumbnail","6":"product_cat-angebote","7":"product_cat-bakfiets-de","8":"product_cat-bakfiets-planen","9":"product_cat-deals","10":"pa_afmetingen-kurz","11":"pa_afmetingen-lang-de","12":"pa_geschikt-voor-e-bike-ja-de","13":"pa_kleur-beton-grau","14":"pa_kleur-creme-de","15":"pa_kleur-dunkelblau","16":"pa_kleur-gelb","17":"pa_kleur-koningsblau","18":"pa_kleur-matt-grau-de","19":"pa_kleur-rosa","20":"pa_kleur-schokoladen-braun","21":"pa_materiaal-bisonyl-pvc-leinwand","22":"pa_merk-clarijs-covers-b-v-de","23":"pa_reflectie-nein","25":"first","26":"instock","27":"sale","28":"taxable","29":"shipping-taxable","30":"purchasable","31":"product-type-variable"},"acf":[],"yoast_head":"<!-- This site is optimized with the Yoast SEO Premium plugin v27.2 (Yoast SEO v27.3) - https:\/\/yoast.com\/product\/yoast-seo-premium-wordpress\/ -->\n<title>Auslaufend - Plane 2.0 f\u00fcr Bakfiets.nl - Clarijs Fietstassen<\/title>\n<meta name=\"description\" content=\"Die Plane 2.0 f\u00fcr Bakfiets.nl ist in vielen Farben erh\u00e4ltlich. Auch mit unseren Drucken oder mit Ihrem eigenen Druck, Logo oder Foto erh\u00e4ltlich.\" \/>\n<meta name=\"robots\" content=\"index, follow, max-snippet:-1, max-image-preview:large, max-video-preview:-1\" \/>\n<link rel=\"canonical\" href=\"https:\/\/clarijs-fietstassen.nl\/de\/produkt\/plane-2-0-fur-bakfiets-nl-kopie\/\" \/>\n<meta property=\"og:locale\" content=\"de_DE\" \/>\n<meta property=\"og:type\" content=\"article\" \/>\n<meta property=\"og:title\" content=\"Auslaufend - Plane 2.0 f\u00fcr Bakfiets.nl\" \/>\n<meta property=\"og:description\" content=\"Die Plane 2.0 f\u00fcr Bakfiets.nl ist in vielen Farben erh\u00e4ltlich. Auch mit unseren Drucken oder mit Ihrem eigenen Druck, Logo oder Foto erh\u00e4ltlich.\" \/>\n<meta property=\"og:url\" content=\"https:\/\/clarijs-fietstassen.nl\/de\/produkt\/plane-2-0-fur-bakfiets-nl-kopie\/\" \/>\n<meta property=\"og:site_name\" content=\"Clarijs Fietstassen\" \/>\n<meta property=\"article:publisher\" content=\"https:\/\/www.facebook.com\/clarijs1948\/\" \/>\n<meta property=\"article:modified_time\" content=\"2026-02-24T05:11:55+00:00\" \/>\n<meta property=\"og:image\" content=\"https:\/\/clarijs-fietstassen.nl\/wp-content\/uploads\/2023\/07\/Clarijs_03-10-1024x1024.png\" \/>\n\t<meta property=\"og:image:width\" content=\"1024\" \/>\n\t<meta property=\"og:image:height\" content=\"1024\" \/>\n\t<meta property=\"og:image:type\" content=\"image\/png\" \/>\n<meta name=\"twitter:card\" content=\"summary_large_image\" \/>\n<meta name=\"twitter:label1\" content=\"Verf\u00fcgbarkeit\" \/>\n\t<meta name=\"twitter:data1\" content=\"Auf Lager\" \/>\n<script type=\"application\/ld+json\" class=\"yoast-schema-graph\">{\"@context\":\"https:\\\/\\\/schema.org\",\"@graph\":[{\"@type\":\"WebPage\",\"@id\":\"https:\\\/\\\/clarijs-fietstassen.nl\\\/de\\\/produkt\\\/plane-2-0-fur-bakfiets-nl-kopie\\\/\",\"url\":\"https:\\\/\\\/clarijs-fietstassen.nl\\\/de\\\/produkt\\\/plane-2-0-fur-bakfiets-nl-kopie\\\/\",\"name\":\"Auslaufend - Plane 2.0 f\u00fcr Bakfiets.nl - Clarijs Fietstassen\",\"isPartOf\":{\"@id\":\"https:\\\/\\\/clarijs-fietstassen.nl\\\/de\\\/#website\"},\"primaryImageOfPage\":{\"@id\":\"https:\\\/\\\/clarijs-fietstassen.nl\\\/de\\\/produkt\\\/plane-2-0-fur-bakfiets-nl-kopie\\\/#primaryimage\"},\"image\":{\"@id\":\"https:\\\/\\\/clarijs-fietstassen.nl\\\/de\\\/produkt\\\/plane-2-0-fur-bakfiets-nl-kopie\\\/#primaryimage\"},\"thumbnailUrl\":\"https:\\\/\\\/clarijs-fietstassen.nl\\\/wp-content\\\/uploads\\\/2023\\\/07\\\/Clarijs_03-10.png\",\"datePublished\":\"2026-01-13T10:15:19+00:00\",\"dateModified\":\"2026-02-24T05:11:55+00:00\",\"description\":\"Die Plane 2.0 f\u00fcr Bakfiets.nl ist in vielen Farben erh\u00e4ltlich. Auch mit unseren Drucken oder mit Ihrem eigenen Druck, Logo oder Foto erh\u00e4ltlich.\",\"breadcrumb\":{\"@id\":\"https:\\\/\\\/clarijs-fietstassen.nl\\\/de\\\/produkt\\\/plane-2-0-fur-bakfiets-nl-kopie\\\/#breadcrumb\"},\"inLanguage\":\"de\",\"potentialAction\":[{\"@type\":\"ReadAction\",\"target\":[\"https:\\\/\\\/clarijs-fietstassen.nl\\\/de\\\/produkt\\\/plane-2-0-fur-bakfiets-nl-kopie\\\/\"]}]},{\"@type\":\"ImageObject\",\"inLanguage\":\"de\",\"@id\":\"https:\\\/\\\/clarijs-fietstassen.nl\\\/de\\\/produkt\\\/plane-2-0-fur-bakfiets-nl-kopie\\\/#primaryimage\",\"url\":\"https:\\\/\\\/clarijs-fietstassen.nl\\\/wp-content\\\/uploads\\\/2023\\\/07\\\/Clarijs_03-10.png\",\"contentUrl\":\"https:\\\/\\\/clarijs-fietstassen.nl\\\/wp-content\\\/uploads\\\/2023\\\/07\\\/Clarijs_03-10.png\",\"width\":2000,\"height\":2000,\"caption\":\"Plane 2.0 f\u00fcr Bakfiets.nl - Matt Schwarz\"},{\"@type\":\"BreadcrumbList\",\"@id\":\"https:\\\/\\\/clarijs-fietstassen.nl\\\/de\\\/produkt\\\/plane-2-0-fur-bakfiets-nl-kopie\\\/#breadcrumb\",\"itemListElement\":[{\"@type\":\"ListItem\",\"position\":1,\"name\":\"Home\",\"item\":\"https:\\\/\\\/clarijs-fietstassen.nl\\\/de\\\/\"},{\"@type\":\"ListItem\",\"position\":2,\"name\":\"Shop\",\"item\":\"https:\\\/\\\/clarijs-fietstassen.nl\\\/de\\\/shop\\\/\"},{\"@type\":\"ListItem\",\"position\":3,\"name\":\"Angebote\",\"item\":\"https:\\\/\\\/clarijs-fietstassen.nl\\\/de\\\/angebote\\\/\"},{\"@type\":\"ListItem\",\"position\":4,\"name\":\"Auslaufend &#8211; Plane 2.0 f\u00fcr Bakfiets.nl\"}]},{\"@type\":\"WebSite\",\"@id\":\"https:\\\/\\\/clarijs-fietstassen.nl\\\/de\\\/#website\",\"url\":\"https:\\\/\\\/clarijs-fietstassen.nl\\\/de\\\/\",\"name\":\"Clarijs Fietstassen\",\"description\":\"Kwaliteit &amp; ambacht sinds 1948\",\"publisher\":{\"@id\":\"https:\\\/\\\/clarijs-fietstassen.nl\\\/de\\\/#organization\"},\"potentialAction\":[{\"@type\":\"SearchAction\",\"target\":{\"@type\":\"EntryPoint\",\"urlTemplate\":\"https:\\\/\\\/clarijs-fietstassen.nl\\\/de\\\/?s={search_term_string}\"},\"query-input\":{\"@type\":\"PropertyValueSpecification\",\"valueRequired\":true,\"valueName\":\"search_term_string\"}}],\"inLanguage\":\"de\"},{\"@type\":\"Organization\",\"@id\":\"https:\\\/\\\/clarijs-fietstassen.nl\\\/de\\\/#organization\",\"name\":\"Clarijs Fietstassen\",\"url\":\"https:\\\/\\\/clarijs-fietstassen.nl\\\/de\\\/\",\"logo\":{\"@type\":\"ImageObject\",\"inLanguage\":\"de\",\"@id\":\"https:\\\/\\\/clarijs-fietstassen.nl\\\/de\\\/#\\\/schema\\\/logo\\\/image\\\/\",\"url\":\"https:\\\/\\\/clarijs-fietstassen.nl\\\/wp-content\\\/uploads\\\/2024\\\/01\\\/clarijs-logo-met-rand.jpg\",\"contentUrl\":\"https:\\\/\\\/clarijs-fietstassen.nl\\\/wp-content\\\/uploads\\\/2024\\\/01\\\/clarijs-logo-met-rand.jpg\",\"width\":560,\"height\":266,\"caption\":\"Clarijs Fietstassen\"},\"image\":{\"@id\":\"https:\\\/\\\/clarijs-fietstassen.nl\\\/de\\\/#\\\/schema\\\/logo\\\/image\\\/\"},\"sameAs\":[\"https:\\\/\\\/www.facebook.com\\\/clarijs1948\\\/\",\"https:\\\/\\\/www.instagram.com\\\/clarijscovers\\\/\"]}]}<\/script>\n<meta property=\"og:availability\" content=\"instock\" \/>\n<meta property=\"product:availability\" content=\"instock\" \/>\n<meta property=\"product:retailer_item_id\" content=\"5003-1\" \/>\n<meta property=\"product:condition\" content=\"new\" \/>\n<!-- \/ Yoast SEO Premium plugin. -->","yoast_head_json":{"title":"Auslaufend - Plane 2.0 f\u00fcr Bakfiets.nl - Clarijs Fietstassen","description":"Die Plane 2.0 f\u00fcr Bakfiets.nl ist in vielen Farben erh\u00e4ltlich. Auch mit unseren Drucken oder mit Ihrem eigenen Druck, Logo oder Foto erh\u00e4ltlich.","robots":{"index":"index","follow":"follow","max-snippet":"max-snippet:-1","max-image-preview":"max-image-preview:large","max-video-preview":"max-video-preview:-1"},"canonical":"https:\/\/clarijs-fietstassen.nl\/de\/produkt\/plane-2-0-fur-bakfiets-nl-kopie\/","og_locale":"de_DE","og_type":"article","og_title":"Auslaufend - Plane 2.0 f\u00fcr Bakfiets.nl","og_description":"Die Plane 2.0 f\u00fcr Bakfiets.nl ist in vielen Farben erh\u00e4ltlich. Auch mit unseren Drucken oder mit Ihrem eigenen Druck, Logo oder Foto erh\u00e4ltlich.","og_url":"https:\/\/clarijs-fietstassen.nl\/de\/produkt\/plane-2-0-fur-bakfiets-nl-kopie\/","og_site_name":"Clarijs Fietstassen","article_publisher":"https:\/\/www.facebook.com\/clarijs1948\/","article_modified_time":"2026-02-24T05:11:55+00:00","og_image":[{"width":1024,"height":1024,"url":"https:\/\/clarijs-fietstassen.nl\/wp-content\/uploads\/2023\/07\/Clarijs_03-10-1024x1024.png","type":"image\/png"}],"twitter_card":"summary_large_image","twitter_misc":{"Verf\u00fcgbarkeit":"Auf Lager"},"schema":{"@context":"https:\/\/schema.org","@graph":[{"@type":"WebPage","@id":"https:\/\/clarijs-fietstassen.nl\/de\/produkt\/plane-2-0-fur-bakfiets-nl-kopie\/","url":"https:\/\/clarijs-fietstassen.nl\/de\/produkt\/plane-2-0-fur-bakfiets-nl-kopie\/","name":"Auslaufend - Plane 2.0 f\u00fcr Bakfiets.nl - Clarijs Fietstassen","isPartOf":{"@id":"https:\/\/clarijs-fietstassen.nl\/de\/#website"},"primaryImageOfPage":{"@id":"https:\/\/clarijs-fietstassen.nl\/de\/produkt\/plane-2-0-fur-bakfiets-nl-kopie\/#primaryimage"},"image":{"@id":"https:\/\/clarijs-fietstassen.nl\/de\/produkt\/plane-2-0-fur-bakfiets-nl-kopie\/#primaryimage"},"thumbnailUrl":"https:\/\/clarijs-fietstassen.nl\/wp-content\/uploads\/2023\/07\/Clarijs_03-10.png","datePublished":"2026-01-13T10:15:19+00:00","dateModified":"2026-02-24T05:11:55+00:00","description":"Die Plane 2.0 f\u00fcr Bakfiets.nl ist in vielen Farben erh\u00e4ltlich. Auch mit unseren Drucken oder mit Ihrem eigenen Druck, Logo oder Foto erh\u00e4ltlich.","breadcrumb":{"@id":"https:\/\/clarijs-fietstassen.nl\/de\/produkt\/plane-2-0-fur-bakfiets-nl-kopie\/#breadcrumb"},"inLanguage":"de","potentialAction":[{"@type":"ReadAction","target":["https:\/\/clarijs-fietstassen.nl\/de\/produkt\/plane-2-0-fur-bakfiets-nl-kopie\/"]}]},{"@type":"ImageObject","inLanguage":"de","@id":"https:\/\/clarijs-fietstassen.nl\/de\/produkt\/plane-2-0-fur-bakfiets-nl-kopie\/#primaryimage","url":"https:\/\/clarijs-fietstassen.nl\/wp-content\/uploads\/2023\/07\/Clarijs_03-10.png","contentUrl":"https:\/\/clarijs-fietstassen.nl\/wp-content\/uploads\/2023\/07\/Clarijs_03-10.png","width":2000,"height":2000,"caption":"Plane 2.0 f\u00fcr Bakfiets.nl - Matt Schwarz"},{"@type":"BreadcrumbList","@id":"https:\/\/clarijs-fietstassen.nl\/de\/produkt\/plane-2-0-fur-bakfiets-nl-kopie\/#breadcrumb","itemListElement":[{"@type":"ListItem","position":1,"name":"Home","item":"https:\/\/clarijs-fietstassen.nl\/de\/"},{"@type":"ListItem","position":2,"name":"Shop","item":"https:\/\/clarijs-fietstassen.nl\/de\/shop\/"},{"@type":"ListItem","position":3,"name":"Angebote","item":"https:\/\/clarijs-fietstassen.nl\/de\/angebote\/"},{"@type":"ListItem","position":4,"name":"Auslaufend &#8211; Plane 2.0 f\u00fcr Bakfiets.nl"}]},{"@type":"WebSite","@id":"https:\/\/clarijs-fietstassen.nl\/de\/#website","url":"https:\/\/clarijs-fietstassen.nl\/de\/","name":"Clarijs Fietstassen","description":"Kwaliteit &amp; ambacht sinds 1948","publisher":{"@id":"https:\/\/clarijs-fietstassen.nl\/de\/#organization"},"potentialAction":[{"@type":"SearchAction","target":{"@type":"EntryPoint","urlTemplate":"https:\/\/clarijs-fietstassen.nl\/de\/?s={search_term_string}"},"query-input":{"@type":"PropertyValueSpecification","valueRequired":true,"valueName":"search_term_string"}}],"inLanguage":"de"},{"@type":"Organization","@id":"https:\/\/clarijs-fietstassen.nl\/de\/#organization","name":"Clarijs Fietstassen","url":"https:\/\/clarijs-fietstassen.nl\/de\/","logo":{"@type":"ImageObject","inLanguage":"de","@id":"https:\/\/clarijs-fietstassen.nl\/de\/#\/schema\/logo\/image\/","url":"https:\/\/clarijs-fietstassen.nl\/wp-content\/uploads\/2024\/01\/clarijs-logo-met-rand.jpg","contentUrl":"https:\/\/clarijs-fietstassen.nl\/wp-content\/uploads\/2024\/01\/clarijs-logo-met-rand.jpg","width":560,"height":266,"caption":"Clarijs Fietstassen"},"image":{"@id":"https:\/\/clarijs-fietstassen.nl\/de\/#\/schema\/logo\/image\/"},"sameAs":["https:\/\/www.facebook.com\/clarijs1948\/","https:\/\/www.instagram.com\/clarijscovers\/"]}]},"og_availability":"instock","product_availability":"instock","product_retailer_item_id":"5003-1","product_condition":"new"},"_links":{"self":[{"href":"https:\/\/clarijs-fietstassen.nl\/de\/wp-json\/wp\/v2\/product\/60907","targetHints":{"allow":["GET"]}}],"collection":[{"href":"https:\/\/clarijs-fietstassen.nl\/de\/wp-json\/wp\/v2\/product"}],"about":[{"href":"https:\/\/clarijs-fietstassen.nl\/de\/wp-json\/wp\/v2\/types\/product"}],"replies":[{"embeddable":true,"href":"https:\/\/clarijs-fietstassen.nl\/de\/wp-json\/wp\/v2\/comments?post=60907"}],"wp:featuredmedia":[{"embeddable":true,"href":"https:\/\/clarijs-fietstassen.nl\/de\/wp-json\/wp\/v2\/media\/47669"}],"wp:attachment":[{"href":"https:\/\/clarijs-fietstassen.nl\/de\/wp-json\/wp\/v2\/media?parent=60907"}],"wp:term":[{"taxonomy":"product_brand","embeddable":true,"href":"https:\/\/clarijs-fietstassen.nl\/de\/wp-json\/wp\/v2\/product_brand?post=60907"},{"taxonomy":"product_cat","embeddable":true,"href":"https:\/\/clarijs-fietstassen.nl\/de\/wp-json\/wp\/v2\/product_cat?post=60907"},{"taxonomy":"product_tag","embeddable":true,"href":"https:\/\/clarijs-fietstassen.nl\/de\/wp-json\/wp\/v2\/product_tag?post=60907"}],"curies":[{"name":"wp","href":"https:\/\/api.w.org\/{rel}","templated":true}]}}