{"id":61215,"date":"2026-01-14T10:38:40","date_gmt":"2026-01-14T09:38:40","guid":{"rendered":"https:\/\/clarijs-fietstassen.nl\/?post_type=product&#038;p=61215"},"modified":"2026-01-27T09:08:09","modified_gmt":"2026-01-27T08:08:09","slug":"plane-excellent-fur-bakfiets-nl-kopie-2","status":"publish","type":"product","link":"https:\/\/clarijs-fietstassen.nl\/de\/produkt\/plane-excellent-fur-bakfiets-nl-kopie-2\/","title":{"rendered":"Auslaufend &#8211; Plane Excellent f\u00fcr Bakfiets.nl"},"content":{"rendered":"<p><b><span style=\"font-weight: 400;\">Die Plane Excellent f\u00fcr Bakfiets.nl wurde speziell f\u00fcr das Bakfiets.nl Classic oder Cruiser entwickelt (Diese Plane passt nur f\u00fcr dieses Bakfiets-Modell). Diese Plane wird mit dem notwendigen Befestigungsmaterial geliefert, aber nicht wie die 2.0 Version mit einer Plane. <\/span><\/b><\/p>\n<p><b>Materialien:<\/b><\/p>\n<p><span style=\"font-weight: 400;\">Alle diese Produkte sind aus einer der st\u00e4rksten (dicht gewebten und dick beschichteten) Arten von Acryl hergestellt. Der Bezug ist in verschiedenen Farben erh\u00e4ltlich, so dass Sie zwischen blau, braun, camel, grau, rot oder schwarz w\u00e4hlen k\u00f6nnen. Das hochwertige Material ist sehr strapazierf\u00e4hig und zudem wasserabweisend.  <\/span><\/p>\n<p><b>Vorteile<\/b><span style=\"font-weight: 400;\"> des Plane Excellent f\u00fcr Bakfiets.nl:<\/span><\/p>\n<ul>\n<li>Zus\u00e4tzlicher Schutz f\u00fcr Ihr Hab und Gut und Ihr Fahrrad<\/li>\n<li style=\"font-weight: 400;\" aria-level=\"1\"><span style=\"font-weight: 400;\">Zus\u00e4tzlicher Schutz f\u00fcr deine Ladung und dein Rad.<\/span><\/li>\n<li style=\"font-weight: 400;\" aria-level=\"1\"><span style=\"font-weight: 400;\">K\u00f6nnen zu mehr Sicherheit beim Radfahren beitragen.<\/span><\/li>\n<li style=\"font-weight: 400;\" aria-level=\"1\"><span style=\"font-weight: 400;\">Einfach mit den mitgelieferten Materialien zu befestigen<\/span><\/li>\n<\/ul>\n","protected":false},"excerpt":{"rendered":"<p>Die Plane Excellent f\u00fcr Bakfiets.nl wurde speziell f\u00fcr das Bakfiets.nl Classic oder Cruiser entwickelt (Diese Plane passt nur f\u00fcr dieses Bakfiets-Modell). Diese Plane wird mit dem notwendigen Befestigungsmaterial geliefert, aber nicht wie die 2.0 Version mit einer Plane. Materialien: Alle diese Produkte sind aus einer der st\u00e4rksten (dicht gewebten und dick beschichteten) Arten von Acryl [&hellip;]<\/p>\n","protected":false},"featured_media":47615,"comment_status":"closed","ping_status":"closed","template":"","meta":{"_acf_changed":false,"_et_pb_use_builder":"","_et_pb_old_content":"","_et_gb_content_width":""},"product_brand":[],"product_cat":[881,686,689,879],"product_tag":[],"class_list":{"0":"post-61215","1":"product","2":"type-product","3":"status-publish","4":"has-post-thumbnail","6":"product_cat-angebote","7":"product_cat-bakfiets-de","8":"product_cat-bakfiets-planen","9":"product_cat-deals","10":"pa_afmetingen-kurz","11":"pa_afmetingen-lang-de","12":"pa_geschikt-voor-e-bike-ja-de","13":"pa_kleur-blau","14":"pa_kleur-grau","15":"pa_kleur-rot","16":"pa_kleur-schokoladen-braun","17":"pa_materiaal-acryl-de","18":"pa_merk-clarijs-covers-b-v-de","19":"pa_reflectie-nein","21":"first","22":"instock","23":"sale","24":"taxable","25":"shipping-taxable","26":"purchasable","27":"product-type-variable"},"acf":[],"yoast_head":"<!-- This site is optimized with the Yoast SEO Premium plugin v27.2 (Yoast SEO v27.3) - https:\/\/yoast.com\/product\/yoast-seo-premium-wordpress\/ -->\n<title>Auslaufend - Plane Excellent f\u00fcr Bakfiets.nl - Clarijs Fietstassen<\/title>\n<meta name=\"description\" content=\"Das Plane Excellent f\u00fcr Bakfiets.nl ist eine Plane f\u00fcr das Cargo Bakfiets (auch f\u00fcr Cruiser). Sie ist in vielen Farben erh\u00e4ltlich. Kaufen Sie sie jetzt!\" \/>\n<meta name=\"robots\" content=\"index, follow, max-snippet:-1, max-image-preview:large, max-video-preview:-1\" \/>\n<link rel=\"canonical\" href=\"https:\/\/clarijs-fietstassen.nl\/de\/produkt\/plane-excellent-fur-bakfiets-nl-kopie-2\/\" \/>\n<meta property=\"og:locale\" content=\"de_DE\" \/>\n<meta property=\"og:type\" content=\"article\" \/>\n<meta property=\"og:title\" content=\"Auslaufend - Plane Excellent f\u00fcr Bakfiets.nl\" \/>\n<meta property=\"og:description\" content=\"Das Plane Excellent f\u00fcr Bakfiets.nl ist eine Plane f\u00fcr das Cargo Bakfiets (auch f\u00fcr Cruiser). Sie ist in vielen Farben erh\u00e4ltlich. Kaufen Sie sie jetzt!\" \/>\n<meta property=\"og:url\" content=\"https:\/\/clarijs-fietstassen.nl\/de\/produkt\/plane-excellent-fur-bakfiets-nl-kopie-2\/\" \/>\n<meta property=\"og:site_name\" content=\"Clarijs Fietstassen\" \/>\n<meta property=\"article:publisher\" content=\"https:\/\/www.facebook.com\/clarijs1948\/\" \/>\n<meta property=\"article:modified_time\" content=\"2026-01-27T08:08:09+00:00\" \/>\n<meta property=\"og:image\" content=\"https:\/\/clarijs-fietstassen.nl\/wp-content\/uploads\/2023\/07\/Clarijs_03-8-1024x1024.png\" \/>\n\t<meta property=\"og:image:width\" content=\"1024\" \/>\n\t<meta property=\"og:image:height\" content=\"1024\" \/>\n\t<meta property=\"og:image:type\" content=\"image\/png\" \/>\n<meta name=\"twitter:card\" content=\"summary_large_image\" \/>\n<meta name=\"twitter:label1\" content=\"Verf\u00fcgbarkeit\" \/>\n\t<meta name=\"twitter:data1\" content=\"Auf Lager\" \/>\n<script type=\"application\/ld+json\" class=\"yoast-schema-graph\">{\"@context\":\"https:\\\/\\\/schema.org\",\"@graph\":[{\"@type\":\"WebPage\",\"@id\":\"https:\\\/\\\/clarijs-fietstassen.nl\\\/de\\\/produkt\\\/plane-excellent-fur-bakfiets-nl-kopie-2\\\/\",\"url\":\"https:\\\/\\\/clarijs-fietstassen.nl\\\/de\\\/produkt\\\/plane-excellent-fur-bakfiets-nl-kopie-2\\\/\",\"name\":\"Auslaufend - Plane Excellent f\u00fcr Bakfiets.nl - Clarijs Fietstassen\",\"isPartOf\":{\"@id\":\"https:\\\/\\\/clarijs-fietstassen.nl\\\/de\\\/#website\"},\"primaryImageOfPage\":{\"@id\":\"https:\\\/\\\/clarijs-fietstassen.nl\\\/de\\\/produkt\\\/plane-excellent-fur-bakfiets-nl-kopie-2\\\/#primaryimage\"},\"image\":{\"@id\":\"https:\\\/\\\/clarijs-fietstassen.nl\\\/de\\\/produkt\\\/plane-excellent-fur-bakfiets-nl-kopie-2\\\/#primaryimage\"},\"thumbnailUrl\":\"https:\\\/\\\/clarijs-fietstassen.nl\\\/wp-content\\\/uploads\\\/2023\\\/07\\\/Clarijs_03-8.png\",\"datePublished\":\"2026-01-14T09:38:40+00:00\",\"dateModified\":\"2026-01-27T08:08:09+00:00\",\"description\":\"Das Plane Excellent f\u00fcr Bakfiets.nl ist eine Plane f\u00fcr das Cargo Bakfiets (auch f\u00fcr Cruiser). Sie ist in vielen Farben erh\u00e4ltlich. Kaufen Sie sie jetzt!\",\"breadcrumb\":{\"@id\":\"https:\\\/\\\/clarijs-fietstassen.nl\\\/de\\\/produkt\\\/plane-excellent-fur-bakfiets-nl-kopie-2\\\/#breadcrumb\"},\"inLanguage\":\"de\",\"potentialAction\":[{\"@type\":\"ReadAction\",\"target\":[\"https:\\\/\\\/clarijs-fietstassen.nl\\\/de\\\/produkt\\\/plane-excellent-fur-bakfiets-nl-kopie-2\\\/\"]}]},{\"@type\":\"ImageObject\",\"inLanguage\":\"de\",\"@id\":\"https:\\\/\\\/clarijs-fietstassen.nl\\\/de\\\/produkt\\\/plane-excellent-fur-bakfiets-nl-kopie-2\\\/#primaryimage\",\"url\":\"https:\\\/\\\/clarijs-fietstassen.nl\\\/wp-content\\\/uploads\\\/2023\\\/07\\\/Clarijs_03-8.png\",\"contentUrl\":\"https:\\\/\\\/clarijs-fietstassen.nl\\\/wp-content\\\/uploads\\\/2023\\\/07\\\/Clarijs_03-8.png\",\"width\":2000,\"height\":2000,\"caption\":\"Plane Excellent f\u00fcr Bakfiets.nl - Schwarz\"},{\"@type\":\"BreadcrumbList\",\"@id\":\"https:\\\/\\\/clarijs-fietstassen.nl\\\/de\\\/produkt\\\/plane-excellent-fur-bakfiets-nl-kopie-2\\\/#breadcrumb\",\"itemListElement\":[{\"@type\":\"ListItem\",\"position\":1,\"name\":\"Home\",\"item\":\"https:\\\/\\\/clarijs-fietstassen.nl\\\/de\\\/\"},{\"@type\":\"ListItem\",\"position\":2,\"name\":\"Shop\",\"item\":\"https:\\\/\\\/clarijs-fietstassen.nl\\\/de\\\/shop\\\/\"},{\"@type\":\"ListItem\",\"position\":3,\"name\":\"Angebote\",\"item\":\"https:\\\/\\\/clarijs-fietstassen.nl\\\/de\\\/angebote\\\/\"},{\"@type\":\"ListItem\",\"position\":4,\"name\":\"Auslaufend &#8211; Plane Excellent f\u00fcr Bakfiets.nl\"}]},{\"@type\":\"WebSite\",\"@id\":\"https:\\\/\\\/clarijs-fietstassen.nl\\\/de\\\/#website\",\"url\":\"https:\\\/\\\/clarijs-fietstassen.nl\\\/de\\\/\",\"name\":\"Clarijs Fietstassen\",\"description\":\"Kwaliteit &amp; ambacht sinds 1948\",\"publisher\":{\"@id\":\"https:\\\/\\\/clarijs-fietstassen.nl\\\/de\\\/#organization\"},\"potentialAction\":[{\"@type\":\"SearchAction\",\"target\":{\"@type\":\"EntryPoint\",\"urlTemplate\":\"https:\\\/\\\/clarijs-fietstassen.nl\\\/de\\\/?s={search_term_string}\"},\"query-input\":{\"@type\":\"PropertyValueSpecification\",\"valueRequired\":true,\"valueName\":\"search_term_string\"}}],\"inLanguage\":\"de\"},{\"@type\":\"Organization\",\"@id\":\"https:\\\/\\\/clarijs-fietstassen.nl\\\/de\\\/#organization\",\"name\":\"Clarijs Fietstassen\",\"url\":\"https:\\\/\\\/clarijs-fietstassen.nl\\\/de\\\/\",\"logo\":{\"@type\":\"ImageObject\",\"inLanguage\":\"de\",\"@id\":\"https:\\\/\\\/clarijs-fietstassen.nl\\\/de\\\/#\\\/schema\\\/logo\\\/image\\\/\",\"url\":\"https:\\\/\\\/clarijs-fietstassen.nl\\\/wp-content\\\/uploads\\\/2024\\\/01\\\/clarijs-logo-met-rand.jpg\",\"contentUrl\":\"https:\\\/\\\/clarijs-fietstassen.nl\\\/wp-content\\\/uploads\\\/2024\\\/01\\\/clarijs-logo-met-rand.jpg\",\"width\":560,\"height\":266,\"caption\":\"Clarijs Fietstassen\"},\"image\":{\"@id\":\"https:\\\/\\\/clarijs-fietstassen.nl\\\/de\\\/#\\\/schema\\\/logo\\\/image\\\/\"},\"sameAs\":[\"https:\\\/\\\/www.facebook.com\\\/clarijs1948\\\/\",\"https:\\\/\\\/www.instagram.com\\\/clarijscovers\\\/\"]}]}<\/script>\n<meta property=\"og:availability\" content=\"instock\" \/>\n<meta property=\"product:availability\" content=\"instock\" \/>\n<meta property=\"product:retailer_item_id\" content=\"5002-1\" \/>\n<meta property=\"product:condition\" content=\"new\" \/>\n<!-- \/ Yoast SEO Premium plugin. -->","yoast_head_json":{"title":"Auslaufend - Plane Excellent f\u00fcr Bakfiets.nl - Clarijs Fietstassen","description":"Das Plane Excellent f\u00fcr Bakfiets.nl ist eine Plane f\u00fcr das Cargo Bakfiets (auch f\u00fcr Cruiser). Sie ist in vielen Farben erh\u00e4ltlich. Kaufen Sie sie jetzt!","robots":{"index":"index","follow":"follow","max-snippet":"max-snippet:-1","max-image-preview":"max-image-preview:large","max-video-preview":"max-video-preview:-1"},"canonical":"https:\/\/clarijs-fietstassen.nl\/de\/produkt\/plane-excellent-fur-bakfiets-nl-kopie-2\/","og_locale":"de_DE","og_type":"article","og_title":"Auslaufend - Plane Excellent f\u00fcr Bakfiets.nl","og_description":"Das Plane Excellent f\u00fcr Bakfiets.nl ist eine Plane f\u00fcr das Cargo Bakfiets (auch f\u00fcr Cruiser). Sie ist in vielen Farben erh\u00e4ltlich. Kaufen Sie sie jetzt!","og_url":"https:\/\/clarijs-fietstassen.nl\/de\/produkt\/plane-excellent-fur-bakfiets-nl-kopie-2\/","og_site_name":"Clarijs Fietstassen","article_publisher":"https:\/\/www.facebook.com\/clarijs1948\/","article_modified_time":"2026-01-27T08:08:09+00:00","og_image":[{"width":1024,"height":1024,"url":"https:\/\/clarijs-fietstassen.nl\/wp-content\/uploads\/2023\/07\/Clarijs_03-8-1024x1024.png","type":"image\/png"}],"twitter_card":"summary_large_image","twitter_misc":{"Verf\u00fcgbarkeit":"Auf Lager"},"schema":{"@context":"https:\/\/schema.org","@graph":[{"@type":"WebPage","@id":"https:\/\/clarijs-fietstassen.nl\/de\/produkt\/plane-excellent-fur-bakfiets-nl-kopie-2\/","url":"https:\/\/clarijs-fietstassen.nl\/de\/produkt\/plane-excellent-fur-bakfiets-nl-kopie-2\/","name":"Auslaufend - Plane Excellent f\u00fcr Bakfiets.nl - Clarijs Fietstassen","isPartOf":{"@id":"https:\/\/clarijs-fietstassen.nl\/de\/#website"},"primaryImageOfPage":{"@id":"https:\/\/clarijs-fietstassen.nl\/de\/produkt\/plane-excellent-fur-bakfiets-nl-kopie-2\/#primaryimage"},"image":{"@id":"https:\/\/clarijs-fietstassen.nl\/de\/produkt\/plane-excellent-fur-bakfiets-nl-kopie-2\/#primaryimage"},"thumbnailUrl":"https:\/\/clarijs-fietstassen.nl\/wp-content\/uploads\/2023\/07\/Clarijs_03-8.png","datePublished":"2026-01-14T09:38:40+00:00","dateModified":"2026-01-27T08:08:09+00:00","description":"Das Plane Excellent f\u00fcr Bakfiets.nl ist eine Plane f\u00fcr das Cargo Bakfiets (auch f\u00fcr Cruiser). Sie ist in vielen Farben erh\u00e4ltlich. Kaufen Sie sie jetzt!","breadcrumb":{"@id":"https:\/\/clarijs-fietstassen.nl\/de\/produkt\/plane-excellent-fur-bakfiets-nl-kopie-2\/#breadcrumb"},"inLanguage":"de","potentialAction":[{"@type":"ReadAction","target":["https:\/\/clarijs-fietstassen.nl\/de\/produkt\/plane-excellent-fur-bakfiets-nl-kopie-2\/"]}]},{"@type":"ImageObject","inLanguage":"de","@id":"https:\/\/clarijs-fietstassen.nl\/de\/produkt\/plane-excellent-fur-bakfiets-nl-kopie-2\/#primaryimage","url":"https:\/\/clarijs-fietstassen.nl\/wp-content\/uploads\/2023\/07\/Clarijs_03-8.png","contentUrl":"https:\/\/clarijs-fietstassen.nl\/wp-content\/uploads\/2023\/07\/Clarijs_03-8.png","width":2000,"height":2000,"caption":"Plane Excellent f\u00fcr Bakfiets.nl - Schwarz"},{"@type":"BreadcrumbList","@id":"https:\/\/clarijs-fietstassen.nl\/de\/produkt\/plane-excellent-fur-bakfiets-nl-kopie-2\/#breadcrumb","itemListElement":[{"@type":"ListItem","position":1,"name":"Home","item":"https:\/\/clarijs-fietstassen.nl\/de\/"},{"@type":"ListItem","position":2,"name":"Shop","item":"https:\/\/clarijs-fietstassen.nl\/de\/shop\/"},{"@type":"ListItem","position":3,"name":"Angebote","item":"https:\/\/clarijs-fietstassen.nl\/de\/angebote\/"},{"@type":"ListItem","position":4,"name":"Auslaufend &#8211; Plane Excellent f\u00fcr Bakfiets.nl"}]},{"@type":"WebSite","@id":"https:\/\/clarijs-fietstassen.nl\/de\/#website","url":"https:\/\/clarijs-fietstassen.nl\/de\/","name":"Clarijs Fietstassen","description":"Kwaliteit &amp; ambacht sinds 1948","publisher":{"@id":"https:\/\/clarijs-fietstassen.nl\/de\/#organization"},"potentialAction":[{"@type":"SearchAction","target":{"@type":"EntryPoint","urlTemplate":"https:\/\/clarijs-fietstassen.nl\/de\/?s={search_term_string}"},"query-input":{"@type":"PropertyValueSpecification","valueRequired":true,"valueName":"search_term_string"}}],"inLanguage":"de"},{"@type":"Organization","@id":"https:\/\/clarijs-fietstassen.nl\/de\/#organization","name":"Clarijs Fietstassen","url":"https:\/\/clarijs-fietstassen.nl\/de\/","logo":{"@type":"ImageObject","inLanguage":"de","@id":"https:\/\/clarijs-fietstassen.nl\/de\/#\/schema\/logo\/image\/","url":"https:\/\/clarijs-fietstassen.nl\/wp-content\/uploads\/2024\/01\/clarijs-logo-met-rand.jpg","contentUrl":"https:\/\/clarijs-fietstassen.nl\/wp-content\/uploads\/2024\/01\/clarijs-logo-met-rand.jpg","width":560,"height":266,"caption":"Clarijs Fietstassen"},"image":{"@id":"https:\/\/clarijs-fietstassen.nl\/de\/#\/schema\/logo\/image\/"},"sameAs":["https:\/\/www.facebook.com\/clarijs1948\/","https:\/\/www.instagram.com\/clarijscovers\/"]}]},"og_availability":"instock","product_availability":"instock","product_retailer_item_id":"5002-1","product_condition":"new"},"_links":{"self":[{"href":"https:\/\/clarijs-fietstassen.nl\/de\/wp-json\/wp\/v2\/product\/61215","targetHints":{"allow":["GET"]}}],"collection":[{"href":"https:\/\/clarijs-fietstassen.nl\/de\/wp-json\/wp\/v2\/product"}],"about":[{"href":"https:\/\/clarijs-fietstassen.nl\/de\/wp-json\/wp\/v2\/types\/product"}],"replies":[{"embeddable":true,"href":"https:\/\/clarijs-fietstassen.nl\/de\/wp-json\/wp\/v2\/comments?post=61215"}],"wp:featuredmedia":[{"embeddable":true,"href":"https:\/\/clarijs-fietstassen.nl\/de\/wp-json\/wp\/v2\/media\/47615"}],"wp:attachment":[{"href":"https:\/\/clarijs-fietstassen.nl\/de\/wp-json\/wp\/v2\/media?parent=61215"}],"wp:term":[{"taxonomy":"product_brand","embeddable":true,"href":"https:\/\/clarijs-fietstassen.nl\/de\/wp-json\/wp\/v2\/product_brand?post=61215"},{"taxonomy":"product_cat","embeddable":true,"href":"https:\/\/clarijs-fietstassen.nl\/de\/wp-json\/wp\/v2\/product_cat?post=61215"},{"taxonomy":"product_tag","embeddable":true,"href":"https:\/\/clarijs-fietstassen.nl\/de\/wp-json\/wp\/v2\/product_tag?post=61215"}],"curies":[{"name":"wp","href":"https:\/\/api.w.org\/{rel}","templated":true}]}}