{"id":62119,"date":"2026-01-21T10:30:51","date_gmt":"2026-01-21T09:30:51","guid":{"rendered":"https:\/\/clarijs-fietstassen.nl\/?post_type=product&#038;p=62119"},"modified":"2026-01-27T12:43:38","modified_gmt":"2026-01-27T11:43:38","slug":"regenzelt-cabrio-excellent-fur-bakfiets-nl-kopie","status":"publish","type":"product","link":"https:\/\/clarijs-fietstassen.nl\/de\/produkt\/regenzelt-cabrio-excellent-fur-bakfiets-nl-kopie\/","title":{"rendered":"Auslaufend \u2013 Regenzelt Cabrio Hervorragend f\u00fcr Bakfiets.nl"},"content":{"rendered":"<p><span style=\"font-weight: 400;\">Das Regenverdeck Cabrio Excellent f\u00fcr Bakfiets.de hat einen Rei\u00dfverschluss auf beiden Seiten um das Fenster herum, so dass es nie abgenommen werden muss. Das Verdeck wird mit einem Segellattenrahmen und dem notwendigen Befestigungsmaterial geliefert. <\/span><\/p>\n<p><span style=\"font-weight: 400;\">Die H\u00f6he dieses Zeltes wird von der Sitzbank bis zum oberen Ende des Zeltes gemessen.<\/span><\/p>\n<p><span style=\"font-weight: 400;\">Die Varianten Short und Long sind 69 cm hoch.<\/span><\/p>\n<p><span style=\"font-weight: 400;\">Die hohe Version ist 26 cm h\u00f6her = 95 cm.<\/span><\/p>\n<p><b>Materialien:<\/b><\/p>\n<p><span style=\"font-weight: 400;\">Alle diese Produkte werden aus einer der st\u00e4rksten (dicht gewebten und dick beschichteten) Arten von Acrylgewebe hergestellt. Dieses Material wird f\u00fcr den Wassersport verwendet und ist daher sogar gegen Salzwasser resistent. Dieser Stoff wird in der EU (Spanien) aus l\u00f6sungsgef\u00e4rbtem Acrylgarn hergestellt. Dieses Material ist sehr farbecht. Das Zelt ist in verschiedenen Farben erh\u00e4ltlich. Das hochwertige Material ist sehr robust und au\u00dferdem wasserabweisend.     <\/span><\/p>\n<p><b>Vorteile<\/b><span style=\"font-weight: 400;\"> Der Regenzelt Cabrio Excellent f\u00fcr Bakfiets.nl:<\/span><\/p>\n<ul>\n<li style=\"font-weight: 400;\" aria-level=\"1\"><span style=\"font-weight: 400;\">Zus\u00e4tzlicher Schutz f\u00fcr Ihr Hab und Gut und Ihr Fahrrad<\/span><\/li>\n<li style=\"font-weight: 400;\" aria-level=\"1\"><span style=\"font-weight: 400;\">Rei\u00dfverschl\u00fcsse an beiden Seiten des Zeltes<\/span><\/li>\n<li style=\"font-weight: 400;\" aria-level=\"1\"><span style=\"font-weight: 400;\">Salzwasserbest\u00e4ndig<\/span><\/li>\n<li style=\"font-weight: 400;\" aria-level=\"1\"><span style=\"font-weight: 400;\">kann die Lebensdauer Ihres Lastenfahrrads verl\u00e4ngern<\/span><\/li>\n<li style=\"font-weight: 400;\" aria-level=\"1\"><span style=\"font-weight: 400;\">k\u00f6nnen zu mehr Sicherheit beim Radfahren beitragen<\/span><\/li>\n<\/ul>\n<p><span style=\"font-weight: 400;\">Einfach mit den mitgelieferten Materialien zu befestigen. Au\u00dferdem k\u00f6nnen Sie bei uns sofort Kissen f\u00fcr Ihr Lastenfahrrad in der gleichen Farbe kaufen! <\/span><\/p>\n<p><strong>Benutzerhandbuch<\/strong><\/p>\n<p>Hier k\u00f6nnen Sie das <strong><a href=\"https:\/\/www.youtube.com\/watch?v=uGlT19rkr0k&amp;t\" target=\"_blank\" rel=\"attachment noopener wp-att-42771\">Benutzerhandbuch<\/a><\/strong> f\u00fcr die Regenzelt Cabrio f\u00fcr Bakfiets.nl finden.<\/p>\n","protected":false},"excerpt":{"rendered":"<p>Das Regenverdeck Cabrio Excellent f\u00fcr Bakfiets.de hat einen Rei\u00dfverschluss auf beiden Seiten um das Fenster herum, so dass es nie abgenommen werden muss. Das Verdeck wird mit einem Segellattenrahmen und dem notwendigen Befestigungsmaterial geliefert. Die H\u00f6he dieses Zeltes wird von der Sitzbank bis zum oberen Ende des Zeltes gemessen. Die Varianten Short und Long sind [&hellip;]<\/p>\n","protected":false},"featured_media":47572,"comment_status":"closed","ping_status":"closed","template":"","meta":{"_acf_changed":false,"_et_pb_use_builder":"","_et_pb_old_content":"","_et_gb_content_width":""},"product_brand":[],"product_cat":[881,686,879,690],"product_tag":[],"class_list":{"0":"post-62119","1":"product","2":"type-product","3":"status-publish","4":"has-post-thumbnail","6":"product_cat-angebote","7":"product_cat-bakfiets-de","8":"product_cat-deals","9":"product_cat-lastenrad-regenverdeck","10":"pa_afmetingen-lang-de","11":"pa_geschikt-voor-e-bike-ja-de","12":"pa_kleur-blau","13":"pa_materiaal-bisonyl-pvc-leinwand","14":"pa_merk-clarijs-covers-b-v-de","15":"pa_reflectie-nein","17":"first","18":"instock","19":"sale","20":"taxable","21":"shipping-taxable","22":"purchasable","23":"product-type-variable"},"acf":[],"yoast_head":"<!-- This site is optimized with the Yoast SEO Premium plugin v27.2 (Yoast SEO v27.3) - https:\/\/yoast.com\/product\/yoast-seo-premium-wordpress\/ -->\n<title>Auslaufend \u2013 Regenzelt Cabrio Hervorragend f\u00fcr Bakfiets.nl - Clarijs Fietstassen<\/title>\n<meta name=\"description\" content=\"Auslaufend \u2013 Regenzelt Cabrio Hervorragend f\u00fcr Bakfiets.nl Das ist jetzt bei Clarijs erh\u00e4ltlich. Dieses Produkt ist aus dem ironclad beschichteten Acrylgewebe hergestellt. Jetzt einkaufen!\" \/>\n<meta name=\"robots\" content=\"index, follow, max-snippet:-1, max-image-preview:large, max-video-preview:-1\" \/>\n<link rel=\"canonical\" href=\"https:\/\/clarijs-fietstassen.nl\/de\/produkt\/regenzelt-cabrio-excellent-fur-bakfiets-nl-kopie\/\" \/>\n<meta property=\"og:locale\" content=\"de_DE\" \/>\n<meta property=\"og:type\" content=\"article\" \/>\n<meta property=\"og:title\" content=\"Auslaufend \u2013 Regenzelt Cabrio Hervorragend f\u00fcr Bakfiets.nl\" \/>\n<meta property=\"og:description\" content=\"Auslaufend \u2013 Regenzelt Cabrio Hervorragend f\u00fcr Bakfiets.nl Das ist jetzt bei Clarijs erh\u00e4ltlich. Dieses Produkt ist aus dem ironclad beschichteten Acrylgewebe hergestellt. Jetzt einkaufen!\" \/>\n<meta property=\"og:url\" content=\"https:\/\/clarijs-fietstassen.nl\/de\/produkt\/regenzelt-cabrio-excellent-fur-bakfiets-nl-kopie\/\" \/>\n<meta property=\"og:site_name\" content=\"Clarijs Fietstassen\" \/>\n<meta property=\"article:publisher\" content=\"https:\/\/www.facebook.com\/clarijs1948\/\" \/>\n<meta property=\"article:modified_time\" content=\"2026-01-27T11:43:38+00:00\" \/>\n<meta property=\"og:image\" content=\"https:\/\/clarijs-fietstassen.nl\/wp-content\/uploads\/2023\/07\/Clarijs_03-24-1024x1024.png\" \/>\n\t<meta property=\"og:image:width\" content=\"1024\" \/>\n\t<meta property=\"og:image:height\" content=\"1024\" \/>\n\t<meta property=\"og:image:type\" content=\"image\/png\" \/>\n<meta name=\"twitter:card\" content=\"summary_large_image\" \/>\n<meta name=\"twitter:label1\" content=\"Verf\u00fcgbarkeit\" \/>\n\t<meta name=\"twitter:data1\" content=\"Auf Lager\" \/>\n<script type=\"application\/ld+json\" class=\"yoast-schema-graph\">{\"@context\":\"https:\\\/\\\/schema.org\",\"@graph\":[{\"@type\":\"WebPage\",\"@id\":\"https:\\\/\\\/clarijs-fietstassen.nl\\\/de\\\/produkt\\\/regenzelt-cabrio-excellent-fur-bakfiets-nl-kopie\\\/\",\"url\":\"https:\\\/\\\/clarijs-fietstassen.nl\\\/de\\\/produkt\\\/regenzelt-cabrio-excellent-fur-bakfiets-nl-kopie\\\/\",\"name\":\"Auslaufend \u2013 Regenzelt Cabrio Hervorragend f\u00fcr Bakfiets.nl - Clarijs Fietstassen\",\"isPartOf\":{\"@id\":\"https:\\\/\\\/clarijs-fietstassen.nl\\\/de\\\/#website\"},\"primaryImageOfPage\":{\"@id\":\"https:\\\/\\\/clarijs-fietstassen.nl\\\/de\\\/produkt\\\/regenzelt-cabrio-excellent-fur-bakfiets-nl-kopie\\\/#primaryimage\"},\"image\":{\"@id\":\"https:\\\/\\\/clarijs-fietstassen.nl\\\/de\\\/produkt\\\/regenzelt-cabrio-excellent-fur-bakfiets-nl-kopie\\\/#primaryimage\"},\"thumbnailUrl\":\"https:\\\/\\\/clarijs-fietstassen.nl\\\/wp-content\\\/uploads\\\/2023\\\/07\\\/Clarijs_03-24.png\",\"datePublished\":\"2026-01-21T09:30:51+00:00\",\"dateModified\":\"2026-01-27T11:43:38+00:00\",\"description\":\"Auslaufend \u2013 Regenzelt Cabrio Hervorragend f\u00fcr Bakfiets.nl Das ist jetzt bei Clarijs erh\u00e4ltlich. Dieses Produkt ist aus dem ironclad beschichteten Acrylgewebe hergestellt. Jetzt einkaufen!\",\"breadcrumb\":{\"@id\":\"https:\\\/\\\/clarijs-fietstassen.nl\\\/de\\\/produkt\\\/regenzelt-cabrio-excellent-fur-bakfiets-nl-kopie\\\/#breadcrumb\"},\"inLanguage\":\"de\",\"potentialAction\":[{\"@type\":\"ReadAction\",\"target\":[\"https:\\\/\\\/clarijs-fietstassen.nl\\\/de\\\/produkt\\\/regenzelt-cabrio-excellent-fur-bakfiets-nl-kopie\\\/\"]}]},{\"@type\":\"ImageObject\",\"inLanguage\":\"de\",\"@id\":\"https:\\\/\\\/clarijs-fietstassen.nl\\\/de\\\/produkt\\\/regenzelt-cabrio-excellent-fur-bakfiets-nl-kopie\\\/#primaryimage\",\"url\":\"https:\\\/\\\/clarijs-fietstassen.nl\\\/wp-content\\\/uploads\\\/2023\\\/07\\\/Clarijs_03-24.png\",\"contentUrl\":\"https:\\\/\\\/clarijs-fietstassen.nl\\\/wp-content\\\/uploads\\\/2023\\\/07\\\/Clarijs_03-24.png\",\"width\":2000,\"height\":2000,\"caption\":\"Regenzelt Cabrio Excellent f\u00fcr Bakfiets.nl - Blau\"},{\"@type\":\"BreadcrumbList\",\"@id\":\"https:\\\/\\\/clarijs-fietstassen.nl\\\/de\\\/produkt\\\/regenzelt-cabrio-excellent-fur-bakfiets-nl-kopie\\\/#breadcrumb\",\"itemListElement\":[{\"@type\":\"ListItem\",\"position\":1,\"name\":\"Home\",\"item\":\"https:\\\/\\\/clarijs-fietstassen.nl\\\/de\\\/\"},{\"@type\":\"ListItem\",\"position\":2,\"name\":\"Shop\",\"item\":\"https:\\\/\\\/clarijs-fietstassen.nl\\\/de\\\/shop\\\/\"},{\"@type\":\"ListItem\",\"position\":3,\"name\":\"Bakfiets Regententen\",\"item\":\"https:\\\/\\\/clarijs-fietstassen.nl\\\/bakfiets-regententen\\\/\"},{\"@type\":\"ListItem\",\"position\":4,\"name\":\"Auslaufend \u2013 Regenzelt Cabrio Hervorragend f\u00fcr Bakfiets.nl\"}]},{\"@type\":\"WebSite\",\"@id\":\"https:\\\/\\\/clarijs-fietstassen.nl\\\/de\\\/#website\",\"url\":\"https:\\\/\\\/clarijs-fietstassen.nl\\\/de\\\/\",\"name\":\"Clarijs Fietstassen\",\"description\":\"Kwaliteit &amp; ambacht sinds 1948\",\"publisher\":{\"@id\":\"https:\\\/\\\/clarijs-fietstassen.nl\\\/de\\\/#organization\"},\"potentialAction\":[{\"@type\":\"SearchAction\",\"target\":{\"@type\":\"EntryPoint\",\"urlTemplate\":\"https:\\\/\\\/clarijs-fietstassen.nl\\\/de\\\/?s={search_term_string}\"},\"query-input\":{\"@type\":\"PropertyValueSpecification\",\"valueRequired\":true,\"valueName\":\"search_term_string\"}}],\"inLanguage\":\"de\"},{\"@type\":\"Organization\",\"@id\":\"https:\\\/\\\/clarijs-fietstassen.nl\\\/de\\\/#organization\",\"name\":\"Clarijs Fietstassen\",\"url\":\"https:\\\/\\\/clarijs-fietstassen.nl\\\/de\\\/\",\"logo\":{\"@type\":\"ImageObject\",\"inLanguage\":\"de\",\"@id\":\"https:\\\/\\\/clarijs-fietstassen.nl\\\/de\\\/#\\\/schema\\\/logo\\\/image\\\/\",\"url\":\"https:\\\/\\\/clarijs-fietstassen.nl\\\/wp-content\\\/uploads\\\/2024\\\/01\\\/clarijs-logo-met-rand.jpg\",\"contentUrl\":\"https:\\\/\\\/clarijs-fietstassen.nl\\\/wp-content\\\/uploads\\\/2024\\\/01\\\/clarijs-logo-met-rand.jpg\",\"width\":560,\"height\":266,\"caption\":\"Clarijs Fietstassen\"},\"image\":{\"@id\":\"https:\\\/\\\/clarijs-fietstassen.nl\\\/de\\\/#\\\/schema\\\/logo\\\/image\\\/\"},\"sameAs\":[\"https:\\\/\\\/www.facebook.com\\\/clarijs1948\\\/\",\"https:\\\/\\\/www.instagram.com\\\/clarijscovers\\\/\"]}]}<\/script>\n<meta property=\"og:availability\" content=\"instock\" \/>\n<meta property=\"product:availability\" content=\"instock\" \/>\n<meta property=\"product:retailer_item_id\" content=\"5006-1\" \/>\n<meta property=\"product:condition\" content=\"new\" \/>\n<!-- \/ Yoast SEO Premium plugin. -->","yoast_head_json":{"title":"Auslaufend \u2013 Regenzelt Cabrio Hervorragend f\u00fcr Bakfiets.nl - Clarijs Fietstassen","description":"Auslaufend \u2013 Regenzelt Cabrio Hervorragend f\u00fcr Bakfiets.nl Das ist jetzt bei Clarijs erh\u00e4ltlich. Dieses Produkt ist aus dem ironclad beschichteten Acrylgewebe hergestellt. Jetzt einkaufen!","robots":{"index":"index","follow":"follow","max-snippet":"max-snippet:-1","max-image-preview":"max-image-preview:large","max-video-preview":"max-video-preview:-1"},"canonical":"https:\/\/clarijs-fietstassen.nl\/de\/produkt\/regenzelt-cabrio-excellent-fur-bakfiets-nl-kopie\/","og_locale":"de_DE","og_type":"article","og_title":"Auslaufend \u2013 Regenzelt Cabrio Hervorragend f\u00fcr Bakfiets.nl","og_description":"Auslaufend \u2013 Regenzelt Cabrio Hervorragend f\u00fcr Bakfiets.nl Das ist jetzt bei Clarijs erh\u00e4ltlich. Dieses Produkt ist aus dem ironclad beschichteten Acrylgewebe hergestellt. Jetzt einkaufen!","og_url":"https:\/\/clarijs-fietstassen.nl\/de\/produkt\/regenzelt-cabrio-excellent-fur-bakfiets-nl-kopie\/","og_site_name":"Clarijs Fietstassen","article_publisher":"https:\/\/www.facebook.com\/clarijs1948\/","article_modified_time":"2026-01-27T11:43:38+00:00","og_image":[{"width":1024,"height":1024,"url":"https:\/\/clarijs-fietstassen.nl\/wp-content\/uploads\/2023\/07\/Clarijs_03-24-1024x1024.png","type":"image\/png"}],"twitter_card":"summary_large_image","twitter_misc":{"Verf\u00fcgbarkeit":"Auf Lager"},"schema":{"@context":"https:\/\/schema.org","@graph":[{"@type":"WebPage","@id":"https:\/\/clarijs-fietstassen.nl\/de\/produkt\/regenzelt-cabrio-excellent-fur-bakfiets-nl-kopie\/","url":"https:\/\/clarijs-fietstassen.nl\/de\/produkt\/regenzelt-cabrio-excellent-fur-bakfiets-nl-kopie\/","name":"Auslaufend \u2013 Regenzelt Cabrio Hervorragend f\u00fcr Bakfiets.nl - Clarijs Fietstassen","isPartOf":{"@id":"https:\/\/clarijs-fietstassen.nl\/de\/#website"},"primaryImageOfPage":{"@id":"https:\/\/clarijs-fietstassen.nl\/de\/produkt\/regenzelt-cabrio-excellent-fur-bakfiets-nl-kopie\/#primaryimage"},"image":{"@id":"https:\/\/clarijs-fietstassen.nl\/de\/produkt\/regenzelt-cabrio-excellent-fur-bakfiets-nl-kopie\/#primaryimage"},"thumbnailUrl":"https:\/\/clarijs-fietstassen.nl\/wp-content\/uploads\/2023\/07\/Clarijs_03-24.png","datePublished":"2026-01-21T09:30:51+00:00","dateModified":"2026-01-27T11:43:38+00:00","description":"Auslaufend \u2013 Regenzelt Cabrio Hervorragend f\u00fcr Bakfiets.nl Das ist jetzt bei Clarijs erh\u00e4ltlich. Dieses Produkt ist aus dem ironclad beschichteten Acrylgewebe hergestellt. Jetzt einkaufen!","breadcrumb":{"@id":"https:\/\/clarijs-fietstassen.nl\/de\/produkt\/regenzelt-cabrio-excellent-fur-bakfiets-nl-kopie\/#breadcrumb"},"inLanguage":"de","potentialAction":[{"@type":"ReadAction","target":["https:\/\/clarijs-fietstassen.nl\/de\/produkt\/regenzelt-cabrio-excellent-fur-bakfiets-nl-kopie\/"]}]},{"@type":"ImageObject","inLanguage":"de","@id":"https:\/\/clarijs-fietstassen.nl\/de\/produkt\/regenzelt-cabrio-excellent-fur-bakfiets-nl-kopie\/#primaryimage","url":"https:\/\/clarijs-fietstassen.nl\/wp-content\/uploads\/2023\/07\/Clarijs_03-24.png","contentUrl":"https:\/\/clarijs-fietstassen.nl\/wp-content\/uploads\/2023\/07\/Clarijs_03-24.png","width":2000,"height":2000,"caption":"Regenzelt Cabrio Excellent f\u00fcr Bakfiets.nl - Blau"},{"@type":"BreadcrumbList","@id":"https:\/\/clarijs-fietstassen.nl\/de\/produkt\/regenzelt-cabrio-excellent-fur-bakfiets-nl-kopie\/#breadcrumb","itemListElement":[{"@type":"ListItem","position":1,"name":"Home","item":"https:\/\/clarijs-fietstassen.nl\/de\/"},{"@type":"ListItem","position":2,"name":"Shop","item":"https:\/\/clarijs-fietstassen.nl\/de\/shop\/"},{"@type":"ListItem","position":3,"name":"Bakfiets Regententen","item":"https:\/\/clarijs-fietstassen.nl\/bakfiets-regententen\/"},{"@type":"ListItem","position":4,"name":"Auslaufend \u2013 Regenzelt Cabrio Hervorragend f\u00fcr Bakfiets.nl"}]},{"@type":"WebSite","@id":"https:\/\/clarijs-fietstassen.nl\/de\/#website","url":"https:\/\/clarijs-fietstassen.nl\/de\/","name":"Clarijs Fietstassen","description":"Kwaliteit &amp; ambacht sinds 1948","publisher":{"@id":"https:\/\/clarijs-fietstassen.nl\/de\/#organization"},"potentialAction":[{"@type":"SearchAction","target":{"@type":"EntryPoint","urlTemplate":"https:\/\/clarijs-fietstassen.nl\/de\/?s={search_term_string}"},"query-input":{"@type":"PropertyValueSpecification","valueRequired":true,"valueName":"search_term_string"}}],"inLanguage":"de"},{"@type":"Organization","@id":"https:\/\/clarijs-fietstassen.nl\/de\/#organization","name":"Clarijs Fietstassen","url":"https:\/\/clarijs-fietstassen.nl\/de\/","logo":{"@type":"ImageObject","inLanguage":"de","@id":"https:\/\/clarijs-fietstassen.nl\/de\/#\/schema\/logo\/image\/","url":"https:\/\/clarijs-fietstassen.nl\/wp-content\/uploads\/2024\/01\/clarijs-logo-met-rand.jpg","contentUrl":"https:\/\/clarijs-fietstassen.nl\/wp-content\/uploads\/2024\/01\/clarijs-logo-met-rand.jpg","width":560,"height":266,"caption":"Clarijs Fietstassen"},"image":{"@id":"https:\/\/clarijs-fietstassen.nl\/de\/#\/schema\/logo\/image\/"},"sameAs":["https:\/\/www.facebook.com\/clarijs1948\/","https:\/\/www.instagram.com\/clarijscovers\/"]}]},"og_availability":"instock","product_availability":"instock","product_retailer_item_id":"5006-1","product_condition":"new"},"_links":{"self":[{"href":"https:\/\/clarijs-fietstassen.nl\/de\/wp-json\/wp\/v2\/product\/62119","targetHints":{"allow":["GET"]}}],"collection":[{"href":"https:\/\/clarijs-fietstassen.nl\/de\/wp-json\/wp\/v2\/product"}],"about":[{"href":"https:\/\/clarijs-fietstassen.nl\/de\/wp-json\/wp\/v2\/types\/product"}],"replies":[{"embeddable":true,"href":"https:\/\/clarijs-fietstassen.nl\/de\/wp-json\/wp\/v2\/comments?post=62119"}],"wp:featuredmedia":[{"embeddable":true,"href":"https:\/\/clarijs-fietstassen.nl\/de\/wp-json\/wp\/v2\/media\/47572"}],"wp:attachment":[{"href":"https:\/\/clarijs-fietstassen.nl\/de\/wp-json\/wp\/v2\/media?parent=62119"}],"wp:term":[{"taxonomy":"product_brand","embeddable":true,"href":"https:\/\/clarijs-fietstassen.nl\/de\/wp-json\/wp\/v2\/product_brand?post=62119"},{"taxonomy":"product_cat","embeddable":true,"href":"https:\/\/clarijs-fietstassen.nl\/de\/wp-json\/wp\/v2\/product_cat?post=62119"},{"taxonomy":"product_tag","embeddable":true,"href":"https:\/\/clarijs-fietstassen.nl\/de\/wp-json\/wp\/v2\/product_tag?post=62119"}],"curies":[{"name":"wp","href":"https:\/\/api.w.org\/{rel}","templated":true}]}}