{"id":62576,"date":"2026-01-21T15:33:06","date_gmt":"2026-01-21T14:33:06","guid":{"rendered":"https:\/\/clarijs-fietstassen.nl\/?post_type=product&#038;p=62576"},"modified":"2026-01-27T12:51:44","modified_gmt":"2026-01-27T11:51:44","slug":"regenzelt-up-excellent-fur-bakfiets-nl-kopie-2","status":"publish","type":"product","link":"https:\/\/clarijs-fietstassen.nl\/de\/produkt\/regenzelt-up-excellent-fur-bakfiets-nl-kopie-2\/","title":{"rendered":"Auslaufend \u2013 Regenzelt UP Excellent f\u00fcr Bakfiets.nl"},"content":{"rendered":"<p><span style=\"font-weight: 400;\">Das Regenzelt UP Excellent f\u00fcr Bakfiets.nl hat einen Rei\u00dfverschluss auf beiden Seiten um das Fenster herum, so dass es nie abgenommen werden muss. Das zelt wird mit einem Segellattenrahmen und dem n\u00f6tigen Befestigungsmaterial geliefert. <\/span><\/p>\n<p><span style=\"font-weight: 400;\">Die H\u00f6he dieses Zeltes wird von der Sitzbank bis zum oberen Ende des Zeltes gemessen.<\/span><\/p>\n<p><span style=\"font-weight: 400;\">Die Varianten Short und Long sind 69 cm hoch.<\/span><\/p>\n<p><span style=\"font-weight: 400;\">Die hohe Version ist 26 cm h\u00f6her = 95 cm.<\/span><\/p>\n<p><b>Materialien:<\/b><\/p>\n<p><span style=\"font-weight: 400;\">Alle diese Produkte werden aus einer der st\u00e4rksten (dicht gewebten und dick beschichteten) Arten von Acryl hergestellt. Er ist in verschiedenen Farben erh\u00e4ltlich. Dieser Stoff wird in der EU (Spanien) aus l\u00f6sungsgef\u00e4rbten Acrylgarnen mit einer sehr hohen Farbechtheit hergestellt. Das hochwertige Material ist sehr strapazierf\u00e4hig und au\u00dferdem wasserabweisend.   <\/span><\/p>\n<p><b>Vorteile<\/b><span style=\"font-weight: 400;\"> der Regenzelt UP Excellent f\u00fcr Bakfiets.nl:<\/span><\/p>\n<ul>\n<li style=\"font-weight: 400;\" aria-level=\"1\"><span style=\"font-weight: 400;\">Zus\u00e4tzlicher Schutz f\u00fcr Ihr Hab und Gut und Ihr Fahrrad<\/span><\/li>\n<li style=\"font-weight: 400;\" aria-level=\"1\"><span style=\"font-weight: 400;\">Rei\u00dfverschl\u00fcsse an beiden Seiten des Zeltes<\/span><\/li>\n<li style=\"font-weight: 400;\" aria-level=\"1\"><span style=\"font-weight: 400;\">Salzwasserbest\u00e4ndiges Material<\/span><\/li>\n<li style=\"font-weight: 400;\" aria-level=\"1\"><span style=\"font-weight: 400;\">kann die Lebensdauer Ihres Lastenfahrrads verl\u00e4ngern<\/span><\/li>\n<li style=\"font-weight: 400;\" aria-level=\"1\"><span style=\"font-weight: 400;\">k\u00f6nnen zu mehr Sicherheit beim Radfahren beitragen<\/span><\/li>\n<\/ul>\n<p><span style=\"font-weight: 400;\">Einfach mit den mitgelieferten Materialien zu befestigen. Au\u00dferdem k\u00f6nnen Sie bei uns sofort Kissen f\u00fcr Ihr Lastenfahrrad in der gleichen Farbe kaufen! <\/span><\/p>\n<p><strong>Benutzerhandbuch<\/strong><\/p>\n<p>Hier k\u00f6nnen Sie das <strong><a href=\"https:\/\/www.youtube.com\/watch?v=uGlT19rkr0k&amp;t\" target=\"_blank\" rel=\"attachment noopener wp-att-42771\">Benutzerhandbuch<\/a><\/strong> f\u00fcr die Regenzelt Cabrio f\u00fcr Bakfiets.nl finden.<\/p>\n<p>&nbsp;<\/p>\n","protected":false},"excerpt":{"rendered":"<p>Das Regenzelt UP Excellent f\u00fcr Bakfiets.nl hat einen Rei\u00dfverschluss auf beiden Seiten um das Fenster herum, so dass es nie abgenommen werden muss. Das zelt wird mit einem Segellattenrahmen und dem n\u00f6tigen Befestigungsmaterial geliefert. Die H\u00f6he dieses Zeltes wird von der Sitzbank bis zum oberen Ende des Zeltes gemessen. Die Varianten Short und Long sind [&hellip;]<\/p>\n","protected":false},"featured_media":62781,"comment_status":"closed","ping_status":"closed","template":"","meta":{"_acf_changed":false,"_et_pb_use_builder":"","_et_pb_old_content":"","_et_gb_content_width":""},"product_brand":[],"product_cat":[881,686,879,690],"product_tag":[],"class_list":{"0":"post-62576","1":"product","2":"type-product","3":"status-publish","4":"has-post-thumbnail","6":"product_cat-angebote","7":"product_cat-bakfiets-de","8":"product_cat-deals","9":"product_cat-lastenrad-regenverdeck","10":"pa_afmetingen-kurz","11":"pa_afmetingen-lang-de","12":"pa_afmetingen-lang-hoch","13":"pa_geschikt-voor-e-bike-ja-de","14":"pa_geschikt-voor-ledlampjes-ja-de","15":"pa_kleur-blau","16":"pa_kleur-camel-de","17":"pa_kleur-grau","18":"pa_kleur-rot","19":"pa_kleur-schokoladen-braun","20":"pa_kleur-schwarz","21":"pa_materiaal-acryl-de","22":"pa_merk-clarijs-covers-b-v-de","23":"pa_reflectie-nein","25":"first","26":"instock","27":"sale","28":"taxable","29":"shipping-taxable","30":"purchasable","31":"product-type-variable"},"acf":[],"yoast_head":"<!-- This site is optimized with the Yoast SEO Premium plugin v27.2 (Yoast SEO v27.3) - https:\/\/yoast.com\/product\/yoast-seo-premium-wordpress\/ -->\n<title>Auslaufend \u2013 Regenzelt UP Excellent f\u00fcr Bakfiets.nl - Clarijs Fietstassen<\/title>\n<meta name=\"description\" content=\"Auslaufend \u2013 Regenzelt UP Excellent f\u00fcr Bakfiets.nl Er ist speziell mit einem Rei\u00dfverschluss auf beiden Seiten um das Fenster herum ausgestattet, so dass er nie abgenommen werden muss.\" \/>\n<meta name=\"robots\" content=\"index, follow, max-snippet:-1, max-image-preview:large, max-video-preview:-1\" \/>\n<link rel=\"canonical\" href=\"https:\/\/clarijs-fietstassen.nl\/de\/produkt\/regenzelt-up-excellent-fur-bakfiets-nl-kopie-2\/\" \/>\n<meta property=\"og:locale\" content=\"de_DE\" \/>\n<meta property=\"og:type\" content=\"article\" \/>\n<meta property=\"og:title\" content=\"Auslaufend \u2013 Regenzelt UP Excellent f\u00fcr Bakfiets.nl\" \/>\n<meta property=\"og:description\" content=\"Auslaufend \u2013 Regenzelt UP Excellent f\u00fcr Bakfiets.nl Er ist speziell mit einem Rei\u00dfverschluss auf beiden Seiten um das Fenster herum ausgestattet, so dass er nie abgenommen werden muss.\" \/>\n<meta property=\"og:url\" content=\"https:\/\/clarijs-fietstassen.nl\/de\/produkt\/regenzelt-up-excellent-fur-bakfiets-nl-kopie-2\/\" \/>\n<meta property=\"og:site_name\" content=\"Clarijs Fietstassen\" \/>\n<meta property=\"article:publisher\" content=\"https:\/\/www.facebook.com\/clarijs1948\/\" \/>\n<meta property=\"article:modified_time\" content=\"2026-01-27T11:51:44+00:00\" \/>\n<meta property=\"og:image\" content=\"https:\/\/clarijs-fietstassen.nl\/wp-content\/uploads\/2023\/07\/Clarijs_02-9_1265x.png\" \/>\n\t<meta property=\"og:image:width\" content=\"1265\" \/>\n\t<meta property=\"og:image:height\" content=\"1265\" \/>\n\t<meta property=\"og:image:type\" content=\"image\/png\" \/>\n<meta name=\"twitter:card\" content=\"summary_large_image\" \/>\n<meta name=\"twitter:label1\" content=\"Verf\u00fcgbarkeit\" \/>\n\t<meta name=\"twitter:data1\" content=\"Auf Lager\" \/>\n<script type=\"application\/ld+json\" class=\"yoast-schema-graph\">{\"@context\":\"https:\\\/\\\/schema.org\",\"@graph\":[{\"@type\":\"WebPage\",\"@id\":\"https:\\\/\\\/clarijs-fietstassen.nl\\\/de\\\/produkt\\\/regenzelt-up-excellent-fur-bakfiets-nl-kopie-2\\\/\",\"url\":\"https:\\\/\\\/clarijs-fietstassen.nl\\\/de\\\/produkt\\\/regenzelt-up-excellent-fur-bakfiets-nl-kopie-2\\\/\",\"name\":\"Auslaufend \u2013 Regenzelt UP Excellent f\u00fcr Bakfiets.nl - Clarijs Fietstassen\",\"isPartOf\":{\"@id\":\"https:\\\/\\\/clarijs-fietstassen.nl\\\/de\\\/#website\"},\"primaryImageOfPage\":{\"@id\":\"https:\\\/\\\/clarijs-fietstassen.nl\\\/de\\\/produkt\\\/regenzelt-up-excellent-fur-bakfiets-nl-kopie-2\\\/#primaryimage\"},\"image\":{\"@id\":\"https:\\\/\\\/clarijs-fietstassen.nl\\\/de\\\/produkt\\\/regenzelt-up-excellent-fur-bakfiets-nl-kopie-2\\\/#primaryimage\"},\"thumbnailUrl\":\"https:\\\/\\\/clarijs-fietstassen.nl\\\/wp-content\\\/uploads\\\/2023\\\/07\\\/Clarijs_02-9_1265x.png\",\"datePublished\":\"2026-01-21T14:33:06+00:00\",\"dateModified\":\"2026-01-27T11:51:44+00:00\",\"description\":\"Auslaufend \u2013 Regenzelt UP Excellent f\u00fcr Bakfiets.nl Er ist speziell mit einem Rei\u00dfverschluss auf beiden Seiten um das Fenster herum ausgestattet, so dass er nie abgenommen werden muss.\",\"breadcrumb\":{\"@id\":\"https:\\\/\\\/clarijs-fietstassen.nl\\\/de\\\/produkt\\\/regenzelt-up-excellent-fur-bakfiets-nl-kopie-2\\\/#breadcrumb\"},\"inLanguage\":\"de\",\"potentialAction\":[{\"@type\":\"ReadAction\",\"target\":[\"https:\\\/\\\/clarijs-fietstassen.nl\\\/de\\\/produkt\\\/regenzelt-up-excellent-fur-bakfiets-nl-kopie-2\\\/\"]}]},{\"@type\":\"ImageObject\",\"inLanguage\":\"de\",\"@id\":\"https:\\\/\\\/clarijs-fietstassen.nl\\\/de\\\/produkt\\\/regenzelt-up-excellent-fur-bakfiets-nl-kopie-2\\\/#primaryimage\",\"url\":\"https:\\\/\\\/clarijs-fietstassen.nl\\\/wp-content\\\/uploads\\\/2023\\\/07\\\/Clarijs_02-9_1265x.png\",\"contentUrl\":\"https:\\\/\\\/clarijs-fietstassen.nl\\\/wp-content\\\/uploads\\\/2023\\\/07\\\/Clarijs_02-9_1265x.png\",\"width\":1265,\"height\":1265,\"caption\":\"Regenzelt UP Excellent f\u00fcr Bakfiets.nl - Schwarz\"},{\"@type\":\"BreadcrumbList\",\"@id\":\"https:\\\/\\\/clarijs-fietstassen.nl\\\/de\\\/produkt\\\/regenzelt-up-excellent-fur-bakfiets-nl-kopie-2\\\/#breadcrumb\",\"itemListElement\":[{\"@type\":\"ListItem\",\"position\":1,\"name\":\"Home\",\"item\":\"https:\\\/\\\/clarijs-fietstassen.nl\\\/de\\\/\"},{\"@type\":\"ListItem\",\"position\":2,\"name\":\"Shop\",\"item\":\"https:\\\/\\\/clarijs-fietstassen.nl\\\/de\\\/shop\\\/\"},{\"@type\":\"ListItem\",\"position\":3,\"name\":\"Bakfiets Regententen\",\"item\":\"https:\\\/\\\/clarijs-fietstassen.nl\\\/bakfiets-regententen\\\/\"},{\"@type\":\"ListItem\",\"position\":4,\"name\":\"Auslaufend \u2013 Regenzelt UP Excellent f\u00fcr Bakfiets.nl\"}]},{\"@type\":\"WebSite\",\"@id\":\"https:\\\/\\\/clarijs-fietstassen.nl\\\/de\\\/#website\",\"url\":\"https:\\\/\\\/clarijs-fietstassen.nl\\\/de\\\/\",\"name\":\"Clarijs Fietstassen\",\"description\":\"Kwaliteit &amp; ambacht sinds 1948\",\"publisher\":{\"@id\":\"https:\\\/\\\/clarijs-fietstassen.nl\\\/de\\\/#organization\"},\"potentialAction\":[{\"@type\":\"SearchAction\",\"target\":{\"@type\":\"EntryPoint\",\"urlTemplate\":\"https:\\\/\\\/clarijs-fietstassen.nl\\\/de\\\/?s={search_term_string}\"},\"query-input\":{\"@type\":\"PropertyValueSpecification\",\"valueRequired\":true,\"valueName\":\"search_term_string\"}}],\"inLanguage\":\"de\"},{\"@type\":\"Organization\",\"@id\":\"https:\\\/\\\/clarijs-fietstassen.nl\\\/de\\\/#organization\",\"name\":\"Clarijs Fietstassen\",\"url\":\"https:\\\/\\\/clarijs-fietstassen.nl\\\/de\\\/\",\"logo\":{\"@type\":\"ImageObject\",\"inLanguage\":\"de\",\"@id\":\"https:\\\/\\\/clarijs-fietstassen.nl\\\/de\\\/#\\\/schema\\\/logo\\\/image\\\/\",\"url\":\"https:\\\/\\\/clarijs-fietstassen.nl\\\/wp-content\\\/uploads\\\/2024\\\/01\\\/clarijs-logo-met-rand.jpg\",\"contentUrl\":\"https:\\\/\\\/clarijs-fietstassen.nl\\\/wp-content\\\/uploads\\\/2024\\\/01\\\/clarijs-logo-met-rand.jpg\",\"width\":560,\"height\":266,\"caption\":\"Clarijs Fietstassen\"},\"image\":{\"@id\":\"https:\\\/\\\/clarijs-fietstassen.nl\\\/de\\\/#\\\/schema\\\/logo\\\/image\\\/\"},\"sameAs\":[\"https:\\\/\\\/www.facebook.com\\\/clarijs1948\\\/\",\"https:\\\/\\\/www.instagram.com\\\/clarijscovers\\\/\"]}]}<\/script>\n<meta property=\"og:availability\" content=\"instock\" \/>\n<meta property=\"product:availability\" content=\"instock\" \/>\n<meta property=\"product:retailer_item_id\" content=\"5008-1\" \/>\n<meta property=\"product:condition\" content=\"new\" \/>\n<!-- \/ Yoast SEO Premium plugin. -->","yoast_head_json":{"title":"Auslaufend \u2013 Regenzelt UP Excellent f\u00fcr Bakfiets.nl - Clarijs Fietstassen","description":"Auslaufend \u2013 Regenzelt UP Excellent f\u00fcr Bakfiets.nl Er ist speziell mit einem Rei\u00dfverschluss auf beiden Seiten um das Fenster herum ausgestattet, so dass er nie abgenommen werden muss.","robots":{"index":"index","follow":"follow","max-snippet":"max-snippet:-1","max-image-preview":"max-image-preview:large","max-video-preview":"max-video-preview:-1"},"canonical":"https:\/\/clarijs-fietstassen.nl\/de\/produkt\/regenzelt-up-excellent-fur-bakfiets-nl-kopie-2\/","og_locale":"de_DE","og_type":"article","og_title":"Auslaufend \u2013 Regenzelt UP Excellent f\u00fcr Bakfiets.nl","og_description":"Auslaufend \u2013 Regenzelt UP Excellent f\u00fcr Bakfiets.nl Er ist speziell mit einem Rei\u00dfverschluss auf beiden Seiten um das Fenster herum ausgestattet, so dass er nie abgenommen werden muss.","og_url":"https:\/\/clarijs-fietstassen.nl\/de\/produkt\/regenzelt-up-excellent-fur-bakfiets-nl-kopie-2\/","og_site_name":"Clarijs Fietstassen","article_publisher":"https:\/\/www.facebook.com\/clarijs1948\/","article_modified_time":"2026-01-27T11:51:44+00:00","og_image":[{"width":1265,"height":1265,"url":"https:\/\/clarijs-fietstassen.nl\/wp-content\/uploads\/2023\/07\/Clarijs_02-9_1265x.png","type":"image\/png"}],"twitter_card":"summary_large_image","twitter_misc":{"Verf\u00fcgbarkeit":"Auf Lager"},"schema":{"@context":"https:\/\/schema.org","@graph":[{"@type":"WebPage","@id":"https:\/\/clarijs-fietstassen.nl\/de\/produkt\/regenzelt-up-excellent-fur-bakfiets-nl-kopie-2\/","url":"https:\/\/clarijs-fietstassen.nl\/de\/produkt\/regenzelt-up-excellent-fur-bakfiets-nl-kopie-2\/","name":"Auslaufend \u2013 Regenzelt UP Excellent f\u00fcr Bakfiets.nl - Clarijs Fietstassen","isPartOf":{"@id":"https:\/\/clarijs-fietstassen.nl\/de\/#website"},"primaryImageOfPage":{"@id":"https:\/\/clarijs-fietstassen.nl\/de\/produkt\/regenzelt-up-excellent-fur-bakfiets-nl-kopie-2\/#primaryimage"},"image":{"@id":"https:\/\/clarijs-fietstassen.nl\/de\/produkt\/regenzelt-up-excellent-fur-bakfiets-nl-kopie-2\/#primaryimage"},"thumbnailUrl":"https:\/\/clarijs-fietstassen.nl\/wp-content\/uploads\/2023\/07\/Clarijs_02-9_1265x.png","datePublished":"2026-01-21T14:33:06+00:00","dateModified":"2026-01-27T11:51:44+00:00","description":"Auslaufend \u2013 Regenzelt UP Excellent f\u00fcr Bakfiets.nl Er ist speziell mit einem Rei\u00dfverschluss auf beiden Seiten um das Fenster herum ausgestattet, so dass er nie abgenommen werden muss.","breadcrumb":{"@id":"https:\/\/clarijs-fietstassen.nl\/de\/produkt\/regenzelt-up-excellent-fur-bakfiets-nl-kopie-2\/#breadcrumb"},"inLanguage":"de","potentialAction":[{"@type":"ReadAction","target":["https:\/\/clarijs-fietstassen.nl\/de\/produkt\/regenzelt-up-excellent-fur-bakfiets-nl-kopie-2\/"]}]},{"@type":"ImageObject","inLanguage":"de","@id":"https:\/\/clarijs-fietstassen.nl\/de\/produkt\/regenzelt-up-excellent-fur-bakfiets-nl-kopie-2\/#primaryimage","url":"https:\/\/clarijs-fietstassen.nl\/wp-content\/uploads\/2023\/07\/Clarijs_02-9_1265x.png","contentUrl":"https:\/\/clarijs-fietstassen.nl\/wp-content\/uploads\/2023\/07\/Clarijs_02-9_1265x.png","width":1265,"height":1265,"caption":"Regenzelt UP Excellent f\u00fcr Bakfiets.nl - Schwarz"},{"@type":"BreadcrumbList","@id":"https:\/\/clarijs-fietstassen.nl\/de\/produkt\/regenzelt-up-excellent-fur-bakfiets-nl-kopie-2\/#breadcrumb","itemListElement":[{"@type":"ListItem","position":1,"name":"Home","item":"https:\/\/clarijs-fietstassen.nl\/de\/"},{"@type":"ListItem","position":2,"name":"Shop","item":"https:\/\/clarijs-fietstassen.nl\/de\/shop\/"},{"@type":"ListItem","position":3,"name":"Bakfiets Regententen","item":"https:\/\/clarijs-fietstassen.nl\/bakfiets-regententen\/"},{"@type":"ListItem","position":4,"name":"Auslaufend \u2013 Regenzelt UP Excellent f\u00fcr Bakfiets.nl"}]},{"@type":"WebSite","@id":"https:\/\/clarijs-fietstassen.nl\/de\/#website","url":"https:\/\/clarijs-fietstassen.nl\/de\/","name":"Clarijs Fietstassen","description":"Kwaliteit &amp; ambacht sinds 1948","publisher":{"@id":"https:\/\/clarijs-fietstassen.nl\/de\/#organization"},"potentialAction":[{"@type":"SearchAction","target":{"@type":"EntryPoint","urlTemplate":"https:\/\/clarijs-fietstassen.nl\/de\/?s={search_term_string}"},"query-input":{"@type":"PropertyValueSpecification","valueRequired":true,"valueName":"search_term_string"}}],"inLanguage":"de"},{"@type":"Organization","@id":"https:\/\/clarijs-fietstassen.nl\/de\/#organization","name":"Clarijs Fietstassen","url":"https:\/\/clarijs-fietstassen.nl\/de\/","logo":{"@type":"ImageObject","inLanguage":"de","@id":"https:\/\/clarijs-fietstassen.nl\/de\/#\/schema\/logo\/image\/","url":"https:\/\/clarijs-fietstassen.nl\/wp-content\/uploads\/2024\/01\/clarijs-logo-met-rand.jpg","contentUrl":"https:\/\/clarijs-fietstassen.nl\/wp-content\/uploads\/2024\/01\/clarijs-logo-met-rand.jpg","width":560,"height":266,"caption":"Clarijs Fietstassen"},"image":{"@id":"https:\/\/clarijs-fietstassen.nl\/de\/#\/schema\/logo\/image\/"},"sameAs":["https:\/\/www.facebook.com\/clarijs1948\/","https:\/\/www.instagram.com\/clarijscovers\/"]}]},"og_availability":"instock","product_availability":"instock","product_retailer_item_id":"5008-1","product_condition":"new"},"_links":{"self":[{"href":"https:\/\/clarijs-fietstassen.nl\/de\/wp-json\/wp\/v2\/product\/62576","targetHints":{"allow":["GET"]}}],"collection":[{"href":"https:\/\/clarijs-fietstassen.nl\/de\/wp-json\/wp\/v2\/product"}],"about":[{"href":"https:\/\/clarijs-fietstassen.nl\/de\/wp-json\/wp\/v2\/types\/product"}],"replies":[{"embeddable":true,"href":"https:\/\/clarijs-fietstassen.nl\/de\/wp-json\/wp\/v2\/comments?post=62576"}],"wp:featuredmedia":[{"embeddable":true,"href":"https:\/\/clarijs-fietstassen.nl\/de\/wp-json\/wp\/v2\/media\/62781"}],"wp:attachment":[{"href":"https:\/\/clarijs-fietstassen.nl\/de\/wp-json\/wp\/v2\/media?parent=62576"}],"wp:term":[{"taxonomy":"product_brand","embeddable":true,"href":"https:\/\/clarijs-fietstassen.nl\/de\/wp-json\/wp\/v2\/product_brand?post=62576"},{"taxonomy":"product_cat","embeddable":true,"href":"https:\/\/clarijs-fietstassen.nl\/de\/wp-json\/wp\/v2\/product_cat?post=62576"},{"taxonomy":"product_tag","embeddable":true,"href":"https:\/\/clarijs-fietstassen.nl\/de\/wp-json\/wp\/v2\/product_tag?post=62576"}],"curies":[{"name":"wp","href":"https:\/\/api.w.org\/{rel}","templated":true}]}}