{"id":62819,"date":"2026-02-16T11:00:09","date_gmt":"2026-02-16T10:00:09","guid":{"rendered":"https:\/\/clarijs-fietstassen.nl\/?post_type=product&#038;p=62819"},"modified":"2026-03-12T13:38:38","modified_gmt":"2026-03-12T12:38:38","slug":"de-shopper-la-gerbe","status":"publish","type":"product","link":"https:\/\/clarijs-fietstassen.nl\/de\/produkt\/de-shopper-la-gerbe\/","title":{"rendered":"Shopper La Gerbe &#8211; ART edition"},"content":{"rendered":"<p data-start=\"171\" data-end=\"483\">Entdecken Sie den <strong data-start=\"181\" data-end=\"225\">Shopper La Gerbe- ART edition<\/strong> von Clarijs. Diese trendige Tragetasche hat einen Aufdruck f\u00fcr Fans der Werke von Matisse.  Dieser Shopper ist so konzipiert, dass er perfekt in die <a href=\"https:\/\/clarijs-fietstassen.nl\/de\/doppelte-fahrradtaschen-mit-aufdruck\/\">Doppelpacktaschen<\/a> von Clarijs passt. Sie nehmen ihn einfach aus der Tasche und tragen ihn bequem. Dank seiner eleganten Gr\u00f6\u00dfe passt m\u00fchelos eine Packung mit sechs 1,5-Liter-Flaschen hinein, so dass er auch f\u00fcr schwerere Eink\u00e4ufe geeignet ist.<\/p>\n<p><strong>Warum sollten Sie diesen Shopper von Clarijs w\u00e4hlen?<\/strong><\/p>\n<ul>\n<li>Spritzwassergesch\u00fctztes PVC-Gewebe f\u00fcr den t\u00e4glichen Gebrauch<\/li>\n<li><strong>Einzigartiger ART Edition Druck <\/strong><\/li>\n<li>Passt perfekt in die Doppel-Fahrradtaschen von Clarijs<\/li>\n<li>Leicht herausnehmbar und dank der kurzen Tragegriffe bequem zu tragen<\/li>\n<\/ul>\n<p><strong>Abmessungen:<\/strong> Innen 33 \u00d7 16 \u00d7 32 cm \u2013 Au\u00dfen 36 \u00d7 18 \u00d7 36 cm <\/p>\n<p><em>Die Gr\u00f6\u00dfen k\u00f6nnen leicht variieren, da alle unsere Taschen handgefertigt sind.<\/em><\/p>\n<p data-start=\"1226\" data-end=\"1595\"><strong>Hochwertig<\/strong><br data-start=\"1248\" data-end=\"1251\">Der Shopper ist aus robustem und spritzwassergesch\u00fctztem PVC-Gewebe gefertigt. Dieses Material sch\u00fctzt Ihr Hab und Gut vor Regen und Feuchtigkeit, h\u00e4lt schweren Belastungen stand und ist f\u00fcr den intensiven t\u00e4glichen Gebrauch geeignet. Au\u00dferdem ist das PVC-Tuch mit einem feuchten Tuch oder milder Seife leicht zu reinigen. So bleibt Ihre Tragetasche lange Zeit sch\u00f6n und praktisch.<\/p>\n<p data-start=\"1226\" data-end=\"1595\">Vervollst\u00e4ndigen Sie Ihr Fahrrad-Set mit der passenden <a href=\"https:\/\/clarijs-fietstassen.nl\/de\/produkt\/doppelte-fahrradtasche-la-gerbe\/\"><strong>La Gerbe Doppel-Fahrradtasche<\/strong><\/a> aus der ART-Edition.<\/p>\n","protected":false},"excerpt":{"rendered":"<p>Entdecken Sie den Shopper La Gerbe- ART edition von Clarijs. Diese trendige Tragetasche hat einen Aufdruck f\u00fcr Fans der Werke von Matisse. Dieser Shopper ist so konzipiert, dass er perfekt in die Doppelpacktaschen von Clarijs passt. Sie nehmen ihn einfach aus der Tasche und tragen ihn bequem. Dank seiner eleganten Gr\u00f6\u00dfe passt m\u00fchelos eine Packung [&hellip;]<\/p>\n","protected":false},"featured_media":62823,"comment_status":"open","ping_status":"closed","template":"","meta":{"_acf_changed":false,"_et_pb_use_builder":"","_et_pb_old_content":"","_et_gb_content_width":""},"product_brand":[],"product_cat":[695,756,759],"product_tag":[],"class_list":{"0":"post-62819","1":"product","2":"type-product","3":"status-publish","4":"has-post-thumbnail","6":"product_cat-bisonyl-packtaschen","7":"product_cat-shoppers-de","8":"product_cat-shoppers-mit-druck","9":"pa_afmetingen-295-x-18-x-36-cm-l-x-b-x-h-de","10":"pa_kleur-blau","11":"pa_kleur-gelb","12":"pa_kleur-grun","13":"pa_kleur-rosa","14":"pa_kleur-rot","15":"pa_kleur-schwarz","16":"pa_materiaal-bisonyl-pvc-leinwand","17":"pa_merk-clarijs-covers-b-v-de","19":"first","20":"instock","21":"taxable","22":"shipping-taxable","23":"purchasable","24":"product-type-simple"},"acf":[],"yoast_head":"<!-- This site is optimized with the Yoast SEO Premium plugin v27.2 (Yoast SEO v27.5) - https:\/\/yoast.com\/product\/yoast-seo-premium-wordpress\/ -->\n<title>Shopper La Gerbe - ART edition - Clarijs Fietstassen<\/title>\n<meta name=\"description\" content=\"Shopper La Gerbe- ART edition von Clarijs. Wasserabweisender Shopper mit einzigartigem Aufdruck, der perfekt in den doppelten Gep\u00e4cktr\u00e4ger passt. Handgefertigt in den Niederlanden.\" \/>\n<meta name=\"robots\" content=\"index, follow, max-snippet:-1, max-image-preview:large, max-video-preview:-1\" \/>\n<link rel=\"canonical\" href=\"https:\/\/clarijs-fietstassen.nl\/de\/produkt\/de-shopper-la-gerbe\/\" \/>\n<meta property=\"og:locale\" content=\"de_DE\" \/>\n<meta property=\"og:type\" content=\"article\" \/>\n<meta property=\"og:title\" content=\"Shopper La Gerbe - ART edition\" \/>\n<meta property=\"og:description\" content=\"Shopper La Gerbe- ART edition von Clarijs. Wasserabweisender Shopper mit einzigartigem Aufdruck, der perfekt in den doppelten Gep\u00e4cktr\u00e4ger passt. Handgefertigt in den Niederlanden.\" \/>\n<meta property=\"og:url\" content=\"https:\/\/clarijs-fietstassen.nl\/de\/produkt\/de-shopper-la-gerbe\/\" \/>\n<meta property=\"og:site_name\" content=\"Clarijs Fietstassen\" \/>\n<meta property=\"article:publisher\" content=\"https:\/\/www.facebook.com\/clarijs1948\/\" \/>\n<meta property=\"article:modified_time\" content=\"2026-03-12T12:38:38+00:00\" \/>\n<meta property=\"og:image\" content=\"https:\/\/clarijs-fietstassen.nl\/wp-content\/uploads\/2026\/01\/Shopper-Matisse-la-gerbe.png\" \/>\n\t<meta property=\"og:image:width\" content=\"1000\" \/>\n\t<meta property=\"og:image:height\" content=\"1000\" \/>\n\t<meta property=\"og:image:type\" content=\"image\/png\" \/>\n<meta name=\"twitter:card\" content=\"summary_large_image\" \/>\n<meta name=\"twitter:label1\" content=\"Preis\" \/>\n\t<meta name=\"twitter:data1\" content=\"&euro;44.00\" \/>\n\t<meta name=\"twitter:label2\" content=\"Verf\u00fcgbarkeit\" \/>\n\t<meta name=\"twitter:data2\" content=\"Auf Lager\" \/>\n<script type=\"application\/ld+json\" class=\"yoast-schema-graph\">{\"@context\":\"https:\\\/\\\/schema.org\",\"@graph\":[{\"@type\":\"WebPage\",\"@id\":\"https:\\\/\\\/clarijs-fietstassen.nl\\\/de\\\/produkt\\\/de-shopper-la-gerbe\\\/\",\"url\":\"https:\\\/\\\/clarijs-fietstassen.nl\\\/de\\\/produkt\\\/de-shopper-la-gerbe\\\/\",\"name\":\"Shopper La Gerbe - ART edition - Clarijs Fietstassen\",\"isPartOf\":{\"@id\":\"https:\\\/\\\/clarijs-fietstassen.nl\\\/de\\\/#website\"},\"primaryImageOfPage\":{\"@id\":\"https:\\\/\\\/clarijs-fietstassen.nl\\\/de\\\/produkt\\\/de-shopper-la-gerbe\\\/#primaryimage\"},\"image\":{\"@id\":\"https:\\\/\\\/clarijs-fietstassen.nl\\\/de\\\/produkt\\\/de-shopper-la-gerbe\\\/#primaryimage\"},\"thumbnailUrl\":\"https:\\\/\\\/clarijs-fietstassen.nl\\\/wp-content\\\/uploads\\\/2026\\\/01\\\/Shopper-Matisse-la-gerbe.png\",\"datePublished\":\"2026-02-16T10:00:09+00:00\",\"dateModified\":\"2026-03-12T12:38:38+00:00\",\"description\":\"Shopper La Gerbe- ART edition von Clarijs. Wasserabweisender Shopper mit einzigartigem Aufdruck, der perfekt in den doppelten Gep\u00e4cktr\u00e4ger passt. Handgefertigt in den Niederlanden.\",\"breadcrumb\":{\"@id\":\"https:\\\/\\\/clarijs-fietstassen.nl\\\/de\\\/produkt\\\/de-shopper-la-gerbe\\\/#breadcrumb\"},\"inLanguage\":\"de\",\"potentialAction\":[{\"@type\":\"ReadAction\",\"target\":[\"https:\\\/\\\/clarijs-fietstassen.nl\\\/de\\\/produkt\\\/de-shopper-la-gerbe\\\/\"]}]},{\"@type\":\"ImageObject\",\"inLanguage\":\"de\",\"@id\":\"https:\\\/\\\/clarijs-fietstassen.nl\\\/de\\\/produkt\\\/de-shopper-la-gerbe\\\/#primaryimage\",\"url\":\"https:\\\/\\\/clarijs-fietstassen.nl\\\/wp-content\\\/uploads\\\/2026\\\/01\\\/Shopper-Matisse-la-gerbe.png\",\"contentUrl\":\"https:\\\/\\\/clarijs-fietstassen.nl\\\/wp-content\\\/uploads\\\/2026\\\/01\\\/Shopper-Matisse-la-gerbe.png\",\"width\":1000,\"height\":1000,\"caption\":\"Shopper La Gerbe - ART editon\"},{\"@type\":\"BreadcrumbList\",\"@id\":\"https:\\\/\\\/clarijs-fietstassen.nl\\\/de\\\/produkt\\\/de-shopper-la-gerbe\\\/#breadcrumb\",\"itemListElement\":[{\"@type\":\"ListItem\",\"position\":1,\"name\":\"Home\",\"item\":\"https:\\\/\\\/clarijs-fietstassen.nl\\\/de\\\/startseite\\\/\"},{\"@type\":\"ListItem\",\"position\":2,\"name\":\"Shop\",\"item\":\"https:\\\/\\\/clarijs-fietstassen.nl\\\/de\\\/shop\\\/\"},{\"@type\":\"ListItem\",\"position\":3,\"name\":\"Shoppers\",\"item\":\"https:\\\/\\\/clarijs-fietstassen.nl\\\/shoppers\\\/\"},{\"@type\":\"ListItem\",\"position\":4,\"name\":\"Shopper La Gerbe &#8211; ART edition\"}]},{\"@type\":\"WebSite\",\"@id\":\"https:\\\/\\\/clarijs-fietstassen.nl\\\/de\\\/#website\",\"url\":\"https:\\\/\\\/clarijs-fietstassen.nl\\\/de\\\/\",\"name\":\"Clarijs Fietstassen\",\"description\":\"Kwaliteit &amp; ambacht sinds 1948\",\"publisher\":{\"@id\":\"https:\\\/\\\/clarijs-fietstassen.nl\\\/de\\\/#organization\"},\"potentialAction\":[{\"@type\":\"SearchAction\",\"target\":{\"@type\":\"EntryPoint\",\"urlTemplate\":\"https:\\\/\\\/clarijs-fietstassen.nl\\\/de\\\/?s={search_term_string}\"},\"query-input\":{\"@type\":\"PropertyValueSpecification\",\"valueRequired\":true,\"valueName\":\"search_term_string\"}}],\"inLanguage\":\"de\"},{\"@type\":\"Organization\",\"@id\":\"https:\\\/\\\/clarijs-fietstassen.nl\\\/de\\\/#organization\",\"name\":\"Clarijs Fietstassen\",\"url\":\"https:\\\/\\\/clarijs-fietstassen.nl\\\/de\\\/\",\"logo\":{\"@type\":\"ImageObject\",\"inLanguage\":\"de\",\"@id\":\"https:\\\/\\\/clarijs-fietstassen.nl\\\/de\\\/#\\\/schema\\\/logo\\\/image\\\/\",\"url\":\"https:\\\/\\\/clarijs-fietstassen.nl\\\/wp-content\\\/uploads\\\/2024\\\/01\\\/clarijs-logo-met-rand.jpg\",\"contentUrl\":\"https:\\\/\\\/clarijs-fietstassen.nl\\\/wp-content\\\/uploads\\\/2024\\\/01\\\/clarijs-logo-met-rand.jpg\",\"width\":560,\"height\":266,\"caption\":\"Clarijs Fietstassen\"},\"image\":{\"@id\":\"https:\\\/\\\/clarijs-fietstassen.nl\\\/de\\\/#\\\/schema\\\/logo\\\/image\\\/\"},\"sameAs\":[\"https:\\\/\\\/www.facebook.com\\\/clarijs1948\\\/\",\"https:\\\/\\\/www.instagram.com\\\/clarijscovers\\\/\"]}]}<\/script>\n<meta property=\"product:price:amount\" content=\"44.00\" \/>\n<meta property=\"product:price:currency\" content=\"EUR\" \/>\n<meta property=\"og:availability\" content=\"instock\" \/>\n<meta property=\"product:availability\" content=\"instock\" \/>\n<meta property=\"product:retailer_item_id\" content=\"2122\" \/>\n<meta property=\"product:condition\" content=\"new\" \/>\n<!-- \/ Yoast SEO Premium plugin. -->","yoast_head_json":{"title":"Shopper La Gerbe - ART edition - Clarijs Fietstassen","description":"Shopper La Gerbe- ART edition von Clarijs. Wasserabweisender Shopper mit einzigartigem Aufdruck, der perfekt in den doppelten Gep\u00e4cktr\u00e4ger passt. Handgefertigt in den Niederlanden.","robots":{"index":"index","follow":"follow","max-snippet":"max-snippet:-1","max-image-preview":"max-image-preview:large","max-video-preview":"max-video-preview:-1"},"canonical":"https:\/\/clarijs-fietstassen.nl\/de\/produkt\/de-shopper-la-gerbe\/","og_locale":"de_DE","og_type":"article","og_title":"Shopper La Gerbe - ART edition","og_description":"Shopper La Gerbe- ART edition von Clarijs. Wasserabweisender Shopper mit einzigartigem Aufdruck, der perfekt in den doppelten Gep\u00e4cktr\u00e4ger passt. Handgefertigt in den Niederlanden.","og_url":"https:\/\/clarijs-fietstassen.nl\/de\/produkt\/de-shopper-la-gerbe\/","og_site_name":"Clarijs Fietstassen","article_publisher":"https:\/\/www.facebook.com\/clarijs1948\/","article_modified_time":"2026-03-12T12:38:38+00:00","og_image":[{"width":1000,"height":1000,"url":"https:\/\/clarijs-fietstassen.nl\/wp-content\/uploads\/2026\/01\/Shopper-Matisse-la-gerbe.png","type":"image\/png"}],"twitter_card":"summary_large_image","twitter_misc":{"Preis":"&euro;44.00","Verf\u00fcgbarkeit":"Auf Lager"},"schema":{"@context":"https:\/\/schema.org","@graph":[{"@type":"WebPage","@id":"https:\/\/clarijs-fietstassen.nl\/de\/produkt\/de-shopper-la-gerbe\/","url":"https:\/\/clarijs-fietstassen.nl\/de\/produkt\/de-shopper-la-gerbe\/","name":"Shopper La Gerbe - ART edition - Clarijs Fietstassen","isPartOf":{"@id":"https:\/\/clarijs-fietstassen.nl\/de\/#website"},"primaryImageOfPage":{"@id":"https:\/\/clarijs-fietstassen.nl\/de\/produkt\/de-shopper-la-gerbe\/#primaryimage"},"image":{"@id":"https:\/\/clarijs-fietstassen.nl\/de\/produkt\/de-shopper-la-gerbe\/#primaryimage"},"thumbnailUrl":"https:\/\/clarijs-fietstassen.nl\/wp-content\/uploads\/2026\/01\/Shopper-Matisse-la-gerbe.png","datePublished":"2026-02-16T10:00:09+00:00","dateModified":"2026-03-12T12:38:38+00:00","description":"Shopper La Gerbe- ART edition von Clarijs. Wasserabweisender Shopper mit einzigartigem Aufdruck, der perfekt in den doppelten Gep\u00e4cktr\u00e4ger passt. Handgefertigt in den Niederlanden.","breadcrumb":{"@id":"https:\/\/clarijs-fietstassen.nl\/de\/produkt\/de-shopper-la-gerbe\/#breadcrumb"},"inLanguage":"de","potentialAction":[{"@type":"ReadAction","target":["https:\/\/clarijs-fietstassen.nl\/de\/produkt\/de-shopper-la-gerbe\/"]}]},{"@type":"ImageObject","inLanguage":"de","@id":"https:\/\/clarijs-fietstassen.nl\/de\/produkt\/de-shopper-la-gerbe\/#primaryimage","url":"https:\/\/clarijs-fietstassen.nl\/wp-content\/uploads\/2026\/01\/Shopper-Matisse-la-gerbe.png","contentUrl":"https:\/\/clarijs-fietstassen.nl\/wp-content\/uploads\/2026\/01\/Shopper-Matisse-la-gerbe.png","width":1000,"height":1000,"caption":"Shopper La Gerbe - ART editon"},{"@type":"BreadcrumbList","@id":"https:\/\/clarijs-fietstassen.nl\/de\/produkt\/de-shopper-la-gerbe\/#breadcrumb","itemListElement":[{"@type":"ListItem","position":1,"name":"Home","item":"https:\/\/clarijs-fietstassen.nl\/de\/startseite\/"},{"@type":"ListItem","position":2,"name":"Shop","item":"https:\/\/clarijs-fietstassen.nl\/de\/shop\/"},{"@type":"ListItem","position":3,"name":"Shoppers","item":"https:\/\/clarijs-fietstassen.nl\/shoppers\/"},{"@type":"ListItem","position":4,"name":"Shopper La Gerbe &#8211; ART edition"}]},{"@type":"WebSite","@id":"https:\/\/clarijs-fietstassen.nl\/de\/#website","url":"https:\/\/clarijs-fietstassen.nl\/de\/","name":"Clarijs Fietstassen","description":"Kwaliteit &amp; ambacht sinds 1948","publisher":{"@id":"https:\/\/clarijs-fietstassen.nl\/de\/#organization"},"potentialAction":[{"@type":"SearchAction","target":{"@type":"EntryPoint","urlTemplate":"https:\/\/clarijs-fietstassen.nl\/de\/?s={search_term_string}"},"query-input":{"@type":"PropertyValueSpecification","valueRequired":true,"valueName":"search_term_string"}}],"inLanguage":"de"},{"@type":"Organization","@id":"https:\/\/clarijs-fietstassen.nl\/de\/#organization","name":"Clarijs Fietstassen","url":"https:\/\/clarijs-fietstassen.nl\/de\/","logo":{"@type":"ImageObject","inLanguage":"de","@id":"https:\/\/clarijs-fietstassen.nl\/de\/#\/schema\/logo\/image\/","url":"https:\/\/clarijs-fietstassen.nl\/wp-content\/uploads\/2024\/01\/clarijs-logo-met-rand.jpg","contentUrl":"https:\/\/clarijs-fietstassen.nl\/wp-content\/uploads\/2024\/01\/clarijs-logo-met-rand.jpg","width":560,"height":266,"caption":"Clarijs Fietstassen"},"image":{"@id":"https:\/\/clarijs-fietstassen.nl\/de\/#\/schema\/logo\/image\/"},"sameAs":["https:\/\/www.facebook.com\/clarijs1948\/","https:\/\/www.instagram.com\/clarijscovers\/"]}]},"product_price_amount":"44.00","product_price_currency":"EUR","og_availability":"instock","product_availability":"instock","product_retailer_item_id":"2122","product_condition":"new"},"_links":{"self":[{"href":"https:\/\/clarijs-fietstassen.nl\/de\/wp-json\/wp\/v2\/product\/62819","targetHints":{"allow":["GET"]}}],"collection":[{"href":"https:\/\/clarijs-fietstassen.nl\/de\/wp-json\/wp\/v2\/product"}],"about":[{"href":"https:\/\/clarijs-fietstassen.nl\/de\/wp-json\/wp\/v2\/types\/product"}],"replies":[{"embeddable":true,"href":"https:\/\/clarijs-fietstassen.nl\/de\/wp-json\/wp\/v2\/comments?post=62819"}],"wp:featuredmedia":[{"embeddable":true,"href":"https:\/\/clarijs-fietstassen.nl\/de\/wp-json\/wp\/v2\/media\/62823"}],"wp:attachment":[{"href":"https:\/\/clarijs-fietstassen.nl\/de\/wp-json\/wp\/v2\/media?parent=62819"}],"wp:term":[{"taxonomy":"product_brand","embeddable":true,"href":"https:\/\/clarijs-fietstassen.nl\/de\/wp-json\/wp\/v2\/product_brand?post=62819"},{"taxonomy":"product_cat","embeddable":true,"href":"https:\/\/clarijs-fietstassen.nl\/de\/wp-json\/wp\/v2\/product_cat?post=62819"},{"taxonomy":"product_tag","embeddable":true,"href":"https:\/\/clarijs-fietstassen.nl\/de\/wp-json\/wp\/v2\/product_tag?post=62819"}],"curies":[{"name":"wp","href":"https:\/\/api.w.org\/{rel}","templated":true}]}}