{"id":63726,"date":"2026-02-25T09:35:50","date_gmt":"2026-02-25T08:35:50","guid":{"rendered":"https:\/\/clarijs-fietstassen.nl\/?post_type=product&#038;p=63726"},"modified":"2026-03-12T10:10:30","modified_gmt":"2026-03-12T09:10:30","slug":"outlet-doppelte-fahrradtasche-azurblau","status":"publish","type":"product","link":"https:\/\/clarijs-fietstassen.nl\/de\/produkt\/outlet-doppelte-fahrradtasche-azurblau\/","title":{"rendered":"Outlet &#8211; Doppelte Fahrradtasche Azureblau"},"content":{"rendered":"<p data-start=\"180\" data-end=\"535\">Die Outlet \u2013 Doppelte Fahrradtasche Azureblau ist eine handgefertigte und voll funktionsf\u00e4hige Fahrradtasche von Clarijs. Dieses Exemplar weist kleine Sch\u00f6nheitsfehler wie leichte Kratzer auf und geh\u00f6rt daher zu unserem Outlet. Mit 35% Rabatt genie\u00dfen Sie dieselbe Qualit\u00e4t und Haltbarkeit \u2013 jetzt besonders g\u00fcnstig.  <\/p>\n<p data-start=\"537\" data-end=\"871\">Die Tasche ist in der Farbe Blau gehalten. Ihr ger\u00e4umiges Fassungsverm\u00f6gen in Gr\u00f6\u00dfe gen\u00fcgend Platz f\u00fcr Lebensmittel, Sportausr\u00fcstung oder Ihre t\u00e4glichen Arbeitsutensilien. Dank der robusten Materialien und der guten Verarbeitung kann die Tasche Wind und Wetter trotzen und ist somit perfekt f\u00fcr den t\u00e4glichen Gebrauch geeignet.  <\/p>\n<p data-start=\"873\" data-end=\"1070\">Wie alle Clarijs Fahrradtaschen wird auch dieses Outlet-Modell in den Niederlanden aus hochwertigen EU-Materialien handgefertigt. Mit diesem Outlet-Angebot erhalten Sie Spitzenqualit\u00e4t zu einem reduzierten Preis. <\/p>\n<p data-start=\"1082\" data-end=\"1143\"><strong data-start=\"1082\" data-end=\"1141\">Sind Outlet-Fahrradtaschen trotzdem von guter Qualit\u00e4t?<\/strong><\/p>\n<p data-start=\"1082\" data-end=\"1143\">Ja, unsere Outlet-Fahrradtaschen bieten die gleiche Funktionalit\u00e4t und Qualit\u00e4t wie die regul\u00e4ren Modelle.<\/p>\n<ul data-start=\"1144\" data-end=\"1336\">\n<li data-start=\"1144\" data-end=\"1206\">\n<p data-start=\"1146\" data-end=\"1206\">Outlet-Modell mit 35% Rabatt aufgrund kleiner Sch\u00f6nheitsfehler<\/p>\n<\/li>\n<li data-start=\"1144\" data-end=\"1206\">Frische Azure-Version<\/li>\n<li data-start=\"1207\" data-end=\"1257\">\n<p data-start=\"1209\" data-end=\"1257\">Handgefertigt in den Niederlanden aus starken Materialien<\/p>\n<\/li>\n<li data-start=\"1258\" data-end=\"1284\">\n<p data-start=\"1260\" data-end=\"1284\">Gr\u00f6\u00dfe: Innen 36 \u00d7 18 \u00d7 32 cm | Au\u00dfen 40 \u00d7 20 \u00d7 33 cm<\/p>\n<\/li>\n<\/ul>\n<p data-start=\"1072\" data-end=\"1088\">\n","protected":false},"excerpt":{"rendered":"<p>Die Outlet \u2013 Doppelte Fahrradtasche Azureblau ist eine handgefertigte und voll funktionsf\u00e4hige Fahrradtasche von Clarijs. Dieses Exemplar weist kleine Sch\u00f6nheitsfehler wie leichte Kratzer auf und geh\u00f6rt daher zu unserem Outlet. Mit 35% Rabatt genie\u00dfen Sie dieselbe Qualit\u00e4t und Haltbarkeit \u2013 jetzt besonders g\u00fcnstig. Die Tasche ist in der Farbe Blau gehalten. Ihr ger\u00e4umiges Fassungsverm\u00f6gen in [&hellip;]<\/p>\n","protected":false},"featured_media":63730,"comment_status":"open","ping_status":"closed","template":"","meta":{"_acf_changed":false,"_et_pb_use_builder":"","_et_pb_old_content":"","_et_gb_content_width":""},"product_brand":[],"product_cat":[879,714,939],"product_tag":[],"class_list":{"0":"post-63726","1":"product","2":"type-product","3":"status-publish","4":"has-post-thumbnail","6":"product_cat-deals","7":"product_cat-doppelte-fahrradtaschen","8":"product_cat-de-outlet","10":"first","11":"instock","12":"sold-individually","13":"taxable","14":"shipping-taxable","15":"purchasable","16":"product-type-simple"},"acf":[],"yoast_head":"<!-- This site is optimized with the Yoast SEO Premium plugin v27.2 (Yoast SEO v27.3) - https:\/\/yoast.com\/product\/yoast-seo-premium-wordpress\/ -->\n<title>Outlet - Doppelte Fahrradtasche Azureblau - Clarijs Fietstassen<\/title>\n<meta name=\"description\" content=\"Outlet dubbele fietstas Azuurblauw met 35% korting. Handgemaakt in Nederland, duurzaam en extra scherp geprijsd. Bestellen Sie jetzt!\" \/>\n<meta name=\"robots\" content=\"index, follow, max-snippet:-1, max-image-preview:large, max-video-preview:-1\" \/>\n<link rel=\"canonical\" href=\"https:\/\/clarijs-fietstassen.nl\/de\/produkt\/outlet-doppelte-fahrradtasche-azurblau\/\" \/>\n<meta property=\"og:locale\" content=\"de_DE\" \/>\n<meta property=\"og:type\" content=\"article\" \/>\n<meta property=\"og:title\" content=\"Outlet - Doppelte Fahrradtasche Azureblau\" \/>\n<meta property=\"og:description\" content=\"Outlet dubbele fietstas Azuurblauw met 35% korting. Handgemaakt in Nederland, duurzaam en extra scherp geprijsd. Bestellen Sie jetzt!\" \/>\n<meta property=\"og:url\" content=\"https:\/\/clarijs-fietstassen.nl\/de\/produkt\/outlet-doppelte-fahrradtasche-azurblau\/\" \/>\n<meta property=\"og:site_name\" content=\"Clarijs Fietstassen\" \/>\n<meta property=\"article:publisher\" content=\"https:\/\/www.facebook.com\/clarijs1948\/\" \/>\n<meta property=\"article:modified_time\" content=\"2026-03-12T09:10:30+00:00\" \/>\n<meta property=\"og:image\" content=\"https:\/\/clarijs-fietstassen.nl\/wp-content\/uploads\/2026\/02\/Outlet-Dubbele-Fietstas-Azuurblauw.png\" \/>\n\t<meta property=\"og:image:width\" content=\"1000\" \/>\n\t<meta property=\"og:image:height\" content=\"1000\" \/>\n\t<meta property=\"og:image:type\" content=\"image\/png\" \/>\n<meta name=\"twitter:card\" content=\"summary_large_image\" \/>\n<meta name=\"twitter:label1\" content=\"Preis\" \/>\n\t<meta name=\"twitter:data1\" content=\"&euro;44.85\" \/>\n\t<meta name=\"twitter:label2\" content=\"Verf\u00fcgbarkeit\" \/>\n\t<meta name=\"twitter:data2\" content=\"Auf Lager\" \/>\n<script type=\"application\/ld+json\" class=\"yoast-schema-graph\">{\"@context\":\"https:\\\/\\\/schema.org\",\"@graph\":[{\"@type\":\"WebPage\",\"@id\":\"https:\\\/\\\/clarijs-fietstassen.nl\\\/de\\\/produkt\\\/outlet-doppelte-fahrradtasche-azurblau\\\/\",\"url\":\"https:\\\/\\\/clarijs-fietstassen.nl\\\/de\\\/produkt\\\/outlet-doppelte-fahrradtasche-azurblau\\\/\",\"name\":\"Outlet - Doppelte Fahrradtasche Azureblau - Clarijs Fietstassen\",\"isPartOf\":{\"@id\":\"https:\\\/\\\/clarijs-fietstassen.nl\\\/de\\\/#website\"},\"primaryImageOfPage\":{\"@id\":\"https:\\\/\\\/clarijs-fietstassen.nl\\\/de\\\/produkt\\\/outlet-doppelte-fahrradtasche-azurblau\\\/#primaryimage\"},\"image\":{\"@id\":\"https:\\\/\\\/clarijs-fietstassen.nl\\\/de\\\/produkt\\\/outlet-doppelte-fahrradtasche-azurblau\\\/#primaryimage\"},\"thumbnailUrl\":\"https:\\\/\\\/clarijs-fietstassen.nl\\\/wp-content\\\/uploads\\\/2026\\\/02\\\/Outlet-Dubbele-Fietstas-Azuurblauw.png\",\"datePublished\":\"2026-02-25T08:35:50+00:00\",\"dateModified\":\"2026-03-12T09:10:30+00:00\",\"description\":\"Outlet dubbele fietstas Azuurblauw met 35% korting. Handgemaakt in Nederland, duurzaam en extra scherp geprijsd. Bestellen Sie jetzt!\",\"breadcrumb\":{\"@id\":\"https:\\\/\\\/clarijs-fietstassen.nl\\\/de\\\/produkt\\\/outlet-doppelte-fahrradtasche-azurblau\\\/#breadcrumb\"},\"inLanguage\":\"de\",\"potentialAction\":[{\"@type\":\"ReadAction\",\"target\":[\"https:\\\/\\\/clarijs-fietstassen.nl\\\/de\\\/produkt\\\/outlet-doppelte-fahrradtasche-azurblau\\\/\"]}]},{\"@type\":\"ImageObject\",\"inLanguage\":\"de\",\"@id\":\"https:\\\/\\\/clarijs-fietstassen.nl\\\/de\\\/produkt\\\/outlet-doppelte-fahrradtasche-azurblau\\\/#primaryimage\",\"url\":\"https:\\\/\\\/clarijs-fietstassen.nl\\\/wp-content\\\/uploads\\\/2026\\\/02\\\/Outlet-Dubbele-Fietstas-Azuurblauw.png\",\"contentUrl\":\"https:\\\/\\\/clarijs-fietstassen.nl\\\/wp-content\\\/uploads\\\/2026\\\/02\\\/Outlet-Dubbele-Fietstas-Azuurblauw.png\",\"width\":1000,\"height\":1000},{\"@type\":\"BreadcrumbList\",\"@id\":\"https:\\\/\\\/clarijs-fietstassen.nl\\\/de\\\/produkt\\\/outlet-doppelte-fahrradtasche-azurblau\\\/#breadcrumb\",\"itemListElement\":[{\"@type\":\"ListItem\",\"position\":1,\"name\":\"Home\",\"item\":\"https:\\\/\\\/clarijs-fietstassen.nl\\\/de\\\/\"},{\"@type\":\"ListItem\",\"position\":2,\"name\":\"Shop\",\"item\":\"https:\\\/\\\/clarijs-fietstassen.nl\\\/de\\\/shop\\\/\"},{\"@type\":\"ListItem\",\"position\":3,\"name\":\"Deals\",\"item\":\"https:\\\/\\\/clarijs-fietstassen.nl\\\/deals\\\/\"},{\"@type\":\"ListItem\",\"position\":4,\"name\":\"Outlet &#8211; Doppelte Fahrradtasche Azureblau\"}]},{\"@type\":\"WebSite\",\"@id\":\"https:\\\/\\\/clarijs-fietstassen.nl\\\/de\\\/#website\",\"url\":\"https:\\\/\\\/clarijs-fietstassen.nl\\\/de\\\/\",\"name\":\"Clarijs Fietstassen\",\"description\":\"Kwaliteit &amp; ambacht sinds 1948\",\"publisher\":{\"@id\":\"https:\\\/\\\/clarijs-fietstassen.nl\\\/de\\\/#organization\"},\"potentialAction\":[{\"@type\":\"SearchAction\",\"target\":{\"@type\":\"EntryPoint\",\"urlTemplate\":\"https:\\\/\\\/clarijs-fietstassen.nl\\\/de\\\/?s={search_term_string}\"},\"query-input\":{\"@type\":\"PropertyValueSpecification\",\"valueRequired\":true,\"valueName\":\"search_term_string\"}}],\"inLanguage\":\"de\"},{\"@type\":\"Organization\",\"@id\":\"https:\\\/\\\/clarijs-fietstassen.nl\\\/de\\\/#organization\",\"name\":\"Clarijs Fietstassen\",\"url\":\"https:\\\/\\\/clarijs-fietstassen.nl\\\/de\\\/\",\"logo\":{\"@type\":\"ImageObject\",\"inLanguage\":\"de\",\"@id\":\"https:\\\/\\\/clarijs-fietstassen.nl\\\/de\\\/#\\\/schema\\\/logo\\\/image\\\/\",\"url\":\"https:\\\/\\\/clarijs-fietstassen.nl\\\/wp-content\\\/uploads\\\/2024\\\/01\\\/clarijs-logo-met-rand.jpg\",\"contentUrl\":\"https:\\\/\\\/clarijs-fietstassen.nl\\\/wp-content\\\/uploads\\\/2024\\\/01\\\/clarijs-logo-met-rand.jpg\",\"width\":560,\"height\":266,\"caption\":\"Clarijs Fietstassen\"},\"image\":{\"@id\":\"https:\\\/\\\/clarijs-fietstassen.nl\\\/de\\\/#\\\/schema\\\/logo\\\/image\\\/\"},\"sameAs\":[\"https:\\\/\\\/www.facebook.com\\\/clarijs1948\\\/\",\"https:\\\/\\\/www.instagram.com\\\/clarijscovers\\\/\"]}]}<\/script>\n<meta property=\"product:price:amount\" content=\"44.85\" \/>\n<meta property=\"product:price:currency\" content=\"EUR\" \/>\n<meta property=\"og:availability\" content=\"instock\" \/>\n<meta property=\"product:availability\" content=\"instock\" \/>\n<meta property=\"product:retailer_item_id\" content=\"6026\" \/>\n<meta property=\"product:condition\" content=\"new\" \/>\n<!-- \/ Yoast SEO Premium plugin. -->","yoast_head_json":{"title":"Outlet - Doppelte Fahrradtasche Azureblau - Clarijs Fietstassen","description":"Outlet dubbele fietstas Azuurblauw met 35% korting. Handgemaakt in Nederland, duurzaam en extra scherp geprijsd. Bestellen Sie jetzt!","robots":{"index":"index","follow":"follow","max-snippet":"max-snippet:-1","max-image-preview":"max-image-preview:large","max-video-preview":"max-video-preview:-1"},"canonical":"https:\/\/clarijs-fietstassen.nl\/de\/produkt\/outlet-doppelte-fahrradtasche-azurblau\/","og_locale":"de_DE","og_type":"article","og_title":"Outlet - Doppelte Fahrradtasche Azureblau","og_description":"Outlet dubbele fietstas Azuurblauw met 35% korting. Handgemaakt in Nederland, duurzaam en extra scherp geprijsd. Bestellen Sie jetzt!","og_url":"https:\/\/clarijs-fietstassen.nl\/de\/produkt\/outlet-doppelte-fahrradtasche-azurblau\/","og_site_name":"Clarijs Fietstassen","article_publisher":"https:\/\/www.facebook.com\/clarijs1948\/","article_modified_time":"2026-03-12T09:10:30+00:00","og_image":[{"width":1000,"height":1000,"url":"https:\/\/clarijs-fietstassen.nl\/wp-content\/uploads\/2026\/02\/Outlet-Dubbele-Fietstas-Azuurblauw.png","type":"image\/png"}],"twitter_card":"summary_large_image","twitter_misc":{"Preis":"&euro;44.85","Verf\u00fcgbarkeit":"Auf Lager"},"schema":{"@context":"https:\/\/schema.org","@graph":[{"@type":"WebPage","@id":"https:\/\/clarijs-fietstassen.nl\/de\/produkt\/outlet-doppelte-fahrradtasche-azurblau\/","url":"https:\/\/clarijs-fietstassen.nl\/de\/produkt\/outlet-doppelte-fahrradtasche-azurblau\/","name":"Outlet - Doppelte Fahrradtasche Azureblau - Clarijs Fietstassen","isPartOf":{"@id":"https:\/\/clarijs-fietstassen.nl\/de\/#website"},"primaryImageOfPage":{"@id":"https:\/\/clarijs-fietstassen.nl\/de\/produkt\/outlet-doppelte-fahrradtasche-azurblau\/#primaryimage"},"image":{"@id":"https:\/\/clarijs-fietstassen.nl\/de\/produkt\/outlet-doppelte-fahrradtasche-azurblau\/#primaryimage"},"thumbnailUrl":"https:\/\/clarijs-fietstassen.nl\/wp-content\/uploads\/2026\/02\/Outlet-Dubbele-Fietstas-Azuurblauw.png","datePublished":"2026-02-25T08:35:50+00:00","dateModified":"2026-03-12T09:10:30+00:00","description":"Outlet dubbele fietstas Azuurblauw met 35% korting. Handgemaakt in Nederland, duurzaam en extra scherp geprijsd. Bestellen Sie jetzt!","breadcrumb":{"@id":"https:\/\/clarijs-fietstassen.nl\/de\/produkt\/outlet-doppelte-fahrradtasche-azurblau\/#breadcrumb"},"inLanguage":"de","potentialAction":[{"@type":"ReadAction","target":["https:\/\/clarijs-fietstassen.nl\/de\/produkt\/outlet-doppelte-fahrradtasche-azurblau\/"]}]},{"@type":"ImageObject","inLanguage":"de","@id":"https:\/\/clarijs-fietstassen.nl\/de\/produkt\/outlet-doppelte-fahrradtasche-azurblau\/#primaryimage","url":"https:\/\/clarijs-fietstassen.nl\/wp-content\/uploads\/2026\/02\/Outlet-Dubbele-Fietstas-Azuurblauw.png","contentUrl":"https:\/\/clarijs-fietstassen.nl\/wp-content\/uploads\/2026\/02\/Outlet-Dubbele-Fietstas-Azuurblauw.png","width":1000,"height":1000},{"@type":"BreadcrumbList","@id":"https:\/\/clarijs-fietstassen.nl\/de\/produkt\/outlet-doppelte-fahrradtasche-azurblau\/#breadcrumb","itemListElement":[{"@type":"ListItem","position":1,"name":"Home","item":"https:\/\/clarijs-fietstassen.nl\/de\/"},{"@type":"ListItem","position":2,"name":"Shop","item":"https:\/\/clarijs-fietstassen.nl\/de\/shop\/"},{"@type":"ListItem","position":3,"name":"Deals","item":"https:\/\/clarijs-fietstassen.nl\/deals\/"},{"@type":"ListItem","position":4,"name":"Outlet &#8211; Doppelte Fahrradtasche Azureblau"}]},{"@type":"WebSite","@id":"https:\/\/clarijs-fietstassen.nl\/de\/#website","url":"https:\/\/clarijs-fietstassen.nl\/de\/","name":"Clarijs Fietstassen","description":"Kwaliteit &amp; ambacht sinds 1948","publisher":{"@id":"https:\/\/clarijs-fietstassen.nl\/de\/#organization"},"potentialAction":[{"@type":"SearchAction","target":{"@type":"EntryPoint","urlTemplate":"https:\/\/clarijs-fietstassen.nl\/de\/?s={search_term_string}"},"query-input":{"@type":"PropertyValueSpecification","valueRequired":true,"valueName":"search_term_string"}}],"inLanguage":"de"},{"@type":"Organization","@id":"https:\/\/clarijs-fietstassen.nl\/de\/#organization","name":"Clarijs Fietstassen","url":"https:\/\/clarijs-fietstassen.nl\/de\/","logo":{"@type":"ImageObject","inLanguage":"de","@id":"https:\/\/clarijs-fietstassen.nl\/de\/#\/schema\/logo\/image\/","url":"https:\/\/clarijs-fietstassen.nl\/wp-content\/uploads\/2024\/01\/clarijs-logo-met-rand.jpg","contentUrl":"https:\/\/clarijs-fietstassen.nl\/wp-content\/uploads\/2024\/01\/clarijs-logo-met-rand.jpg","width":560,"height":266,"caption":"Clarijs Fietstassen"},"image":{"@id":"https:\/\/clarijs-fietstassen.nl\/de\/#\/schema\/logo\/image\/"},"sameAs":["https:\/\/www.facebook.com\/clarijs1948\/","https:\/\/www.instagram.com\/clarijscovers\/"]}]},"product_price_amount":"44.85","product_price_currency":"EUR","og_availability":"instock","product_availability":"instock","product_retailer_item_id":"6026","product_condition":"new"},"_links":{"self":[{"href":"https:\/\/clarijs-fietstassen.nl\/de\/wp-json\/wp\/v2\/product\/63726","targetHints":{"allow":["GET"]}}],"collection":[{"href":"https:\/\/clarijs-fietstassen.nl\/de\/wp-json\/wp\/v2\/product"}],"about":[{"href":"https:\/\/clarijs-fietstassen.nl\/de\/wp-json\/wp\/v2\/types\/product"}],"replies":[{"embeddable":true,"href":"https:\/\/clarijs-fietstassen.nl\/de\/wp-json\/wp\/v2\/comments?post=63726"}],"wp:featuredmedia":[{"embeddable":true,"href":"https:\/\/clarijs-fietstassen.nl\/de\/wp-json\/wp\/v2\/media\/63730"}],"wp:attachment":[{"href":"https:\/\/clarijs-fietstassen.nl\/de\/wp-json\/wp\/v2\/media?parent=63726"}],"wp:term":[{"taxonomy":"product_brand","embeddable":true,"href":"https:\/\/clarijs-fietstassen.nl\/de\/wp-json\/wp\/v2\/product_brand?post=63726"},{"taxonomy":"product_cat","embeddable":true,"href":"https:\/\/clarijs-fietstassen.nl\/de\/wp-json\/wp\/v2\/product_cat?post=63726"},{"taxonomy":"product_tag","embeddable":true,"href":"https:\/\/clarijs-fietstassen.nl\/de\/wp-json\/wp\/v2\/product_tag?post=63726"}],"curies":[{"name":"wp","href":"https:\/\/api.w.org\/{rel}","templated":true}]}}