{"id":63767,"date":"2026-02-25T12:03:28","date_gmt":"2026-02-25T11:03:28","guid":{"rendered":"https:\/\/clarijs-fietstassen.nl\/?post_type=product&#038;p=63767"},"modified":"2026-02-25T12:03:29","modified_gmt":"2026-02-25T11:03:29","slug":"steco-gepacktrager-erweiterung-tass-mee","status":"publish","type":"product","link":"https:\/\/clarijs-fietstassen.nl\/de\/produkt\/steco-gepacktrager-erweiterung-tass-mee\/","title":{"rendered":"Steco Gep\u00e4cktr\u00e4ger Erweiterung Tass-Mee"},"content":{"rendered":"<p>Der Steco Gep\u00e4cktr\u00e4gerverl\u00e4ngerer Tas-Mee erm\u00f6glicht die Nutzung von Doppelfahrradtaschen in Kombination mit einem Kindersitz. Die Verl\u00e4ngerung schafft zus\u00e4tzlichen Platz hinter dem Sattel, sodass die Taschen frei h\u00e4ngen und nicht gegen den Sitz dr\u00fccken. Der Tas-Mee passt auf nahezu alle Gep\u00e4cktr\u00e4ger, ist einfach zu montieren und sorgt dank der Reflektorhalterung f\u00fcr gute Sichtbarkeit im Stra\u00dfenverkehr. Die maximale Belastung betr\u00e4gt 10 kg. Eine praktische L\u00f6sung f\u00fcr alle, die sicher mit ausreichend Gep\u00e4ckraum unterwegs sein m\u00f6chten.    <\/p>\n<p>Bestellen Sie noch heute die Steco Gep\u00e4cktr\u00e4gererweiterung Bag-Mee und kombinieren Sie ganz einfach einen Kindersitz mit Doppelpacktaschen an Ihrem Fahrrad.<\/p>\n","protected":false},"excerpt":{"rendered":"<p>Der Steco Gep\u00e4cktr\u00e4gerverl\u00e4ngerer Tas-Mee erm\u00f6glicht die Nutzung von Doppelfahrradtaschen in Kombination mit einem Kindersitz. Die Verl\u00e4ngerung schafft zus\u00e4tzlichen Platz hinter dem Sattel, sodass die Taschen frei h\u00e4ngen und nicht gegen den Sitz dr\u00fccken. Der Tas-Mee passt auf nahezu alle Gep\u00e4cktr\u00e4ger, ist einfach zu montieren und sorgt dank der Reflektorhalterung f\u00fcr gute Sichtbarkeit im Stra\u00dfenverkehr. Die [&hellip;]<\/p>\n","protected":false},"featured_media":63100,"comment_status":"open","ping_status":"closed","template":"","meta":{"_acf_changed":false,"_et_pb_use_builder":"","_et_pb_old_content":"","_et_gb_content_width":""},"product_brand":[],"product_cat":[723,684],"product_tag":[],"class_list":{"0":"post-63767","1":"product","2":"type-product","3":"status-publish","4":"has-post-thumbnail","6":"product_cat-fahrradzubehor","7":"product_cat-zubehor","8":"pa_kleur-grau","9":"pa_kleur-schwarz","11":"first","12":"instock","13":"taxable","14":"shipping-taxable","15":"purchasable","16":"product-type-variable"},"acf":[],"yoast_head":"<!-- This site is optimized with the Yoast SEO Premium plugin v27.2 (Yoast SEO v27.3) - https:\/\/yoast.com\/product\/yoast-seo-premium-wordpress\/ -->\n<title>Steco Gep\u00e4cktr\u00e4ger Erweiterung Tass-Mee - Clarijs Fietstassen<\/title>\n<meta name=\"description\" content=\"Steco Gep\u00e4cktr\u00e4gererweiterung Tass-Mee? kaufen. Kombinieren Sie ganz einfach einen Kindersitz mit zwei Gep\u00e4cktaschen. Passt auf fast jeden Gep\u00e4cktr\u00e4ger.\" \/>\n<meta name=\"robots\" content=\"index, follow, max-snippet:-1, max-image-preview:large, max-video-preview:-1\" \/>\n<link rel=\"canonical\" href=\"https:\/\/clarijs-fietstassen.nl\/de\/produkt\/steco-gepacktrager-erweiterung-tass-mee\/\" \/>\n<meta property=\"og:locale\" content=\"de_DE\" \/>\n<meta property=\"og:type\" content=\"article\" \/>\n<meta property=\"og:title\" content=\"Steco Gep\u00e4cktr\u00e4ger Erweiterung Tass-Mee\" \/>\n<meta property=\"og:description\" content=\"Steco Gep\u00e4cktr\u00e4gererweiterung Tass-Mee? kaufen. Kombinieren Sie ganz einfach einen Kindersitz mit zwei Gep\u00e4cktaschen. Passt auf fast jeden Gep\u00e4cktr\u00e4ger.\" \/>\n<meta property=\"og:url\" content=\"https:\/\/clarijs-fietstassen.nl\/de\/produkt\/steco-gepacktrager-erweiterung-tass-mee\/\" \/>\n<meta property=\"og:site_name\" content=\"Clarijs Fietstassen\" \/>\n<meta property=\"article:publisher\" content=\"https:\/\/www.facebook.com\/clarijs1948\/\" \/>\n<meta property=\"article:modified_time\" content=\"2026-02-25T11:03:29+00:00\" \/>\n<meta property=\"og:image\" content=\"https:\/\/clarijs-fietstassen.nl\/wp-content\/uploads\/2026\/02\/Steco-dragerverlenger-TasMee-zwart.png\" \/>\n\t<meta property=\"og:image:width\" content=\"1000\" \/>\n\t<meta property=\"og:image:height\" content=\"1000\" \/>\n\t<meta property=\"og:image:type\" content=\"image\/png\" \/>\n<meta name=\"twitter:card\" content=\"summary_large_image\" \/>\n<meta name=\"twitter:label1\" content=\"Verf\u00fcgbarkeit\" \/>\n\t<meta name=\"twitter:data1\" content=\"Auf Lager\" \/>\n<script type=\"application\/ld+json\" class=\"yoast-schema-graph\">{\"@context\":\"https:\\\/\\\/schema.org\",\"@graph\":[{\"@type\":\"WebPage\",\"@id\":\"https:\\\/\\\/clarijs-fietstassen.nl\\\/de\\\/produkt\\\/steco-gepacktrager-erweiterung-tass-mee\\\/\",\"url\":\"https:\\\/\\\/clarijs-fietstassen.nl\\\/de\\\/produkt\\\/steco-gepacktrager-erweiterung-tass-mee\\\/\",\"name\":\"Steco Gep\u00e4cktr\u00e4ger Erweiterung Tass-Mee - Clarijs Fietstassen\",\"isPartOf\":{\"@id\":\"https:\\\/\\\/clarijs-fietstassen.nl\\\/de\\\/#website\"},\"primaryImageOfPage\":{\"@id\":\"https:\\\/\\\/clarijs-fietstassen.nl\\\/de\\\/produkt\\\/steco-gepacktrager-erweiterung-tass-mee\\\/#primaryimage\"},\"image\":{\"@id\":\"https:\\\/\\\/clarijs-fietstassen.nl\\\/de\\\/produkt\\\/steco-gepacktrager-erweiterung-tass-mee\\\/#primaryimage\"},\"thumbnailUrl\":\"https:\\\/\\\/clarijs-fietstassen.nl\\\/wp-content\\\/uploads\\\/2026\\\/02\\\/Steco-dragerverlenger-TasMee-zwart.png\",\"datePublished\":\"2026-02-25T11:03:28+00:00\",\"dateModified\":\"2026-02-25T11:03:29+00:00\",\"description\":\"Steco Gep\u00e4cktr\u00e4gererweiterung Tass-Mee? kaufen. Kombinieren Sie ganz einfach einen Kindersitz mit zwei Gep\u00e4cktaschen. Passt auf fast jeden Gep\u00e4cktr\u00e4ger.\",\"breadcrumb\":{\"@id\":\"https:\\\/\\\/clarijs-fietstassen.nl\\\/de\\\/produkt\\\/steco-gepacktrager-erweiterung-tass-mee\\\/#breadcrumb\"},\"inLanguage\":\"de\",\"potentialAction\":[{\"@type\":\"ReadAction\",\"target\":[\"https:\\\/\\\/clarijs-fietstassen.nl\\\/de\\\/produkt\\\/steco-gepacktrager-erweiterung-tass-mee\\\/\"]}]},{\"@type\":\"ImageObject\",\"inLanguage\":\"de\",\"@id\":\"https:\\\/\\\/clarijs-fietstassen.nl\\\/de\\\/produkt\\\/steco-gepacktrager-erweiterung-tass-mee\\\/#primaryimage\",\"url\":\"https:\\\/\\\/clarijs-fietstassen.nl\\\/wp-content\\\/uploads\\\/2026\\\/02\\\/Steco-dragerverlenger-TasMee-zwart.png\",\"contentUrl\":\"https:\\\/\\\/clarijs-fietstassen.nl\\\/wp-content\\\/uploads\\\/2026\\\/02\\\/Steco-dragerverlenger-TasMee-zwart.png\",\"width\":1000,\"height\":1000,\"caption\":\"Steco Gep\u00e4cktr\u00e4gererweiterung TasMee- schwarz\"},{\"@type\":\"BreadcrumbList\",\"@id\":\"https:\\\/\\\/clarijs-fietstassen.nl\\\/de\\\/produkt\\\/steco-gepacktrager-erweiterung-tass-mee\\\/#breadcrumb\",\"itemListElement\":[{\"@type\":\"ListItem\",\"position\":1,\"name\":\"Home\",\"item\":\"https:\\\/\\\/clarijs-fietstassen.nl\\\/de\\\/\"},{\"@type\":\"ListItem\",\"position\":2,\"name\":\"Shop\",\"item\":\"https:\\\/\\\/clarijs-fietstassen.nl\\\/de\\\/shop\\\/\"},{\"@type\":\"ListItem\",\"position\":3,\"name\":\"Fiets Accessoires\",\"item\":\"https:\\\/\\\/clarijs-fietstassen.nl\\\/fiets-accessoires\\\/\"},{\"@type\":\"ListItem\",\"position\":4,\"name\":\"Steco Gep\u00e4cktr\u00e4ger Erweiterung Tass-Mee\"}]},{\"@type\":\"WebSite\",\"@id\":\"https:\\\/\\\/clarijs-fietstassen.nl\\\/de\\\/#website\",\"url\":\"https:\\\/\\\/clarijs-fietstassen.nl\\\/de\\\/\",\"name\":\"Clarijs Fietstassen\",\"description\":\"Kwaliteit &amp; ambacht sinds 1948\",\"publisher\":{\"@id\":\"https:\\\/\\\/clarijs-fietstassen.nl\\\/de\\\/#organization\"},\"potentialAction\":[{\"@type\":\"SearchAction\",\"target\":{\"@type\":\"EntryPoint\",\"urlTemplate\":\"https:\\\/\\\/clarijs-fietstassen.nl\\\/de\\\/?s={search_term_string}\"},\"query-input\":{\"@type\":\"PropertyValueSpecification\",\"valueRequired\":true,\"valueName\":\"search_term_string\"}}],\"inLanguage\":\"de\"},{\"@type\":\"Organization\",\"@id\":\"https:\\\/\\\/clarijs-fietstassen.nl\\\/de\\\/#organization\",\"name\":\"Clarijs Fietstassen\",\"url\":\"https:\\\/\\\/clarijs-fietstassen.nl\\\/de\\\/\",\"logo\":{\"@type\":\"ImageObject\",\"inLanguage\":\"de\",\"@id\":\"https:\\\/\\\/clarijs-fietstassen.nl\\\/de\\\/#\\\/schema\\\/logo\\\/image\\\/\",\"url\":\"https:\\\/\\\/clarijs-fietstassen.nl\\\/wp-content\\\/uploads\\\/2024\\\/01\\\/clarijs-logo-met-rand.jpg\",\"contentUrl\":\"https:\\\/\\\/clarijs-fietstassen.nl\\\/wp-content\\\/uploads\\\/2024\\\/01\\\/clarijs-logo-met-rand.jpg\",\"width\":560,\"height\":266,\"caption\":\"Clarijs Fietstassen\"},\"image\":{\"@id\":\"https:\\\/\\\/clarijs-fietstassen.nl\\\/de\\\/#\\\/schema\\\/logo\\\/image\\\/\"},\"sameAs\":[\"https:\\\/\\\/www.facebook.com\\\/clarijs1948\\\/\",\"https:\\\/\\\/www.instagram.com\\\/clarijscovers\\\/\"]}]}<\/script>\n<meta property=\"og:availability\" content=\"instock\" \/>\n<meta property=\"product:availability\" content=\"instock\" \/>\n<meta property=\"product:condition\" content=\"new\" \/>\n<!-- \/ Yoast SEO Premium plugin. -->","yoast_head_json":{"title":"Steco Gep\u00e4cktr\u00e4ger Erweiterung Tass-Mee - Clarijs Fietstassen","description":"Steco Gep\u00e4cktr\u00e4gererweiterung Tass-Mee? kaufen. Kombinieren Sie ganz einfach einen Kindersitz mit zwei Gep\u00e4cktaschen. Passt auf fast jeden Gep\u00e4cktr\u00e4ger.","robots":{"index":"index","follow":"follow","max-snippet":"max-snippet:-1","max-image-preview":"max-image-preview:large","max-video-preview":"max-video-preview:-1"},"canonical":"https:\/\/clarijs-fietstassen.nl\/de\/produkt\/steco-gepacktrager-erweiterung-tass-mee\/","og_locale":"de_DE","og_type":"article","og_title":"Steco Gep\u00e4cktr\u00e4ger Erweiterung Tass-Mee","og_description":"Steco Gep\u00e4cktr\u00e4gererweiterung Tass-Mee? kaufen. Kombinieren Sie ganz einfach einen Kindersitz mit zwei Gep\u00e4cktaschen. Passt auf fast jeden Gep\u00e4cktr\u00e4ger.","og_url":"https:\/\/clarijs-fietstassen.nl\/de\/produkt\/steco-gepacktrager-erweiterung-tass-mee\/","og_site_name":"Clarijs Fietstassen","article_publisher":"https:\/\/www.facebook.com\/clarijs1948\/","article_modified_time":"2026-02-25T11:03:29+00:00","og_image":[{"width":1000,"height":1000,"url":"https:\/\/clarijs-fietstassen.nl\/wp-content\/uploads\/2026\/02\/Steco-dragerverlenger-TasMee-zwart.png","type":"image\/png"}],"twitter_card":"summary_large_image","twitter_misc":{"Verf\u00fcgbarkeit":"Auf Lager"},"schema":{"@context":"https:\/\/schema.org","@graph":[{"@type":"WebPage","@id":"https:\/\/clarijs-fietstassen.nl\/de\/produkt\/steco-gepacktrager-erweiterung-tass-mee\/","url":"https:\/\/clarijs-fietstassen.nl\/de\/produkt\/steco-gepacktrager-erweiterung-tass-mee\/","name":"Steco Gep\u00e4cktr\u00e4ger Erweiterung Tass-Mee - Clarijs Fietstassen","isPartOf":{"@id":"https:\/\/clarijs-fietstassen.nl\/de\/#website"},"primaryImageOfPage":{"@id":"https:\/\/clarijs-fietstassen.nl\/de\/produkt\/steco-gepacktrager-erweiterung-tass-mee\/#primaryimage"},"image":{"@id":"https:\/\/clarijs-fietstassen.nl\/de\/produkt\/steco-gepacktrager-erweiterung-tass-mee\/#primaryimage"},"thumbnailUrl":"https:\/\/clarijs-fietstassen.nl\/wp-content\/uploads\/2026\/02\/Steco-dragerverlenger-TasMee-zwart.png","datePublished":"2026-02-25T11:03:28+00:00","dateModified":"2026-02-25T11:03:29+00:00","description":"Steco Gep\u00e4cktr\u00e4gererweiterung Tass-Mee? kaufen. Kombinieren Sie ganz einfach einen Kindersitz mit zwei Gep\u00e4cktaschen. Passt auf fast jeden Gep\u00e4cktr\u00e4ger.","breadcrumb":{"@id":"https:\/\/clarijs-fietstassen.nl\/de\/produkt\/steco-gepacktrager-erweiterung-tass-mee\/#breadcrumb"},"inLanguage":"de","potentialAction":[{"@type":"ReadAction","target":["https:\/\/clarijs-fietstassen.nl\/de\/produkt\/steco-gepacktrager-erweiterung-tass-mee\/"]}]},{"@type":"ImageObject","inLanguage":"de","@id":"https:\/\/clarijs-fietstassen.nl\/de\/produkt\/steco-gepacktrager-erweiterung-tass-mee\/#primaryimage","url":"https:\/\/clarijs-fietstassen.nl\/wp-content\/uploads\/2026\/02\/Steco-dragerverlenger-TasMee-zwart.png","contentUrl":"https:\/\/clarijs-fietstassen.nl\/wp-content\/uploads\/2026\/02\/Steco-dragerverlenger-TasMee-zwart.png","width":1000,"height":1000,"caption":"Steco Gep\u00e4cktr\u00e4gererweiterung TasMee- schwarz"},{"@type":"BreadcrumbList","@id":"https:\/\/clarijs-fietstassen.nl\/de\/produkt\/steco-gepacktrager-erweiterung-tass-mee\/#breadcrumb","itemListElement":[{"@type":"ListItem","position":1,"name":"Home","item":"https:\/\/clarijs-fietstassen.nl\/de\/"},{"@type":"ListItem","position":2,"name":"Shop","item":"https:\/\/clarijs-fietstassen.nl\/de\/shop\/"},{"@type":"ListItem","position":3,"name":"Fiets Accessoires","item":"https:\/\/clarijs-fietstassen.nl\/fiets-accessoires\/"},{"@type":"ListItem","position":4,"name":"Steco Gep\u00e4cktr\u00e4ger Erweiterung Tass-Mee"}]},{"@type":"WebSite","@id":"https:\/\/clarijs-fietstassen.nl\/de\/#website","url":"https:\/\/clarijs-fietstassen.nl\/de\/","name":"Clarijs Fietstassen","description":"Kwaliteit &amp; ambacht sinds 1948","publisher":{"@id":"https:\/\/clarijs-fietstassen.nl\/de\/#organization"},"potentialAction":[{"@type":"SearchAction","target":{"@type":"EntryPoint","urlTemplate":"https:\/\/clarijs-fietstassen.nl\/de\/?s={search_term_string}"},"query-input":{"@type":"PropertyValueSpecification","valueRequired":true,"valueName":"search_term_string"}}],"inLanguage":"de"},{"@type":"Organization","@id":"https:\/\/clarijs-fietstassen.nl\/de\/#organization","name":"Clarijs Fietstassen","url":"https:\/\/clarijs-fietstassen.nl\/de\/","logo":{"@type":"ImageObject","inLanguage":"de","@id":"https:\/\/clarijs-fietstassen.nl\/de\/#\/schema\/logo\/image\/","url":"https:\/\/clarijs-fietstassen.nl\/wp-content\/uploads\/2024\/01\/clarijs-logo-met-rand.jpg","contentUrl":"https:\/\/clarijs-fietstassen.nl\/wp-content\/uploads\/2024\/01\/clarijs-logo-met-rand.jpg","width":560,"height":266,"caption":"Clarijs Fietstassen"},"image":{"@id":"https:\/\/clarijs-fietstassen.nl\/de\/#\/schema\/logo\/image\/"},"sameAs":["https:\/\/www.facebook.com\/clarijs1948\/","https:\/\/www.instagram.com\/clarijscovers\/"]}]},"og_availability":"instock","product_availability":"instock","product_condition":"new"},"_links":{"self":[{"href":"https:\/\/clarijs-fietstassen.nl\/de\/wp-json\/wp\/v2\/product\/63767","targetHints":{"allow":["GET"]}}],"collection":[{"href":"https:\/\/clarijs-fietstassen.nl\/de\/wp-json\/wp\/v2\/product"}],"about":[{"href":"https:\/\/clarijs-fietstassen.nl\/de\/wp-json\/wp\/v2\/types\/product"}],"replies":[{"embeddable":true,"href":"https:\/\/clarijs-fietstassen.nl\/de\/wp-json\/wp\/v2\/comments?post=63767"}],"wp:featuredmedia":[{"embeddable":true,"href":"https:\/\/clarijs-fietstassen.nl\/de\/wp-json\/wp\/v2\/media\/63100"}],"wp:attachment":[{"href":"https:\/\/clarijs-fietstassen.nl\/de\/wp-json\/wp\/v2\/media?parent=63767"}],"wp:term":[{"taxonomy":"product_brand","embeddable":true,"href":"https:\/\/clarijs-fietstassen.nl\/de\/wp-json\/wp\/v2\/product_brand?post=63767"},{"taxonomy":"product_cat","embeddable":true,"href":"https:\/\/clarijs-fietstassen.nl\/de\/wp-json\/wp\/v2\/product_cat?post=63767"},{"taxonomy":"product_tag","embeddable":true,"href":"https:\/\/clarijs-fietstassen.nl\/de\/wp-json\/wp\/v2\/product_tag?post=63767"}],"curies":[{"name":"wp","href":"https:\/\/api.w.org\/{rel}","templated":true}]}}