{"id":63774,"date":"2025-01-26T12:03:08","date_gmt":"2025-01-26T11:03:08","guid":{"rendered":"https:\/\/clarijs-fietstassen.nl\/?post_type=product&#038;p=63774"},"modified":"2026-03-16T12:02:50","modified_gmt":"2026-03-16T11:02:50","slug":"brompton-fronttraeger-mit-griff","status":"publish","type":"product","link":"https:\/\/clarijs-fietstassen.nl\/de\/produkt\/brompton-fronttraeger-mit-griff\/","title":{"rendered":"Brompton Frontgep\u00e4cktr\u00e4ger mit Griff"},"content":{"rendered":"<p>Der Brompton Frontgep\u00e4cktr\u00e4ger<strong> mit Griff<\/strong> ist ein loser Frontgep\u00e4cktr\u00e4ger, der sich mit einer Brompton T-Bag, C-Bag oder einem Faltkorb kombinieren l\u00e4sst. Er erm\u00f6glicht es, die Tasche sicher am Brompton-Gep\u00e4ckclip zu befestigen, so dass Sie Ihr Gep\u00e4ck beim Radfahren stabil und sicher transportieren k\u00f6nnen. Das Modell verf\u00fcgt \u00fcber einen praktischen Griff und ist 400 mm breit und 300 mm hoch. Eine funktionelle L\u00f6sung, um Ihre Brompton-Tasche ordentlich und zuverl\u00e4ssig zu befestigen.<\/p>\n<p>&nbsp;<\/p>\n","protected":false},"excerpt":{"rendered":"<p>Der Brompton Frontgep\u00e4cktr\u00e4ger mit Griff ist ein loser Frontgep\u00e4cktr\u00e4ger, der sich mit einer Brompton T-Bag, C-Bag oder einem Faltkorb kombinieren l\u00e4sst. Er erm\u00f6glicht es, die Tasche sicher am Brompton-Gep\u00e4ckclip zu befestigen, so dass Sie Ihr Gep\u00e4ck beim Radfahren stabil und sicher transportieren k\u00f6nnen. Das Modell verf\u00fcgt \u00fcber einen praktischen Griff und ist 400 mm breit [&hellip;]<\/p>\n","protected":false},"featured_media":63778,"comment_status":"closed","ping_status":"closed","template":"","meta":{"_acf_changed":false,"_et_pb_use_builder":"","_et_pb_old_content":"","_et_gb_content_width":""},"product_brand":[],"product_cat":[723,684],"product_tag":[],"class_list":{"0":"post-63774","1":"product","2":"type-product","3":"status-publish","4":"has-post-thumbnail","6":"product_cat-fahrradzubehor","7":"product_cat-zubehor","8":"pa_geschikt-voor-e-bike-ja-de","9":"pa_kleur-silber-metallic","11":"first","12":"instock","13":"taxable","14":"shipping-taxable","15":"purchasable","16":"product-type-simple"},"acf":[],"yoast_head":"<!-- This site is optimized with the Yoast SEO Premium plugin v27.2 (Yoast SEO v27.3) - https:\/\/yoast.com\/product\/yoast-seo-premium-wordpress\/ -->\n<title>Brompton Frontgep\u00e4cktr\u00e4ger mit Griff - Clarijs Fietstassen<\/title>\n<meta name=\"description\" content=\"Brompton Frontgep\u00e4cktr\u00e4ger mit Lenker kaufen? Zur Montage in T-Bag, C-Bag oder Faltkorb. Befestigen Sie Ihre Tasche sicher am Gep\u00e4ckclip und radeln Sie stabil mit Ihrem Gep\u00e4ck.\" \/>\n<meta name=\"robots\" content=\"index, follow, max-snippet:-1, max-image-preview:large, max-video-preview:-1\" \/>\n<link rel=\"canonical\" href=\"https:\/\/clarijs-fietstassen.nl\/de\/produkt\/brompton-fronttraeger-mit-griff\/\" \/>\n<meta property=\"og:locale\" content=\"de_DE\" \/>\n<meta property=\"og:type\" content=\"article\" \/>\n<meta property=\"og:title\" content=\"Brompton Frontgep\u00e4cktr\u00e4ger mit Griff\" \/>\n<meta property=\"og:description\" content=\"Brompton Frontgep\u00e4cktr\u00e4ger mit Lenker kaufen? Zur Montage in T-Bag, C-Bag oder Faltkorb. Befestigen Sie Ihre Tasche sicher am Gep\u00e4ckclip und radeln Sie stabil mit Ihrem Gep\u00e4ck.\" \/>\n<meta property=\"og:url\" content=\"https:\/\/clarijs-fietstassen.nl\/de\/produkt\/brompton-fronttraeger-mit-griff\/\" \/>\n<meta property=\"og:site_name\" content=\"Clarijs Fietstassen\" \/>\n<meta property=\"article:publisher\" content=\"https:\/\/www.facebook.com\/clarijs1948\/\" \/>\n<meta property=\"article:modified_time\" content=\"2026-03-16T11:02:50+00:00\" \/>\n<meta property=\"og:image\" content=\"https:\/\/clarijs-fietstassen.nl\/wp-content\/uploads\/2026\/02\/brompton-voordrager-met-handvat.png\" \/>\n\t<meta property=\"og:image:width\" content=\"1000\" \/>\n\t<meta property=\"og:image:height\" content=\"1000\" \/>\n\t<meta property=\"og:image:type\" content=\"image\/png\" \/>\n<meta name=\"twitter:card\" content=\"summary_large_image\" \/>\n<meta name=\"twitter:label1\" content=\"Preis\" \/>\n\t<meta name=\"twitter:data1\" content=\"&euro;42.50\" \/>\n\t<meta name=\"twitter:label2\" content=\"Verf\u00fcgbarkeit\" \/>\n\t<meta name=\"twitter:data2\" content=\"Auf Lager\" \/>\n<script type=\"application\/ld+json\" class=\"yoast-schema-graph\">{\"@context\":\"https:\\\/\\\/schema.org\",\"@graph\":[{\"@type\":\"WebPage\",\"@id\":\"https:\\\/\\\/clarijs-fietstassen.nl\\\/de\\\/produkt\\\/brompton-fronttraeger-mit-griff\\\/\",\"url\":\"https:\\\/\\\/clarijs-fietstassen.nl\\\/de\\\/produkt\\\/brompton-fronttraeger-mit-griff\\\/\",\"name\":\"Brompton Frontgep\u00e4cktr\u00e4ger mit Griff - Clarijs Fietstassen\",\"isPartOf\":{\"@id\":\"https:\\\/\\\/clarijs-fietstassen.nl\\\/de\\\/#website\"},\"primaryImageOfPage\":{\"@id\":\"https:\\\/\\\/clarijs-fietstassen.nl\\\/de\\\/produkt\\\/brompton-fronttraeger-mit-griff\\\/#primaryimage\"},\"image\":{\"@id\":\"https:\\\/\\\/clarijs-fietstassen.nl\\\/de\\\/produkt\\\/brompton-fronttraeger-mit-griff\\\/#primaryimage\"},\"thumbnailUrl\":\"https:\\\/\\\/clarijs-fietstassen.nl\\\/wp-content\\\/uploads\\\/2026\\\/02\\\/brompton-voordrager-met-handvat.png\",\"datePublished\":\"2025-01-26T11:03:08+00:00\",\"dateModified\":\"2026-03-16T11:02:50+00:00\",\"description\":\"Brompton Frontgep\u00e4cktr\u00e4ger mit Lenker kaufen? Zur Montage in T-Bag, C-Bag oder Faltkorb. Befestigen Sie Ihre Tasche sicher am Gep\u00e4ckclip und radeln Sie stabil mit Ihrem Gep\u00e4ck.\",\"breadcrumb\":{\"@id\":\"https:\\\/\\\/clarijs-fietstassen.nl\\\/de\\\/produkt\\\/brompton-fronttraeger-mit-griff\\\/#breadcrumb\"},\"inLanguage\":\"de\",\"potentialAction\":[{\"@type\":\"ReadAction\",\"target\":[\"https:\\\/\\\/clarijs-fietstassen.nl\\\/de\\\/produkt\\\/brompton-fronttraeger-mit-griff\\\/\"]}]},{\"@type\":\"ImageObject\",\"inLanguage\":\"de\",\"@id\":\"https:\\\/\\\/clarijs-fietstassen.nl\\\/de\\\/produkt\\\/brompton-fronttraeger-mit-griff\\\/#primaryimage\",\"url\":\"https:\\\/\\\/clarijs-fietstassen.nl\\\/wp-content\\\/uploads\\\/2026\\\/02\\\/brompton-voordrager-met-handvat.png\",\"contentUrl\":\"https:\\\/\\\/clarijs-fietstassen.nl\\\/wp-content\\\/uploads\\\/2026\\\/02\\\/brompton-voordrager-met-handvat.png\",\"width\":1000,\"height\":1000},{\"@type\":\"BreadcrumbList\",\"@id\":\"https:\\\/\\\/clarijs-fietstassen.nl\\\/de\\\/produkt\\\/brompton-fronttraeger-mit-griff\\\/#breadcrumb\",\"itemListElement\":[{\"@type\":\"ListItem\",\"position\":1,\"name\":\"Home\",\"item\":\"https:\\\/\\\/clarijs-fietstassen.nl\\\/de\\\/\"},{\"@type\":\"ListItem\",\"position\":2,\"name\":\"Shop\",\"item\":\"https:\\\/\\\/clarijs-fietstassen.nl\\\/de\\\/shop\\\/\"},{\"@type\":\"ListItem\",\"position\":3,\"name\":\"Fiets Accessoires\",\"item\":\"https:\\\/\\\/clarijs-fietstassen.nl\\\/fiets-accessoires\\\/\"},{\"@type\":\"ListItem\",\"position\":4,\"name\":\"Brompton Frontgep\u00e4cktr\u00e4ger mit Griff\"}]},{\"@type\":\"WebSite\",\"@id\":\"https:\\\/\\\/clarijs-fietstassen.nl\\\/de\\\/#website\",\"url\":\"https:\\\/\\\/clarijs-fietstassen.nl\\\/de\\\/\",\"name\":\"Clarijs Fietstassen\",\"description\":\"Kwaliteit &amp; ambacht sinds 1948\",\"publisher\":{\"@id\":\"https:\\\/\\\/clarijs-fietstassen.nl\\\/de\\\/#organization\"},\"potentialAction\":[{\"@type\":\"SearchAction\",\"target\":{\"@type\":\"EntryPoint\",\"urlTemplate\":\"https:\\\/\\\/clarijs-fietstassen.nl\\\/de\\\/?s={search_term_string}\"},\"query-input\":{\"@type\":\"PropertyValueSpecification\",\"valueRequired\":true,\"valueName\":\"search_term_string\"}}],\"inLanguage\":\"de\"},{\"@type\":\"Organization\",\"@id\":\"https:\\\/\\\/clarijs-fietstassen.nl\\\/de\\\/#organization\",\"name\":\"Clarijs Fietstassen\",\"url\":\"https:\\\/\\\/clarijs-fietstassen.nl\\\/de\\\/\",\"logo\":{\"@type\":\"ImageObject\",\"inLanguage\":\"de\",\"@id\":\"https:\\\/\\\/clarijs-fietstassen.nl\\\/de\\\/#\\\/schema\\\/logo\\\/image\\\/\",\"url\":\"https:\\\/\\\/clarijs-fietstassen.nl\\\/wp-content\\\/uploads\\\/2024\\\/01\\\/clarijs-logo-met-rand.jpg\",\"contentUrl\":\"https:\\\/\\\/clarijs-fietstassen.nl\\\/wp-content\\\/uploads\\\/2024\\\/01\\\/clarijs-logo-met-rand.jpg\",\"width\":560,\"height\":266,\"caption\":\"Clarijs Fietstassen\"},\"image\":{\"@id\":\"https:\\\/\\\/clarijs-fietstassen.nl\\\/de\\\/#\\\/schema\\\/logo\\\/image\\\/\"},\"sameAs\":[\"https:\\\/\\\/www.facebook.com\\\/clarijs1948\\\/\",\"https:\\\/\\\/www.instagram.com\\\/clarijscovers\\\/\"]}]}<\/script>\n<meta property=\"product:price:amount\" content=\"42.50\" \/>\n<meta property=\"product:price:currency\" content=\"EUR\" \/>\n<meta property=\"og:availability\" content=\"instock\" \/>\n<meta property=\"product:availability\" content=\"instock\" \/>\n<meta property=\"product:retailer_item_id\" content=\"4098\" \/>\n<meta property=\"product:condition\" content=\"new\" \/>\n<!-- \/ Yoast SEO Premium plugin. -->","yoast_head_json":{"title":"Brompton Frontgep\u00e4cktr\u00e4ger mit Griff - Clarijs Fietstassen","description":"Brompton Frontgep\u00e4cktr\u00e4ger mit Lenker kaufen? Zur Montage in T-Bag, C-Bag oder Faltkorb. Befestigen Sie Ihre Tasche sicher am Gep\u00e4ckclip und radeln Sie stabil mit Ihrem Gep\u00e4ck.","robots":{"index":"index","follow":"follow","max-snippet":"max-snippet:-1","max-image-preview":"max-image-preview:large","max-video-preview":"max-video-preview:-1"},"canonical":"https:\/\/clarijs-fietstassen.nl\/de\/produkt\/brompton-fronttraeger-mit-griff\/","og_locale":"de_DE","og_type":"article","og_title":"Brompton Frontgep\u00e4cktr\u00e4ger mit Griff","og_description":"Brompton Frontgep\u00e4cktr\u00e4ger mit Lenker kaufen? Zur Montage in T-Bag, C-Bag oder Faltkorb. Befestigen Sie Ihre Tasche sicher am Gep\u00e4ckclip und radeln Sie stabil mit Ihrem Gep\u00e4ck.","og_url":"https:\/\/clarijs-fietstassen.nl\/de\/produkt\/brompton-fronttraeger-mit-griff\/","og_site_name":"Clarijs Fietstassen","article_publisher":"https:\/\/www.facebook.com\/clarijs1948\/","article_modified_time":"2026-03-16T11:02:50+00:00","og_image":[{"width":1000,"height":1000,"url":"https:\/\/clarijs-fietstassen.nl\/wp-content\/uploads\/2026\/02\/brompton-voordrager-met-handvat.png","type":"image\/png"}],"twitter_card":"summary_large_image","twitter_misc":{"Preis":"&euro;42.50","Verf\u00fcgbarkeit":"Auf Lager"},"schema":{"@context":"https:\/\/schema.org","@graph":[{"@type":"WebPage","@id":"https:\/\/clarijs-fietstassen.nl\/de\/produkt\/brompton-fronttraeger-mit-griff\/","url":"https:\/\/clarijs-fietstassen.nl\/de\/produkt\/brompton-fronttraeger-mit-griff\/","name":"Brompton Frontgep\u00e4cktr\u00e4ger mit Griff - Clarijs Fietstassen","isPartOf":{"@id":"https:\/\/clarijs-fietstassen.nl\/de\/#website"},"primaryImageOfPage":{"@id":"https:\/\/clarijs-fietstassen.nl\/de\/produkt\/brompton-fronttraeger-mit-griff\/#primaryimage"},"image":{"@id":"https:\/\/clarijs-fietstassen.nl\/de\/produkt\/brompton-fronttraeger-mit-griff\/#primaryimage"},"thumbnailUrl":"https:\/\/clarijs-fietstassen.nl\/wp-content\/uploads\/2026\/02\/brompton-voordrager-met-handvat.png","datePublished":"2025-01-26T11:03:08+00:00","dateModified":"2026-03-16T11:02:50+00:00","description":"Brompton Frontgep\u00e4cktr\u00e4ger mit Lenker kaufen? Zur Montage in T-Bag, C-Bag oder Faltkorb. Befestigen Sie Ihre Tasche sicher am Gep\u00e4ckclip und radeln Sie stabil mit Ihrem Gep\u00e4ck.","breadcrumb":{"@id":"https:\/\/clarijs-fietstassen.nl\/de\/produkt\/brompton-fronttraeger-mit-griff\/#breadcrumb"},"inLanguage":"de","potentialAction":[{"@type":"ReadAction","target":["https:\/\/clarijs-fietstassen.nl\/de\/produkt\/brompton-fronttraeger-mit-griff\/"]}]},{"@type":"ImageObject","inLanguage":"de","@id":"https:\/\/clarijs-fietstassen.nl\/de\/produkt\/brompton-fronttraeger-mit-griff\/#primaryimage","url":"https:\/\/clarijs-fietstassen.nl\/wp-content\/uploads\/2026\/02\/brompton-voordrager-met-handvat.png","contentUrl":"https:\/\/clarijs-fietstassen.nl\/wp-content\/uploads\/2026\/02\/brompton-voordrager-met-handvat.png","width":1000,"height":1000},{"@type":"BreadcrumbList","@id":"https:\/\/clarijs-fietstassen.nl\/de\/produkt\/brompton-fronttraeger-mit-griff\/#breadcrumb","itemListElement":[{"@type":"ListItem","position":1,"name":"Home","item":"https:\/\/clarijs-fietstassen.nl\/de\/"},{"@type":"ListItem","position":2,"name":"Shop","item":"https:\/\/clarijs-fietstassen.nl\/de\/shop\/"},{"@type":"ListItem","position":3,"name":"Fiets Accessoires","item":"https:\/\/clarijs-fietstassen.nl\/fiets-accessoires\/"},{"@type":"ListItem","position":4,"name":"Brompton Frontgep\u00e4cktr\u00e4ger mit Griff"}]},{"@type":"WebSite","@id":"https:\/\/clarijs-fietstassen.nl\/de\/#website","url":"https:\/\/clarijs-fietstassen.nl\/de\/","name":"Clarijs Fietstassen","description":"Kwaliteit &amp; ambacht sinds 1948","publisher":{"@id":"https:\/\/clarijs-fietstassen.nl\/de\/#organization"},"potentialAction":[{"@type":"SearchAction","target":{"@type":"EntryPoint","urlTemplate":"https:\/\/clarijs-fietstassen.nl\/de\/?s={search_term_string}"},"query-input":{"@type":"PropertyValueSpecification","valueRequired":true,"valueName":"search_term_string"}}],"inLanguage":"de"},{"@type":"Organization","@id":"https:\/\/clarijs-fietstassen.nl\/de\/#organization","name":"Clarijs Fietstassen","url":"https:\/\/clarijs-fietstassen.nl\/de\/","logo":{"@type":"ImageObject","inLanguage":"de","@id":"https:\/\/clarijs-fietstassen.nl\/de\/#\/schema\/logo\/image\/","url":"https:\/\/clarijs-fietstassen.nl\/wp-content\/uploads\/2024\/01\/clarijs-logo-met-rand.jpg","contentUrl":"https:\/\/clarijs-fietstassen.nl\/wp-content\/uploads\/2024\/01\/clarijs-logo-met-rand.jpg","width":560,"height":266,"caption":"Clarijs Fietstassen"},"image":{"@id":"https:\/\/clarijs-fietstassen.nl\/de\/#\/schema\/logo\/image\/"},"sameAs":["https:\/\/www.facebook.com\/clarijs1948\/","https:\/\/www.instagram.com\/clarijscovers\/"]}]},"product_price_amount":"42.50","product_price_currency":"EUR","og_availability":"instock","product_availability":"instock","product_retailer_item_id":"4098","product_condition":"new"},"_links":{"self":[{"href":"https:\/\/clarijs-fietstassen.nl\/de\/wp-json\/wp\/v2\/product\/63774","targetHints":{"allow":["GET"]}}],"collection":[{"href":"https:\/\/clarijs-fietstassen.nl\/de\/wp-json\/wp\/v2\/product"}],"about":[{"href":"https:\/\/clarijs-fietstassen.nl\/de\/wp-json\/wp\/v2\/types\/product"}],"replies":[{"embeddable":true,"href":"https:\/\/clarijs-fietstassen.nl\/de\/wp-json\/wp\/v2\/comments?post=63774"}],"wp:featuredmedia":[{"embeddable":true,"href":"https:\/\/clarijs-fietstassen.nl\/de\/wp-json\/wp\/v2\/media\/63778"}],"wp:attachment":[{"href":"https:\/\/clarijs-fietstassen.nl\/de\/wp-json\/wp\/v2\/media?parent=63774"}],"wp:term":[{"taxonomy":"product_brand","embeddable":true,"href":"https:\/\/clarijs-fietstassen.nl\/de\/wp-json\/wp\/v2\/product_brand?post=63774"},{"taxonomy":"product_cat","embeddable":true,"href":"https:\/\/clarijs-fietstassen.nl\/de\/wp-json\/wp\/v2\/product_cat?post=63774"},{"taxonomy":"product_tag","embeddable":true,"href":"https:\/\/clarijs-fietstassen.nl\/de\/wp-json\/wp\/v2\/product_tag?post=63774"}],"curies":[{"name":"wp","href":"https:\/\/api.w.org\/{rel}","templated":true}]}}