{"id":63961,"date":"2023-03-02T15:32:45","date_gmt":"2023-03-02T14:32:45","guid":{"rendered":"https:\/\/clarijs-fietstassen.nl\/?post_type=product&#038;p=63961"},"modified":"2026-04-08T10:22:57","modified_gmt":"2026-04-08T08:22:57","slug":"doppelte-fahrradtasche-matt-olive-medium-36l","status":"publish","type":"product","link":"https:\/\/clarijs-fietstassen.nl\/de\/produkt\/doppelte-fahrradtasche-matt-olive-medium-36l\/","title":{"rendered":"Doppelte Fahrradtasche Matt Olive Medium &#8211; 36 Liter"},"content":{"rendered":"<p>Die Doppelte Fahrradtasche Matt Olive Medium \u2013 36 L von Clarijs ist eine <strong>handgefertigte<\/strong> Fahrradtasche aus <strong>hochwertigen Materialien<\/strong>, die f\u00fcr den t\u00e4glichen, harten Einsatz konzipiert ist. Langlebig, stark und praktisch mit einem modernen matten Optik. <\/p>\n<p>Suchst du eine Doppel-Fahrradtasche f\u00fcr den t\u00e4glichen Einsatz auf E-Bikes und normalen Fahrr\u00e4dern? Diese Tasche ist spritzwasserdicht und sch\u00fctzt deine Sachen vor Regen und Schmutz. Die Kollektion von Fahrradtaschen mit matter Oberfl\u00e4che zeichnet sich durch eine hochwertige und moderne Ausstrahlung innerhalb der Fahrradtaschenkollektion von Clarijs aus.  <\/p>\n<p><strong>Warum die Doppelte Fahrradtasche Matt Olive Medium w\u00e4hlen?<\/strong><\/p>\n<ul>\n<li style=\"font-weight: 400;\" aria-level=\"1\">Regenklappen und Ablauf\u00f6ffnungen verhindern das Eindringen von Wasser und Feuchtigkeitsansammlungen<\/li>\n<li style=\"font-weight: 400;\" aria-level=\"1\">Viel Volumen 36 Liter: auf jede Seite passen 6 1,5-Liter-Flaschen, insgesamt 12 pro Tasche<\/li>\n<li>Reflektierende Elemente an Vorder- und R\u00fcckseite f\u00fcr bessere Sichtbarkeit<\/li>\n<li>Verst\u00e4rkte Platten an R\u00fcck- und Unterseite aus recyceltem Kunststoff<\/li>\n<li style=\"font-weight: 400;\" aria-level=\"1\">Clarijs verwendet hochwertige Materialien, die auch bei intensiver Nutzung viele Jahre halten<\/li>\n<li style=\"font-weight: 400;\" aria-level=\"1\">Reflektionen auf Vorder- und R\u00fcckseite f\u00fcr zus\u00e4tzliche Sichtbarkeit<\/li>\n<li>Schnallen aus hochwertigem, flexiblem Kunststoff mit wasserabweisendem PP-Band<\/li>\n<\/ul>\n<div>\n<div><\/div>\n<div><strong>Gr\u00f6\u00dfen<\/strong> &#8211; <a href=\"https:\/\/clarijs-fietstassen.nl\/wp-content\/uploads\/2026\/03\/Lijntekening-dubbele-fietstas-Medium-met-maten.jpg\" target=\"_blank\" rel=\"noopener\">Bild<\/a><\/div>\n<div>Die Ma\u00dfe der Doppel-Fahrradtaschen sind in Zentimetern angegeben als: L\u00e4nge x Tiefe\/Breite x H\u00f6he<\/div>\n<p>Innen 31 x 18 x 32<br \/>\nAu\u00dfen 32,5 x 20 x 32<\/p>\n<p>Da die Taschen handgefertigt sind, k\u00f6nnen die Ma\u00dfe um etwa einen Zentimeter variieren.<br \/>\nDie Packtasche passt auf Gep\u00e4cktr\u00e4ger mit einer Breite zwischen 13 und 17 cm.<\/p>\n<p><b>Hochwertiges Material<\/b><\/p>\n<\/div>\n<p data-start=\"1465\" data-end=\"1807\">Hergestellt aus starkem Bisonyl PVC-Gewebe mit matter Oberfl\u00e4che. Dieses Material ist wasserdicht, sehr strapazierf\u00e4hig, farbecht und wird auch f\u00fcr die Beschichtung von Lkw verwendet. <\/p>\n<p data-start=\"1948\" data-end=\"2330\">Kaufen Sie auch den passenden<a href=\"https:\/\/clarijs-fietstassen.nl\/de\/produkt\/de-shopper-matte-olive-medium\/\"><strong> Clarijs Shopper<\/strong> <\/a>in der gleichen Farbe und aus dem gleichen Material. Dieser Shopper wurde speziell daf\u00fcr entworfen, perfekt in die Doppeltasche zu passen und kann direkt mit Rabatt bestellt werden. <\/p>\n","protected":false},"excerpt":{"rendered":"<p>Die Doppelte Fahrradtasche Matt Olive Medium \u2013 36 L von Clarijs ist eine handgefertigte Fahrradtasche aus hochwertigen Materialien, die f\u00fcr den t\u00e4glichen, harten Einsatz konzipiert ist. Langlebig, stark und praktisch mit einem modernen matten Optik. Suchst du eine Doppel-Fahrradtasche f\u00fcr den t\u00e4glichen Einsatz auf E-Bikes und normalen Fahrr\u00e4dern? Diese Tasche ist spritzwasserdicht und sch\u00fctzt deine [&hellip;]<\/p>\n","protected":false},"featured_media":46942,"comment_status":"closed","ping_status":"closed","template":"","meta":{"_acf_changed":false,"_et_pb_use_builder":"off","_et_pb_old_content":"<span style=\"font-weight: 400\">Die Doppelte Fahrradtasche - Mandelbl\u00fcte von Clarijs ist ideal f\u00fcr Elektrofahrr\u00e4der und normale Fahrr\u00e4der. Diese doppelte Fahrradtasche besteht aus PVC-Gewebe und ist daher sehr wasserdicht. Die Mat Olive Fahrradtasche hat au\u00dferdem Reflektionen auf der Vorder- und R\u00fcckseite.   Auf diese Weise ist die Tasche bei dunklem oder nebligem Wetter besser sichtbar. <\/span>\n\n<b>Vorteile:<\/b>\n<ul>\n \t<li style=\"font-weight: 400\"><span style=\"font-weight: 400\">Sehr <\/span><b>viel Platz<\/b><span style=\"font-weight: 400\"> In einer Doppeltragetasche von Clarijs. (40 & 46 Liter!) <\/span><\/li>\n \t<li style=\"font-weight: 400\"><span style=\"font-weight: 400\">Immer trockene Kleidung! Geeignet f\u00fcr raue Wetterbedingungen.<\/span><\/li>\n \t<li style=\"font-weight: 400\"><span style=\"font-weight: 400\">Geeignet f\u00fcr fast <\/span><b>jedes Fahrrad<\/b><span style=\"font-weight: 400\">. (Auch Elektrofahrr\u00e4der)<\/span><\/li>\n \t<li style=\"font-weight: 400\"><span style=\"font-weight: 400\">Clarijs bietet nur die <\/span><b>h\u00f6chste Qualit\u00e4t<\/b><span style=\"font-weight: 400\"> Materialien. <\/span> <\/li>\n \t<li style=\"font-weight: 400\"><b>Reflexion<\/b><span style=\"font-weight: 400\"> auf der Vorderseite & R\u00fcckseite!<\/span><\/li>\n \t<li style=\"font-weight: 400\"><span style=\"font-weight: 400\">Der Deckel ist mit<\/span><b> Regenklappen<\/b><span style=\"font-weight: 400\"> gegen eindringenden Regen.<\/span><\/li>\n<\/ul>\n<b>Jede Menge Platz<\/b>\n\n<i><span style=\"font-weight: 400\">Die Au\u00dfenma\u00dfe des XL sind: L 40 x B 18 x H 32 (Kapazit\u00e4t 46 Liter).\n<\/span><\/i><i>Die Au\u00dfenma\u00dfe des L sind: L 35 x B 18 x H 32 (Fassungsverm\u00f6gen 40 Liter).\n<\/i>Da die Taschen handgefertigt sind, k\u00f6nnen die Ma\u00dfe um etwa einen Zentimeter variieren.\n\n<b>Immer trockene Kleidung<\/b>\n\n<span style=\"font-weight: 400\">Der Deckel der Mandelbl\u00fcte Tasche ist mit Regenklappen ausgestattet, die das Eindringen von Regen verhindern. Au\u00dferdem sind sowohl die R\u00fcckseite als auch der Boden der Taschen  <\/span><b>verst\u00e4rkt<\/b><span style=\"font-weight: 400\"> mit starken Platten aus recyceltem Kunststoff. <\/span> \n\n<b>Hochwertiges Material<\/b>\n<ul>\n \t<li style=\"font-weight: 400\"><span style=\"font-weight: 400\">Die Pannier Mat Olive ist aus Bisonyl PVC-Canvas gefertigt, dem gleichen Stoff, der auch f\u00fcr die Beschichtung von Lastwagen verwendet wird.  <\/span><\/li>\n \t<li style=\"font-weight: 400\"><span style=\"font-weight: 400\">Die Vorteile von Bisonyl sind, dass der Stoff felsenfest, wasserdicht, farbecht und resistent gegen extreme Hitze und K\u00e4lte ist. <\/span><\/li>\n \t<li style=\"font-weight: 400\"><span style=\"font-weight: 400\">Die Schnallen der Mat Olive Doppeltasche sind aus hochwertigem, flexiblem Kunststoff gefertigt.  <\/span><\/li>\n \t<li style=\"font-weight: 400\"><span style=\"font-weight: 400\">Die Schnallen sind mit einem flexiblen, wasserabweisenden PP-Band an der Tasche befestigt.<\/span><\/li>\n<\/ul>\n<b>Extras:<\/b>\n<ul>\n \t<li style=\"font-weight: 400\"><span style=\"font-weight: 400\">Die Clarijs Shopper sind ma\u00dfgefertigt und passen genau in Doppelpacktaschen. Der Shopper passt also problemlos in eine Doppelpacktasche.   <\/span><\/li>\n \t<li style=\"font-weight: 400\"><span style=\"font-weight: 400\">Die Gr\u00f6\u00dfe XL hat einen zus\u00e4tzlichen <\/span><b>Mittelgurt<\/b><span style=\"font-weight: 400\"> um die Mitte herum, um die Tasche hochzuziehen und f\u00fcr zus\u00e4tzliche Stabilit\u00e4t zu sorgen, wenn sie schwer beladen ist.<\/span><\/li>\n \t<li style=\"font-weight: 400\"><span style=\"font-weight: 400\">Einschnitte f\u00fcr die Verwendung von Schnellverschl\u00fcssen in dieser Tasche sind m\u00f6glich, werden aber nicht empfohlen!!!<\/span><\/li>\n<\/ul>","_et_gb_content_width":""},"product_brand":[],"product_cat":[695,705,714,718,719,728,732,734,736,741,745,768,767,777],"product_tag":[],"class_list":{"0":"post-63961","1":"product","2":"type-product","3":"status-publish","4":"has-post-thumbnail","6":"product_cat-bisonyl-packtaschen","7":"product_cat-cortina-fahrradtaschen","8":"product_cat-doppelte-fahrradtaschen","9":"product_cat-doppelte-fahrradtaschen-fuer-damen","10":"product_cat-doppelte-fahrradtaschen-ohne-aufdruck","11":"product_cat-fahrradtaschen","12":"product_cat-gazelle-fahrradtaschen","13":"product_cat-giant-fahrradtaschen","14":"product_cat-gruene-fahrradtaschen","15":"product_cat-koga-fahrradtaschen","16":"product_cat-leichte-fahrradtaschen","17":"product_cat-stabile-fahrradtaschen","18":"product_cat-stella-fahrradtaschen","19":"product_cat-wasserdichte-fahrradtaschen","20":"pa_afmetingen-325-x-20-x-32-cm-l-x-b-x-h-de","21":"pa_geschikt-voor-e-bike-ja-de","22":"pa_geschikt-voor-ledlampjes-ja-de","23":"pa_inhoud-36-liter-de","24":"pa_kleur-grun","25":"pa_kleur-matt-olive-de","26":"pa_materiaal-bisonyl-pvc-leinwand","27":"pa_merk-clarijs-covers-b-v-de","28":"pa_reflectie-ja-de","29":"pa_snelbinders-toegankelijk-ja-wahlen-sie-die-option-schneiden-oder-aussparen-der-mitte","31":"first","32":"instock","33":"taxable","34":"shipping-taxable","35":"purchasable","36":"product-type-simple"},"acf":[],"yoast_head":"<!-- This site is optimized with the Yoast SEO Premium plugin v27.2 (Yoast SEO v27.3) - https:\/\/yoast.com\/product\/yoast-seo-premium-wordpress\/ -->\n<title>Doppelte Fahrradtasche Matt Olive Medium - 36 Liter - Clarijs Fietstassen<\/title>\n<meta name=\"description\" content=\"Handgefertigte Doppelte Fahrradtasche Matt Olive Medium - 36 Liter. Wasserabweisend, robust und ger\u00e4umig. Ideal f\u00fcr den t\u00e4glichen Einsatz auf E-Bike und Citybike\" \/>\n<meta name=\"robots\" content=\"index, follow, max-snippet:-1, max-image-preview:large, max-video-preview:-1\" \/>\n<link rel=\"canonical\" href=\"https:\/\/clarijs-fietstassen.nl\/de\/doppelte-fahrradtasche-matt-olive-medium-36l\/\" \/>\n<meta property=\"og:locale\" content=\"de_DE\" \/>\n<meta property=\"og:type\" content=\"article\" \/>\n<meta property=\"og:title\" content=\"Doppelte Fahrradtasche Matt Olive Medium - 36 Liter\" \/>\n<meta property=\"og:description\" content=\"Handgefertigte Doppelte Fahrradtasche Matt Olive Medium - 36 Liter. Wasserabweisend, robust und ger\u00e4umig. Ideal f\u00fcr den t\u00e4glichen Einsatz auf E-Bike und Citybike\" \/>\n<meta property=\"og:url\" content=\"https:\/\/clarijs-fietstassen.nl\/de\/doppelte-fahrradtasche-matt-olive-medium-36l\/\" \/>\n<meta property=\"og:site_name\" content=\"Clarijs Fietstassen\" \/>\n<meta property=\"article:publisher\" content=\"https:\/\/www.facebook.com\/clarijs1948\/\" \/>\n<meta property=\"article:modified_time\" content=\"2026-04-08T08:22:57+00:00\" \/>\n<meta property=\"og:image\" content=\"https:\/\/clarijs-fietstassen.nl\/wp-content\/uploads\/2023\/07\/Mat-groen-1.jpg\" \/>\n\t<meta property=\"og:image:width\" content=\"1500\" \/>\n\t<meta property=\"og:image:height\" content=\"1500\" \/>\n\t<meta property=\"og:image:type\" content=\"image\/jpeg\" \/>\n<meta name=\"twitter:card\" content=\"summary_large_image\" \/>\n<meta name=\"twitter:label1\" content=\"Preis\" \/>\n\t<meta name=\"twitter:data1\" content=\"&euro;69.00\" \/>\n\t<meta name=\"twitter:label2\" content=\"Verf\u00fcgbarkeit\" \/>\n\t<meta name=\"twitter:data2\" content=\"Auf Lager\" \/>\n<script type=\"application\/ld+json\" class=\"yoast-schema-graph\">{\"@context\":\"https:\\\/\\\/schema.org\",\"@graph\":[{\"@type\":\"WebPage\",\"@id\":\"https:\\\/\\\/clarijs-fietstassen.nl\\\/de\\\/doppelte-fahrradtasche-matt-olive-medium-36l\\\/\",\"url\":\"https:\\\/\\\/clarijs-fietstassen.nl\\\/de\\\/doppelte-fahrradtasche-matt-olive-medium-36l\\\/\",\"name\":\"Doppelte Fahrradtasche Matt Olive Medium - 36 Liter - Clarijs Fietstassen\",\"isPartOf\":{\"@id\":\"https:\\\/\\\/clarijs-fietstassen.nl\\\/de\\\/#website\"},\"primaryImageOfPage\":{\"@id\":\"https:\\\/\\\/clarijs-fietstassen.nl\\\/de\\\/doppelte-fahrradtasche-matt-olive-medium-36l\\\/#primaryimage\"},\"image\":{\"@id\":\"https:\\\/\\\/clarijs-fietstassen.nl\\\/de\\\/doppelte-fahrradtasche-matt-olive-medium-36l\\\/#primaryimage\"},\"thumbnailUrl\":\"https:\\\/\\\/clarijs-fietstassen.nl\\\/wp-content\\\/uploads\\\/2023\\\/07\\\/Mat-groen-1.jpg\",\"datePublished\":\"2023-03-02T14:32:45+00:00\",\"dateModified\":\"2026-04-08T08:22:57+00:00\",\"description\":\"Handgefertigte Doppelte Fahrradtasche Matt Olive Medium - 36 Liter. Wasserabweisend, robust und ger\u00e4umig. Ideal f\u00fcr den t\u00e4glichen Einsatz auf E-Bike und Citybike\",\"breadcrumb\":{\"@id\":\"https:\\\/\\\/clarijs-fietstassen.nl\\\/de\\\/doppelte-fahrradtasche-matt-olive-medium-36l\\\/#breadcrumb\"},\"inLanguage\":\"de\",\"potentialAction\":[{\"@type\":\"ReadAction\",\"target\":[\"https:\\\/\\\/clarijs-fietstassen.nl\\\/de\\\/doppelte-fahrradtasche-matt-olive-medium-36l\\\/\"]}]},{\"@type\":\"ImageObject\",\"inLanguage\":\"de\",\"@id\":\"https:\\\/\\\/clarijs-fietstassen.nl\\\/de\\\/doppelte-fahrradtasche-matt-olive-medium-36l\\\/#primaryimage\",\"url\":\"https:\\\/\\\/clarijs-fietstassen.nl\\\/wp-content\\\/uploads\\\/2023\\\/07\\\/Mat-groen-1.jpg\",\"contentUrl\":\"https:\\\/\\\/clarijs-fietstassen.nl\\\/wp-content\\\/uploads\\\/2023\\\/07\\\/Mat-groen-1.jpg\",\"width\":1500,\"height\":1500,\"caption\":\"Doppelte Fahrradtasche Matt Olive\"},{\"@type\":\"BreadcrumbList\",\"@id\":\"https:\\\/\\\/clarijs-fietstassen.nl\\\/de\\\/doppelte-fahrradtasche-matt-olive-medium-36l\\\/#breadcrumb\",\"itemListElement\":[{\"@type\":\"ListItem\",\"position\":1,\"name\":\"Home\",\"item\":\"https:\\\/\\\/clarijs-fietstassen.nl\\\/de\\\/\"},{\"@type\":\"ListItem\",\"position\":2,\"name\":\"Shop\",\"item\":\"https:\\\/\\\/clarijs-fietstassen.nl\\\/de\\\/shop\\\/\"},{\"@type\":\"ListItem\",\"position\":3,\"name\":\"Dubbele fietstassen zonder print\",\"item\":\"https:\\\/\\\/clarijs-fietstassen.nl\\\/dubbele-fietstassen-zonder-print\\\/\"},{\"@type\":\"ListItem\",\"position\":4,\"name\":\"Doppelte Fahrradtasche Matt Olive Medium &#8211; 36 Liter\"}]},{\"@type\":\"WebSite\",\"@id\":\"https:\\\/\\\/clarijs-fietstassen.nl\\\/de\\\/#website\",\"url\":\"https:\\\/\\\/clarijs-fietstassen.nl\\\/de\\\/\",\"name\":\"Clarijs Fietstassen\",\"description\":\"Kwaliteit &amp; ambacht sinds 1948\",\"publisher\":{\"@id\":\"https:\\\/\\\/clarijs-fietstassen.nl\\\/de\\\/#organization\"},\"potentialAction\":[{\"@type\":\"SearchAction\",\"target\":{\"@type\":\"EntryPoint\",\"urlTemplate\":\"https:\\\/\\\/clarijs-fietstassen.nl\\\/de\\\/?s={search_term_string}\"},\"query-input\":{\"@type\":\"PropertyValueSpecification\",\"valueRequired\":true,\"valueName\":\"search_term_string\"}}],\"inLanguage\":\"de\"},{\"@type\":\"Organization\",\"@id\":\"https:\\\/\\\/clarijs-fietstassen.nl\\\/de\\\/#organization\",\"name\":\"Clarijs Fietstassen\",\"url\":\"https:\\\/\\\/clarijs-fietstassen.nl\\\/de\\\/\",\"logo\":{\"@type\":\"ImageObject\",\"inLanguage\":\"de\",\"@id\":\"https:\\\/\\\/clarijs-fietstassen.nl\\\/de\\\/#\\\/schema\\\/logo\\\/image\\\/\",\"url\":\"https:\\\/\\\/clarijs-fietstassen.nl\\\/wp-content\\\/uploads\\\/2024\\\/01\\\/clarijs-logo-met-rand.jpg\",\"contentUrl\":\"https:\\\/\\\/clarijs-fietstassen.nl\\\/wp-content\\\/uploads\\\/2024\\\/01\\\/clarijs-logo-met-rand.jpg\",\"width\":560,\"height\":266,\"caption\":\"Clarijs Fietstassen\"},\"image\":{\"@id\":\"https:\\\/\\\/clarijs-fietstassen.nl\\\/de\\\/#\\\/schema\\\/logo\\\/image\\\/\"},\"sameAs\":[\"https:\\\/\\\/www.facebook.com\\\/clarijs1948\\\/\",\"https:\\\/\\\/www.instagram.com\\\/clarijscovers\\\/\"]}]}<\/script>\n<meta property=\"product:price:amount\" content=\"69.00\" \/>\n<meta property=\"product:price:currency\" content=\"EUR\" \/>\n<meta property=\"og:availability\" content=\"instock\" \/>\n<meta property=\"product:availability\" content=\"instock\" \/>\n<meta property=\"product:retailer_item_id\" content=\"1503\" \/>\n<meta property=\"product:condition\" content=\"new\" \/>\n<!-- \/ Yoast SEO Premium plugin. -->","yoast_head_json":{"title":"Doppelte Fahrradtasche Matt Olive Medium - 36 Liter - Clarijs Fietstassen","description":"Handgefertigte Doppelte Fahrradtasche Matt Olive Medium - 36 Liter. Wasserabweisend, robust und ger\u00e4umig. Ideal f\u00fcr den t\u00e4glichen Einsatz auf E-Bike und Citybike","robots":{"index":"index","follow":"follow","max-snippet":"max-snippet:-1","max-image-preview":"max-image-preview:large","max-video-preview":"max-video-preview:-1"},"canonical":"https:\/\/clarijs-fietstassen.nl\/de\/doppelte-fahrradtasche-matt-olive-medium-36l\/","og_locale":"de_DE","og_type":"article","og_title":"Doppelte Fahrradtasche Matt Olive Medium - 36 Liter","og_description":"Handgefertigte Doppelte Fahrradtasche Matt Olive Medium - 36 Liter. Wasserabweisend, robust und ger\u00e4umig. Ideal f\u00fcr den t\u00e4glichen Einsatz auf E-Bike und Citybike","og_url":"https:\/\/clarijs-fietstassen.nl\/de\/doppelte-fahrradtasche-matt-olive-medium-36l\/","og_site_name":"Clarijs Fietstassen","article_publisher":"https:\/\/www.facebook.com\/clarijs1948\/","article_modified_time":"2026-04-08T08:22:57+00:00","og_image":[{"width":1500,"height":1500,"url":"https:\/\/clarijs-fietstassen.nl\/wp-content\/uploads\/2023\/07\/Mat-groen-1.jpg","type":"image\/jpeg"}],"twitter_card":"summary_large_image","twitter_misc":{"Preis":"&euro;69.00","Verf\u00fcgbarkeit":"Auf Lager"},"schema":{"@context":"https:\/\/schema.org","@graph":[{"@type":"WebPage","@id":"https:\/\/clarijs-fietstassen.nl\/de\/doppelte-fahrradtasche-matt-olive-medium-36l\/","url":"https:\/\/clarijs-fietstassen.nl\/de\/doppelte-fahrradtasche-matt-olive-medium-36l\/","name":"Doppelte Fahrradtasche Matt Olive Medium - 36 Liter - Clarijs Fietstassen","isPartOf":{"@id":"https:\/\/clarijs-fietstassen.nl\/de\/#website"},"primaryImageOfPage":{"@id":"https:\/\/clarijs-fietstassen.nl\/de\/doppelte-fahrradtasche-matt-olive-medium-36l\/#primaryimage"},"image":{"@id":"https:\/\/clarijs-fietstassen.nl\/de\/doppelte-fahrradtasche-matt-olive-medium-36l\/#primaryimage"},"thumbnailUrl":"https:\/\/clarijs-fietstassen.nl\/wp-content\/uploads\/2023\/07\/Mat-groen-1.jpg","datePublished":"2023-03-02T14:32:45+00:00","dateModified":"2026-04-08T08:22:57+00:00","description":"Handgefertigte Doppelte Fahrradtasche Matt Olive Medium - 36 Liter. Wasserabweisend, robust und ger\u00e4umig. Ideal f\u00fcr den t\u00e4glichen Einsatz auf E-Bike und Citybike","breadcrumb":{"@id":"https:\/\/clarijs-fietstassen.nl\/de\/doppelte-fahrradtasche-matt-olive-medium-36l\/#breadcrumb"},"inLanguage":"de","potentialAction":[{"@type":"ReadAction","target":["https:\/\/clarijs-fietstassen.nl\/de\/doppelte-fahrradtasche-matt-olive-medium-36l\/"]}]},{"@type":"ImageObject","inLanguage":"de","@id":"https:\/\/clarijs-fietstassen.nl\/de\/doppelte-fahrradtasche-matt-olive-medium-36l\/#primaryimage","url":"https:\/\/clarijs-fietstassen.nl\/wp-content\/uploads\/2023\/07\/Mat-groen-1.jpg","contentUrl":"https:\/\/clarijs-fietstassen.nl\/wp-content\/uploads\/2023\/07\/Mat-groen-1.jpg","width":1500,"height":1500,"caption":"Doppelte Fahrradtasche Matt Olive"},{"@type":"BreadcrumbList","@id":"https:\/\/clarijs-fietstassen.nl\/de\/doppelte-fahrradtasche-matt-olive-medium-36l\/#breadcrumb","itemListElement":[{"@type":"ListItem","position":1,"name":"Home","item":"https:\/\/clarijs-fietstassen.nl\/de\/"},{"@type":"ListItem","position":2,"name":"Shop","item":"https:\/\/clarijs-fietstassen.nl\/de\/shop\/"},{"@type":"ListItem","position":3,"name":"Dubbele fietstassen zonder print","item":"https:\/\/clarijs-fietstassen.nl\/dubbele-fietstassen-zonder-print\/"},{"@type":"ListItem","position":4,"name":"Doppelte Fahrradtasche Matt Olive Medium &#8211; 36 Liter"}]},{"@type":"WebSite","@id":"https:\/\/clarijs-fietstassen.nl\/de\/#website","url":"https:\/\/clarijs-fietstassen.nl\/de\/","name":"Clarijs Fietstassen","description":"Kwaliteit &amp; ambacht sinds 1948","publisher":{"@id":"https:\/\/clarijs-fietstassen.nl\/de\/#organization"},"potentialAction":[{"@type":"SearchAction","target":{"@type":"EntryPoint","urlTemplate":"https:\/\/clarijs-fietstassen.nl\/de\/?s={search_term_string}"},"query-input":{"@type":"PropertyValueSpecification","valueRequired":true,"valueName":"search_term_string"}}],"inLanguage":"de"},{"@type":"Organization","@id":"https:\/\/clarijs-fietstassen.nl\/de\/#organization","name":"Clarijs Fietstassen","url":"https:\/\/clarijs-fietstassen.nl\/de\/","logo":{"@type":"ImageObject","inLanguage":"de","@id":"https:\/\/clarijs-fietstassen.nl\/de\/#\/schema\/logo\/image\/","url":"https:\/\/clarijs-fietstassen.nl\/wp-content\/uploads\/2024\/01\/clarijs-logo-met-rand.jpg","contentUrl":"https:\/\/clarijs-fietstassen.nl\/wp-content\/uploads\/2024\/01\/clarijs-logo-met-rand.jpg","width":560,"height":266,"caption":"Clarijs Fietstassen"},"image":{"@id":"https:\/\/clarijs-fietstassen.nl\/de\/#\/schema\/logo\/image\/"},"sameAs":["https:\/\/www.facebook.com\/clarijs1948\/","https:\/\/www.instagram.com\/clarijscovers\/"]}]},"product_price_amount":"69.00","product_price_currency":"EUR","og_availability":"instock","product_availability":"instock","product_retailer_item_id":"1503","product_condition":"new"},"_links":{"self":[{"href":"https:\/\/clarijs-fietstassen.nl\/de\/wp-json\/wp\/v2\/product\/63961","targetHints":{"allow":["GET"]}}],"collection":[{"href":"https:\/\/clarijs-fietstassen.nl\/de\/wp-json\/wp\/v2\/product"}],"about":[{"href":"https:\/\/clarijs-fietstassen.nl\/de\/wp-json\/wp\/v2\/types\/product"}],"replies":[{"embeddable":true,"href":"https:\/\/clarijs-fietstassen.nl\/de\/wp-json\/wp\/v2\/comments?post=63961"}],"wp:featuredmedia":[{"embeddable":true,"href":"https:\/\/clarijs-fietstassen.nl\/de\/wp-json\/wp\/v2\/media\/46942"}],"wp:attachment":[{"href":"https:\/\/clarijs-fietstassen.nl\/de\/wp-json\/wp\/v2\/media?parent=63961"}],"wp:term":[{"taxonomy":"product_brand","embeddable":true,"href":"https:\/\/clarijs-fietstassen.nl\/de\/wp-json\/wp\/v2\/product_brand?post=63961"},{"taxonomy":"product_cat","embeddable":true,"href":"https:\/\/clarijs-fietstassen.nl\/de\/wp-json\/wp\/v2\/product_cat?post=63961"},{"taxonomy":"product_tag","embeddable":true,"href":"https:\/\/clarijs-fietstassen.nl\/de\/wp-json\/wp\/v2\/product_tag?post=63961"}],"curies":[{"name":"wp","href":"https:\/\/api.w.org\/{rel}","templated":true}]}}