{"id":64414,"date":"2026-03-17T11:43:29","date_gmt":"2026-03-17T10:43:29","guid":{"rendered":"https:\/\/clarijs-fietstassen.nl\/?post_type=product&#038;p=64414"},"modified":"2026-03-17T11:46:00","modified_gmt":"2026-03-17T10:46:00","slug":"doppelte-fahrradtasche-almond-blossom-kopie-2","status":"publish","type":"product","link":"https:\/\/clarijs-fietstassen.nl\/de\/produkt\/doppelte-fahrradtasche-almond-blossom-kopie-2\/","title":{"rendered":"Doppelte Fahrradtasche Almond Blossom (kopie)"},"content":{"rendered":"<p><span style=\"font-weight: 400;\">Die Doppelte Fahrradtasche Almond Blossom von Clarijs ist ideal f\u00fcr ein Elektrofahrrad und ein normales Fahrrad. Diese doppelte Fahrradtasche ist aus PVC-Canvas, einem wasserdichten Material, hergestellt. Die Tasche hat au\u00dferdem Reflexionen auf der Vorder- und R\u00fcckseite.   Auf diese Weise ist die Tasche bei dunklem oder nebligem Wetter besser sichtbar.<\/span><\/p>\n<p><b>Vorteile:<\/b><\/p>\n<ul>\n<li style=\"font-weight: 400;\" aria-level=\"1\"><span style=\"font-weight: 400;\">Der Deckel ist mit <\/span><b>Regenklappen<\/b><span style=\"font-weight: 400;\"> gegen eindringenden Regen.<\/span><\/li>\n<li style=\"font-weight: 400;\" aria-level=\"1\"><span style=\"font-weight: 400;\">Sehr <\/span><b>viel Platz<\/b><span style=\"font-weight: 400;\"> in einer doppelten Fahrradtasche von Clarijs.<\/span><\/li>\n<li style=\"font-weight: 400;\" aria-level=\"1\"><span style=\"font-weight: 400;\">Geeignet f\u00fcr raue Wetterbedingungen.<\/span><\/li>\n<li style=\"font-weight: 400;\" aria-level=\"1\"><span style=\"font-weight: 400;\">Geeignet f\u00fcr fast <\/span><b>jedes Fahrrad<\/b><span style=\"font-weight: 400;\">. (Auch Elektrofahrr\u00e4der)<\/span><\/li>\n<li style=\"font-weight: 400;\" aria-level=\"1\"><span style=\"font-weight: 400;\">Clarijs bietet nur die <\/span><b>h\u00f6chste Qualit\u00e4t<\/b><span style=\"font-weight: 400;\"> Materialien. <\/span> <\/li>\n<li style=\"font-weight: 400;\" aria-level=\"1\"><b>Reflexion<\/b><span style=\"font-weight: 400;\"> auf der Vorderseite &amp; R\u00fcckseite!<\/span><\/li>\n<li aria-level=\"1\">Alle Doppeltaschen haben <strong>Entw\u00e4sserungsl\u00f6cher<\/strong>.<\/li>\n<\/ul>\n<div>\n<div><strong>Gr\u00f6\u00dfen<\/strong> &#8211; <a href=\"https:\/\/clarijs-fietstassen.nl\/wp-content\/uploads\/2026\/03\/Lijntekening-Dubbele-Fietstas-met-maten.pdf\" target=\"_blank\" rel=\"noopener\">Bild<\/a><\/div>\n<div>Die Abmessungen der Doppelpacktaschen in Zentimetern sind: L\u00e4nge x Tiefe\/Breite x H\u00f6he<\/div>\n<p>Innen 36 x 18 x 32<br \/>\nAu\u00dfen 40 x 20 x 33<\/p>\n<p>Da die Taschen handgefertigt sind, k\u00f6nnen die Ma\u00dfe um etwa einen Zentimeter variieren.<br \/>\nDie Packtasche passt auf Gep\u00e4cktr\u00e4ger mit einer Breite zwischen 13 und 17 cm.<\/p>\n<\/div>\n<p><b>Hochwertiges Material<\/b><\/p>\n<ul>\n<li style=\"font-weight: 400;\" aria-level=\"1\"><span style=\"font-weight: 400;\">Die Fahrradtasche Almond Blossom ist aus Bisonyl PVC-Gewebe gefertigt, dem gleichen Stoff, der auch f\u00fcr die Beschichtung von Lastwagen verwendet wird.  <\/span><\/li>\n<li style=\"font-weight: 400;\" aria-level=\"1\"><span style=\"font-weight: 400;\">Die Vorteile von Bisonyl sind, dass der Stoff felsenfest, wasserdicht, farbecht und resistent gegen extreme Hitze und K\u00e4lte ist. <\/span><\/li>\n<li style=\"font-weight: 400;\" aria-level=\"1\"><span style=\"font-weight: 400;\">Die Schnallen der doppelten Fahrradtasche Almond Blossom sind aus einem hochwertigen, flexiblen Kunststoff gefertigt.  <\/span><\/li>\n<li style=\"font-weight: 400;\" aria-level=\"1\"><span style=\"font-weight: 400;\">Die Schnallen sind mit einem flexiblen, wasserabweisenden PP-Band an der Tasche befestigt.<\/span><\/li>\n<\/ul>\n<p><b>Extras:<\/b><\/p>\n<ul>\n<li aria-level=\"1\">Der Deckel der Packtasche ist mit Regenklappen ausgestattet, die das Eindringen von Regen verhindern.<\/li>\n<li aria-level=\"1\">Die R\u00fcckseite und der Boden des Koffers sind mit starken Platten aus recyceltem Kunststoff <b>verst\u00e4rkt<\/b>.<\/li>\n<li style=\"font-weight: 400;\" aria-level=\"1\"><span style=\"font-weight: 400;\">Die Clarijs Shopper sind ma\u00dfgefertigt und passen genau in Doppelpacktaschen. Der Shopper passt also problemlos in eine Doppelpacktasche.   <\/span><\/li>\n<li style=\"font-weight: 400;\" aria-level=\"1\"><span style=\"font-weight: 400;\">Die Fahrradtasche hat einen zus\u00e4tzlichen <\/span><b>Mittelgurt<\/b><span style=\"font-weight: 400;\"> um die Mitte herum, um die Tasche hochzuziehen und f\u00fcr zus\u00e4tzliche Stabilit\u00e4t zu sorgen, wenn sie schwer beladen ist.<\/span><\/li>\n<\/ul>\n","protected":false},"excerpt":{"rendered":"<p>Die Doppelte Fahrradtasche Almond Blossom von Clarijs ist ideal f\u00fcr ein Elektrofahrrad und ein normales Fahrrad. Diese doppelte Fahrradtasche ist aus PVC-Canvas, einem wasserdichten Material, hergestellt. Die Tasche hat au\u00dferdem Reflexionen auf der Vorder- und R\u00fcckseite. Auf diese Weise ist die Tasche bei dunklem oder nebligem Wetter besser sichtbar. Vorteile: Der Deckel ist mit Regenklappen [&hellip;]<\/p>\n","protected":false},"featured_media":49967,"comment_status":"closed","ping_status":"closed","template":"","meta":{"_acf_changed":false,"_et_pb_use_builder":"","_et_pb_old_content":"","_et_gb_content_width":""},"product_brand":[],"product_cat":[705],"product_tag":[],"class_list":{"0":"post-64414","1":"product","2":"type-product","3":"status-publish","4":"has-post-thumbnail","6":"product_cat-cortina-fahrradtaschen","7":"pa_afmetingen-40-x-20-x-33-cm-l-x-b-x-h-de","8":"pa_geschikt-voor-e-bike-ja-de","9":"pa_geschikt-voor-ledlampjes-ja-de","10":"pa_inhoud-42-liter-de","11":"pa_kleur-grun","12":"pa_kleur-matt-olive-de","13":"pa_materiaal-bisonyl-pvc-leinwand","14":"pa_reflectie-ja-de","15":"pa_snelbinders-toegankelijk-ja-wahlen-sie-die-option-schneiden-oder-aussparen-der-mitte","17":"first","18":"instock","19":"taxable","20":"shipping-taxable","21":"purchasable","22":"product-type-simple"},"acf":[],"yoast_head":"<!-- This site is optimized with the Yoast SEO Premium plugin v27.2 (Yoast SEO v27.3) - https:\/\/yoast.com\/product\/yoast-seo-premium-wordpress\/ -->\n<title>Doppelte Fahrradtasche Almond Blossom (kopie) - Clarijs Fietstassen<\/title>\n<meta name=\"description\" content=\"Doppelte Fahrradtasche Almond Blossom (kopie) Sie ist aus PVC-Canvas, einem wasserdichten Material, hergestellt. Die Tasche hat au\u00dferdem Reflexionen auf der Vorder- und R\u00fcckseite. Bestellen Sie es jetzt!\" \/>\n<meta name=\"robots\" content=\"index, follow, max-snippet:-1, max-image-preview:large, max-video-preview:-1\" \/>\n<link rel=\"canonical\" href=\"https:\/\/clarijs-fietstassen.nl\/de\/produkt\/doppelte-fahrradtasche-almond-blossom-kopie-2\/\" \/>\n<meta property=\"og:locale\" content=\"de_DE\" \/>\n<meta property=\"og:type\" content=\"article\" \/>\n<meta property=\"og:title\" content=\"Doppelte Fahrradtasche Almond Blossom (kopie)\" \/>\n<meta property=\"og:description\" content=\"Doppelte Fahrradtasche Almond Blossom (kopie) Sie ist aus PVC-Canvas, einem wasserdichten Material, hergestellt. Die Tasche hat au\u00dferdem Reflexionen auf der Vorder- und R\u00fcckseite. Bestellen Sie es jetzt!\" \/>\n<meta property=\"og:url\" content=\"https:\/\/clarijs-fietstassen.nl\/de\/produkt\/doppelte-fahrradtasche-almond-blossom-kopie-2\/\" \/>\n<meta property=\"og:site_name\" content=\"Clarijs Fietstassen\" \/>\n<meta property=\"article:publisher\" content=\"https:\/\/www.facebook.com\/clarijs1948\/\" \/>\n<meta property=\"article:modified_time\" content=\"2026-03-17T10:46:00+00:00\" \/>\n<meta property=\"og:image\" content=\"https:\/\/clarijs-fietstassen.nl\/wp-content\/uploads\/2025\/02\/Dubbele-fietstas-Amandelbloesem.png\" \/>\n\t<meta property=\"og:image:width\" content=\"1000\" \/>\n\t<meta property=\"og:image:height\" content=\"1000\" \/>\n\t<meta property=\"og:image:type\" content=\"image\/png\" \/>\n<meta name=\"twitter:card\" content=\"summary_large_image\" \/>\n<meta name=\"twitter:label1\" content=\"Preis\" \/>\n\t<meta name=\"twitter:data1\" content=\"&euro;79.00\" \/>\n\t<meta name=\"twitter:label2\" content=\"Verf\u00fcgbarkeit\" \/>\n\t<meta name=\"twitter:data2\" content=\"Auf Lager\" \/>\n<script type=\"application\/ld+json\" class=\"yoast-schema-graph\">{\"@context\":\"https:\\\/\\\/schema.org\",\"@graph\":[{\"@type\":\"WebPage\",\"@id\":\"https:\\\/\\\/clarijs-fietstassen.nl\\\/de\\\/produkt\\\/doppelte-fahrradtasche-almond-blossom-kopie-2\\\/\",\"url\":\"https:\\\/\\\/clarijs-fietstassen.nl\\\/de\\\/produkt\\\/doppelte-fahrradtasche-almond-blossom-kopie-2\\\/\",\"name\":\"Doppelte Fahrradtasche Almond Blossom (kopie) - Clarijs Fietstassen\",\"isPartOf\":{\"@id\":\"https:\\\/\\\/clarijs-fietstassen.nl\\\/de\\\/#website\"},\"primaryImageOfPage\":{\"@id\":\"https:\\\/\\\/clarijs-fietstassen.nl\\\/de\\\/produkt\\\/doppelte-fahrradtasche-almond-blossom-kopie-2\\\/#primaryimage\"},\"image\":{\"@id\":\"https:\\\/\\\/clarijs-fietstassen.nl\\\/de\\\/produkt\\\/doppelte-fahrradtasche-almond-blossom-kopie-2\\\/#primaryimage\"},\"thumbnailUrl\":\"https:\\\/\\\/clarijs-fietstassen.nl\\\/wp-content\\\/uploads\\\/2025\\\/02\\\/Dubbele-fietstas-Amandelbloesem.png\",\"datePublished\":\"2026-03-17T10:43:29+00:00\",\"dateModified\":\"2026-03-17T10:46:00+00:00\",\"description\":\"Doppelte Fahrradtasche Almond Blossom (kopie) Sie ist aus PVC-Canvas, einem wasserdichten Material, hergestellt. Die Tasche hat au\u00dferdem Reflexionen auf der Vorder- und R\u00fcckseite. Bestellen Sie es jetzt!\",\"breadcrumb\":{\"@id\":\"https:\\\/\\\/clarijs-fietstassen.nl\\\/de\\\/produkt\\\/doppelte-fahrradtasche-almond-blossom-kopie-2\\\/#breadcrumb\"},\"inLanguage\":\"de\",\"potentialAction\":[{\"@type\":\"ReadAction\",\"target\":[\"https:\\\/\\\/clarijs-fietstassen.nl\\\/de\\\/produkt\\\/doppelte-fahrradtasche-almond-blossom-kopie-2\\\/\"]}]},{\"@type\":\"ImageObject\",\"inLanguage\":\"de\",\"@id\":\"https:\\\/\\\/clarijs-fietstassen.nl\\\/de\\\/produkt\\\/doppelte-fahrradtasche-almond-blossom-kopie-2\\\/#primaryimage\",\"url\":\"https:\\\/\\\/clarijs-fietstassen.nl\\\/wp-content\\\/uploads\\\/2025\\\/02\\\/Dubbele-fietstas-Amandelbloesem.png\",\"contentUrl\":\"https:\\\/\\\/clarijs-fietstassen.nl\\\/wp-content\\\/uploads\\\/2025\\\/02\\\/Dubbele-fietstas-Amandelbloesem.png\",\"width\":1000,\"height\":1000,\"caption\":\"Doppelte Fahrradtasche Mandelbl\u00fcte\"},{\"@type\":\"BreadcrumbList\",\"@id\":\"https:\\\/\\\/clarijs-fietstassen.nl\\\/de\\\/produkt\\\/doppelte-fahrradtasche-almond-blossom-kopie-2\\\/#breadcrumb\",\"itemListElement\":[{\"@type\":\"ListItem\",\"position\":1,\"name\":\"Home\",\"item\":\"https:\\\/\\\/clarijs-fietstassen.nl\\\/de\\\/\"},{\"@type\":\"ListItem\",\"position\":2,\"name\":\"Shop\",\"item\":\"https:\\\/\\\/clarijs-fietstassen.nl\\\/de\\\/shop\\\/\"},{\"@type\":\"ListItem\",\"position\":3,\"name\":\"Cortina fietstassen\",\"item\":\"https:\\\/\\\/clarijs-fietstassen.nl\\\/cortina-fietstassen\\\/\"},{\"@type\":\"ListItem\",\"position\":4,\"name\":\"Doppelte Fahrradtasche Almond Blossom (kopie)\"}]},{\"@type\":\"WebSite\",\"@id\":\"https:\\\/\\\/clarijs-fietstassen.nl\\\/de\\\/#website\",\"url\":\"https:\\\/\\\/clarijs-fietstassen.nl\\\/de\\\/\",\"name\":\"Clarijs Fietstassen\",\"description\":\"Kwaliteit &amp; ambacht sinds 1948\",\"publisher\":{\"@id\":\"https:\\\/\\\/clarijs-fietstassen.nl\\\/de\\\/#organization\"},\"potentialAction\":[{\"@type\":\"SearchAction\",\"target\":{\"@type\":\"EntryPoint\",\"urlTemplate\":\"https:\\\/\\\/clarijs-fietstassen.nl\\\/de\\\/?s={search_term_string}\"},\"query-input\":{\"@type\":\"PropertyValueSpecification\",\"valueRequired\":true,\"valueName\":\"search_term_string\"}}],\"inLanguage\":\"de\"},{\"@type\":\"Organization\",\"@id\":\"https:\\\/\\\/clarijs-fietstassen.nl\\\/de\\\/#organization\",\"name\":\"Clarijs Fietstassen\",\"url\":\"https:\\\/\\\/clarijs-fietstassen.nl\\\/de\\\/\",\"logo\":{\"@type\":\"ImageObject\",\"inLanguage\":\"de\",\"@id\":\"https:\\\/\\\/clarijs-fietstassen.nl\\\/de\\\/#\\\/schema\\\/logo\\\/image\\\/\",\"url\":\"https:\\\/\\\/clarijs-fietstassen.nl\\\/wp-content\\\/uploads\\\/2024\\\/01\\\/clarijs-logo-met-rand.jpg\",\"contentUrl\":\"https:\\\/\\\/clarijs-fietstassen.nl\\\/wp-content\\\/uploads\\\/2024\\\/01\\\/clarijs-logo-met-rand.jpg\",\"width\":560,\"height\":266,\"caption\":\"Clarijs Fietstassen\"},\"image\":{\"@id\":\"https:\\\/\\\/clarijs-fietstassen.nl\\\/de\\\/#\\\/schema\\\/logo\\\/image\\\/\"},\"sameAs\":[\"https:\\\/\\\/www.facebook.com\\\/clarijs1948\\\/\",\"https:\\\/\\\/www.instagram.com\\\/clarijscovers\\\/\"]}]}<\/script>\n<meta property=\"product:price:amount\" content=\"79.00\" \/>\n<meta property=\"product:price:currency\" content=\"EUR\" \/>\n<meta property=\"og:availability\" content=\"instock\" \/>\n<meta property=\"product:availability\" content=\"instock\" \/>\n<meta property=\"product:retailer_item_id\" content=\"7106617951674\" \/>\n<meta property=\"product:condition\" content=\"new\" \/>\n<!-- \/ Yoast SEO Premium plugin. -->","yoast_head_json":{"title":"Doppelte Fahrradtasche Almond Blossom (kopie) - Clarijs Fietstassen","description":"Doppelte Fahrradtasche Almond Blossom (kopie) Sie ist aus PVC-Canvas, einem wasserdichten Material, hergestellt. Die Tasche hat au\u00dferdem Reflexionen auf der Vorder- und R\u00fcckseite. Bestellen Sie es jetzt!","robots":{"index":"index","follow":"follow","max-snippet":"max-snippet:-1","max-image-preview":"max-image-preview:large","max-video-preview":"max-video-preview:-1"},"canonical":"https:\/\/clarijs-fietstassen.nl\/de\/produkt\/doppelte-fahrradtasche-almond-blossom-kopie-2\/","og_locale":"de_DE","og_type":"article","og_title":"Doppelte Fahrradtasche Almond Blossom (kopie)","og_description":"Doppelte Fahrradtasche Almond Blossom (kopie) Sie ist aus PVC-Canvas, einem wasserdichten Material, hergestellt. Die Tasche hat au\u00dferdem Reflexionen auf der Vorder- und R\u00fcckseite. Bestellen Sie es jetzt!","og_url":"https:\/\/clarijs-fietstassen.nl\/de\/produkt\/doppelte-fahrradtasche-almond-blossom-kopie-2\/","og_site_name":"Clarijs Fietstassen","article_publisher":"https:\/\/www.facebook.com\/clarijs1948\/","article_modified_time":"2026-03-17T10:46:00+00:00","og_image":[{"width":1000,"height":1000,"url":"https:\/\/clarijs-fietstassen.nl\/wp-content\/uploads\/2025\/02\/Dubbele-fietstas-Amandelbloesem.png","type":"image\/png"}],"twitter_card":"summary_large_image","twitter_misc":{"Preis":"&euro;79.00","Verf\u00fcgbarkeit":"Auf Lager"},"schema":{"@context":"https:\/\/schema.org","@graph":[{"@type":"WebPage","@id":"https:\/\/clarijs-fietstassen.nl\/de\/produkt\/doppelte-fahrradtasche-almond-blossom-kopie-2\/","url":"https:\/\/clarijs-fietstassen.nl\/de\/produkt\/doppelte-fahrradtasche-almond-blossom-kopie-2\/","name":"Doppelte Fahrradtasche Almond Blossom (kopie) - Clarijs Fietstassen","isPartOf":{"@id":"https:\/\/clarijs-fietstassen.nl\/de\/#website"},"primaryImageOfPage":{"@id":"https:\/\/clarijs-fietstassen.nl\/de\/produkt\/doppelte-fahrradtasche-almond-blossom-kopie-2\/#primaryimage"},"image":{"@id":"https:\/\/clarijs-fietstassen.nl\/de\/produkt\/doppelte-fahrradtasche-almond-blossom-kopie-2\/#primaryimage"},"thumbnailUrl":"https:\/\/clarijs-fietstassen.nl\/wp-content\/uploads\/2025\/02\/Dubbele-fietstas-Amandelbloesem.png","datePublished":"2026-03-17T10:43:29+00:00","dateModified":"2026-03-17T10:46:00+00:00","description":"Doppelte Fahrradtasche Almond Blossom (kopie) Sie ist aus PVC-Canvas, einem wasserdichten Material, hergestellt. Die Tasche hat au\u00dferdem Reflexionen auf der Vorder- und R\u00fcckseite. Bestellen Sie es jetzt!","breadcrumb":{"@id":"https:\/\/clarijs-fietstassen.nl\/de\/produkt\/doppelte-fahrradtasche-almond-blossom-kopie-2\/#breadcrumb"},"inLanguage":"de","potentialAction":[{"@type":"ReadAction","target":["https:\/\/clarijs-fietstassen.nl\/de\/produkt\/doppelte-fahrradtasche-almond-blossom-kopie-2\/"]}]},{"@type":"ImageObject","inLanguage":"de","@id":"https:\/\/clarijs-fietstassen.nl\/de\/produkt\/doppelte-fahrradtasche-almond-blossom-kopie-2\/#primaryimage","url":"https:\/\/clarijs-fietstassen.nl\/wp-content\/uploads\/2025\/02\/Dubbele-fietstas-Amandelbloesem.png","contentUrl":"https:\/\/clarijs-fietstassen.nl\/wp-content\/uploads\/2025\/02\/Dubbele-fietstas-Amandelbloesem.png","width":1000,"height":1000,"caption":"Doppelte Fahrradtasche Mandelbl\u00fcte"},{"@type":"BreadcrumbList","@id":"https:\/\/clarijs-fietstassen.nl\/de\/produkt\/doppelte-fahrradtasche-almond-blossom-kopie-2\/#breadcrumb","itemListElement":[{"@type":"ListItem","position":1,"name":"Home","item":"https:\/\/clarijs-fietstassen.nl\/de\/"},{"@type":"ListItem","position":2,"name":"Shop","item":"https:\/\/clarijs-fietstassen.nl\/de\/shop\/"},{"@type":"ListItem","position":3,"name":"Cortina fietstassen","item":"https:\/\/clarijs-fietstassen.nl\/cortina-fietstassen\/"},{"@type":"ListItem","position":4,"name":"Doppelte Fahrradtasche Almond Blossom (kopie)"}]},{"@type":"WebSite","@id":"https:\/\/clarijs-fietstassen.nl\/de\/#website","url":"https:\/\/clarijs-fietstassen.nl\/de\/","name":"Clarijs Fietstassen","description":"Kwaliteit &amp; ambacht sinds 1948","publisher":{"@id":"https:\/\/clarijs-fietstassen.nl\/de\/#organization"},"potentialAction":[{"@type":"SearchAction","target":{"@type":"EntryPoint","urlTemplate":"https:\/\/clarijs-fietstassen.nl\/de\/?s={search_term_string}"},"query-input":{"@type":"PropertyValueSpecification","valueRequired":true,"valueName":"search_term_string"}}],"inLanguage":"de"},{"@type":"Organization","@id":"https:\/\/clarijs-fietstassen.nl\/de\/#organization","name":"Clarijs Fietstassen","url":"https:\/\/clarijs-fietstassen.nl\/de\/","logo":{"@type":"ImageObject","inLanguage":"de","@id":"https:\/\/clarijs-fietstassen.nl\/de\/#\/schema\/logo\/image\/","url":"https:\/\/clarijs-fietstassen.nl\/wp-content\/uploads\/2024\/01\/clarijs-logo-met-rand.jpg","contentUrl":"https:\/\/clarijs-fietstassen.nl\/wp-content\/uploads\/2024\/01\/clarijs-logo-met-rand.jpg","width":560,"height":266,"caption":"Clarijs Fietstassen"},"image":{"@id":"https:\/\/clarijs-fietstassen.nl\/de\/#\/schema\/logo\/image\/"},"sameAs":["https:\/\/www.facebook.com\/clarijs1948\/","https:\/\/www.instagram.com\/clarijscovers\/"]}]},"product_price_amount":"79.00","product_price_currency":"EUR","og_availability":"instock","product_availability":"instock","product_retailer_item_id":"7106617951674","product_condition":"new"},"_links":{"self":[{"href":"https:\/\/clarijs-fietstassen.nl\/de\/wp-json\/wp\/v2\/product\/64414","targetHints":{"allow":["GET"]}}],"collection":[{"href":"https:\/\/clarijs-fietstassen.nl\/de\/wp-json\/wp\/v2\/product"}],"about":[{"href":"https:\/\/clarijs-fietstassen.nl\/de\/wp-json\/wp\/v2\/types\/product"}],"replies":[{"embeddable":true,"href":"https:\/\/clarijs-fietstassen.nl\/de\/wp-json\/wp\/v2\/comments?post=64414"}],"wp:featuredmedia":[{"embeddable":true,"href":"https:\/\/clarijs-fietstassen.nl\/de\/wp-json\/wp\/v2\/media\/49967"}],"wp:attachment":[{"href":"https:\/\/clarijs-fietstassen.nl\/de\/wp-json\/wp\/v2\/media?parent=64414"}],"wp:term":[{"taxonomy":"product_brand","embeddable":true,"href":"https:\/\/clarijs-fietstassen.nl\/de\/wp-json\/wp\/v2\/product_brand?post=64414"},{"taxonomy":"product_cat","embeddable":true,"href":"https:\/\/clarijs-fietstassen.nl\/de\/wp-json\/wp\/v2\/product_cat?post=64414"},{"taxonomy":"product_tag","embeddable":true,"href":"https:\/\/clarijs-fietstassen.nl\/de\/wp-json\/wp\/v2\/product_tag?post=64414"}],"curies":[{"name":"wp","href":"https:\/\/api.w.org\/{rel}","templated":true}]}}