{"id":64490,"date":"2023-06-18T14:08:20","date_gmt":"2023-06-18T12:08:20","guid":{"rendered":"https:\/\/clarijs-fietstassen.nl\/?post_type=product&#038;p=64490"},"modified":"2026-03-31T11:09:31","modified_gmt":"2026-03-31T09:09:31","slug":"shopper-mandelbluete-medium","status":"publish","type":"product","link":"https:\/\/clarijs-fietstassen.nl\/de\/produkt\/shopper-mandelbluete-medium\/","title":{"rendered":"Shopper Mandelbl\u00fcte &#8211; Medium"},"content":{"rendered":"<p>Entdecken Sie den Shopper Almond Blossom &#8211; Medium. Diese trendige Tasche kombiniert Funktionalit\u00e4t mit einem minimalistischen Design. Der Shopper wurde speziell so entworfen, dass er perfekt in die <a href=\"https:\/\/clarijs-fietstassen.nl\/de\/produkt\/doppelte-fahrradtasche-almond-blossom-36-l\/\"><strong>Doppelter Gep\u00e4cktr\u00e4ger Almond Blossom &#8211; Medium<\/strong><\/a> von Clarijs. Sie nehmen ihn einfach aus der Tasche und tragen ihn bequem.<\/p>\n<p><strong>Warum sollten Sie diesen Shopper von Clarijs w\u00e4hlen?<\/strong><\/p>\n<ul>\n<li style=\"font-weight: 400;\" aria-level=\"1\">Hochwertiges, robustes Material<\/li>\n<li aria-level=\"1\"><span style=\"font-weight: 400;\">Geeignet zum Tragen schwerer Gegenst\u00e4nde<\/span><\/li>\n<li>Einfach zusammenfaltbar<\/li>\n<li>Angenehm zu tragen dank der kurzen Tragegriffe<\/li>\n<li>Mit praktischem Innenfach mit Rei\u00dfverschluss<\/li>\n<\/ul>\n<div>\n<p><strong>Gr\u00f6\u00dfen<\/strong><br \/>\nDie Ma\u00dfe der Doppel-Fahrradtaschen sind in Zentimetern angegeben als: L\u00e4nge x Tiefe\/Breite x H\u00f6he<\/p>\n<p>Innen 27,5 x 16 x 32<br \/>\nAu\u00dfen 29,5 x 18 x 36<\/p>\n<p>Da die Taschen handgefertigt sind, k\u00f6nnen die Ma\u00dfe um etwa einen Zentimeter variieren.<\/p>\n<\/div>\n<p data-start=\"1439\" data-end=\"1463\"><b>Hochwertiges Material<br \/>\n<\/b>Dieser Shopper ist aus hochwertigem, robustem PVC-Gewebe gefertigt. Dieses Material ist bekannt f\u00fcr seine hohe Abriebfestigkeit, Spritzwasserschutz und Farbechtheit. Die Tasche l\u00e4sst sich leicht mit einem feuchten Tuch oder milder Seife und Wasser reinigen.<br \/>\nW\u00e4hlen Sie den Shopper Medium in einer unserer 3 meistverkauften Farben Mat Olive, Mat Black und Almond Blossom und suchen Sie sich Ihren Favoriten aus!  <\/p>\n<p data-start=\"1223\" data-end=\"1305\">\n","protected":false},"excerpt":{"rendered":"<p>Entdecken Sie den Shopper Almond Blossom &#8211; Medium. Diese trendige Tasche kombiniert Funktionalit\u00e4t mit einem minimalistischen Design. Der Shopper wurde speziell so entworfen, dass er perfekt in die Doppelter Gep\u00e4cktr\u00e4ger Almond Blossom &#8211; Medium von Clarijs. Sie nehmen ihn einfach aus der Tasche und tragen ihn bequem. Warum sollten Sie diesen Shopper von Clarijs w\u00e4hlen? [&hellip;]<\/p>\n","protected":false},"featured_media":64494,"comment_status":"closed","ping_status":"closed","template":"","meta":{"_acf_changed":false,"_et_pb_use_builder":"","_et_pb_old_content":"","_et_gb_content_width":""},"product_brand":[],"product_cat":[695,756,759,769],"product_tag":[],"class_list":{"0":"post-64490","1":"product","2":"type-product","3":"status-publish","4":"has-post-thumbnail","6":"product_cat-bisonyl-packtaschen","7":"product_cat-shoppers-de","8":"product_cat-shoppers-mit-druck","9":"product_cat-taschen","10":"pa_afmetingen-295-x-18-x-36-cm-l-x-b-x-h-de","11":"pa_kleur-grun","12":"pa_kleur-matt-olive-de","13":"pa_materiaal-bisonyl-pvc-leinwand","14":"pa_merk-clarijs-covers-b-v-de","16":"first","17":"instock","18":"taxable","19":"shipping-taxable","20":"purchasable","21":"product-type-simple"},"acf":[],"yoast_head":"<!-- This site is optimized with the Yoast SEO Premium plugin v27.2 (Yoast SEO v27.3) - https:\/\/yoast.com\/product\/yoast-seo-premium-wordpress\/ -->\n<title>Shopper Mandelbl\u00fcte - Medium - Clarijs Fietstassen<\/title>\n<meta name=\"description\" content=\"Shopper Almond Blossom - Medium von Clarijs. Robust, spritzwassergesch\u00fctzt und passt perfekt in Ihre Gep\u00e4cktasche. W\u00e4hlen Sie aus 3 beliebten Farben und bestellen Sie sofort.\" \/>\n<meta name=\"robots\" content=\"index, follow, max-snippet:-1, max-image-preview:large, max-video-preview:-1\" \/>\n<link rel=\"canonical\" href=\"https:\/\/clarijs-fietstassen.nl\/de\/produkt\/shopper-mandelbluete-medium\/\" \/>\n<meta property=\"og:locale\" content=\"de_DE\" \/>\n<meta property=\"og:type\" content=\"article\" \/>\n<meta property=\"og:title\" content=\"Shopper Mandelbl\u00fcte - Medium\" \/>\n<meta property=\"og:description\" content=\"Shopper Almond Blossom - Medium von Clarijs. Robust, spritzwassergesch\u00fctzt und passt perfekt in Ihre Gep\u00e4cktasche. W\u00e4hlen Sie aus 3 beliebten Farben und bestellen Sie sofort.\" \/>\n<meta property=\"og:url\" content=\"https:\/\/clarijs-fietstassen.nl\/de\/produkt\/shopper-mandelbluete-medium\/\" \/>\n<meta property=\"og:site_name\" content=\"Clarijs Fietstassen\" \/>\n<meta property=\"article:publisher\" content=\"https:\/\/www.facebook.com\/clarijs1948\/\" \/>\n<meta property=\"article:modified_time\" content=\"2026-03-31T09:09:31+00:00\" \/>\n<meta property=\"og:image\" content=\"https:\/\/clarijs-fietstassen.nl\/wp-content\/uploads\/2026\/03\/shopper-amandelbloesem-medium.jpg\" \/>\n\t<meta property=\"og:image:width\" content=\"1200\" \/>\n\t<meta property=\"og:image:height\" content=\"1200\" \/>\n\t<meta property=\"og:image:type\" content=\"image\/jpeg\" \/>\n<meta name=\"twitter:card\" content=\"summary_large_image\" \/>\n<meta name=\"twitter:label1\" content=\"Preis\" \/>\n\t<meta name=\"twitter:data1\" content=\"&euro;34.00\" \/>\n\t<meta name=\"twitter:label2\" content=\"Verf\u00fcgbarkeit\" \/>\n\t<meta name=\"twitter:data2\" content=\"Auf Lager\" \/>\n<script type=\"application\/ld+json\" class=\"yoast-schema-graph\">{\"@context\":\"https:\\\/\\\/schema.org\",\"@graph\":[{\"@type\":\"WebPage\",\"@id\":\"https:\\\/\\\/clarijs-fietstassen.nl\\\/de\\\/produkt\\\/shopper-mandelbluete-medium\\\/\",\"url\":\"https:\\\/\\\/clarijs-fietstassen.nl\\\/de\\\/produkt\\\/shopper-mandelbluete-medium\\\/\",\"name\":\"Shopper Mandelbl\u00fcte - Medium - Clarijs Fietstassen\",\"isPartOf\":{\"@id\":\"https:\\\/\\\/clarijs-fietstassen.nl\\\/de\\\/#website\"},\"primaryImageOfPage\":{\"@id\":\"https:\\\/\\\/clarijs-fietstassen.nl\\\/de\\\/produkt\\\/shopper-mandelbluete-medium\\\/#primaryimage\"},\"image\":{\"@id\":\"https:\\\/\\\/clarijs-fietstassen.nl\\\/de\\\/produkt\\\/shopper-mandelbluete-medium\\\/#primaryimage\"},\"thumbnailUrl\":\"https:\\\/\\\/clarijs-fietstassen.nl\\\/wp-content\\\/uploads\\\/2026\\\/03\\\/shopper-amandelbloesem-medium.jpg\",\"datePublished\":\"2023-06-18T12:08:20+00:00\",\"dateModified\":\"2026-03-31T09:09:31+00:00\",\"description\":\"Shopper Almond Blossom - Medium von Clarijs. Robust, spritzwassergesch\u00fctzt und passt perfekt in Ihre Gep\u00e4cktasche. W\u00e4hlen Sie aus 3 beliebten Farben und bestellen Sie sofort.\",\"breadcrumb\":{\"@id\":\"https:\\\/\\\/clarijs-fietstassen.nl\\\/de\\\/produkt\\\/shopper-mandelbluete-medium\\\/#breadcrumb\"},\"inLanguage\":\"de\",\"potentialAction\":[{\"@type\":\"ReadAction\",\"target\":[\"https:\\\/\\\/clarijs-fietstassen.nl\\\/de\\\/produkt\\\/shopper-mandelbluete-medium\\\/\"]}]},{\"@type\":\"ImageObject\",\"inLanguage\":\"de\",\"@id\":\"https:\\\/\\\/clarijs-fietstassen.nl\\\/de\\\/produkt\\\/shopper-mandelbluete-medium\\\/#primaryimage\",\"url\":\"https:\\\/\\\/clarijs-fietstassen.nl\\\/wp-content\\\/uploads\\\/2026\\\/03\\\/shopper-amandelbloesem-medium.jpg\",\"contentUrl\":\"https:\\\/\\\/clarijs-fietstassen.nl\\\/wp-content\\\/uploads\\\/2026\\\/03\\\/shopper-amandelbloesem-medium.jpg\",\"width\":1200,\"height\":1200,\"caption\":\"Shopper Mandelbl\u00fcte - Medium\"},{\"@type\":\"BreadcrumbList\",\"@id\":\"https:\\\/\\\/clarijs-fietstassen.nl\\\/de\\\/produkt\\\/shopper-mandelbluete-medium\\\/#breadcrumb\",\"itemListElement\":[{\"@type\":\"ListItem\",\"position\":1,\"name\":\"Home\",\"item\":\"https:\\\/\\\/clarijs-fietstassen.nl\\\/de\\\/\"},{\"@type\":\"ListItem\",\"position\":2,\"name\":\"Shop\",\"item\":\"https:\\\/\\\/clarijs-fietstassen.nl\\\/de\\\/shop\\\/\"},{\"@type\":\"ListItem\",\"position\":3,\"name\":\"Bisonyl Packtaschen\",\"item\":\"https:\\\/\\\/clarijs-fietstassen.nl\\\/de\\\/bisonyl-packtaschen\\\/\"},{\"@type\":\"ListItem\",\"position\":4,\"name\":\"Shopper Mandelbl\u00fcte &#8211; Medium\"}]},{\"@type\":\"WebSite\",\"@id\":\"https:\\\/\\\/clarijs-fietstassen.nl\\\/de\\\/#website\",\"url\":\"https:\\\/\\\/clarijs-fietstassen.nl\\\/de\\\/\",\"name\":\"Clarijs Fietstassen\",\"description\":\"Kwaliteit &amp; ambacht sinds 1948\",\"publisher\":{\"@id\":\"https:\\\/\\\/clarijs-fietstassen.nl\\\/de\\\/#organization\"},\"potentialAction\":[{\"@type\":\"SearchAction\",\"target\":{\"@type\":\"EntryPoint\",\"urlTemplate\":\"https:\\\/\\\/clarijs-fietstassen.nl\\\/de\\\/?s={search_term_string}\"},\"query-input\":{\"@type\":\"PropertyValueSpecification\",\"valueRequired\":true,\"valueName\":\"search_term_string\"}}],\"inLanguage\":\"de\"},{\"@type\":\"Organization\",\"@id\":\"https:\\\/\\\/clarijs-fietstassen.nl\\\/de\\\/#organization\",\"name\":\"Clarijs Fietstassen\",\"url\":\"https:\\\/\\\/clarijs-fietstassen.nl\\\/de\\\/\",\"logo\":{\"@type\":\"ImageObject\",\"inLanguage\":\"de\",\"@id\":\"https:\\\/\\\/clarijs-fietstassen.nl\\\/de\\\/#\\\/schema\\\/logo\\\/image\\\/\",\"url\":\"https:\\\/\\\/clarijs-fietstassen.nl\\\/wp-content\\\/uploads\\\/2024\\\/01\\\/clarijs-logo-met-rand.jpg\",\"contentUrl\":\"https:\\\/\\\/clarijs-fietstassen.nl\\\/wp-content\\\/uploads\\\/2024\\\/01\\\/clarijs-logo-met-rand.jpg\",\"width\":560,\"height\":266,\"caption\":\"Clarijs Fietstassen\"},\"image\":{\"@id\":\"https:\\\/\\\/clarijs-fietstassen.nl\\\/de\\\/#\\\/schema\\\/logo\\\/image\\\/\"},\"sameAs\":[\"https:\\\/\\\/www.facebook.com\\\/clarijs1948\\\/\",\"https:\\\/\\\/www.instagram.com\\\/clarijscovers\\\/\"]}]}<\/script>\n<meta property=\"product:price:amount\" content=\"34.00\" \/>\n<meta property=\"product:price:currency\" content=\"EUR\" \/>\n<meta property=\"og:availability\" content=\"instock\" \/>\n<meta property=\"product:availability\" content=\"instock\" \/>\n<meta property=\"product:retailer_item_id\" content=\"2126\" \/>\n<meta property=\"product:condition\" content=\"new\" \/>\n<!-- \/ Yoast SEO Premium plugin. -->","yoast_head_json":{"title":"Shopper Mandelbl\u00fcte - Medium - Clarijs Fietstassen","description":"Shopper Almond Blossom - Medium von Clarijs. Robust, spritzwassergesch\u00fctzt und passt perfekt in Ihre Gep\u00e4cktasche. W\u00e4hlen Sie aus 3 beliebten Farben und bestellen Sie sofort.","robots":{"index":"index","follow":"follow","max-snippet":"max-snippet:-1","max-image-preview":"max-image-preview:large","max-video-preview":"max-video-preview:-1"},"canonical":"https:\/\/clarijs-fietstassen.nl\/de\/produkt\/shopper-mandelbluete-medium\/","og_locale":"de_DE","og_type":"article","og_title":"Shopper Mandelbl\u00fcte - Medium","og_description":"Shopper Almond Blossom - Medium von Clarijs. Robust, spritzwassergesch\u00fctzt und passt perfekt in Ihre Gep\u00e4cktasche. W\u00e4hlen Sie aus 3 beliebten Farben und bestellen Sie sofort.","og_url":"https:\/\/clarijs-fietstassen.nl\/de\/produkt\/shopper-mandelbluete-medium\/","og_site_name":"Clarijs Fietstassen","article_publisher":"https:\/\/www.facebook.com\/clarijs1948\/","article_modified_time":"2026-03-31T09:09:31+00:00","og_image":[{"width":1200,"height":1200,"url":"https:\/\/clarijs-fietstassen.nl\/wp-content\/uploads\/2026\/03\/shopper-amandelbloesem-medium.jpg","type":"image\/jpeg"}],"twitter_card":"summary_large_image","twitter_misc":{"Preis":"&euro;34.00","Verf\u00fcgbarkeit":"Auf Lager"},"schema":{"@context":"https:\/\/schema.org","@graph":[{"@type":"WebPage","@id":"https:\/\/clarijs-fietstassen.nl\/de\/produkt\/shopper-mandelbluete-medium\/","url":"https:\/\/clarijs-fietstassen.nl\/de\/produkt\/shopper-mandelbluete-medium\/","name":"Shopper Mandelbl\u00fcte - Medium - Clarijs Fietstassen","isPartOf":{"@id":"https:\/\/clarijs-fietstassen.nl\/de\/#website"},"primaryImageOfPage":{"@id":"https:\/\/clarijs-fietstassen.nl\/de\/produkt\/shopper-mandelbluete-medium\/#primaryimage"},"image":{"@id":"https:\/\/clarijs-fietstassen.nl\/de\/produkt\/shopper-mandelbluete-medium\/#primaryimage"},"thumbnailUrl":"https:\/\/clarijs-fietstassen.nl\/wp-content\/uploads\/2026\/03\/shopper-amandelbloesem-medium.jpg","datePublished":"2023-06-18T12:08:20+00:00","dateModified":"2026-03-31T09:09:31+00:00","description":"Shopper Almond Blossom - Medium von Clarijs. Robust, spritzwassergesch\u00fctzt und passt perfekt in Ihre Gep\u00e4cktasche. W\u00e4hlen Sie aus 3 beliebten Farben und bestellen Sie sofort.","breadcrumb":{"@id":"https:\/\/clarijs-fietstassen.nl\/de\/produkt\/shopper-mandelbluete-medium\/#breadcrumb"},"inLanguage":"de","potentialAction":[{"@type":"ReadAction","target":["https:\/\/clarijs-fietstassen.nl\/de\/produkt\/shopper-mandelbluete-medium\/"]}]},{"@type":"ImageObject","inLanguage":"de","@id":"https:\/\/clarijs-fietstassen.nl\/de\/produkt\/shopper-mandelbluete-medium\/#primaryimage","url":"https:\/\/clarijs-fietstassen.nl\/wp-content\/uploads\/2026\/03\/shopper-amandelbloesem-medium.jpg","contentUrl":"https:\/\/clarijs-fietstassen.nl\/wp-content\/uploads\/2026\/03\/shopper-amandelbloesem-medium.jpg","width":1200,"height":1200,"caption":"Shopper Mandelbl\u00fcte - Medium"},{"@type":"BreadcrumbList","@id":"https:\/\/clarijs-fietstassen.nl\/de\/produkt\/shopper-mandelbluete-medium\/#breadcrumb","itemListElement":[{"@type":"ListItem","position":1,"name":"Home","item":"https:\/\/clarijs-fietstassen.nl\/de\/"},{"@type":"ListItem","position":2,"name":"Shop","item":"https:\/\/clarijs-fietstassen.nl\/de\/shop\/"},{"@type":"ListItem","position":3,"name":"Bisonyl Packtaschen","item":"https:\/\/clarijs-fietstassen.nl\/de\/bisonyl-packtaschen\/"},{"@type":"ListItem","position":4,"name":"Shopper Mandelbl\u00fcte &#8211; Medium"}]},{"@type":"WebSite","@id":"https:\/\/clarijs-fietstassen.nl\/de\/#website","url":"https:\/\/clarijs-fietstassen.nl\/de\/","name":"Clarijs Fietstassen","description":"Kwaliteit &amp; ambacht sinds 1948","publisher":{"@id":"https:\/\/clarijs-fietstassen.nl\/de\/#organization"},"potentialAction":[{"@type":"SearchAction","target":{"@type":"EntryPoint","urlTemplate":"https:\/\/clarijs-fietstassen.nl\/de\/?s={search_term_string}"},"query-input":{"@type":"PropertyValueSpecification","valueRequired":true,"valueName":"search_term_string"}}],"inLanguage":"de"},{"@type":"Organization","@id":"https:\/\/clarijs-fietstassen.nl\/de\/#organization","name":"Clarijs Fietstassen","url":"https:\/\/clarijs-fietstassen.nl\/de\/","logo":{"@type":"ImageObject","inLanguage":"de","@id":"https:\/\/clarijs-fietstassen.nl\/de\/#\/schema\/logo\/image\/","url":"https:\/\/clarijs-fietstassen.nl\/wp-content\/uploads\/2024\/01\/clarijs-logo-met-rand.jpg","contentUrl":"https:\/\/clarijs-fietstassen.nl\/wp-content\/uploads\/2024\/01\/clarijs-logo-met-rand.jpg","width":560,"height":266,"caption":"Clarijs Fietstassen"},"image":{"@id":"https:\/\/clarijs-fietstassen.nl\/de\/#\/schema\/logo\/image\/"},"sameAs":["https:\/\/www.facebook.com\/clarijs1948\/","https:\/\/www.instagram.com\/clarijscovers\/"]}]},"product_price_amount":"34.00","product_price_currency":"EUR","og_availability":"instock","product_availability":"instock","product_retailer_item_id":"2126","product_condition":"new"},"_links":{"self":[{"href":"https:\/\/clarijs-fietstassen.nl\/de\/wp-json\/wp\/v2\/product\/64490","targetHints":{"allow":["GET"]}}],"collection":[{"href":"https:\/\/clarijs-fietstassen.nl\/de\/wp-json\/wp\/v2\/product"}],"about":[{"href":"https:\/\/clarijs-fietstassen.nl\/de\/wp-json\/wp\/v2\/types\/product"}],"replies":[{"embeddable":true,"href":"https:\/\/clarijs-fietstassen.nl\/de\/wp-json\/wp\/v2\/comments?post=64490"}],"wp:featuredmedia":[{"embeddable":true,"href":"https:\/\/clarijs-fietstassen.nl\/de\/wp-json\/wp\/v2\/media\/64494"}],"wp:attachment":[{"href":"https:\/\/clarijs-fietstassen.nl\/de\/wp-json\/wp\/v2\/media?parent=64490"}],"wp:term":[{"taxonomy":"product_brand","embeddable":true,"href":"https:\/\/clarijs-fietstassen.nl\/de\/wp-json\/wp\/v2\/product_brand?post=64490"},{"taxonomy":"product_cat","embeddable":true,"href":"https:\/\/clarijs-fietstassen.nl\/de\/wp-json\/wp\/v2\/product_cat?post=64490"},{"taxonomy":"product_tag","embeddable":true,"href":"https:\/\/clarijs-fietstassen.nl\/de\/wp-json\/wp\/v2\/product_tag?post=64490"}],"curies":[{"name":"wp","href":"https:\/\/api.w.org\/{rel}","templated":true}]}}