{"id":64567,"date":"2026-03-23T10:02:39","date_gmt":"2026-03-23T09:02:39","guid":{"rendered":"https:\/\/clarijs-fietstassen.nl\/?post_type=product&#038;p=64567"},"modified":"2026-05-04T10:46:23","modified_gmt":"2026-05-04T08:46:23","slug":"outlet-doppelte-fahrradtasche-schwartz-aussparung","status":"publish","type":"product","link":"https:\/\/clarijs-fietstassen.nl\/de\/produkt\/outlet-doppelte-fahrradtasche-schwartz-aussparung\/","title":{"rendered":"Outlet &#8211; Doppelte Fahrradtasche Schwarz mit Aussparung"},"content":{"rendered":"<p data-start=\"180\" data-end=\"535\">Die Outlet \u2013 Doppelte Fahrradtasche Schwarz ist eine handgefertigte und voll funktionsf\u00e4hige Fahrradtasche von Clarijs. Dieses Exemplar weist kleine Sch\u00f6nheitsfehler wie leichte Kratzer auf und geh\u00f6rt daher zu unserem Outlet. Mit 35% Rabatt genie\u00dfen Sie dieselbe Qualit\u00e4t und Haltbarkeit \u2013 jetzt besonders g\u00fcnstig.  <\/p>\n<p data-start=\"537\" data-end=\"871\">Diese Fahrradtasche hat eine quadratische Aussparung in der mitte. Damit k\u00f6nnen Sie einen Kindersitz oder einen Korb auf dem Gep\u00e4cktr\u00e4ger befestigen. Das ger\u00e4umige Fassungsverm\u00f6gen bietet gen\u00fcgend Platz f\u00fcr Lebensmittel, Sportausr\u00fcstung oder Ihre t\u00e4glichen Arbeitsutensilien. Dank der robusten Materialien und der guten Verarbeitung h\u00e4lt die Tasche Wind und Wetter stand, perfekt f\u00fcr den t\u00e4glichen Gebrauch.   <\/p>\n<p data-start=\"873\" data-end=\"1070\">Wie alle Clarijs Fahrradtaschen wird auch dieses Outlet-Modell in den Niederlanden aus hochwertigen EU-Materialien handgefertigt. Mit diesem Outlet-Angebot erhalten Sie Spitzenqualit\u00e4t zu einem reduzierten Preis. <\/p>\n<p data-start=\"1082\" data-end=\"1143\"><strong data-start=\"1082\" data-end=\"1141\">Sind Outlet-Fahrradtaschen trotzdem von guter Qualit\u00e4t?<\/strong><\/p>\n<p data-start=\"1082\" data-end=\"1143\">Ja, unsere Outlet-Fahrradtaschen bieten die gleiche Funktionalit\u00e4t und Qualit\u00e4t wie die regul\u00e4ren Modelle.<\/p>\n<ul data-start=\"1144\" data-end=\"1336\">\n<li data-start=\"1144\" data-end=\"1206\">\n<p data-start=\"1146\" data-end=\"1206\">Outlet-Modell mit 35% Rabatt aufgrund kleiner Sch\u00f6nheitsfehler<\/p>\n<\/li>\n<li data-start=\"1144\" data-end=\"1206\">Mit einem quadratischen Ausschnitt<\/li>\n<li data-start=\"1207\" data-end=\"1257\">\n<p data-start=\"1209\" data-end=\"1257\">Handgefertigt in den Niederlanden aus starken Materialien<\/p>\n<\/li>\n<li data-start=\"1258\" data-end=\"1284\">\n<p data-start=\"1260\" data-end=\"1284\">Afmetingen Buiten 40 x 20 x 33 &#8211; Binnen 36 x 18 x 32<\/p>\n<\/li>\n<\/ul>\n<p data-start=\"1072\" data-end=\"1088\">\n","protected":false},"excerpt":{"rendered":"<p>Die Outlet \u2013 Doppelte Fahrradtasche Schwarz ist eine handgefertigte und voll funktionsf\u00e4hige Fahrradtasche von Clarijs. Dieses Exemplar weist kleine Sch\u00f6nheitsfehler wie leichte Kratzer auf und geh\u00f6rt daher zu unserem Outlet. Mit 35% Rabatt genie\u00dfen Sie dieselbe Qualit\u00e4t und Haltbarkeit \u2013 jetzt besonders g\u00fcnstig. Diese Fahrradtasche hat eine quadratische Aussparung in der mitte. Damit k\u00f6nnen Sie [&hellip;]<\/p>\n","protected":false},"featured_media":65703,"comment_status":"open","ping_status":"closed","template":"","meta":{"_acf_changed":false,"_et_pb_use_builder":"","_et_pb_old_content":"","_et_gb_content_width":""},"product_brand":[],"product_cat":[879,714,939],"product_tag":[],"class_list":{"0":"post-64567","1":"product","2":"type-product","3":"status-publish","4":"has-post-thumbnail","6":"product_cat-deals","7":"product_cat-doppelte-fahrradtaschen","8":"product_cat-de-outlet","10":"first","11":"instock","12":"taxable","13":"shipping-taxable","14":"purchasable","15":"product-type-simple"},"acf":[],"yoast_head":"<!-- This site is optimized with the Yoast SEO Premium plugin v27.2 (Yoast SEO v27.5) - https:\/\/yoast.com\/product\/yoast-seo-premium-wordpress\/ -->\n<title>Outlet - Doppelte Fahrradtasche Schwarz mit Aussparung - Clarijs Fietstassen<\/title>\n<meta name=\"description\" content=\"Outlet Doppelfahrradtasche Schwarz mit Ausschnitt jetzt mit 35% Rabatt. Handgefertigt in den Niederlanden, langlebig und besonders preisg\u00fcnstig. Bestellen Sie jetzt!\" \/>\n<meta name=\"robots\" content=\"index, follow, max-snippet:-1, max-image-preview:large, max-video-preview:-1\" \/>\n<link rel=\"canonical\" href=\"https:\/\/clarijs-fietstassen.nl\/de\/outlet-doppelte-fahrradtasche-schwartz-aussparung\/\" \/>\n<meta property=\"og:locale\" content=\"de_DE\" \/>\n<meta property=\"og:type\" content=\"article\" \/>\n<meta property=\"og:title\" content=\"Outlet - Doppelte Fahrradtasche Schwarz mit Aussparung\" \/>\n<meta property=\"og:description\" content=\"Outlet Doppelfahrradtasche Schwarz mit Ausschnitt jetzt mit 35% Rabatt. Handgefertigt in den Niederlanden, langlebig und besonders preisg\u00fcnstig. Bestellen Sie jetzt!\" \/>\n<meta property=\"og:url\" content=\"https:\/\/clarijs-fietstassen.nl\/de\/outlet-doppelte-fahrradtasche-schwartz-aussparung\/\" \/>\n<meta property=\"og:site_name\" content=\"Clarijs Fietstassen\" \/>\n<meta property=\"article:publisher\" content=\"https:\/\/www.facebook.com\/clarijs1948\/\" \/>\n<meta property=\"article:modified_time\" content=\"2026-05-04T08:46:23+00:00\" \/>\n<meta property=\"og:image\" content=\"https:\/\/clarijs-fietstassen.nl\/wp-content\/uploads\/2026\/03\/Outlet-Dubbele-Fietstas-Zwart-met-uitsparing.png\" \/>\n\t<meta property=\"og:image:width\" content=\"1000\" \/>\n\t<meta property=\"og:image:height\" content=\"1000\" \/>\n\t<meta property=\"og:image:type\" content=\"image\/png\" \/>\n<meta name=\"twitter:card\" content=\"summary_large_image\" \/>\n<meta name=\"twitter:label1\" content=\"Preis\" \/>\n\t<meta name=\"twitter:data1\" content=\"&euro;47.27\" \/>\n\t<meta name=\"twitter:label2\" content=\"Verf\u00fcgbarkeit\" \/>\n\t<meta name=\"twitter:data2\" content=\"Auf Lager\" \/>\n<script type=\"application\/ld+json\" class=\"yoast-schema-graph\">{\"@context\":\"https:\\\/\\\/schema.org\",\"@graph\":[{\"@type\":\"WebPage\",\"@id\":\"https:\\\/\\\/clarijs-fietstassen.nl\\\/de\\\/outlet-doppelte-fahrradtasche-schwartz-aussparung\\\/\",\"url\":\"https:\\\/\\\/clarijs-fietstassen.nl\\\/de\\\/outlet-doppelte-fahrradtasche-schwartz-aussparung\\\/\",\"name\":\"Outlet - Doppelte Fahrradtasche Schwarz mit Aussparung - Clarijs Fietstassen\",\"isPartOf\":{\"@id\":\"https:\\\/\\\/clarijs-fietstassen.nl\\\/de\\\/#website\"},\"primaryImageOfPage\":{\"@id\":\"https:\\\/\\\/clarijs-fietstassen.nl\\\/de\\\/outlet-doppelte-fahrradtasche-schwartz-aussparung\\\/#primaryimage\"},\"image\":{\"@id\":\"https:\\\/\\\/clarijs-fietstassen.nl\\\/de\\\/outlet-doppelte-fahrradtasche-schwartz-aussparung\\\/#primaryimage\"},\"thumbnailUrl\":\"https:\\\/\\\/clarijs-fietstassen.nl\\\/wp-content\\\/uploads\\\/2026\\\/03\\\/Outlet-Dubbele-Fietstas-Zwart-met-uitsparing.png\",\"datePublished\":\"2026-03-23T09:02:39+00:00\",\"dateModified\":\"2026-05-04T08:46:23+00:00\",\"description\":\"Outlet Doppelfahrradtasche Schwarz mit Ausschnitt jetzt mit 35% Rabatt. Handgefertigt in den Niederlanden, langlebig und besonders preisg\u00fcnstig. Bestellen Sie jetzt!\",\"breadcrumb\":{\"@id\":\"https:\\\/\\\/clarijs-fietstassen.nl\\\/de\\\/outlet-doppelte-fahrradtasche-schwartz-aussparung\\\/#breadcrumb\"},\"inLanguage\":\"de\",\"potentialAction\":[{\"@type\":\"ReadAction\",\"target\":[\"https:\\\/\\\/clarijs-fietstassen.nl\\\/de\\\/outlet-doppelte-fahrradtasche-schwartz-aussparung\\\/\"]}]},{\"@type\":\"ImageObject\",\"inLanguage\":\"de\",\"@id\":\"https:\\\/\\\/clarijs-fietstassen.nl\\\/de\\\/outlet-doppelte-fahrradtasche-schwartz-aussparung\\\/#primaryimage\",\"url\":\"https:\\\/\\\/clarijs-fietstassen.nl\\\/wp-content\\\/uploads\\\/2026\\\/03\\\/Outlet-Dubbele-Fietstas-Zwart-met-uitsparing.png\",\"contentUrl\":\"https:\\\/\\\/clarijs-fietstassen.nl\\\/wp-content\\\/uploads\\\/2026\\\/03\\\/Outlet-Dubbele-Fietstas-Zwart-met-uitsparing.png\",\"width\":1000,\"height\":1000,\"caption\":\"Outlet - Doppelte Fahrradtasche Schwarz mit Aussparung\"},{\"@type\":\"BreadcrumbList\",\"@id\":\"https:\\\/\\\/clarijs-fietstassen.nl\\\/de\\\/outlet-doppelte-fahrradtasche-schwartz-aussparung\\\/#breadcrumb\",\"itemListElement\":[{\"@type\":\"ListItem\",\"position\":1,\"name\":\"Home\",\"item\":\"https:\\\/\\\/clarijs-fietstassen.nl\\\/de\\\/\"},{\"@type\":\"ListItem\",\"position\":2,\"name\":\"Shop\",\"item\":\"https:\\\/\\\/clarijs-fietstassen.nl\\\/de\\\/shop\\\/\"},{\"@type\":\"ListItem\",\"position\":3,\"name\":\"Deals\",\"item\":\"https:\\\/\\\/clarijs-fietstassen.nl\\\/deals\\\/\"},{\"@type\":\"ListItem\",\"position\":4,\"name\":\"Outlet &#8211; Doppelte Fahrradtasche Schwarz mit Aussparung\"}]},{\"@type\":\"WebSite\",\"@id\":\"https:\\\/\\\/clarijs-fietstassen.nl\\\/de\\\/#website\",\"url\":\"https:\\\/\\\/clarijs-fietstassen.nl\\\/de\\\/\",\"name\":\"Clarijs Fietstassen\",\"description\":\"Kwaliteit &amp; ambacht sinds 1948\",\"publisher\":{\"@id\":\"https:\\\/\\\/clarijs-fietstassen.nl\\\/de\\\/#organization\"},\"potentialAction\":[{\"@type\":\"SearchAction\",\"target\":{\"@type\":\"EntryPoint\",\"urlTemplate\":\"https:\\\/\\\/clarijs-fietstassen.nl\\\/de\\\/?s={search_term_string}\"},\"query-input\":{\"@type\":\"PropertyValueSpecification\",\"valueRequired\":true,\"valueName\":\"search_term_string\"}}],\"inLanguage\":\"de\"},{\"@type\":\"Organization\",\"@id\":\"https:\\\/\\\/clarijs-fietstassen.nl\\\/de\\\/#organization\",\"name\":\"Clarijs Fietstassen\",\"url\":\"https:\\\/\\\/clarijs-fietstassen.nl\\\/de\\\/\",\"logo\":{\"@type\":\"ImageObject\",\"inLanguage\":\"de\",\"@id\":\"https:\\\/\\\/clarijs-fietstassen.nl\\\/de\\\/#\\\/schema\\\/logo\\\/image\\\/\",\"url\":\"https:\\\/\\\/clarijs-fietstassen.nl\\\/wp-content\\\/uploads\\\/2024\\\/01\\\/clarijs-logo-met-rand.jpg\",\"contentUrl\":\"https:\\\/\\\/clarijs-fietstassen.nl\\\/wp-content\\\/uploads\\\/2024\\\/01\\\/clarijs-logo-met-rand.jpg\",\"width\":560,\"height\":266,\"caption\":\"Clarijs Fietstassen\"},\"image\":{\"@id\":\"https:\\\/\\\/clarijs-fietstassen.nl\\\/de\\\/#\\\/schema\\\/logo\\\/image\\\/\"},\"sameAs\":[\"https:\\\/\\\/www.facebook.com\\\/clarijs1948\\\/\",\"https:\\\/\\\/www.instagram.com\\\/clarijscovers\\\/\"]}]}<\/script>\n<meta property=\"product:price:amount\" content=\"47.27\" \/>\n<meta property=\"product:price:currency\" content=\"EUR\" \/>\n<meta property=\"og:availability\" content=\"instock\" \/>\n<meta property=\"product:availability\" content=\"instock\" \/>\n<meta property=\"product:retailer_item_id\" content=\"6032\" \/>\n<meta property=\"product:condition\" content=\"new\" \/>\n<!-- \/ Yoast SEO Premium plugin. -->","yoast_head_json":{"title":"Outlet - Doppelte Fahrradtasche Schwarz mit Aussparung - Clarijs Fietstassen","description":"Outlet Doppelfahrradtasche Schwarz mit Ausschnitt jetzt mit 35% Rabatt. Handgefertigt in den Niederlanden, langlebig und besonders preisg\u00fcnstig. Bestellen Sie jetzt!","robots":{"index":"index","follow":"follow","max-snippet":"max-snippet:-1","max-image-preview":"max-image-preview:large","max-video-preview":"max-video-preview:-1"},"canonical":"https:\/\/clarijs-fietstassen.nl\/de\/outlet-doppelte-fahrradtasche-schwartz-aussparung\/","og_locale":"de_DE","og_type":"article","og_title":"Outlet - Doppelte Fahrradtasche Schwarz mit Aussparung","og_description":"Outlet Doppelfahrradtasche Schwarz mit Ausschnitt jetzt mit 35% Rabatt. Handgefertigt in den Niederlanden, langlebig und besonders preisg\u00fcnstig. Bestellen Sie jetzt!","og_url":"https:\/\/clarijs-fietstassen.nl\/de\/outlet-doppelte-fahrradtasche-schwartz-aussparung\/","og_site_name":"Clarijs Fietstassen","article_publisher":"https:\/\/www.facebook.com\/clarijs1948\/","article_modified_time":"2026-05-04T08:46:23+00:00","og_image":[{"width":1000,"height":1000,"url":"https:\/\/clarijs-fietstassen.nl\/wp-content\/uploads\/2026\/03\/Outlet-Dubbele-Fietstas-Zwart-met-uitsparing.png","type":"image\/png"}],"twitter_card":"summary_large_image","twitter_misc":{"Preis":"&euro;47.27","Verf\u00fcgbarkeit":"Auf Lager"},"schema":{"@context":"https:\/\/schema.org","@graph":[{"@type":"WebPage","@id":"https:\/\/clarijs-fietstassen.nl\/de\/outlet-doppelte-fahrradtasche-schwartz-aussparung\/","url":"https:\/\/clarijs-fietstassen.nl\/de\/outlet-doppelte-fahrradtasche-schwartz-aussparung\/","name":"Outlet - Doppelte Fahrradtasche Schwarz mit Aussparung - Clarijs Fietstassen","isPartOf":{"@id":"https:\/\/clarijs-fietstassen.nl\/de\/#website"},"primaryImageOfPage":{"@id":"https:\/\/clarijs-fietstassen.nl\/de\/outlet-doppelte-fahrradtasche-schwartz-aussparung\/#primaryimage"},"image":{"@id":"https:\/\/clarijs-fietstassen.nl\/de\/outlet-doppelte-fahrradtasche-schwartz-aussparung\/#primaryimage"},"thumbnailUrl":"https:\/\/clarijs-fietstassen.nl\/wp-content\/uploads\/2026\/03\/Outlet-Dubbele-Fietstas-Zwart-met-uitsparing.png","datePublished":"2026-03-23T09:02:39+00:00","dateModified":"2026-05-04T08:46:23+00:00","description":"Outlet Doppelfahrradtasche Schwarz mit Ausschnitt jetzt mit 35% Rabatt. Handgefertigt in den Niederlanden, langlebig und besonders preisg\u00fcnstig. Bestellen Sie jetzt!","breadcrumb":{"@id":"https:\/\/clarijs-fietstassen.nl\/de\/outlet-doppelte-fahrradtasche-schwartz-aussparung\/#breadcrumb"},"inLanguage":"de","potentialAction":[{"@type":"ReadAction","target":["https:\/\/clarijs-fietstassen.nl\/de\/outlet-doppelte-fahrradtasche-schwartz-aussparung\/"]}]},{"@type":"ImageObject","inLanguage":"de","@id":"https:\/\/clarijs-fietstassen.nl\/de\/outlet-doppelte-fahrradtasche-schwartz-aussparung\/#primaryimage","url":"https:\/\/clarijs-fietstassen.nl\/wp-content\/uploads\/2026\/03\/Outlet-Dubbele-Fietstas-Zwart-met-uitsparing.png","contentUrl":"https:\/\/clarijs-fietstassen.nl\/wp-content\/uploads\/2026\/03\/Outlet-Dubbele-Fietstas-Zwart-met-uitsparing.png","width":1000,"height":1000,"caption":"Outlet - Doppelte Fahrradtasche Schwarz mit Aussparung"},{"@type":"BreadcrumbList","@id":"https:\/\/clarijs-fietstassen.nl\/de\/outlet-doppelte-fahrradtasche-schwartz-aussparung\/#breadcrumb","itemListElement":[{"@type":"ListItem","position":1,"name":"Home","item":"https:\/\/clarijs-fietstassen.nl\/de\/"},{"@type":"ListItem","position":2,"name":"Shop","item":"https:\/\/clarijs-fietstassen.nl\/de\/shop\/"},{"@type":"ListItem","position":3,"name":"Deals","item":"https:\/\/clarijs-fietstassen.nl\/deals\/"},{"@type":"ListItem","position":4,"name":"Outlet &#8211; Doppelte Fahrradtasche Schwarz mit Aussparung"}]},{"@type":"WebSite","@id":"https:\/\/clarijs-fietstassen.nl\/de\/#website","url":"https:\/\/clarijs-fietstassen.nl\/de\/","name":"Clarijs Fietstassen","description":"Kwaliteit &amp; ambacht sinds 1948","publisher":{"@id":"https:\/\/clarijs-fietstassen.nl\/de\/#organization"},"potentialAction":[{"@type":"SearchAction","target":{"@type":"EntryPoint","urlTemplate":"https:\/\/clarijs-fietstassen.nl\/de\/?s={search_term_string}"},"query-input":{"@type":"PropertyValueSpecification","valueRequired":true,"valueName":"search_term_string"}}],"inLanguage":"de"},{"@type":"Organization","@id":"https:\/\/clarijs-fietstassen.nl\/de\/#organization","name":"Clarijs Fietstassen","url":"https:\/\/clarijs-fietstassen.nl\/de\/","logo":{"@type":"ImageObject","inLanguage":"de","@id":"https:\/\/clarijs-fietstassen.nl\/de\/#\/schema\/logo\/image\/","url":"https:\/\/clarijs-fietstassen.nl\/wp-content\/uploads\/2024\/01\/clarijs-logo-met-rand.jpg","contentUrl":"https:\/\/clarijs-fietstassen.nl\/wp-content\/uploads\/2024\/01\/clarijs-logo-met-rand.jpg","width":560,"height":266,"caption":"Clarijs Fietstassen"},"image":{"@id":"https:\/\/clarijs-fietstassen.nl\/de\/#\/schema\/logo\/image\/"},"sameAs":["https:\/\/www.facebook.com\/clarijs1948\/","https:\/\/www.instagram.com\/clarijscovers\/"]}]},"product_price_amount":"47.27","product_price_currency":"EUR","og_availability":"instock","product_availability":"instock","product_retailer_item_id":"6032","product_condition":"new"},"_links":{"self":[{"href":"https:\/\/clarijs-fietstassen.nl\/de\/wp-json\/wp\/v2\/product\/64567","targetHints":{"allow":["GET"]}}],"collection":[{"href":"https:\/\/clarijs-fietstassen.nl\/de\/wp-json\/wp\/v2\/product"}],"about":[{"href":"https:\/\/clarijs-fietstassen.nl\/de\/wp-json\/wp\/v2\/types\/product"}],"replies":[{"embeddable":true,"href":"https:\/\/clarijs-fietstassen.nl\/de\/wp-json\/wp\/v2\/comments?post=64567"}],"wp:featuredmedia":[{"embeddable":true,"href":"https:\/\/clarijs-fietstassen.nl\/de\/wp-json\/wp\/v2\/media\/65703"}],"wp:attachment":[{"href":"https:\/\/clarijs-fietstassen.nl\/de\/wp-json\/wp\/v2\/media?parent=64567"}],"wp:term":[{"taxonomy":"product_brand","embeddable":true,"href":"https:\/\/clarijs-fietstassen.nl\/de\/wp-json\/wp\/v2\/product_brand?post=64567"},{"taxonomy":"product_cat","embeddable":true,"href":"https:\/\/clarijs-fietstassen.nl\/de\/wp-json\/wp\/v2\/product_cat?post=64567"},{"taxonomy":"product_tag","embeddable":true,"href":"https:\/\/clarijs-fietstassen.nl\/de\/wp-json\/wp\/v2\/product_tag?post=64567"}],"curies":[{"name":"wp","href":"https:\/\/api.w.org\/{rel}","templated":true}]}}