{"id":64784,"date":"2026-03-30T09:27:48","date_gmt":"2026-03-30T07:27:48","guid":{"rendered":"https:\/\/clarijs-fietstassen.nl\/?post_type=product&#038;p=64784"},"modified":"2026-03-30T16:28:33","modified_gmt":"2026-03-30T14:28:33","slug":"de-doppelte-fahrradtasche-red-apples-print","status":"publish","type":"product","link":"https:\/\/clarijs-fietstassen.nl\/de\/produkt\/de-doppelte-fahrradtasche-red-apples-print\/","title":{"rendered":"Doppelte Fahrradtasche Red Apples print"},"content":{"rendered":"<p>Die Doppel-Fahrradtasche Red Apples print von Clarijs zaubert dir sofort ein L\u00e4cheln ins Gesicht \u2013 ein frisches, verspieltes Design, das jede Fahrt ein St\u00fcck sch\u00f6ner macht. Diese handgefertigte Doppel-Fahrradtasche aus den Niederlanden besteht aus starkem,<strong> spritzwasserdichtem Bisonyl PVC-Gewebe <\/strong>und ist sowohl vorne als auch hinten mit Reflektoren f\u00fcr zus\u00e4tzliche Sichtbarkeit im Stra\u00dfenverkehr ausgestattet.<\/p>\n<p><strong>Was macht diese doppelte Fahrradtasche von Clarijs so besonders?<\/strong><\/p>\n<ul>\n<li data-start=\"759\" data-end=\"803\">Regenklappen f\u00fcr zus\u00e4tzlichen Schutz<\/li>\n<li data-start=\"806\" data-end=\"856\">Spritzwasserdicht PVC-Gewebe, resistent gegen Regen und Wind<\/li>\n<li>Geeignet f\u00fcr fast alle Fahrr\u00e4der, einschlie\u00dflich Elektrofahrr\u00e4der<\/li>\n<li>Verst\u00e4rkte R\u00fcckseite und Boden mit Platten aus recyceltem Kunststoff<\/li>\n<li data-start=\"903\" data-end=\"960\">Reflektionen auf Vorder- und R\u00fcckseite f\u00fcr zus\u00e4tzliche Sicherheit<\/li>\n<li>Ausgestattet mit Entw\u00e4sserungsl\u00f6chern, so dass kein Wasser in der Tasche bleibt<\/li>\n<li>Ein einzigartiger Clarijs Print mit roten \u00c4pfeln<\/li>\n<\/ul>\n<div><strong>Gr\u00f6\u00dfen<\/strong> &#8211; <a href=\"https:\/\/clarijs-fietstassen.nl\/wp-content\/uploads\/2026\/03\/Lijntekening-Dubbele-Fietstas-met-maten.jpg\" target=\"_blank\" rel=\"noopener\">Bild<\/a><\/div>\n<div>Die Ma\u00dfe der Doppel-Fahrradtaschen sind in Zentimetern angegeben als: L\u00e4nge x Tiefe\/Breite x H\u00f6he<\/div>\n<p>Innen 36 x 18 x 32<br \/>\nAu\u00dfen 40 x 20 x 33<\/p>\n<p>Da die Taschen von Hand gefertigt werden, k\u00f6nnen die Ma\u00dfe um etwa 1 cm abweichen.<br \/>\nDie Doppel-Fahrradtasche passt auf Gep\u00e4cktr\u00e4ger mit einer Breite von 13 bis 17 cm.<\/p>\n<p data-start=\"1734\" data-end=\"1815\"><strong>Verleihe jeder Fahrradtour eine fr\u00f6hliche Note mit der Doppel-Fahrradtasche Red Apples print von Clarijs mit Apfelmuster.<\/strong><\/p>\n<p data-start=\"1734\" data-end=\"1815\">Ob Eink\u00e4ufe, Arbeitssachen oder eine Tasche voller frischer \u00c4pfel \u2013 mit einem Fassungsverm\u00f6gen von 42 Litern hast du immer ausreichend Platz f\u00fcr deine Fahrt!<\/p>\n","protected":false},"excerpt":{"rendered":"<p>Die Doppel-Fahrradtasche Red Apples print von Clarijs zaubert dir sofort ein L\u00e4cheln ins Gesicht \u2013 ein frisches, verspieltes Design, das jede Fahrt ein St\u00fcck sch\u00f6ner macht. Diese handgefertigte Doppel-Fahrradtasche aus den Niederlanden besteht aus starkem, spritzwasserdichtem Bisonyl PVC-Gewebe und ist sowohl vorne als auch hinten mit Reflektoren f\u00fcr zus\u00e4tzliche Sichtbarkeit im Stra\u00dfenverkehr ausgestattet. Was macht [&hellip;]<\/p>\n","protected":false},"featured_media":65138,"comment_status":"closed","ping_status":"closed","template":"","meta":{"_acf_changed":false,"_et_pb_use_builder":"","_et_pb_old_content":"","_et_gb_content_width":""},"product_brand":[],"product_cat":[695,705,714,718,716,728,732,734,741,745,748,753,768,767,777],"product_tag":[],"class_list":{"0":"post-64784","1":"product","2":"type-product","3":"status-publish","4":"has-post-thumbnail","6":"product_cat-bisonyl-packtaschen","7":"product_cat-cortina-fahrradtaschen","8":"product_cat-doppelte-fahrradtaschen","9":"product_cat-doppelte-fahrradtaschen-fuer-damen","10":"product_cat-doppelte-fahrradtaschen-mit-aufdruck","11":"product_cat-fahrradtaschen","12":"product_cat-gazelle-fahrradtaschen","13":"product_cat-giant-fahrradtaschen","14":"product_cat-koga-fahrradtaschen","15":"product_cat-leichte-fahrradtaschen","16":"product_cat-neue-kollektion","17":"product_cat-rote-fahrradtaschen","18":"product_cat-stabile-fahrradtaschen","19":"product_cat-stella-fahrradtaschen","20":"product_cat-wasserdichte-fahrradtaschen","21":"pa_afmetingen-40-x-20-x-33-cm-l-x-b-x-h-de","22":"pa_geschikt-voor-e-bike-ja-de","23":"pa_geschikt-voor-ledlampjes-ja-de","24":"pa_inhoud-42-liter-de","25":"pa_kleur-rot","26":"pa_kleur-weis","27":"pa_materiaal-bisonyl-pvc-leinwand","28":"pa_reflectie-ja-de","29":"pa_snelbinders-toegankelijk-ja-wahlen-sie-die-option-schneiden-oder-aussparen-der-mitte","31":"first","32":"instock","33":"taxable","34":"shipping-taxable","35":"purchasable","36":"product-type-simple"},"acf":[],"yoast_head":"<!-- This site is optimized with the Yoast SEO Premium plugin v27.2 (Yoast SEO v27.3) - https:\/\/yoast.com\/product\/yoast-seo-premium-wordpress\/ -->\n<title>Doppelte Fahrradtasche Red Apples print - Clarijs Fietstassen<\/title>\n<meta name=\"description\" content=\"Shop deDoppelte Fahrradtasche Red Apples print van Clarijs: dubbele fietstas met print en reflectie. Waterafstotend, sterk voor dagelijks gebruik. Bestel m nu!\" \/>\n<meta name=\"robots\" content=\"index, follow, max-snippet:-1, max-image-preview:large, max-video-preview:-1\" \/>\n<link rel=\"canonical\" href=\"https:\/\/clarijs-fietstassen.nl\/de\/de-doppelte-fahrradtasche-red-apples-print\/\" \/>\n<meta property=\"og:locale\" content=\"de_DE\" \/>\n<meta property=\"og:type\" content=\"article\" \/>\n<meta property=\"og:title\" content=\"Doppelte Fahrradtasche Red Apples print\" \/>\n<meta property=\"og:description\" content=\"Shop deDoppelte Fahrradtasche Red Apples print van Clarijs: dubbele fietstas met print en reflectie. Waterafstotend, sterk voor dagelijks gebruik. Bestel m nu!\" \/>\n<meta property=\"og:url\" content=\"https:\/\/clarijs-fietstassen.nl\/de\/de-doppelte-fahrradtasche-red-apples-print\/\" \/>\n<meta property=\"og:site_name\" content=\"Clarijs Fietstassen\" \/>\n<meta property=\"article:publisher\" content=\"https:\/\/www.facebook.com\/clarijs1948\/\" \/>\n<meta property=\"article:modified_time\" content=\"2026-03-30T14:28:33+00:00\" \/>\n<meta property=\"og:image\" content=\"https:\/\/clarijs-fietstassen.nl\/wp-content\/uploads\/2026\/03\/Dubbele-fietstas-Red-Apples.jpg\" \/>\n\t<meta property=\"og:image:width\" content=\"1200\" \/>\n\t<meta property=\"og:image:height\" content=\"1200\" \/>\n\t<meta property=\"og:image:type\" content=\"image\/jpeg\" \/>\n<meta name=\"twitter:card\" content=\"summary_large_image\" \/>\n<meta name=\"twitter:label1\" content=\"Preis\" \/>\n\t<meta name=\"twitter:data1\" content=\"&euro;79.00\" \/>\n\t<meta name=\"twitter:label2\" content=\"Verf\u00fcgbarkeit\" \/>\n\t<meta name=\"twitter:data2\" content=\"Auf Lager\" \/>\n<script type=\"application\/ld+json\" class=\"yoast-schema-graph\">{\"@context\":\"https:\\\/\\\/schema.org\",\"@graph\":[{\"@type\":\"WebPage\",\"@id\":\"https:\\\/\\\/clarijs-fietstassen.nl\\\/de\\\/de-doppelte-fahrradtasche-red-apples-print\\\/\",\"url\":\"https:\\\/\\\/clarijs-fietstassen.nl\\\/de\\\/de-doppelte-fahrradtasche-red-apples-print\\\/\",\"name\":\"Doppelte Fahrradtasche Red Apples print - Clarijs Fietstassen\",\"isPartOf\":{\"@id\":\"https:\\\/\\\/clarijs-fietstassen.nl\\\/de\\\/#website\"},\"primaryImageOfPage\":{\"@id\":\"https:\\\/\\\/clarijs-fietstassen.nl\\\/de\\\/de-doppelte-fahrradtasche-red-apples-print\\\/#primaryimage\"},\"image\":{\"@id\":\"https:\\\/\\\/clarijs-fietstassen.nl\\\/de\\\/de-doppelte-fahrradtasche-red-apples-print\\\/#primaryimage\"},\"thumbnailUrl\":\"https:\\\/\\\/clarijs-fietstassen.nl\\\/wp-content\\\/uploads\\\/2026\\\/03\\\/appels-rood-transparant-tijdelijk.png\",\"datePublished\":\"2026-03-30T07:27:48+00:00\",\"dateModified\":\"2026-03-30T14:28:33+00:00\",\"description\":\"Shop deDoppelte Fahrradtasche Red Apples print van Clarijs: dubbele fietstas met print en reflectie. Waterafstotend, sterk voor dagelijks gebruik. Bestel m nu!\",\"breadcrumb\":{\"@id\":\"https:\\\/\\\/clarijs-fietstassen.nl\\\/de\\\/de-doppelte-fahrradtasche-red-apples-print\\\/#breadcrumb\"},\"inLanguage\":\"de\",\"potentialAction\":[{\"@type\":\"ReadAction\",\"target\":[\"https:\\\/\\\/clarijs-fietstassen.nl\\\/de\\\/de-doppelte-fahrradtasche-red-apples-print\\\/\"]}]},{\"@type\":\"ImageObject\",\"inLanguage\":\"de\",\"@id\":\"https:\\\/\\\/clarijs-fietstassen.nl\\\/de\\\/de-doppelte-fahrradtasche-red-apples-print\\\/#primaryimage\",\"url\":\"https:\\\/\\\/clarijs-fietstassen.nl\\\/wp-content\\\/uploads\\\/2026\\\/03\\\/appels-rood-transparant-tijdelijk.png\",\"contentUrl\":\"https:\\\/\\\/clarijs-fietstassen.nl\\\/wp-content\\\/uploads\\\/2026\\\/03\\\/appels-rood-transparant-tijdelijk.png\",\"width\":1000,\"height\":1000,\"caption\":\"Dubbele-fietstas-Red-Apples print\"},{\"@type\":\"BreadcrumbList\",\"@id\":\"https:\\\/\\\/clarijs-fietstassen.nl\\\/de\\\/de-doppelte-fahrradtasche-red-apples-print\\\/#breadcrumb\",\"itemListElement\":[{\"@type\":\"ListItem\",\"position\":1,\"name\":\"Home\",\"item\":\"https:\\\/\\\/clarijs-fietstassen.nl\\\/de\\\/\"},{\"@type\":\"ListItem\",\"position\":2,\"name\":\"Shop\",\"item\":\"https:\\\/\\\/clarijs-fietstassen.nl\\\/de\\\/shop\\\/\"},{\"@type\":\"ListItem\",\"position\":3,\"name\":\"Doppelte Fahrradtaschen mit Aufdruck\",\"item\":\"https:\\\/\\\/clarijs-fietstassen.nl\\\/de\\\/doppelte-fahrradtaschen-mit-aufdruck\\\/\"},{\"@type\":\"ListItem\",\"position\":4,\"name\":\"Doppelte Fahrradtasche Red Apples print\"}]},{\"@type\":\"WebSite\",\"@id\":\"https:\\\/\\\/clarijs-fietstassen.nl\\\/de\\\/#website\",\"url\":\"https:\\\/\\\/clarijs-fietstassen.nl\\\/de\\\/\",\"name\":\"Clarijs Fietstassen\",\"description\":\"Kwaliteit &amp; ambacht sinds 1948\",\"publisher\":{\"@id\":\"https:\\\/\\\/clarijs-fietstassen.nl\\\/de\\\/#organization\"},\"potentialAction\":[{\"@type\":\"SearchAction\",\"target\":{\"@type\":\"EntryPoint\",\"urlTemplate\":\"https:\\\/\\\/clarijs-fietstassen.nl\\\/de\\\/?s={search_term_string}\"},\"query-input\":{\"@type\":\"PropertyValueSpecification\",\"valueRequired\":true,\"valueName\":\"search_term_string\"}}],\"inLanguage\":\"de\"},{\"@type\":\"Organization\",\"@id\":\"https:\\\/\\\/clarijs-fietstassen.nl\\\/de\\\/#organization\",\"name\":\"Clarijs Fietstassen\",\"url\":\"https:\\\/\\\/clarijs-fietstassen.nl\\\/de\\\/\",\"logo\":{\"@type\":\"ImageObject\",\"inLanguage\":\"de\",\"@id\":\"https:\\\/\\\/clarijs-fietstassen.nl\\\/de\\\/#\\\/schema\\\/logo\\\/image\\\/\",\"url\":\"https:\\\/\\\/clarijs-fietstassen.nl\\\/wp-content\\\/uploads\\\/2024\\\/01\\\/clarijs-logo-met-rand.jpg\",\"contentUrl\":\"https:\\\/\\\/clarijs-fietstassen.nl\\\/wp-content\\\/uploads\\\/2024\\\/01\\\/clarijs-logo-met-rand.jpg\",\"width\":560,\"height\":266,\"caption\":\"Clarijs Fietstassen\"},\"image\":{\"@id\":\"https:\\\/\\\/clarijs-fietstassen.nl\\\/de\\\/#\\\/schema\\\/logo\\\/image\\\/\"},\"sameAs\":[\"https:\\\/\\\/www.facebook.com\\\/clarijs1948\\\/\",\"https:\\\/\\\/www.instagram.com\\\/clarijscovers\\\/\"]}]}<\/script>\n<meta property=\"product:price:amount\" content=\"79.00\" \/>\n<meta property=\"product:price:currency\" content=\"EUR\" \/>\n<meta property=\"og:availability\" content=\"instock\" \/>\n<meta property=\"product:availability\" content=\"instock\" \/>\n<meta property=\"product:retailer_item_id\" content=\"1110\" \/>\n<meta property=\"product:condition\" content=\"new\" \/>\n<!-- \/ Yoast SEO Premium plugin. -->","yoast_head_json":{"title":"Doppelte Fahrradtasche Red Apples print - Clarijs Fietstassen","description":"Shop deDoppelte Fahrradtasche Red Apples print van Clarijs: dubbele fietstas met print en reflectie. Waterafstotend, sterk voor dagelijks gebruik. Bestel m nu!","robots":{"index":"index","follow":"follow","max-snippet":"max-snippet:-1","max-image-preview":"max-image-preview:large","max-video-preview":"max-video-preview:-1"},"canonical":"https:\/\/clarijs-fietstassen.nl\/de\/de-doppelte-fahrradtasche-red-apples-print\/","og_locale":"de_DE","og_type":"article","og_title":"Doppelte Fahrradtasche Red Apples print","og_description":"Shop deDoppelte Fahrradtasche Red Apples print van Clarijs: dubbele fietstas met print en reflectie. Waterafstotend, sterk voor dagelijks gebruik. Bestel m nu!","og_url":"https:\/\/clarijs-fietstassen.nl\/de\/de-doppelte-fahrradtasche-red-apples-print\/","og_site_name":"Clarijs Fietstassen","article_publisher":"https:\/\/www.facebook.com\/clarijs1948\/","article_modified_time":"2026-03-30T14:28:33+00:00","og_image":[{"width":1200,"height":1200,"url":"https:\/\/clarijs-fietstassen.nl\/wp-content\/uploads\/2026\/03\/Dubbele-fietstas-Red-Apples.jpg","type":"image\/jpeg"}],"twitter_card":"summary_large_image","twitter_misc":{"Preis":"&euro;79.00","Verf\u00fcgbarkeit":"Auf Lager"},"schema":{"@context":"https:\/\/schema.org","@graph":[{"@type":"WebPage","@id":"https:\/\/clarijs-fietstassen.nl\/de\/de-doppelte-fahrradtasche-red-apples-print\/","url":"https:\/\/clarijs-fietstassen.nl\/de\/de-doppelte-fahrradtasche-red-apples-print\/","name":"Doppelte Fahrradtasche Red Apples print - Clarijs Fietstassen","isPartOf":{"@id":"https:\/\/clarijs-fietstassen.nl\/de\/#website"},"primaryImageOfPage":{"@id":"https:\/\/clarijs-fietstassen.nl\/de\/de-doppelte-fahrradtasche-red-apples-print\/#primaryimage"},"image":{"@id":"https:\/\/clarijs-fietstassen.nl\/de\/de-doppelte-fahrradtasche-red-apples-print\/#primaryimage"},"thumbnailUrl":"https:\/\/clarijs-fietstassen.nl\/wp-content\/uploads\/2026\/03\/appels-rood-transparant-tijdelijk.png","datePublished":"2026-03-30T07:27:48+00:00","dateModified":"2026-03-30T14:28:33+00:00","description":"Shop deDoppelte Fahrradtasche Red Apples print van Clarijs: dubbele fietstas met print en reflectie. Waterafstotend, sterk voor dagelijks gebruik. Bestel m nu!","breadcrumb":{"@id":"https:\/\/clarijs-fietstassen.nl\/de\/de-doppelte-fahrradtasche-red-apples-print\/#breadcrumb"},"inLanguage":"de","potentialAction":[{"@type":"ReadAction","target":["https:\/\/clarijs-fietstassen.nl\/de\/de-doppelte-fahrradtasche-red-apples-print\/"]}]},{"@type":"ImageObject","inLanguage":"de","@id":"https:\/\/clarijs-fietstassen.nl\/de\/de-doppelte-fahrradtasche-red-apples-print\/#primaryimage","url":"https:\/\/clarijs-fietstassen.nl\/wp-content\/uploads\/2026\/03\/appels-rood-transparant-tijdelijk.png","contentUrl":"https:\/\/clarijs-fietstassen.nl\/wp-content\/uploads\/2026\/03\/appels-rood-transparant-tijdelijk.png","width":1000,"height":1000,"caption":"Dubbele-fietstas-Red-Apples print"},{"@type":"BreadcrumbList","@id":"https:\/\/clarijs-fietstassen.nl\/de\/de-doppelte-fahrradtasche-red-apples-print\/#breadcrumb","itemListElement":[{"@type":"ListItem","position":1,"name":"Home","item":"https:\/\/clarijs-fietstassen.nl\/de\/"},{"@type":"ListItem","position":2,"name":"Shop","item":"https:\/\/clarijs-fietstassen.nl\/de\/shop\/"},{"@type":"ListItem","position":3,"name":"Doppelte Fahrradtaschen mit Aufdruck","item":"https:\/\/clarijs-fietstassen.nl\/de\/doppelte-fahrradtaschen-mit-aufdruck\/"},{"@type":"ListItem","position":4,"name":"Doppelte Fahrradtasche Red Apples print"}]},{"@type":"WebSite","@id":"https:\/\/clarijs-fietstassen.nl\/de\/#website","url":"https:\/\/clarijs-fietstassen.nl\/de\/","name":"Clarijs Fietstassen","description":"Kwaliteit &amp; ambacht sinds 1948","publisher":{"@id":"https:\/\/clarijs-fietstassen.nl\/de\/#organization"},"potentialAction":[{"@type":"SearchAction","target":{"@type":"EntryPoint","urlTemplate":"https:\/\/clarijs-fietstassen.nl\/de\/?s={search_term_string}"},"query-input":{"@type":"PropertyValueSpecification","valueRequired":true,"valueName":"search_term_string"}}],"inLanguage":"de"},{"@type":"Organization","@id":"https:\/\/clarijs-fietstassen.nl\/de\/#organization","name":"Clarijs Fietstassen","url":"https:\/\/clarijs-fietstassen.nl\/de\/","logo":{"@type":"ImageObject","inLanguage":"de","@id":"https:\/\/clarijs-fietstassen.nl\/de\/#\/schema\/logo\/image\/","url":"https:\/\/clarijs-fietstassen.nl\/wp-content\/uploads\/2024\/01\/clarijs-logo-met-rand.jpg","contentUrl":"https:\/\/clarijs-fietstassen.nl\/wp-content\/uploads\/2024\/01\/clarijs-logo-met-rand.jpg","width":560,"height":266,"caption":"Clarijs Fietstassen"},"image":{"@id":"https:\/\/clarijs-fietstassen.nl\/de\/#\/schema\/logo\/image\/"},"sameAs":["https:\/\/www.facebook.com\/clarijs1948\/","https:\/\/www.instagram.com\/clarijscovers\/"]}]},"product_price_amount":"79.00","product_price_currency":"EUR","og_availability":"instock","product_availability":"instock","product_retailer_item_id":"1110","product_condition":"new"},"_links":{"self":[{"href":"https:\/\/clarijs-fietstassen.nl\/de\/wp-json\/wp\/v2\/product\/64784","targetHints":{"allow":["GET"]}}],"collection":[{"href":"https:\/\/clarijs-fietstassen.nl\/de\/wp-json\/wp\/v2\/product"}],"about":[{"href":"https:\/\/clarijs-fietstassen.nl\/de\/wp-json\/wp\/v2\/types\/product"}],"replies":[{"embeddable":true,"href":"https:\/\/clarijs-fietstassen.nl\/de\/wp-json\/wp\/v2\/comments?post=64784"}],"wp:featuredmedia":[{"embeddable":true,"href":"https:\/\/clarijs-fietstassen.nl\/de\/wp-json\/wp\/v2\/media\/65138"}],"wp:attachment":[{"href":"https:\/\/clarijs-fietstassen.nl\/de\/wp-json\/wp\/v2\/media?parent=64784"}],"wp:term":[{"taxonomy":"product_brand","embeddable":true,"href":"https:\/\/clarijs-fietstassen.nl\/de\/wp-json\/wp\/v2\/product_brand?post=64784"},{"taxonomy":"product_cat","embeddable":true,"href":"https:\/\/clarijs-fietstassen.nl\/de\/wp-json\/wp\/v2\/product_cat?post=64784"},{"taxonomy":"product_tag","embeddable":true,"href":"https:\/\/clarijs-fietstassen.nl\/de\/wp-json\/wp\/v2\/product_tag?post=64784"}],"curies":[{"name":"wp","href":"https:\/\/api.w.org\/{rel}","templated":true}]}}