{"id":65074,"date":"2026-04-13T10:07:52","date_gmt":"2026-04-13T08:07:52","guid":{"rendered":"https:\/\/clarijs-fietstassen.nl\/?post_type=product&#038;p=65074"},"modified":"2026-04-13T10:27:01","modified_gmt":"2026-04-13T08:27:01","slug":"doppelte-fahrradtasche-moules-2","status":"publish","type":"product","link":"https:\/\/clarijs-fietstassen.nl\/de\/produkt\/doppelte-fahrradtasche-moules-2\/","title":{"rendered":"Outlet \u2013 Doppelte Fahrradtasche Moules"},"content":{"rendered":"<p data-start=\"180\" data-end=\"535\">Das Outlet \u2013 Doppelte Fahrradtasche Moules ist eine handgefertigte und voll funktionsf\u00e4hige Fahrradtasche von Clarijs. Dieses Exemplar weist kleine Sch\u00f6nheitsfehler wie leichte Kratzer auf und geh\u00f6rt daher zu unserem Outlet. Mit <strong>35% Rabatt<\/strong> genie\u00dfen Sie dieselbe Qualit\u00e4t und Haltbarkeit \u2013 jetzt besonders g\u00fcnstig.<\/p>\n<p data-start=\"537\" data-end=\"871\">Diese Tasche kommt in einem einzigartigen Clarijs-Druck daher. Ihr ger\u00e4umiger Inhalt bietet gen\u00fcgend Platz f\u00fcr Lebensmittel, Sportausr\u00fcstung oder Ihre t\u00e4glichen Arbeitsutensilien. Dank der robusten Materialien und der guten Verarbeitung h\u00e4lt die Tasche Wind und Wetter stand und ist somit perfekt f\u00fcr den t\u00e4glichen Gebrauch geeignet.<\/p>\n<p data-start=\"873\" data-end=\"1070\">Wie alle Clarijs Fahrradtaschen wird auch dieses Outlet-Modell in den Niederlanden aus hochwertigen EU-Materialien handgefertigt. Mit diesem Outlet-Angebot erhalten Sie Spitzenqualit\u00e4t zu einem reduzierten Preis.<\/p>\n<p data-start=\"1082\" data-end=\"1143\"><strong data-start=\"1082\" data-end=\"1141\">Sind Outlet-Fahrradtaschen trotzdem von guter Qualit\u00e4t?<\/strong><\/p>\n<p data-start=\"1082\" data-end=\"1143\">Ja, unsere Outlet-Fahrradtaschen bieten die gleiche Funktionalit\u00e4t und Qualit\u00e4t wie die regul\u00e4ren Modelle.<\/p>\n<ul data-start=\"1144\" data-end=\"1336\">\n<li data-start=\"1144\" data-end=\"1206\">\n<p data-start=\"1146\" data-end=\"1206\">Outlet-Modell mit 35% Rabatt aufgrund kleiner Sch\u00f6nheitsfehler<\/p>\n<\/li>\n<li data-start=\"1144\" data-end=\"1206\">Einzigartiger Clarijs Druck mit Zeel\u00e4ndische Muscheln<\/li>\n<li data-start=\"1207\" data-end=\"1257\">\n<p data-start=\"1209\" data-end=\"1257\">Handgefertigt in den Niederlanden aus starken Materialien<\/p>\n<\/li>\n<li data-start=\"1258\" data-end=\"1284\">\n<p data-start=\"1260\" data-end=\"1284\">Gr\u00f6\u00dfen: Innen 36 \u00d7 18 \u00d7 32 cm | Au\u00dfen 38 \u00d7 20 \u00d7 32 cm<\/p>\n<\/li>\n<\/ul>\n<p data-start=\"1072\" data-end=\"1088\">\n","protected":false},"excerpt":{"rendered":"<p>Das Outlet \u2013 Doppelte Fahrradtasche Moules ist eine handgefertigte und voll funktionsf\u00e4hige Fahrradtasche von Clarijs. Dieses Exemplar weist kleine Sch\u00f6nheitsfehler wie leichte Kratzer auf und geh\u00f6rt daher zu unserem Outlet. Mit 35% Rabatt genie\u00dfen Sie dieselbe Qualit\u00e4t und Haltbarkeit \u2013 jetzt besonders g\u00fcnstig. Diese Tasche kommt in einem einzigartigen Clarijs-Druck daher. Ihr ger\u00e4umiger Inhalt bietet [&hellip;]<\/p>\n","protected":false},"featured_media":65078,"comment_status":"open","ping_status":"closed","template":"","meta":{"_acf_changed":false,"_et_pb_use_builder":"","_et_pb_old_content":"","_et_gb_content_width":""},"product_brand":[],"product_cat":[879,714,939],"product_tag":[],"class_list":{"0":"post-65074","1":"product","2":"type-product","3":"status-publish","4":"has-post-thumbnail","6":"product_cat-deals","7":"product_cat-doppelte-fahrradtaschen","8":"product_cat-de-outlet","10":"first","11":"outofstock","12":"taxable","13":"shipping-taxable","14":"purchasable","15":"product-type-simple"},"acf":[],"yoast_head":"<!-- This site is optimized with the Yoast SEO Premium plugin v27.2 (Yoast SEO v27.3) - https:\/\/yoast.com\/product\/yoast-seo-premium-wordpress\/ -->\n<title>Outlet \u2013 Doppelte Fahrradtasche Moules - Clarijs Fietstassen<\/title>\n<meta name=\"description\" content=\"Outlet Doppel-Fahrradtasche Moules mit 35 % Rabatt. Handgefertigt in den Niederlanden, langlebig und extra attraktiv im Preis. Bestellen Sie jetzt!\" \/>\n<meta name=\"robots\" content=\"index, follow, max-snippet:-1, max-image-preview:large, max-video-preview:-1\" \/>\n<link rel=\"canonical\" href=\"https:\/\/clarijs-fietstassen.nl\/de\/doppelte-fahrradtasche-moules-2\/\" \/>\n<meta property=\"og:locale\" content=\"de_DE\" \/>\n<meta property=\"og:type\" content=\"article\" \/>\n<meta property=\"og:title\" content=\"Outlet \u2013 Doppelte Fahrradtasche Moules\" \/>\n<meta property=\"og:description\" content=\"Outlet Doppel-Fahrradtasche Moules mit 35 % Rabatt. Handgefertigt in den Niederlanden, langlebig und extra attraktiv im Preis. Bestellen Sie jetzt!\" \/>\n<meta property=\"og:url\" content=\"https:\/\/clarijs-fietstassen.nl\/de\/doppelte-fahrradtasche-moules-2\/\" \/>\n<meta property=\"og:site_name\" content=\"Clarijs Fietstassen\" \/>\n<meta property=\"article:publisher\" content=\"https:\/\/www.facebook.com\/clarijs1948\/\" \/>\n<meta property=\"article:modified_time\" content=\"2026-04-13T08:27:01+00:00\" \/>\n<meta property=\"og:image\" content=\"https:\/\/clarijs-fietstassen.nl\/wp-content\/uploads\/2026\/04\/Outlet-Dubbele-Fietstas-Moules.png\" \/>\n\t<meta property=\"og:image:width\" content=\"1000\" \/>\n\t<meta property=\"og:image:height\" content=\"1000\" \/>\n\t<meta property=\"og:image:type\" content=\"image\/png\" \/>\n<meta name=\"twitter:card\" content=\"summary_large_image\" \/>\n<meta name=\"twitter:label1\" content=\"Preis\" \/>\n\t<meta name=\"twitter:data1\" content=\"&euro;48.75\" \/>\n\t<meta name=\"twitter:label2\" content=\"Verf\u00fcgbarkeit\" \/>\n\t<meta name=\"twitter:data2\" content=\"ausverkauft\" \/>\n<script type=\"application\/ld+json\" class=\"yoast-schema-graph\">{\"@context\":\"https:\\\/\\\/schema.org\",\"@graph\":[{\"@type\":\"WebPage\",\"@id\":\"https:\\\/\\\/clarijs-fietstassen.nl\\\/de\\\/doppelte-fahrradtasche-moules-2\\\/\",\"url\":\"https:\\\/\\\/clarijs-fietstassen.nl\\\/de\\\/doppelte-fahrradtasche-moules-2\\\/\",\"name\":\"Outlet \u2013 Doppelte Fahrradtasche Moules - Clarijs Fietstassen\",\"isPartOf\":{\"@id\":\"https:\\\/\\\/clarijs-fietstassen.nl\\\/de\\\/#website\"},\"primaryImageOfPage\":{\"@id\":\"https:\\\/\\\/clarijs-fietstassen.nl\\\/de\\\/doppelte-fahrradtasche-moules-2\\\/#primaryimage\"},\"image\":{\"@id\":\"https:\\\/\\\/clarijs-fietstassen.nl\\\/de\\\/doppelte-fahrradtasche-moules-2\\\/#primaryimage\"},\"thumbnailUrl\":\"https:\\\/\\\/clarijs-fietstassen.nl\\\/wp-content\\\/uploads\\\/2026\\\/04\\\/Outlet-Dubbele-Fietstas-Moules.png\",\"datePublished\":\"2026-04-13T08:07:52+00:00\",\"dateModified\":\"2026-04-13T08:27:01+00:00\",\"description\":\"Outlet Doppel-Fahrradtasche Moules mit 35 % Rabatt. Handgefertigt in den Niederlanden, langlebig und extra attraktiv im Preis. Bestellen Sie jetzt!\",\"breadcrumb\":{\"@id\":\"https:\\\/\\\/clarijs-fietstassen.nl\\\/de\\\/doppelte-fahrradtasche-moules-2\\\/#breadcrumb\"},\"inLanguage\":\"de\",\"potentialAction\":[{\"@type\":\"ReadAction\",\"target\":[\"https:\\\/\\\/clarijs-fietstassen.nl\\\/de\\\/doppelte-fahrradtasche-moules-2\\\/\"]}]},{\"@type\":\"ImageObject\",\"inLanguage\":\"de\",\"@id\":\"https:\\\/\\\/clarijs-fietstassen.nl\\\/de\\\/doppelte-fahrradtasche-moules-2\\\/#primaryimage\",\"url\":\"https:\\\/\\\/clarijs-fietstassen.nl\\\/wp-content\\\/uploads\\\/2026\\\/04\\\/Outlet-Dubbele-Fietstas-Moules.png\",\"contentUrl\":\"https:\\\/\\\/clarijs-fietstassen.nl\\\/wp-content\\\/uploads\\\/2026\\\/04\\\/Outlet-Dubbele-Fietstas-Moules.png\",\"width\":1000,\"height\":1000,\"caption\":\"Outlet \u2013 Doppelte Fahrradtasche Moules\"},{\"@type\":\"BreadcrumbList\",\"@id\":\"https:\\\/\\\/clarijs-fietstassen.nl\\\/de\\\/doppelte-fahrradtasche-moules-2\\\/#breadcrumb\",\"itemListElement\":[{\"@type\":\"ListItem\",\"position\":1,\"name\":\"Home\",\"item\":\"https:\\\/\\\/clarijs-fietstassen.nl\\\/de\\\/\"},{\"@type\":\"ListItem\",\"position\":2,\"name\":\"Shop\",\"item\":\"https:\\\/\\\/clarijs-fietstassen.nl\\\/de\\\/shop\\\/\"},{\"@type\":\"ListItem\",\"position\":3,\"name\":\"Outlet\",\"item\":\"https:\\\/\\\/clarijs-fietstassen.nl\\\/de\\\/de-outlet\\\/\"},{\"@type\":\"ListItem\",\"position\":4,\"name\":\"Outlet \u2013 Doppelte Fahrradtasche Moules\"}]},{\"@type\":\"WebSite\",\"@id\":\"https:\\\/\\\/clarijs-fietstassen.nl\\\/de\\\/#website\",\"url\":\"https:\\\/\\\/clarijs-fietstassen.nl\\\/de\\\/\",\"name\":\"Clarijs Fietstassen\",\"description\":\"Kwaliteit &amp; ambacht sinds 1948\",\"publisher\":{\"@id\":\"https:\\\/\\\/clarijs-fietstassen.nl\\\/de\\\/#organization\"},\"potentialAction\":[{\"@type\":\"SearchAction\",\"target\":{\"@type\":\"EntryPoint\",\"urlTemplate\":\"https:\\\/\\\/clarijs-fietstassen.nl\\\/de\\\/?s={search_term_string}\"},\"query-input\":{\"@type\":\"PropertyValueSpecification\",\"valueRequired\":true,\"valueName\":\"search_term_string\"}}],\"inLanguage\":\"de\"},{\"@type\":\"Organization\",\"@id\":\"https:\\\/\\\/clarijs-fietstassen.nl\\\/de\\\/#organization\",\"name\":\"Clarijs Fietstassen\",\"url\":\"https:\\\/\\\/clarijs-fietstassen.nl\\\/de\\\/\",\"logo\":{\"@type\":\"ImageObject\",\"inLanguage\":\"de\",\"@id\":\"https:\\\/\\\/clarijs-fietstassen.nl\\\/de\\\/#\\\/schema\\\/logo\\\/image\\\/\",\"url\":\"https:\\\/\\\/clarijs-fietstassen.nl\\\/wp-content\\\/uploads\\\/2024\\\/01\\\/clarijs-logo-met-rand.jpg\",\"contentUrl\":\"https:\\\/\\\/clarijs-fietstassen.nl\\\/wp-content\\\/uploads\\\/2024\\\/01\\\/clarijs-logo-met-rand.jpg\",\"width\":560,\"height\":266,\"caption\":\"Clarijs Fietstassen\"},\"image\":{\"@id\":\"https:\\\/\\\/clarijs-fietstassen.nl\\\/de\\\/#\\\/schema\\\/logo\\\/image\\\/\"},\"sameAs\":[\"https:\\\/\\\/www.facebook.com\\\/clarijs1948\\\/\",\"https:\\\/\\\/www.instagram.com\\\/clarijscovers\\\/\"]}]}<\/script>\n<meta property=\"product:price:amount\" content=\"48.75\" \/>\n<meta property=\"product:price:currency\" content=\"EUR\" \/>\n<meta property=\"og:availability\" content=\"out of stock\" \/>\n<meta property=\"product:availability\" content=\"out of stock\" \/>\n<meta property=\"product:retailer_item_id\" content=\"6037\" \/>\n<meta property=\"product:condition\" content=\"new\" \/>\n<!-- \/ Yoast SEO Premium plugin. -->","yoast_head_json":{"title":"Outlet \u2013 Doppelte Fahrradtasche Moules - Clarijs Fietstassen","description":"Outlet Doppel-Fahrradtasche Moules mit 35 % Rabatt. Handgefertigt in den Niederlanden, langlebig und extra attraktiv im Preis. Bestellen Sie jetzt!","robots":{"index":"index","follow":"follow","max-snippet":"max-snippet:-1","max-image-preview":"max-image-preview:large","max-video-preview":"max-video-preview:-1"},"canonical":"https:\/\/clarijs-fietstassen.nl\/de\/doppelte-fahrradtasche-moules-2\/","og_locale":"de_DE","og_type":"article","og_title":"Outlet \u2013 Doppelte Fahrradtasche Moules","og_description":"Outlet Doppel-Fahrradtasche Moules mit 35 % Rabatt. Handgefertigt in den Niederlanden, langlebig und extra attraktiv im Preis. Bestellen Sie jetzt!","og_url":"https:\/\/clarijs-fietstassen.nl\/de\/doppelte-fahrradtasche-moules-2\/","og_site_name":"Clarijs Fietstassen","article_publisher":"https:\/\/www.facebook.com\/clarijs1948\/","article_modified_time":"2026-04-13T08:27:01+00:00","og_image":[{"width":1000,"height":1000,"url":"https:\/\/clarijs-fietstassen.nl\/wp-content\/uploads\/2026\/04\/Outlet-Dubbele-Fietstas-Moules.png","type":"image\/png"}],"twitter_card":"summary_large_image","twitter_misc":{"Preis":"&euro;48.75","Verf\u00fcgbarkeit":"ausverkauft"},"schema":{"@context":"https:\/\/schema.org","@graph":[{"@type":"WebPage","@id":"https:\/\/clarijs-fietstassen.nl\/de\/doppelte-fahrradtasche-moules-2\/","url":"https:\/\/clarijs-fietstassen.nl\/de\/doppelte-fahrradtasche-moules-2\/","name":"Outlet \u2013 Doppelte Fahrradtasche Moules - Clarijs Fietstassen","isPartOf":{"@id":"https:\/\/clarijs-fietstassen.nl\/de\/#website"},"primaryImageOfPage":{"@id":"https:\/\/clarijs-fietstassen.nl\/de\/doppelte-fahrradtasche-moules-2\/#primaryimage"},"image":{"@id":"https:\/\/clarijs-fietstassen.nl\/de\/doppelte-fahrradtasche-moules-2\/#primaryimage"},"thumbnailUrl":"https:\/\/clarijs-fietstassen.nl\/wp-content\/uploads\/2026\/04\/Outlet-Dubbele-Fietstas-Moules.png","datePublished":"2026-04-13T08:07:52+00:00","dateModified":"2026-04-13T08:27:01+00:00","description":"Outlet Doppel-Fahrradtasche Moules mit 35 % Rabatt. Handgefertigt in den Niederlanden, langlebig und extra attraktiv im Preis. Bestellen Sie jetzt!","breadcrumb":{"@id":"https:\/\/clarijs-fietstassen.nl\/de\/doppelte-fahrradtasche-moules-2\/#breadcrumb"},"inLanguage":"de","potentialAction":[{"@type":"ReadAction","target":["https:\/\/clarijs-fietstassen.nl\/de\/doppelte-fahrradtasche-moules-2\/"]}]},{"@type":"ImageObject","inLanguage":"de","@id":"https:\/\/clarijs-fietstassen.nl\/de\/doppelte-fahrradtasche-moules-2\/#primaryimage","url":"https:\/\/clarijs-fietstassen.nl\/wp-content\/uploads\/2026\/04\/Outlet-Dubbele-Fietstas-Moules.png","contentUrl":"https:\/\/clarijs-fietstassen.nl\/wp-content\/uploads\/2026\/04\/Outlet-Dubbele-Fietstas-Moules.png","width":1000,"height":1000,"caption":"Outlet \u2013 Doppelte Fahrradtasche Moules"},{"@type":"BreadcrumbList","@id":"https:\/\/clarijs-fietstassen.nl\/de\/doppelte-fahrradtasche-moules-2\/#breadcrumb","itemListElement":[{"@type":"ListItem","position":1,"name":"Home","item":"https:\/\/clarijs-fietstassen.nl\/de\/"},{"@type":"ListItem","position":2,"name":"Shop","item":"https:\/\/clarijs-fietstassen.nl\/de\/shop\/"},{"@type":"ListItem","position":3,"name":"Outlet","item":"https:\/\/clarijs-fietstassen.nl\/de\/de-outlet\/"},{"@type":"ListItem","position":4,"name":"Outlet \u2013 Doppelte Fahrradtasche Moules"}]},{"@type":"WebSite","@id":"https:\/\/clarijs-fietstassen.nl\/de\/#website","url":"https:\/\/clarijs-fietstassen.nl\/de\/","name":"Clarijs Fietstassen","description":"Kwaliteit &amp; ambacht sinds 1948","publisher":{"@id":"https:\/\/clarijs-fietstassen.nl\/de\/#organization"},"potentialAction":[{"@type":"SearchAction","target":{"@type":"EntryPoint","urlTemplate":"https:\/\/clarijs-fietstassen.nl\/de\/?s={search_term_string}"},"query-input":{"@type":"PropertyValueSpecification","valueRequired":true,"valueName":"search_term_string"}}],"inLanguage":"de"},{"@type":"Organization","@id":"https:\/\/clarijs-fietstassen.nl\/de\/#organization","name":"Clarijs Fietstassen","url":"https:\/\/clarijs-fietstassen.nl\/de\/","logo":{"@type":"ImageObject","inLanguage":"de","@id":"https:\/\/clarijs-fietstassen.nl\/de\/#\/schema\/logo\/image\/","url":"https:\/\/clarijs-fietstassen.nl\/wp-content\/uploads\/2024\/01\/clarijs-logo-met-rand.jpg","contentUrl":"https:\/\/clarijs-fietstassen.nl\/wp-content\/uploads\/2024\/01\/clarijs-logo-met-rand.jpg","width":560,"height":266,"caption":"Clarijs Fietstassen"},"image":{"@id":"https:\/\/clarijs-fietstassen.nl\/de\/#\/schema\/logo\/image\/"},"sameAs":["https:\/\/www.facebook.com\/clarijs1948\/","https:\/\/www.instagram.com\/clarijscovers\/"]}]},"product_price_amount":"48.75","product_price_currency":"EUR","og_availability":"out of stock","product_availability":"out of stock","product_retailer_item_id":"6037","product_condition":"new"},"_links":{"self":[{"href":"https:\/\/clarijs-fietstassen.nl\/de\/wp-json\/wp\/v2\/product\/65074","targetHints":{"allow":["GET"]}}],"collection":[{"href":"https:\/\/clarijs-fietstassen.nl\/de\/wp-json\/wp\/v2\/product"}],"about":[{"href":"https:\/\/clarijs-fietstassen.nl\/de\/wp-json\/wp\/v2\/types\/product"}],"replies":[{"embeddable":true,"href":"https:\/\/clarijs-fietstassen.nl\/de\/wp-json\/wp\/v2\/comments?post=65074"}],"wp:featuredmedia":[{"embeddable":true,"href":"https:\/\/clarijs-fietstassen.nl\/de\/wp-json\/wp\/v2\/media\/65078"}],"wp:attachment":[{"href":"https:\/\/clarijs-fietstassen.nl\/de\/wp-json\/wp\/v2\/media?parent=65074"}],"wp:term":[{"taxonomy":"product_brand","embeddable":true,"href":"https:\/\/clarijs-fietstassen.nl\/de\/wp-json\/wp\/v2\/product_brand?post=65074"},{"taxonomy":"product_cat","embeddable":true,"href":"https:\/\/clarijs-fietstassen.nl\/de\/wp-json\/wp\/v2\/product_cat?post=65074"},{"taxonomy":"product_tag","embeddable":true,"href":"https:\/\/clarijs-fietstassen.nl\/de\/wp-json\/wp\/v2\/product_tag?post=65074"}],"curies":[{"name":"wp","href":"https:\/\/api.w.org\/{rel}","templated":true}]}}