{"id":65482,"date":"2026-04-29T09:16:45","date_gmt":"2026-04-29T07:16:45","guid":{"rendered":"https:\/\/clarijs-fietstassen.nl\/?post_type=product&#038;p=65482"},"modified":"2026-04-29T09:30:40","modified_gmt":"2026-04-29T07:30:40","slug":"outlet-doppelte-fahrradtasche-excellent-red-xl-kopie","status":"publish","type":"product","link":"https:\/\/clarijs-fietstassen.nl\/de\/produkt\/outlet-doppelte-fahrradtasche-excellent-red-xl-kopie\/","title":{"rendered":"Outlet \u2013 Doppelte Fahrradtasche Excellent Braun XXL"},"content":{"rendered":"<p data-start=\"180\" data-end=\"535\">Die Outlet \u2013 Doppelte Fahrradtasche Excellent Braun XXL ist eine handgefertigte und voll funktionsf\u00e4hige Fahrradtasche von Clarijs. Dieses Exemplar weist kleine Sch\u00f6nheitsfehler wie leichte Kratzer auf und wurde daher in unser Outlet aufgenommen. Mit 35 % Rabatt profitierst du von derselben Qualit\u00e4t und Langlebigkeit \u2013 jetzt besonders attraktiv im Preis.  <\/p>\n<p data-start=\"537\" data-end=\"871\">Die Tasche Excellent Braun XXL besteht aus extrem robustem, beschichtetem Acrylgewebe, das normalerweise im Wassersport verwendet wird. Diese XXL-Fahrradtasche bietet au\u00dfergew\u00f6hnlich viel Platz f\u00fcr Eink\u00e4ufe, Sportausr\u00fcstung oder deine t\u00e4glichen Arbeitsutensilien. Dank der hochwertigen Materialien und der sorgf\u00e4ltigen Verarbeitung ist die Tasche wetterbest\u00e4ndig und ideal f\u00fcr den t\u00e4glichen Gebrauch.  <\/p>\n<p data-start=\"873\" data-end=\"1070\">Wie alle Clarijs Fahrradtaschen wird auch dieses Outlet-Modell in den Niederlanden aus hochwertigen EU-Materialien handgefertigt. Mit diesem Outlet-Angebot erhalten Sie Spitzenqualit\u00e4t zu einem reduzierten Preis. <\/p>\n<p data-start=\"1082\" data-end=\"1143\"><strong data-start=\"1082\" data-end=\"1141\">Sind Outlet-Fahrradtaschen trotzdem von guter Qualit\u00e4t?<\/strong><\/p>\n<p data-start=\"1082\" data-end=\"1143\">Ja, unsere Outlet-Fahrradtaschen bieten die gleiche Funktionalit\u00e4t und Qualit\u00e4t wie die regul\u00e4ren Modelle.<\/p>\n<ul data-start=\"1144\" data-end=\"1336\">\n<li data-start=\"1144\" data-end=\"1206\">\n<p data-start=\"1146\" data-end=\"1206\">Outlet-Modell mit 35% Rabatt aufgrund kleiner Sch\u00f6nheitsfehler<\/p>\n<\/li>\n<li data-start=\"1207\" data-end=\"1257\">\n<p data-start=\"1209\" data-end=\"1257\">Handgefertigt in den Niederlanden aus starken Materialien<\/p>\n<\/li>\n<li data-start=\"1258\" data-end=\"1284\">\n<p data-start=\"1260\" data-end=\"1284\">Gr\u00f6\u00dfen: XXL: Innen41 \u00d7 25 \u00d7 32 cm | Au\u00dfen 46 \u00d7 26 \u00d7 32 cm<\/p>\n<\/li>\n<\/ul>\n<p data-start=\"1072\" data-end=\"1088\">\n","protected":false},"excerpt":{"rendered":"<p>Die Outlet \u2013 Doppelte Fahrradtasche Excellent Braun XXL ist eine handgefertigte und voll funktionsf\u00e4hige Fahrradtasche von Clarijs. Dieses Exemplar weist kleine Sch\u00f6nheitsfehler wie leichte Kratzer auf und wurde daher in unser Outlet aufgenommen. Mit 35 % Rabatt profitierst du von derselben Qualit\u00e4t und Langlebigkeit \u2013 jetzt besonders attraktiv im Preis. Die Tasche Excellent Braun XXL [&hellip;]<\/p>\n","protected":false},"featured_media":65486,"comment_status":"open","ping_status":"closed","template":"","meta":{"_acf_changed":false,"_et_pb_use_builder":"","_et_pb_old_content":"","_et_gb_content_width":""},"product_brand":[],"product_cat":[879,714,939],"product_tag":[],"class_list":{"0":"post-65482","1":"product","2":"type-product","3":"status-publish","4":"has-post-thumbnail","6":"product_cat-deals","7":"product_cat-doppelte-fahrradtaschen","8":"product_cat-de-outlet","9":"pa_geschikt-voor-e-bike-ja-de","10":"pa_snelbinders-toegankelijk-ja-wahlen-sie-die-option-schneiden-oder-aussparen-der-mitte","12":"first","13":"instock","14":"taxable","15":"shipping-taxable","16":"purchasable","17":"product-type-simple"},"acf":[],"yoast_head":"<!-- This site is optimized with the Yoast SEO Premium plugin v27.2 (Yoast SEO v27.5) - https:\/\/yoast.com\/product\/yoast-seo-premium-wordpress\/ -->\n<title>Outlet \u2013 Doppelte Fahrradtasche Excellent Braun XXL - Clarijs Fietstassen<\/title>\n<meta name=\"description\" content=\"Outlet dubbele fietstas Excellent Bruin XXL met 35% korting. Handgemaakt in Nederland, duurzaam en extra scherp geprijsd. Bestel Nu!\" \/>\n<meta name=\"robots\" content=\"index, follow, max-snippet:-1, max-image-preview:large, max-video-preview:-1\" \/>\n<link rel=\"canonical\" href=\"https:\/\/clarijs-fietstassen.nl\/outlet-dubbele-fietstas-excellent-bruin-xxl\/\" \/>\n<meta property=\"og:locale\" content=\"de_DE\" \/>\n<meta property=\"og:type\" content=\"article\" \/>\n<meta property=\"og:title\" content=\"Outlet \u2013 Doppelte Fahrradtasche Excellent Braun XXL\" \/>\n<meta property=\"og:description\" content=\"Outlet dubbele fietstas Excellent Bruin XXL met 35% korting. Handgemaakt in Nederland, duurzaam en extra scherp geprijsd. Bestel Nu!\" \/>\n<meta property=\"og:url\" content=\"https:\/\/clarijs-fietstassen.nl\/outlet-dubbele-fietstas-excellent-bruin-xxl\/\" \/>\n<meta property=\"og:site_name\" content=\"Clarijs Fietstassen\" \/>\n<meta property=\"article:publisher\" content=\"https:\/\/www.facebook.com\/clarijs1948\/\" \/>\n<meta property=\"article:modified_time\" content=\"2026-04-29T07:30:40+00:00\" \/>\n<meta property=\"og:image\" content=\"https:\/\/clarijs-fietstassen.nl\/wp-content\/uploads\/2026\/04\/Outlet-Dubbele-Fietstas-Excellent-Bruin.png\" \/>\n\t<meta property=\"og:image:width\" content=\"1000\" \/>\n\t<meta property=\"og:image:height\" content=\"1000\" \/>\n\t<meta property=\"og:image:type\" content=\"image\/png\" \/>\n<meta name=\"twitter:card\" content=\"summary_large_image\" \/>\n<meta name=\"twitter:label1\" content=\"Preis\" \/>\n\t<meta name=\"twitter:data1\" content=\"&euro;48.75\" \/>\n\t<meta name=\"twitter:label2\" content=\"Verf\u00fcgbarkeit\" \/>\n\t<meta name=\"twitter:data2\" content=\"Auf Lager\" \/>\n<script type=\"application\/ld+json\" class=\"yoast-schema-graph\">{\"@context\":\"https:\\\/\\\/schema.org\",\"@graph\":[{\"@type\":\"WebPage\",\"@id\":\"https:\\\/\\\/clarijs-fietstassen.nl\\\/outlet-dubbele-fietstas-excellent-bruin-xxl\\\/\",\"url\":\"https:\\\/\\\/clarijs-fietstassen.nl\\\/outlet-dubbele-fietstas-excellent-bruin-xxl\\\/\",\"name\":\"Outlet \u2013 Doppelte Fahrradtasche Excellent Braun XXL - Clarijs Fietstassen\",\"isPartOf\":{\"@id\":\"https:\\\/\\\/clarijs-fietstassen.nl\\\/de\\\/#website\"},\"primaryImageOfPage\":{\"@id\":\"https:\\\/\\\/clarijs-fietstassen.nl\\\/outlet-dubbele-fietstas-excellent-bruin-xxl\\\/#primaryimage\"},\"image\":{\"@id\":\"https:\\\/\\\/clarijs-fietstassen.nl\\\/outlet-dubbele-fietstas-excellent-bruin-xxl\\\/#primaryimage\"},\"thumbnailUrl\":\"https:\\\/\\\/clarijs-fietstassen.nl\\\/wp-content\\\/uploads\\\/2026\\\/04\\\/Outlet-Dubbele-Fietstas-Excellent-Bruin.png\",\"datePublished\":\"2026-04-29T07:16:45+00:00\",\"dateModified\":\"2026-04-29T07:30:40+00:00\",\"description\":\"Outlet dubbele fietstas Excellent Bruin XXL met 35% korting. Handgemaakt in Nederland, duurzaam en extra scherp geprijsd. Bestel Nu!\",\"breadcrumb\":{\"@id\":\"https:\\\/\\\/clarijs-fietstassen.nl\\\/outlet-dubbele-fietstas-excellent-bruin-xxl\\\/#breadcrumb\"},\"inLanguage\":\"de\",\"potentialAction\":[{\"@type\":\"ReadAction\",\"target\":[\"https:\\\/\\\/clarijs-fietstassen.nl\\\/outlet-dubbele-fietstas-excellent-bruin-xxl\\\/\"]}]},{\"@type\":\"ImageObject\",\"inLanguage\":\"de\",\"@id\":\"https:\\\/\\\/clarijs-fietstassen.nl\\\/outlet-dubbele-fietstas-excellent-bruin-xxl\\\/#primaryimage\",\"url\":\"https:\\\/\\\/clarijs-fietstassen.nl\\\/wp-content\\\/uploads\\\/2026\\\/04\\\/Outlet-Dubbele-Fietstas-Excellent-Bruin.png\",\"contentUrl\":\"https:\\\/\\\/clarijs-fietstassen.nl\\\/wp-content\\\/uploads\\\/2026\\\/04\\\/Outlet-Dubbele-Fietstas-Excellent-Bruin.png\",\"width\":1000,\"height\":1000},{\"@type\":\"BreadcrumbList\",\"@id\":\"https:\\\/\\\/clarijs-fietstassen.nl\\\/outlet-dubbele-fietstas-excellent-bruin-xxl\\\/#breadcrumb\",\"itemListElement\":[{\"@type\":\"ListItem\",\"position\":1,\"name\":\"Home\",\"item\":\"https:\\\/\\\/clarijs-fietstassen.nl\\\/de\\\/\"},{\"@type\":\"ListItem\",\"position\":2,\"name\":\"Shop\",\"item\":\"https:\\\/\\\/clarijs-fietstassen.nl\\\/de\\\/shop\\\/\"},{\"@type\":\"ListItem\",\"position\":3,\"name\":\"Deals\",\"item\":\"https:\\\/\\\/clarijs-fietstassen.nl\\\/de\\\/deals\\\/\"},{\"@type\":\"ListItem\",\"position\":4,\"name\":\"Outlet \u2013 Doppelte Fahrradtasche Excellent Braun XXL\"}]},{\"@type\":\"WebSite\",\"@id\":\"https:\\\/\\\/clarijs-fietstassen.nl\\\/de\\\/#website\",\"url\":\"https:\\\/\\\/clarijs-fietstassen.nl\\\/de\\\/\",\"name\":\"Clarijs Fietstassen\",\"description\":\"Kwaliteit &amp; ambacht sinds 1948\",\"publisher\":{\"@id\":\"https:\\\/\\\/clarijs-fietstassen.nl\\\/de\\\/#organization\"},\"potentialAction\":[{\"@type\":\"SearchAction\",\"target\":{\"@type\":\"EntryPoint\",\"urlTemplate\":\"https:\\\/\\\/clarijs-fietstassen.nl\\\/de\\\/?s={search_term_string}\"},\"query-input\":{\"@type\":\"PropertyValueSpecification\",\"valueRequired\":true,\"valueName\":\"search_term_string\"}}],\"inLanguage\":\"de\"},{\"@type\":\"Organization\",\"@id\":\"https:\\\/\\\/clarijs-fietstassen.nl\\\/de\\\/#organization\",\"name\":\"Clarijs Fietstassen\",\"url\":\"https:\\\/\\\/clarijs-fietstassen.nl\\\/de\\\/\",\"logo\":{\"@type\":\"ImageObject\",\"inLanguage\":\"de\",\"@id\":\"https:\\\/\\\/clarijs-fietstassen.nl\\\/de\\\/#\\\/schema\\\/logo\\\/image\\\/\",\"url\":\"https:\\\/\\\/clarijs-fietstassen.nl\\\/wp-content\\\/uploads\\\/2024\\\/01\\\/clarijs-logo-met-rand.jpg\",\"contentUrl\":\"https:\\\/\\\/clarijs-fietstassen.nl\\\/wp-content\\\/uploads\\\/2024\\\/01\\\/clarijs-logo-met-rand.jpg\",\"width\":560,\"height\":266,\"caption\":\"Clarijs Fietstassen\"},\"image\":{\"@id\":\"https:\\\/\\\/clarijs-fietstassen.nl\\\/de\\\/#\\\/schema\\\/logo\\\/image\\\/\"},\"sameAs\":[\"https:\\\/\\\/www.facebook.com\\\/clarijs1948\\\/\",\"https:\\\/\\\/www.instagram.com\\\/clarijscovers\\\/\"]}]}<\/script>\n<meta property=\"product:price:amount\" content=\"48.75\" \/>\n<meta property=\"product:price:currency\" content=\"EUR\" \/>\n<meta property=\"og:availability\" content=\"instock\" \/>\n<meta property=\"product:availability\" content=\"instock\" \/>\n<meta property=\"product:retailer_item_id\" content=\"6038\" \/>\n<meta property=\"product:condition\" content=\"new\" \/>\n<!-- \/ Yoast SEO Premium plugin. -->","yoast_head_json":{"title":"Outlet \u2013 Doppelte Fahrradtasche Excellent Braun XXL - Clarijs Fietstassen","description":"Outlet dubbele fietstas Excellent Bruin XXL met 35% korting. Handgemaakt in Nederland, duurzaam en extra scherp geprijsd. Bestel Nu!","robots":{"index":"index","follow":"follow","max-snippet":"max-snippet:-1","max-image-preview":"max-image-preview:large","max-video-preview":"max-video-preview:-1"},"canonical":"https:\/\/clarijs-fietstassen.nl\/outlet-dubbele-fietstas-excellent-bruin-xxl\/","og_locale":"de_DE","og_type":"article","og_title":"Outlet \u2013 Doppelte Fahrradtasche Excellent Braun XXL","og_description":"Outlet dubbele fietstas Excellent Bruin XXL met 35% korting. Handgemaakt in Nederland, duurzaam en extra scherp geprijsd. Bestel Nu!","og_url":"https:\/\/clarijs-fietstassen.nl\/outlet-dubbele-fietstas-excellent-bruin-xxl\/","og_site_name":"Clarijs Fietstassen","article_publisher":"https:\/\/www.facebook.com\/clarijs1948\/","article_modified_time":"2026-04-29T07:30:40+00:00","og_image":[{"width":1000,"height":1000,"url":"https:\/\/clarijs-fietstassen.nl\/wp-content\/uploads\/2026\/04\/Outlet-Dubbele-Fietstas-Excellent-Bruin.png","type":"image\/png"}],"twitter_card":"summary_large_image","twitter_misc":{"Preis":"&euro;48.75","Verf\u00fcgbarkeit":"Auf Lager"},"schema":{"@context":"https:\/\/schema.org","@graph":[{"@type":"WebPage","@id":"https:\/\/clarijs-fietstassen.nl\/outlet-dubbele-fietstas-excellent-bruin-xxl\/","url":"https:\/\/clarijs-fietstassen.nl\/outlet-dubbele-fietstas-excellent-bruin-xxl\/","name":"Outlet \u2013 Doppelte Fahrradtasche Excellent Braun XXL - Clarijs Fietstassen","isPartOf":{"@id":"https:\/\/clarijs-fietstassen.nl\/de\/#website"},"primaryImageOfPage":{"@id":"https:\/\/clarijs-fietstassen.nl\/outlet-dubbele-fietstas-excellent-bruin-xxl\/#primaryimage"},"image":{"@id":"https:\/\/clarijs-fietstassen.nl\/outlet-dubbele-fietstas-excellent-bruin-xxl\/#primaryimage"},"thumbnailUrl":"https:\/\/clarijs-fietstassen.nl\/wp-content\/uploads\/2026\/04\/Outlet-Dubbele-Fietstas-Excellent-Bruin.png","datePublished":"2026-04-29T07:16:45+00:00","dateModified":"2026-04-29T07:30:40+00:00","description":"Outlet dubbele fietstas Excellent Bruin XXL met 35% korting. Handgemaakt in Nederland, duurzaam en extra scherp geprijsd. Bestel Nu!","breadcrumb":{"@id":"https:\/\/clarijs-fietstassen.nl\/outlet-dubbele-fietstas-excellent-bruin-xxl\/#breadcrumb"},"inLanguage":"de","potentialAction":[{"@type":"ReadAction","target":["https:\/\/clarijs-fietstassen.nl\/outlet-dubbele-fietstas-excellent-bruin-xxl\/"]}]},{"@type":"ImageObject","inLanguage":"de","@id":"https:\/\/clarijs-fietstassen.nl\/outlet-dubbele-fietstas-excellent-bruin-xxl\/#primaryimage","url":"https:\/\/clarijs-fietstassen.nl\/wp-content\/uploads\/2026\/04\/Outlet-Dubbele-Fietstas-Excellent-Bruin.png","contentUrl":"https:\/\/clarijs-fietstassen.nl\/wp-content\/uploads\/2026\/04\/Outlet-Dubbele-Fietstas-Excellent-Bruin.png","width":1000,"height":1000},{"@type":"BreadcrumbList","@id":"https:\/\/clarijs-fietstassen.nl\/outlet-dubbele-fietstas-excellent-bruin-xxl\/#breadcrumb","itemListElement":[{"@type":"ListItem","position":1,"name":"Home","item":"https:\/\/clarijs-fietstassen.nl\/de\/"},{"@type":"ListItem","position":2,"name":"Shop","item":"https:\/\/clarijs-fietstassen.nl\/de\/shop\/"},{"@type":"ListItem","position":3,"name":"Deals","item":"https:\/\/clarijs-fietstassen.nl\/de\/deals\/"},{"@type":"ListItem","position":4,"name":"Outlet \u2013 Doppelte Fahrradtasche Excellent Braun XXL"}]},{"@type":"WebSite","@id":"https:\/\/clarijs-fietstassen.nl\/de\/#website","url":"https:\/\/clarijs-fietstassen.nl\/de\/","name":"Clarijs Fietstassen","description":"Kwaliteit &amp; ambacht sinds 1948","publisher":{"@id":"https:\/\/clarijs-fietstassen.nl\/de\/#organization"},"potentialAction":[{"@type":"SearchAction","target":{"@type":"EntryPoint","urlTemplate":"https:\/\/clarijs-fietstassen.nl\/de\/?s={search_term_string}"},"query-input":{"@type":"PropertyValueSpecification","valueRequired":true,"valueName":"search_term_string"}}],"inLanguage":"de"},{"@type":"Organization","@id":"https:\/\/clarijs-fietstassen.nl\/de\/#organization","name":"Clarijs Fietstassen","url":"https:\/\/clarijs-fietstassen.nl\/de\/","logo":{"@type":"ImageObject","inLanguage":"de","@id":"https:\/\/clarijs-fietstassen.nl\/de\/#\/schema\/logo\/image\/","url":"https:\/\/clarijs-fietstassen.nl\/wp-content\/uploads\/2024\/01\/clarijs-logo-met-rand.jpg","contentUrl":"https:\/\/clarijs-fietstassen.nl\/wp-content\/uploads\/2024\/01\/clarijs-logo-met-rand.jpg","width":560,"height":266,"caption":"Clarijs Fietstassen"},"image":{"@id":"https:\/\/clarijs-fietstassen.nl\/de\/#\/schema\/logo\/image\/"},"sameAs":["https:\/\/www.facebook.com\/clarijs1948\/","https:\/\/www.instagram.com\/clarijscovers\/"]}]},"product_price_amount":"48.75","product_price_currency":"EUR","og_availability":"instock","product_availability":"instock","product_retailer_item_id":"6038","product_condition":"new"},"_links":{"self":[{"href":"https:\/\/clarijs-fietstassen.nl\/de\/wp-json\/wp\/v2\/product\/65482","targetHints":{"allow":["GET"]}}],"collection":[{"href":"https:\/\/clarijs-fietstassen.nl\/de\/wp-json\/wp\/v2\/product"}],"about":[{"href":"https:\/\/clarijs-fietstassen.nl\/de\/wp-json\/wp\/v2\/types\/product"}],"replies":[{"embeddable":true,"href":"https:\/\/clarijs-fietstassen.nl\/de\/wp-json\/wp\/v2\/comments?post=65482"}],"wp:featuredmedia":[{"embeddable":true,"href":"https:\/\/clarijs-fietstassen.nl\/de\/wp-json\/wp\/v2\/media\/65486"}],"wp:attachment":[{"href":"https:\/\/clarijs-fietstassen.nl\/de\/wp-json\/wp\/v2\/media?parent=65482"}],"wp:term":[{"taxonomy":"product_brand","embeddable":true,"href":"https:\/\/clarijs-fietstassen.nl\/de\/wp-json\/wp\/v2\/product_brand?post=65482"},{"taxonomy":"product_cat","embeddable":true,"href":"https:\/\/clarijs-fietstassen.nl\/de\/wp-json\/wp\/v2\/product_cat?post=65482"},{"taxonomy":"product_tag","embeddable":true,"href":"https:\/\/clarijs-fietstassen.nl\/de\/wp-json\/wp\/v2\/product_tag?post=65482"}],"curies":[{"name":"wp","href":"https:\/\/api.w.org\/{rel}","templated":true}]}}