{"id":65710,"date":"2026-05-06T11:42:57","date_gmt":"2026-05-06T09:42:57","guid":{"rendered":"https:\/\/clarijs-fietstassen.nl\/?post_type=product&#038;p=65710"},"modified":"2026-05-06T11:42:58","modified_gmt":"2026-05-06T09:42:58","slug":"ofyr-bbq-abdeckung-universelle-schutzhulle-fur-plancha-grill","status":"publish","type":"product","link":"https:\/\/clarijs-fietstassen.nl\/de\/produkt\/ofyr-bbq-abdeckung-universelle-schutzhulle-fur-plancha-grill\/","title":{"rendered":"Ofyr BBQ Abdeckung \u2013 Universelle Schutzh\u00fclle f\u00fcr Plancha Grill"},"content":{"rendered":"<p data-start=\"174\" data-end=\"599\">Mit der Ofyr BBQ Abdeckung sch\u00fctzen Sie Ihren Plancha Grill das ganze Jahr \u00fcber vor Regen, Schmutz und wechselnden Witterungsbedingungen. Diese universelle Regenh\u00fclle ist f\u00fcr Plancha Grills wie die von OFYR geeignet und sorgt daf\u00fcr, dass Ihr Grill sauber, trocken und jederzeit einsatzbereit bleibt. Jede H\u00fclle wird mit Sorgfalt von Clarijs handgefertigt, wobei Handwerk und hochwertige Materialien im Mittelpunkt stehen.  <\/p>\n<p data-start=\"601\" data-end=\"639\"><strong>Hochwertige Materialien und Verarbeitung<\/strong><\/p>\n<p data-start=\"641\" data-end=\"943\">Diese Schutzh\u00fclle besteht aus hochwertigem, schwerem PVC-Gewebe. Das Material ist vollst\u00e4ndig wasserdicht, strapazierf\u00e4hig und f\u00fcr den intensiven Einsatz sowie unterschiedliche Wetterbedingungen ausgelegt. Dank der robusten und langlebigen Materialien in Kombination mit handwerklicher Verarbeitung bleibt Ihr Plancha Grill optimal gesch\u00fctzt.  <\/p>\n<p><strong>Welche Gr\u00f6\u00dfe der BBQ-Abdeckung passt zu meinem Grill?<\/strong><\/p>\n<p>Im Sortiment sind 2 Gr\u00f6\u00dfen erh\u00e4ltlich: Durchmesser 80 und 100 cm.<\/p>\n<p data-start=\"945\" data-end=\"1351\">Dank der universellen Passform sind die Abdeckungen f\u00fcr verschiedene Plancha Grills geeignet. \u00dcberpr\u00fcfen Sie vorab die Ma\u00dfe Ihres Grills und w\u00e4hlen Sie die passende Gr\u00f6\u00dfe f\u00fcr die beste Passform. Die Abdeckung ist innen mit einem Rahmen ausgestattet, wodurch sie leicht nach oben gew\u00f6lbt ist. So kann Wasser einfach ablaufen und bleibt nicht auf dem Grillrost stehen.  <\/p>\n<p data-start=\"1353\" data-end=\"1412\"><strong>Wie pflegt man seine BBQ-Abdeckung f\u00fcr den besten Schutz?<\/strong><\/p>\n<p data-start=\"1414\" data-end=\"1802\" data-is-last-node=\"\" data-is-only-node=\"\">Lassen Sie den Grill immer vollst\u00e4ndig abk\u00fchlen, bevor Sie die Abdeckung anbringen. F\u00fcr eine lange Lebensdauer empfiehlt es sich, die Abdeckung regelm\u00e4\u00dfig zu reinigen. Entfernen Sie Schmutz mit einer weichen B\u00fcrste und reinigen Sie sie bei Bedarf mit lauwarmem Wasser und milder Seife. Sp\u00fclen Sie die Abdeckung gr\u00fcndlich ab und lassen Sie sie vollst\u00e4ndig an der Luft trocknen. Vermeiden Sie scharfe Gegenst\u00e4nde und lagern Sie die Abdeckung trocken, wenn sie nicht verwendet wird.    <\/p>\n<p data-start=\"1414\" data-end=\"1802\" data-is-last-node=\"\" data-is-only-node=\"\">Sch\u00fctzen Sie Ihren Ofyr Grill mit einer Clarijs Schutzh\u00fclle, die nicht nur funktional ist, sondern auch optisch perfekt in Ihren Garten w\u00e4hrend der Grillsaison passt. Erh\u00e4ltlich in zwei Farben mit matter Oberfl\u00e4che. W\u00e4hlen Sie Ihre Variante und halten Sie Ihren Grill jederzeit sauber und trocken.  <\/p>\n","protected":false},"excerpt":{"rendered":"<p>Mit der Ofyr BBQ Abdeckung sch\u00fctzen Sie Ihren Plancha Grill das ganze Jahr \u00fcber vor Regen, Schmutz und wechselnden Witterungsbedingungen. Diese universelle Regenh\u00fclle ist f\u00fcr Plancha Grills wie die von OFYR geeignet und sorgt daf\u00fcr, dass Ihr Grill sauber, trocken und jederzeit einsatzbereit bleibt. Jede H\u00fclle wird mit Sorgfalt von Clarijs handgefertigt, wobei Handwerk und [&hellip;]<\/p>\n","protected":false},"featured_media":65716,"comment_status":"open","ping_status":"closed","template":"","meta":{"_acf_changed":false,"_et_pb_use_builder":"","_et_pb_old_content":"","_et_gb_content_width":""},"product_brand":[],"product_cat":[875,684],"product_tag":[],"class_list":{"0":"post-65710","1":"product","2":"type-product","3":"status-publish","4":"has-post-thumbnail","6":"product_cat-gartenabdeckungen-de","7":"product_cat-zubehor","8":"pa_afmetingen-100-cm-de","9":"pa_afmetingen-80-cm-de","10":"pa_kleur-matt-olive-de","11":"pa_kleur-matt-schwarz-de","12":"pa_materiaal-mattes-pvc-relief","14":"first","15":"instock","16":"taxable","17":"shipping-taxable","18":"purchasable","19":"product-type-variable"},"acf":[],"yoast_head":"<!-- This site is optimized with the Yoast SEO Premium plugin v27.2 (Yoast SEO v27.5) - https:\/\/yoast.com\/product\/yoast-seo-premium-wordpress\/ -->\n<title>Ofyr BBQ Schutzh\u00fclle Plancha Barbecues<\/title>\n<meta name=\"description\" content=\"Ofyr BBQ Abdeckung kaufen? Robuste Schutzh\u00fclle f\u00fcr Plancha Grill. Wasserdichtes PVC, handgefertigt von Clarijs, in 2 Gr\u00f6\u00dfen erh\u00e4ltlich.\" \/>\n<meta name=\"robots\" content=\"index, follow, max-snippet:-1, max-image-preview:large, max-video-preview:-1\" \/>\n<link rel=\"canonical\" href=\"https:\/\/clarijs-fietstassen.nl\/de\/ofyr-bbq-abdeckung-universelle-schutzhulle-fur-plancha-grill\/\" \/>\n<meta property=\"og:locale\" content=\"de_DE\" \/>\n<meta property=\"og:type\" content=\"article\" \/>\n<meta property=\"og:title\" content=\"Ofyr BBQ Abdeckung \u2013 Universelle Schutzh\u00fclle f\u00fcr Plancha Grill\" \/>\n<meta property=\"og:description\" content=\"Ofyr BBQ Abdeckung kaufen? Robuste Schutzh\u00fclle f\u00fcr Plancha Grill. Wasserdichtes PVC, handgefertigt von Clarijs, in 2 Gr\u00f6\u00dfen erh\u00e4ltlich.\" \/>\n<meta property=\"og:url\" content=\"https:\/\/clarijs-fietstassen.nl\/de\/ofyr-bbq-abdeckung-universelle-schutzhulle-fur-plancha-grill\/\" \/>\n<meta property=\"og:site_name\" content=\"Clarijs Fietstassen\" \/>\n<meta property=\"article:publisher\" content=\"https:\/\/www.facebook.com\/clarijs1948\/\" \/>\n<meta property=\"article:modified_time\" content=\"2026-05-06T09:42:58+00:00\" \/>\n<meta property=\"og:image\" content=\"https:\/\/clarijs-fietstassen.nl\/wp-content\/uploads\/2026\/05\/ofyr-bbq-hoes-plancha-beschermhoes1.jpg\" \/>\n\t<meta property=\"og:image:width\" content=\"1200\" \/>\n\t<meta property=\"og:image:height\" content=\"1200\" \/>\n\t<meta property=\"og:image:type\" content=\"image\/jpeg\" \/>\n<meta name=\"twitter:card\" content=\"summary_large_image\" \/>\n<meta name=\"twitter:label1\" content=\"Verf\u00fcgbarkeit\" \/>\n\t<meta name=\"twitter:data1\" content=\"Auf Lager\" \/>\n<script type=\"application\/ld+json\" class=\"yoast-schema-graph\">{\"@context\":\"https:\\\/\\\/schema.org\",\"@graph\":[{\"@type\":\"WebPage\",\"@id\":\"https:\\\/\\\/clarijs-fietstassen.nl\\\/de\\\/ofyr-bbq-abdeckung-universelle-schutzhulle-fur-plancha-grill\\\/\",\"url\":\"https:\\\/\\\/clarijs-fietstassen.nl\\\/de\\\/ofyr-bbq-abdeckung-universelle-schutzhulle-fur-plancha-grill\\\/\",\"name\":\"Ofyr BBQ Schutzh\u00fclle Plancha Barbecues\",\"isPartOf\":{\"@id\":\"https:\\\/\\\/clarijs-fietstassen.nl\\\/de\\\/#website\"},\"primaryImageOfPage\":{\"@id\":\"https:\\\/\\\/clarijs-fietstassen.nl\\\/de\\\/ofyr-bbq-abdeckung-universelle-schutzhulle-fur-plancha-grill\\\/#primaryimage\"},\"image\":{\"@id\":\"https:\\\/\\\/clarijs-fietstassen.nl\\\/de\\\/ofyr-bbq-abdeckung-universelle-schutzhulle-fur-plancha-grill\\\/#primaryimage\"},\"thumbnailUrl\":\"https:\\\/\\\/clarijs-fietstassen.nl\\\/wp-content\\\/uploads\\\/2026\\\/05\\\/ofyr-bbq-hoes-plancha-beschermhoes1.jpg\",\"datePublished\":\"2026-05-06T09:42:57+00:00\",\"dateModified\":\"2026-05-06T09:42:58+00:00\",\"description\":\"Ofyr BBQ Abdeckung kaufen? Robuste Schutzh\u00fclle f\u00fcr Plancha Grill. Wasserdichtes PVC, handgefertigt von Clarijs, in 2 Gr\u00f6\u00dfen erh\u00e4ltlich.\",\"breadcrumb\":{\"@id\":\"https:\\\/\\\/clarijs-fietstassen.nl\\\/de\\\/ofyr-bbq-abdeckung-universelle-schutzhulle-fur-plancha-grill\\\/#breadcrumb\"},\"inLanguage\":\"de\",\"potentialAction\":[{\"@type\":\"ReadAction\",\"target\":[\"https:\\\/\\\/clarijs-fietstassen.nl\\\/de\\\/ofyr-bbq-abdeckung-universelle-schutzhulle-fur-plancha-grill\\\/\"]}]},{\"@type\":\"ImageObject\",\"inLanguage\":\"de\",\"@id\":\"https:\\\/\\\/clarijs-fietstassen.nl\\\/de\\\/ofyr-bbq-abdeckung-universelle-schutzhulle-fur-plancha-grill\\\/#primaryimage\",\"url\":\"https:\\\/\\\/clarijs-fietstassen.nl\\\/wp-content\\\/uploads\\\/2026\\\/05\\\/ofyr-bbq-hoes-plancha-beschermhoes1.jpg\",\"contentUrl\":\"https:\\\/\\\/clarijs-fietstassen.nl\\\/wp-content\\\/uploads\\\/2026\\\/05\\\/ofyr-bbq-hoes-plancha-beschermhoes1.jpg\",\"width\":1200,\"height\":1200,\"caption\":\"Ofyr BBQ-Abdeckung f\u00fcr Plancha-Grill, wasserdichte Schutzh\u00fclle von Clarijs\"},{\"@type\":\"BreadcrumbList\",\"@id\":\"https:\\\/\\\/clarijs-fietstassen.nl\\\/de\\\/ofyr-bbq-abdeckung-universelle-schutzhulle-fur-plancha-grill\\\/#breadcrumb\",\"itemListElement\":[{\"@type\":\"ListItem\",\"position\":1,\"name\":\"Home\",\"item\":\"https:\\\/\\\/clarijs-fietstassen.nl\\\/de\\\/\"},{\"@type\":\"ListItem\",\"position\":2,\"name\":\"Shop\",\"item\":\"https:\\\/\\\/clarijs-fietstassen.nl\\\/de\\\/shop\\\/\"},{\"@type\":\"ListItem\",\"position\":3,\"name\":\"Tuin accessoires\",\"item\":\"https:\\\/\\\/clarijs-fietstassen.nl\\\/tuin-accessoires\\\/\"},{\"@type\":\"ListItem\",\"position\":4,\"name\":\"Ofyr BBQ Abdeckung \u2013 Universelle Schutzh\u00fclle f\u00fcr Plancha Grill\"}]},{\"@type\":\"WebSite\",\"@id\":\"https:\\\/\\\/clarijs-fietstassen.nl\\\/de\\\/#website\",\"url\":\"https:\\\/\\\/clarijs-fietstassen.nl\\\/de\\\/\",\"name\":\"Clarijs Fietstassen\",\"description\":\"Kwaliteit &amp; ambacht sinds 1948\",\"publisher\":{\"@id\":\"https:\\\/\\\/clarijs-fietstassen.nl\\\/de\\\/#organization\"},\"potentialAction\":[{\"@type\":\"SearchAction\",\"target\":{\"@type\":\"EntryPoint\",\"urlTemplate\":\"https:\\\/\\\/clarijs-fietstassen.nl\\\/de\\\/?s={search_term_string}\"},\"query-input\":{\"@type\":\"PropertyValueSpecification\",\"valueRequired\":true,\"valueName\":\"search_term_string\"}}],\"inLanguage\":\"de\"},{\"@type\":\"Organization\",\"@id\":\"https:\\\/\\\/clarijs-fietstassen.nl\\\/de\\\/#organization\",\"name\":\"Clarijs Fietstassen\",\"url\":\"https:\\\/\\\/clarijs-fietstassen.nl\\\/de\\\/\",\"logo\":{\"@type\":\"ImageObject\",\"inLanguage\":\"de\",\"@id\":\"https:\\\/\\\/clarijs-fietstassen.nl\\\/de\\\/#\\\/schema\\\/logo\\\/image\\\/\",\"url\":\"https:\\\/\\\/clarijs-fietstassen.nl\\\/wp-content\\\/uploads\\\/2024\\\/01\\\/clarijs-logo-met-rand.jpg\",\"contentUrl\":\"https:\\\/\\\/clarijs-fietstassen.nl\\\/wp-content\\\/uploads\\\/2024\\\/01\\\/clarijs-logo-met-rand.jpg\",\"width\":560,\"height\":266,\"caption\":\"Clarijs Fietstassen\"},\"image\":{\"@id\":\"https:\\\/\\\/clarijs-fietstassen.nl\\\/de\\\/#\\\/schema\\\/logo\\\/image\\\/\"},\"sameAs\":[\"https:\\\/\\\/www.facebook.com\\\/clarijs1948\\\/\",\"https:\\\/\\\/www.instagram.com\\\/clarijscovers\\\/\"]}]}<\/script>\n<meta property=\"og:availability\" content=\"instock\" \/>\n<meta property=\"product:availability\" content=\"instock\" \/>\n<meta property=\"product:retailer_item_id\" content=\"4201\" \/>\n<meta property=\"product:condition\" content=\"new\" \/>\n<!-- \/ Yoast SEO Premium plugin. -->","yoast_head_json":{"title":"Ofyr BBQ Schutzh\u00fclle Plancha Barbecues","description":"Ofyr BBQ Abdeckung kaufen? Robuste Schutzh\u00fclle f\u00fcr Plancha Grill. Wasserdichtes PVC, handgefertigt von Clarijs, in 2 Gr\u00f6\u00dfen erh\u00e4ltlich.","robots":{"index":"index","follow":"follow","max-snippet":"max-snippet:-1","max-image-preview":"max-image-preview:large","max-video-preview":"max-video-preview:-1"},"canonical":"https:\/\/clarijs-fietstassen.nl\/de\/ofyr-bbq-abdeckung-universelle-schutzhulle-fur-plancha-grill\/","og_locale":"de_DE","og_type":"article","og_title":"Ofyr BBQ Abdeckung \u2013 Universelle Schutzh\u00fclle f\u00fcr Plancha Grill","og_description":"Ofyr BBQ Abdeckung kaufen? Robuste Schutzh\u00fclle f\u00fcr Plancha Grill. Wasserdichtes PVC, handgefertigt von Clarijs, in 2 Gr\u00f6\u00dfen erh\u00e4ltlich.","og_url":"https:\/\/clarijs-fietstassen.nl\/de\/ofyr-bbq-abdeckung-universelle-schutzhulle-fur-plancha-grill\/","og_site_name":"Clarijs Fietstassen","article_publisher":"https:\/\/www.facebook.com\/clarijs1948\/","article_modified_time":"2026-05-06T09:42:58+00:00","og_image":[{"width":1200,"height":1200,"url":"https:\/\/clarijs-fietstassen.nl\/wp-content\/uploads\/2026\/05\/ofyr-bbq-hoes-plancha-beschermhoes1.jpg","type":"image\/jpeg"}],"twitter_card":"summary_large_image","twitter_misc":{"Verf\u00fcgbarkeit":"Auf Lager"},"schema":{"@context":"https:\/\/schema.org","@graph":[{"@type":"WebPage","@id":"https:\/\/clarijs-fietstassen.nl\/de\/ofyr-bbq-abdeckung-universelle-schutzhulle-fur-plancha-grill\/","url":"https:\/\/clarijs-fietstassen.nl\/de\/ofyr-bbq-abdeckung-universelle-schutzhulle-fur-plancha-grill\/","name":"Ofyr BBQ Schutzh\u00fclle Plancha Barbecues","isPartOf":{"@id":"https:\/\/clarijs-fietstassen.nl\/de\/#website"},"primaryImageOfPage":{"@id":"https:\/\/clarijs-fietstassen.nl\/de\/ofyr-bbq-abdeckung-universelle-schutzhulle-fur-plancha-grill\/#primaryimage"},"image":{"@id":"https:\/\/clarijs-fietstassen.nl\/de\/ofyr-bbq-abdeckung-universelle-schutzhulle-fur-plancha-grill\/#primaryimage"},"thumbnailUrl":"https:\/\/clarijs-fietstassen.nl\/wp-content\/uploads\/2026\/05\/ofyr-bbq-hoes-plancha-beschermhoes1.jpg","datePublished":"2026-05-06T09:42:57+00:00","dateModified":"2026-05-06T09:42:58+00:00","description":"Ofyr BBQ Abdeckung kaufen? Robuste Schutzh\u00fclle f\u00fcr Plancha Grill. Wasserdichtes PVC, handgefertigt von Clarijs, in 2 Gr\u00f6\u00dfen erh\u00e4ltlich.","breadcrumb":{"@id":"https:\/\/clarijs-fietstassen.nl\/de\/ofyr-bbq-abdeckung-universelle-schutzhulle-fur-plancha-grill\/#breadcrumb"},"inLanguage":"de","potentialAction":[{"@type":"ReadAction","target":["https:\/\/clarijs-fietstassen.nl\/de\/ofyr-bbq-abdeckung-universelle-schutzhulle-fur-plancha-grill\/"]}]},{"@type":"ImageObject","inLanguage":"de","@id":"https:\/\/clarijs-fietstassen.nl\/de\/ofyr-bbq-abdeckung-universelle-schutzhulle-fur-plancha-grill\/#primaryimage","url":"https:\/\/clarijs-fietstassen.nl\/wp-content\/uploads\/2026\/05\/ofyr-bbq-hoes-plancha-beschermhoes1.jpg","contentUrl":"https:\/\/clarijs-fietstassen.nl\/wp-content\/uploads\/2026\/05\/ofyr-bbq-hoes-plancha-beschermhoes1.jpg","width":1200,"height":1200,"caption":"Ofyr BBQ-Abdeckung f\u00fcr Plancha-Grill, wasserdichte Schutzh\u00fclle von Clarijs"},{"@type":"BreadcrumbList","@id":"https:\/\/clarijs-fietstassen.nl\/de\/ofyr-bbq-abdeckung-universelle-schutzhulle-fur-plancha-grill\/#breadcrumb","itemListElement":[{"@type":"ListItem","position":1,"name":"Home","item":"https:\/\/clarijs-fietstassen.nl\/de\/"},{"@type":"ListItem","position":2,"name":"Shop","item":"https:\/\/clarijs-fietstassen.nl\/de\/shop\/"},{"@type":"ListItem","position":3,"name":"Tuin accessoires","item":"https:\/\/clarijs-fietstassen.nl\/tuin-accessoires\/"},{"@type":"ListItem","position":4,"name":"Ofyr BBQ Abdeckung \u2013 Universelle Schutzh\u00fclle f\u00fcr Plancha Grill"}]},{"@type":"WebSite","@id":"https:\/\/clarijs-fietstassen.nl\/de\/#website","url":"https:\/\/clarijs-fietstassen.nl\/de\/","name":"Clarijs Fietstassen","description":"Kwaliteit &amp; ambacht sinds 1948","publisher":{"@id":"https:\/\/clarijs-fietstassen.nl\/de\/#organization"},"potentialAction":[{"@type":"SearchAction","target":{"@type":"EntryPoint","urlTemplate":"https:\/\/clarijs-fietstassen.nl\/de\/?s={search_term_string}"},"query-input":{"@type":"PropertyValueSpecification","valueRequired":true,"valueName":"search_term_string"}}],"inLanguage":"de"},{"@type":"Organization","@id":"https:\/\/clarijs-fietstassen.nl\/de\/#organization","name":"Clarijs Fietstassen","url":"https:\/\/clarijs-fietstassen.nl\/de\/","logo":{"@type":"ImageObject","inLanguage":"de","@id":"https:\/\/clarijs-fietstassen.nl\/de\/#\/schema\/logo\/image\/","url":"https:\/\/clarijs-fietstassen.nl\/wp-content\/uploads\/2024\/01\/clarijs-logo-met-rand.jpg","contentUrl":"https:\/\/clarijs-fietstassen.nl\/wp-content\/uploads\/2024\/01\/clarijs-logo-met-rand.jpg","width":560,"height":266,"caption":"Clarijs Fietstassen"},"image":{"@id":"https:\/\/clarijs-fietstassen.nl\/de\/#\/schema\/logo\/image\/"},"sameAs":["https:\/\/www.facebook.com\/clarijs1948\/","https:\/\/www.instagram.com\/clarijscovers\/"]}]},"og_availability":"instock","product_availability":"instock","product_retailer_item_id":"4201","product_condition":"new"},"_links":{"self":[{"href":"https:\/\/clarijs-fietstassen.nl\/de\/wp-json\/wp\/v2\/product\/65710","targetHints":{"allow":["GET"]}}],"collection":[{"href":"https:\/\/clarijs-fietstassen.nl\/de\/wp-json\/wp\/v2\/product"}],"about":[{"href":"https:\/\/clarijs-fietstassen.nl\/de\/wp-json\/wp\/v2\/types\/product"}],"replies":[{"embeddable":true,"href":"https:\/\/clarijs-fietstassen.nl\/de\/wp-json\/wp\/v2\/comments?post=65710"}],"wp:featuredmedia":[{"embeddable":true,"href":"https:\/\/clarijs-fietstassen.nl\/de\/wp-json\/wp\/v2\/media\/65716"}],"wp:attachment":[{"href":"https:\/\/clarijs-fietstassen.nl\/de\/wp-json\/wp\/v2\/media?parent=65710"}],"wp:term":[{"taxonomy":"product_brand","embeddable":true,"href":"https:\/\/clarijs-fietstassen.nl\/de\/wp-json\/wp\/v2\/product_brand?post=65710"},{"taxonomy":"product_cat","embeddable":true,"href":"https:\/\/clarijs-fietstassen.nl\/de\/wp-json\/wp\/v2\/product_cat?post=65710"},{"taxonomy":"product_tag","embeddable":true,"href":"https:\/\/clarijs-fietstassen.nl\/de\/wp-json\/wp\/v2\/product_tag?post=65710"}],"curies":[{"name":"wp","href":"https:\/\/api.w.org\/{rel}","templated":true}]}}