{"id":65921,"date":"2026-05-11T10:34:24","date_gmt":"2026-05-11T08:34:24","guid":{"rendered":"https:\/\/clarijs-fietstassen.nl\/?post_type=product&#038;p=65921"},"modified":"2026-05-11T12:49:51","modified_gmt":"2026-05-11T10:49:51","slug":"outlet-shopper-matt-taupe","status":"publish","type":"product","link":"https:\/\/clarijs-fietstassen.nl\/de\/produkt\/outlet-shopper-matt-taupe\/","title":{"rendered":"Outlet &#8211; Shopper Matt Taupe"},"content":{"rendered":"<p data-start=\"180\" data-end=\"535\">The Outlet &#8211; Shopper Matt taupe ist eine handgefertigte und voll funktionsf\u00e4hige Tasche von Clarijs. Dieses Exemplar hat kleinere Sch\u00f6nheitsfehler, wie leichte Kratzer, und ist daher in unserem Outlet enthalten. Mit einem Preisnachlass <strong>von 35%<\/strong> profitieren Sie von der gleichen Qualit\u00e4t und Haltbarkeit, aber jetzt zu einem besonders g\u00fcnstigen Preis.<\/p>\n<p data-start=\"537\" data-end=\"871\">Die Tasche ist in mattem Taupe gehalten. Diese trendige Tasche kombiniert Funktionalit\u00e4t mit einem minimalistischen Design.<\/p>\n<p data-start=\"873\" data-end=\"1070\">Wie alle Clarijs Shopper wird auch dieses Outlet-Modell in den Niederlanden von Hand gefertigt \u2013 aus hochwertigen Materialien aus der EU. Mit diesem Outlet-Angebot kombinierst du Spitzenqualit\u00e4t mit einem g\u00fcnstigeren Preis.<\/p>\n<p data-start=\"1082\" data-end=\"1143\"><strong data-start=\"1082\" data-end=\"1141\">Sind Outlet-Fahrradtaschen trotzdem von guter Qualit\u00e4t?<\/strong><\/p>\n<p data-start=\"1082\" data-end=\"1143\">Ja, unsere Outlet-Shopper bieten die gleiche Funktionalit\u00e4t und Qualit\u00e4t wie die regul\u00e4ren Modelle.<\/p>\n<ul data-start=\"1144\" data-end=\"1336\">\n<li data-start=\"1144\" data-end=\"1206\">\n<p data-start=\"1146\" data-end=\"1206\">Outlet-Modell mit 35% Rabatt aufgrund kleiner Sch\u00f6nheitsfehler<\/p>\n<\/li>\n<li data-start=\"1144\" data-end=\"1206\">Handgefertigt in den Niederlanden aus starken Materialien<\/li>\n<li data-start=\"1207\" data-end=\"1257\">\n<p data-start=\"1209\" data-end=\"1257\">Abmessungen: Innen 33 \u00d7 16 \u00d7 32 cm | Au\u00dfen 36 \u00d7 18 \u00d7 36 cm<\/p>\n<\/li>\n<\/ul>\n<p data-start=\"1072\" data-end=\"1088\">\n","protected":false},"excerpt":{"rendered":"<p>The Outlet &#8211; Shopper Matt taupe ist eine handgefertigte und voll funktionsf\u00e4hige Tasche von Clarijs. Dieses Exemplar hat kleinere Sch\u00f6nheitsfehler, wie leichte Kratzer, und ist daher in unserem Outlet enthalten. Mit einem Preisnachlass von 35% profitieren Sie von der gleichen Qualit\u00e4t und Haltbarkeit, aber jetzt zu einem besonders g\u00fcnstigen Preis. Die Tasche ist in mattem [&hellip;]<\/p>\n","protected":false},"featured_media":65925,"comment_status":"open","ping_status":"closed","template":"","meta":{"_acf_changed":false,"_et_pb_use_builder":"","_et_pb_old_content":"","_et_gb_content_width":""},"product_brand":[],"product_cat":[879,939,756],"product_tag":[],"class_list":{"0":"post-65921","1":"product","2":"type-product","3":"status-publish","4":"has-post-thumbnail","6":"product_cat-deals","7":"product_cat-de-outlet","8":"product_cat-shoppers-de","10":"first","11":"outofstock","12":"taxable","13":"shipping-taxable","14":"purchasable","15":"product-type-simple"},"acf":[],"yoast_head":"<!-- This site is optimized with the Yoast SEO Premium plugin v27.2 (Yoast SEO v27.5) - https:\/\/yoast.com\/product\/yoast-seo-premium-wordpress\/ -->\n<title>Outlet - Shopper Matt Taupe - Clarijs Fietstassen<\/title>\n<meta name=\"description\" content=\"Outlet Shopper Matt Taupe jetzt mit 35% Rabatt. Handgefertigt von Clarijs in den Niederlanden, langlebig und besonders preisg\u00fcnstig. Bestellen Sie jetzt!\" \/>\n<meta name=\"robots\" content=\"index, follow, max-snippet:-1, max-image-preview:large, max-video-preview:-1\" \/>\n<link rel=\"canonical\" href=\"https:\/\/clarijs-fietstassen.nl\/de\/outlet-shopper-matt-taupe\/\" \/>\n<meta property=\"og:locale\" content=\"de_DE\" \/>\n<meta property=\"og:type\" content=\"article\" \/>\n<meta property=\"og:title\" content=\"Outlet - Shopper Matt Taupe\" \/>\n<meta property=\"og:description\" content=\"Outlet Shopper Matt Taupe jetzt mit 35% Rabatt. Handgefertigt von Clarijs in den Niederlanden, langlebig und besonders preisg\u00fcnstig. Bestellen Sie jetzt!\" \/>\n<meta property=\"og:url\" content=\"https:\/\/clarijs-fietstassen.nl\/de\/outlet-shopper-matt-taupe\/\" \/>\n<meta property=\"og:site_name\" content=\"Clarijs Fietstassen\" \/>\n<meta property=\"article:publisher\" content=\"https:\/\/www.facebook.com\/clarijs1948\/\" \/>\n<meta property=\"article:modified_time\" content=\"2026-05-11T10:49:51+00:00\" \/>\n<meta property=\"og:image\" content=\"https:\/\/clarijs-fietstassen.nl\/wp-content\/uploads\/2026\/05\/Outlet-Shopper-Mat-Taupe.png\" \/>\n\t<meta property=\"og:image:width\" content=\"1000\" \/>\n\t<meta property=\"og:image:height\" content=\"1000\" \/>\n\t<meta property=\"og:image:type\" content=\"image\/png\" \/>\n<meta name=\"twitter:card\" content=\"summary_large_image\" \/>\n<meta name=\"twitter:label1\" content=\"Preis\" \/>\n\t<meta name=\"twitter:data1\" content=\"&euro;22.10\" \/>\n\t<meta name=\"twitter:label2\" content=\"Verf\u00fcgbarkeit\" \/>\n\t<meta name=\"twitter:data2\" content=\"ausverkauft\" \/>\n<script type=\"application\/ld+json\" class=\"yoast-schema-graph\">{\"@context\":\"https:\\\/\\\/schema.org\",\"@graph\":[{\"@type\":\"WebPage\",\"@id\":\"https:\\\/\\\/clarijs-fietstassen.nl\\\/de\\\/outlet-shopper-matt-taupe\\\/\",\"url\":\"https:\\\/\\\/clarijs-fietstassen.nl\\\/de\\\/outlet-shopper-matt-taupe\\\/\",\"name\":\"Outlet - Shopper Matt Taupe - Clarijs Fietstassen\",\"isPartOf\":{\"@id\":\"https:\\\/\\\/clarijs-fietstassen.nl\\\/de\\\/#website\"},\"primaryImageOfPage\":{\"@id\":\"https:\\\/\\\/clarijs-fietstassen.nl\\\/de\\\/outlet-shopper-matt-taupe\\\/#primaryimage\"},\"image\":{\"@id\":\"https:\\\/\\\/clarijs-fietstassen.nl\\\/de\\\/outlet-shopper-matt-taupe\\\/#primaryimage\"},\"thumbnailUrl\":\"https:\\\/\\\/clarijs-fietstassen.nl\\\/wp-content\\\/uploads\\\/2026\\\/05\\\/Outlet-Shopper-Mat-Taupe.png\",\"datePublished\":\"2026-05-11T08:34:24+00:00\",\"dateModified\":\"2026-05-11T10:49:51+00:00\",\"description\":\"Outlet Shopper Matt Taupe jetzt mit 35% Rabatt. Handgefertigt von Clarijs in den Niederlanden, langlebig und besonders preisg\u00fcnstig. Bestellen Sie jetzt!\",\"breadcrumb\":{\"@id\":\"https:\\\/\\\/clarijs-fietstassen.nl\\\/de\\\/outlet-shopper-matt-taupe\\\/#breadcrumb\"},\"inLanguage\":\"de\",\"potentialAction\":[{\"@type\":\"ReadAction\",\"target\":[\"https:\\\/\\\/clarijs-fietstassen.nl\\\/de\\\/outlet-shopper-matt-taupe\\\/\"]}]},{\"@type\":\"ImageObject\",\"inLanguage\":\"de\",\"@id\":\"https:\\\/\\\/clarijs-fietstassen.nl\\\/de\\\/outlet-shopper-matt-taupe\\\/#primaryimage\",\"url\":\"https:\\\/\\\/clarijs-fietstassen.nl\\\/wp-content\\\/uploads\\\/2026\\\/05\\\/Outlet-Shopper-Mat-Taupe.png\",\"contentUrl\":\"https:\\\/\\\/clarijs-fietstassen.nl\\\/wp-content\\\/uploads\\\/2026\\\/05\\\/Outlet-Shopper-Mat-Taupe.png\",\"width\":1000,\"height\":1000},{\"@type\":\"BreadcrumbList\",\"@id\":\"https:\\\/\\\/clarijs-fietstassen.nl\\\/de\\\/outlet-shopper-matt-taupe\\\/#breadcrumb\",\"itemListElement\":[{\"@type\":\"ListItem\",\"position\":1,\"name\":\"Home\",\"item\":\"https:\\\/\\\/clarijs-fietstassen.nl\\\/de\\\/startseite\\\/\"},{\"@type\":\"ListItem\",\"position\":2,\"name\":\"Shop\",\"item\":\"https:\\\/\\\/clarijs-fietstassen.nl\\\/de\\\/shop\\\/\"},{\"@type\":\"ListItem\",\"position\":3,\"name\":\"Outlet\",\"item\":\"https:\\\/\\\/clarijs-fietstassen.nl\\\/de\\\/de-outlet\\\/\"},{\"@type\":\"ListItem\",\"position\":4,\"name\":\"Outlet &#8211; Shopper Matt Taupe\"}]},{\"@type\":\"WebSite\",\"@id\":\"https:\\\/\\\/clarijs-fietstassen.nl\\\/de\\\/#website\",\"url\":\"https:\\\/\\\/clarijs-fietstassen.nl\\\/de\\\/\",\"name\":\"Clarijs Fietstassen\",\"description\":\"Kwaliteit &amp; ambacht sinds 1948\",\"publisher\":{\"@id\":\"https:\\\/\\\/clarijs-fietstassen.nl\\\/de\\\/#organization\"},\"potentialAction\":[{\"@type\":\"SearchAction\",\"target\":{\"@type\":\"EntryPoint\",\"urlTemplate\":\"https:\\\/\\\/clarijs-fietstassen.nl\\\/de\\\/?s={search_term_string}\"},\"query-input\":{\"@type\":\"PropertyValueSpecification\",\"valueRequired\":true,\"valueName\":\"search_term_string\"}}],\"inLanguage\":\"de\"},{\"@type\":\"Organization\",\"@id\":\"https:\\\/\\\/clarijs-fietstassen.nl\\\/de\\\/#organization\",\"name\":\"Clarijs Fietstassen\",\"url\":\"https:\\\/\\\/clarijs-fietstassen.nl\\\/de\\\/\",\"logo\":{\"@type\":\"ImageObject\",\"inLanguage\":\"de\",\"@id\":\"https:\\\/\\\/clarijs-fietstassen.nl\\\/de\\\/#\\\/schema\\\/logo\\\/image\\\/\",\"url\":\"https:\\\/\\\/clarijs-fietstassen.nl\\\/wp-content\\\/uploads\\\/2024\\\/01\\\/clarijs-logo-met-rand.jpg\",\"contentUrl\":\"https:\\\/\\\/clarijs-fietstassen.nl\\\/wp-content\\\/uploads\\\/2024\\\/01\\\/clarijs-logo-met-rand.jpg\",\"width\":560,\"height\":266,\"caption\":\"Clarijs Fietstassen\"},\"image\":{\"@id\":\"https:\\\/\\\/clarijs-fietstassen.nl\\\/de\\\/#\\\/schema\\\/logo\\\/image\\\/\"},\"sameAs\":[\"https:\\\/\\\/www.facebook.com\\\/clarijs1948\\\/\",\"https:\\\/\\\/www.instagram.com\\\/clarijscovers\\\/\"]}]}<\/script>\n<meta property=\"product:price:amount\" content=\"22.10\" \/>\n<meta property=\"product:price:currency\" content=\"EUR\" \/>\n<meta property=\"og:availability\" content=\"out of stock\" \/>\n<meta property=\"product:availability\" content=\"out of stock\" \/>\n<meta property=\"product:retailer_item_id\" content=\"6040\" \/>\n<meta property=\"product:condition\" content=\"new\" \/>\n<!-- \/ Yoast SEO Premium plugin. -->","yoast_head_json":{"title":"Outlet - Shopper Matt Taupe - Clarijs Fietstassen","description":"Outlet Shopper Matt Taupe jetzt mit 35% Rabatt. Handgefertigt von Clarijs in den Niederlanden, langlebig und besonders preisg\u00fcnstig. Bestellen Sie jetzt!","robots":{"index":"index","follow":"follow","max-snippet":"max-snippet:-1","max-image-preview":"max-image-preview:large","max-video-preview":"max-video-preview:-1"},"canonical":"https:\/\/clarijs-fietstassen.nl\/de\/outlet-shopper-matt-taupe\/","og_locale":"de_DE","og_type":"article","og_title":"Outlet - Shopper Matt Taupe","og_description":"Outlet Shopper Matt Taupe jetzt mit 35% Rabatt. Handgefertigt von Clarijs in den Niederlanden, langlebig und besonders preisg\u00fcnstig. Bestellen Sie jetzt!","og_url":"https:\/\/clarijs-fietstassen.nl\/de\/outlet-shopper-matt-taupe\/","og_site_name":"Clarijs Fietstassen","article_publisher":"https:\/\/www.facebook.com\/clarijs1948\/","article_modified_time":"2026-05-11T10:49:51+00:00","og_image":[{"width":1000,"height":1000,"url":"https:\/\/clarijs-fietstassen.nl\/wp-content\/uploads\/2026\/05\/Outlet-Shopper-Mat-Taupe.png","type":"image\/png"}],"twitter_card":"summary_large_image","twitter_misc":{"Preis":"&euro;22.10","Verf\u00fcgbarkeit":"ausverkauft"},"schema":{"@context":"https:\/\/schema.org","@graph":[{"@type":"WebPage","@id":"https:\/\/clarijs-fietstassen.nl\/de\/outlet-shopper-matt-taupe\/","url":"https:\/\/clarijs-fietstassen.nl\/de\/outlet-shopper-matt-taupe\/","name":"Outlet - Shopper Matt Taupe - Clarijs Fietstassen","isPartOf":{"@id":"https:\/\/clarijs-fietstassen.nl\/de\/#website"},"primaryImageOfPage":{"@id":"https:\/\/clarijs-fietstassen.nl\/de\/outlet-shopper-matt-taupe\/#primaryimage"},"image":{"@id":"https:\/\/clarijs-fietstassen.nl\/de\/outlet-shopper-matt-taupe\/#primaryimage"},"thumbnailUrl":"https:\/\/clarijs-fietstassen.nl\/wp-content\/uploads\/2026\/05\/Outlet-Shopper-Mat-Taupe.png","datePublished":"2026-05-11T08:34:24+00:00","dateModified":"2026-05-11T10:49:51+00:00","description":"Outlet Shopper Matt Taupe jetzt mit 35% Rabatt. Handgefertigt von Clarijs in den Niederlanden, langlebig und besonders preisg\u00fcnstig. Bestellen Sie jetzt!","breadcrumb":{"@id":"https:\/\/clarijs-fietstassen.nl\/de\/outlet-shopper-matt-taupe\/#breadcrumb"},"inLanguage":"de","potentialAction":[{"@type":"ReadAction","target":["https:\/\/clarijs-fietstassen.nl\/de\/outlet-shopper-matt-taupe\/"]}]},{"@type":"ImageObject","inLanguage":"de","@id":"https:\/\/clarijs-fietstassen.nl\/de\/outlet-shopper-matt-taupe\/#primaryimage","url":"https:\/\/clarijs-fietstassen.nl\/wp-content\/uploads\/2026\/05\/Outlet-Shopper-Mat-Taupe.png","contentUrl":"https:\/\/clarijs-fietstassen.nl\/wp-content\/uploads\/2026\/05\/Outlet-Shopper-Mat-Taupe.png","width":1000,"height":1000},{"@type":"BreadcrumbList","@id":"https:\/\/clarijs-fietstassen.nl\/de\/outlet-shopper-matt-taupe\/#breadcrumb","itemListElement":[{"@type":"ListItem","position":1,"name":"Home","item":"https:\/\/clarijs-fietstassen.nl\/de\/startseite\/"},{"@type":"ListItem","position":2,"name":"Shop","item":"https:\/\/clarijs-fietstassen.nl\/de\/shop\/"},{"@type":"ListItem","position":3,"name":"Outlet","item":"https:\/\/clarijs-fietstassen.nl\/de\/de-outlet\/"},{"@type":"ListItem","position":4,"name":"Outlet &#8211; Shopper Matt Taupe"}]},{"@type":"WebSite","@id":"https:\/\/clarijs-fietstassen.nl\/de\/#website","url":"https:\/\/clarijs-fietstassen.nl\/de\/","name":"Clarijs Fietstassen","description":"Kwaliteit &amp; ambacht sinds 1948","publisher":{"@id":"https:\/\/clarijs-fietstassen.nl\/de\/#organization"},"potentialAction":[{"@type":"SearchAction","target":{"@type":"EntryPoint","urlTemplate":"https:\/\/clarijs-fietstassen.nl\/de\/?s={search_term_string}"},"query-input":{"@type":"PropertyValueSpecification","valueRequired":true,"valueName":"search_term_string"}}],"inLanguage":"de"},{"@type":"Organization","@id":"https:\/\/clarijs-fietstassen.nl\/de\/#organization","name":"Clarijs Fietstassen","url":"https:\/\/clarijs-fietstassen.nl\/de\/","logo":{"@type":"ImageObject","inLanguage":"de","@id":"https:\/\/clarijs-fietstassen.nl\/de\/#\/schema\/logo\/image\/","url":"https:\/\/clarijs-fietstassen.nl\/wp-content\/uploads\/2024\/01\/clarijs-logo-met-rand.jpg","contentUrl":"https:\/\/clarijs-fietstassen.nl\/wp-content\/uploads\/2024\/01\/clarijs-logo-met-rand.jpg","width":560,"height":266,"caption":"Clarijs Fietstassen"},"image":{"@id":"https:\/\/clarijs-fietstassen.nl\/de\/#\/schema\/logo\/image\/"},"sameAs":["https:\/\/www.facebook.com\/clarijs1948\/","https:\/\/www.instagram.com\/clarijscovers\/"]}]},"product_price_amount":"22.10","product_price_currency":"EUR","og_availability":"out of stock","product_availability":"out of stock","product_retailer_item_id":"6040","product_condition":"new"},"_links":{"self":[{"href":"https:\/\/clarijs-fietstassen.nl\/de\/wp-json\/wp\/v2\/product\/65921","targetHints":{"allow":["GET"]}}],"collection":[{"href":"https:\/\/clarijs-fietstassen.nl\/de\/wp-json\/wp\/v2\/product"}],"about":[{"href":"https:\/\/clarijs-fietstassen.nl\/de\/wp-json\/wp\/v2\/types\/product"}],"replies":[{"embeddable":true,"href":"https:\/\/clarijs-fietstassen.nl\/de\/wp-json\/wp\/v2\/comments?post=65921"}],"wp:featuredmedia":[{"embeddable":true,"href":"https:\/\/clarijs-fietstassen.nl\/de\/wp-json\/wp\/v2\/media\/65925"}],"wp:attachment":[{"href":"https:\/\/clarijs-fietstassen.nl\/de\/wp-json\/wp\/v2\/media?parent=65921"}],"wp:term":[{"taxonomy":"product_brand","embeddable":true,"href":"https:\/\/clarijs-fietstassen.nl\/de\/wp-json\/wp\/v2\/product_brand?post=65921"},{"taxonomy":"product_cat","embeddable":true,"href":"https:\/\/clarijs-fietstassen.nl\/de\/wp-json\/wp\/v2\/product_cat?post=65921"},{"taxonomy":"product_tag","embeddable":true,"href":"https:\/\/clarijs-fietstassen.nl\/de\/wp-json\/wp\/v2\/product_tag?post=65921"}],"curies":[{"name":"wp","href":"https:\/\/api.w.org\/{rel}","templated":true}]}}