{"id":65932,"date":"2026-05-11T15:00:55","date_gmt":"2026-05-11T13:00:55","guid":{"rendered":"https:\/\/clarijs-fietstassen.nl\/?post_type=product&#038;p=65932"},"modified":"2026-05-11T16:42:51","modified_gmt":"2026-05-11T14:42:51","slug":"tote-bag-catai-matt-schwarz-kopie","status":"publish","type":"product","link":"https:\/\/clarijs-fietstassen.nl\/de\/produkt\/tote-bag-catai-matt-schwarz-kopie\/","title":{"rendered":"Tote bag Catai &#8211; Mat tOlive"},"content":{"rendered":"<p>Die handgefertigte Tote Bag Catai &#8211; Matt Olive von Clarijs ist eine moderne Umh\u00e4ngetasche aus mattem olivgr\u00fcnem Material mit auff\u00e4lligen gewebten Schulterriemen in einem Streifenmuster.<\/p>\n<p><strong>Warum die Tote bag Catai w\u00e4hlen?<\/strong><\/p>\n<p>Die Tote bag Catai wurde f\u00fcr den t\u00e4glichen Gebrauch entworfen \u2013 allerdings mit einer Ausstrahlung, die sofort ins Auge f\u00e4llt. Das matte PVC mit feiner Reliefstruktur verleiht der Tasche einen luxuri\u00f6sen und modernen Look, w\u00e4hrend die breiten gewebten Schultergurte f\u00fcr ein zeitgem\u00e4\u00dfes Fashion-Detail sorgen, das man nicht \u00fcberall sieht. <\/p>\n<p>Die Tasche wird in den Niederlanden von den eigenen Clarijs-Handwerkern handgefertigt. Dank der langen Schultergurte l\u00e4sst sich die Tasche angenehm \u00fcber der Schulter tragen. Innen befindet sich ein praktisches Rei\u00dfverschlussfach f\u00fcr kleine Essentials wie Schl\u00fcssel, Karten oder das Smartphone.  <\/p>\n<p><strong>Was unterscheidet die Tote bag Catai von anderen Schultertaschen?<\/strong><\/p>\n<ul>\n<li>Handgefertigt in den Niederlanden<\/li>\n<li>Hochwertiges mattes PVC mit Reliefstruktur<\/li>\n<li>Geflochtene Schultergurte mit 2 Streifenmustern zur Auswahl<\/li>\n<li>Innenfach mit Rei\u00dfverschluss<\/li>\n<li>Komfortable lange Henkel<\/li>\n<\/ul>\n<p><strong>Gr\u00f6\u00dfen<\/strong> &#8211; <a href=\"https:\/\/clarijs-fietstassen.nl\/wp-content\/uploads\/2026\/03\/Shopper-lijntekening.jpg\" target=\"_blank\" rel=\"noopener\">Image<\/a><br \/>\nDie Ma\u00dfe der Tote Bag Catai in Zentimetern sind: L\u00e4nge x Tiefe\/Breite x H\u00f6he:<\/p>\n<p>Innen 33 x 16 x 32<br \/>\nAu\u00dfen: 36x 18 x 36<\/p>\n<p><em>Da die Taschen handgefertigt werden, k\u00f6nnen die Ma\u00dfe um etwa 1 Zentimeter abweichen.<\/em><\/p>\n<p><strong>Gut m\u00f6glich, dass dies deine neue Lieblingstasche wird<\/strong><\/p>\n<p>Die Tote bag Catai begleitet dich m\u00fchelos jeden Tag \u00fcberallhin. W\u00e4hle deine Lieblingskombination aus Farbe und gewebtem Schultergurt. <\/p>\n","protected":false},"excerpt":{"rendered":"<p>Die handgefertigte Tote Bag Catai &#8211; Matt Olive von Clarijs ist eine moderne Umh\u00e4ngetasche aus mattem olivgr\u00fcnem Material mit auff\u00e4lligen gewebten Schulterriemen in einem Streifenmuster. Warum die Tote bag Catai w\u00e4hlen? Die Tote bag Catai wurde f\u00fcr den t\u00e4glichen Gebrauch entworfen \u2013 allerdings mit einer Ausstrahlung, die sofort ins Auge f\u00e4llt. Das matte PVC mit [&hellip;]<\/p>\n","protected":false},"featured_media":65947,"comment_status":"open","ping_status":"closed","template":"","meta":{"_acf_changed":false,"_et_pb_use_builder":"","_et_pb_old_content":"","_et_gb_content_width":""},"product_brand":[],"product_cat":[817,755],"product_tag":[],"class_list":{"0":"post-65932","1":"product","2":"type-product","3":"status-publish","4":"has-post-thumbnail","6":"product_cat-tote-bags-de","7":"product_cat-umhangetaschen","8":"pa_kleur-matt-schwarz-de","9":"pa_materiaal-mattes-pvc-relief","10":"pa_merk-clarijs-covers-b-v-de","11":"pa_print-4colors","12":"pa_print-color-gradient","14":"first","15":"instock","16":"taxable","17":"shipping-taxable","18":"purchasable","19":"product-type-variable"},"acf":[],"yoast_head":"<!-- This site is optimized with the Yoast SEO Premium plugin v27.2 (Yoast SEO v27.5) - https:\/\/yoast.com\/product\/yoast-seo-premium-wordpress\/ -->\n<title>Tote bag Catai - Mat tOlive - Clarijs Fietstassen<\/title>\n<meta name=\"description\" content=\"Handgefertigte Tote Bag aus mattem olivfarbenem PVC mit gewebten Schulterriemen im Streifenmuster Moderne Clarijs Umh\u00e4ngetasche f\u00fcr den t\u00e4glichen Gebrauch.\" \/>\n<meta name=\"robots\" content=\"index, follow, max-snippet:-1, max-image-preview:large, max-video-preview:-1\" \/>\n<link rel=\"canonical\" href=\"https:\/\/clarijs-fietstassen.nl\/de\/tote-bag-catai-matt-schwarz-kopie\/\" \/>\n<meta property=\"og:locale\" content=\"de_DE\" \/>\n<meta property=\"og:type\" content=\"article\" \/>\n<meta property=\"og:title\" content=\"Tote bag Catai - Mat tOlive\" \/>\n<meta property=\"og:description\" content=\"Handgefertigte Tote Bag aus mattem olivfarbenem PVC mit gewebten Schulterriemen im Streifenmuster Moderne Clarijs Umh\u00e4ngetasche f\u00fcr den t\u00e4glichen Gebrauch.\" \/>\n<meta property=\"og:url\" content=\"https:\/\/clarijs-fietstassen.nl\/de\/tote-bag-catai-matt-schwarz-kopie\/\" \/>\n<meta property=\"og:site_name\" content=\"Clarijs Fietstassen\" \/>\n<meta property=\"article:publisher\" content=\"https:\/\/www.facebook.com\/clarijs1948\/\" \/>\n<meta property=\"article:modified_time\" content=\"2026-05-11T14:42:51+00:00\" \/>\n<meta property=\"og:image\" content=\"https:\/\/clarijs-fietstassen.nl\/wp-content\/uploads\/2026\/05\/totebag-olive-4colors.jpg\" \/>\n\t<meta property=\"og:image:width\" content=\"1200\" \/>\n\t<meta property=\"og:image:height\" content=\"1200\" \/>\n\t<meta property=\"og:image:type\" content=\"image\/jpeg\" \/>\n<meta name=\"twitter:card\" content=\"summary_large_image\" \/>\n<meta name=\"twitter:label1\" content=\"Verf\u00fcgbarkeit\" \/>\n\t<meta name=\"twitter:data1\" content=\"Auf Lager\" \/>\n<script type=\"application\/ld+json\" class=\"yoast-schema-graph\">{\"@context\":\"https:\\\/\\\/schema.org\",\"@graph\":[{\"@type\":\"WebPage\",\"@id\":\"https:\\\/\\\/clarijs-fietstassen.nl\\\/de\\\/tote-bag-catai-matt-schwarz-kopie\\\/\",\"url\":\"https:\\\/\\\/clarijs-fietstassen.nl\\\/de\\\/tote-bag-catai-matt-schwarz-kopie\\\/\",\"name\":\"Tote bag Catai - Mat tOlive - Clarijs Fietstassen\",\"isPartOf\":{\"@id\":\"https:\\\/\\\/clarijs-fietstassen.nl\\\/de\\\/#website\"},\"primaryImageOfPage\":{\"@id\":\"https:\\\/\\\/clarijs-fietstassen.nl\\\/de\\\/tote-bag-catai-matt-schwarz-kopie\\\/#primaryimage\"},\"image\":{\"@id\":\"https:\\\/\\\/clarijs-fietstassen.nl\\\/de\\\/tote-bag-catai-matt-schwarz-kopie\\\/#primaryimage\"},\"thumbnailUrl\":\"https:\\\/\\\/clarijs-fietstassen.nl\\\/wp-content\\\/uploads\\\/2026\\\/05\\\/totebag-olive-4colors.jpg\",\"datePublished\":\"2026-05-11T13:00:55+00:00\",\"dateModified\":\"2026-05-11T14:42:51+00:00\",\"description\":\"Handgefertigte Tote Bag aus mattem olivfarbenem PVC mit gewebten Schulterriemen im Streifenmuster Moderne Clarijs Umh\u00e4ngetasche f\u00fcr den t\u00e4glichen Gebrauch.\",\"breadcrumb\":{\"@id\":\"https:\\\/\\\/clarijs-fietstassen.nl\\\/de\\\/tote-bag-catai-matt-schwarz-kopie\\\/#breadcrumb\"},\"inLanguage\":\"de\",\"potentialAction\":[{\"@type\":\"ReadAction\",\"target\":[\"https:\\\/\\\/clarijs-fietstassen.nl\\\/de\\\/tote-bag-catai-matt-schwarz-kopie\\\/\"]}]},{\"@type\":\"ImageObject\",\"inLanguage\":\"de\",\"@id\":\"https:\\\/\\\/clarijs-fietstassen.nl\\\/de\\\/tote-bag-catai-matt-schwarz-kopie\\\/#primaryimage\",\"url\":\"https:\\\/\\\/clarijs-fietstassen.nl\\\/wp-content\\\/uploads\\\/2026\\\/05\\\/totebag-olive-4colors.jpg\",\"contentUrl\":\"https:\\\/\\\/clarijs-fietstassen.nl\\\/wp-content\\\/uploads\\\/2026\\\/05\\\/totebag-olive-4colors.jpg\",\"width\":1200,\"height\":1200,\"caption\":\"Tote bag Catai - Mat olive\"},{\"@type\":\"BreadcrumbList\",\"@id\":\"https:\\\/\\\/clarijs-fietstassen.nl\\\/de\\\/tote-bag-catai-matt-schwarz-kopie\\\/#breadcrumb\",\"itemListElement\":[{\"@type\":\"ListItem\",\"position\":1,\"name\":\"Home\",\"item\":\"https:\\\/\\\/clarijs-fietstassen.nl\\\/de\\\/startseite\\\/\"},{\"@type\":\"ListItem\",\"position\":2,\"name\":\"Shop\",\"item\":\"https:\\\/\\\/clarijs-fietstassen.nl\\\/de\\\/shop\\\/\"},{\"@type\":\"ListItem\",\"position\":3,\"name\":\"Tote bags\",\"item\":\"https:\\\/\\\/clarijs-fietstassen.nl\\\/tote-bag-shoppers\\\/\"},{\"@type\":\"ListItem\",\"position\":4,\"name\":\"Tote bag Catai &#8211; Mat tOlive\"}]},{\"@type\":\"WebSite\",\"@id\":\"https:\\\/\\\/clarijs-fietstassen.nl\\\/de\\\/#website\",\"url\":\"https:\\\/\\\/clarijs-fietstassen.nl\\\/de\\\/\",\"name\":\"Clarijs Fietstassen\",\"description\":\"Kwaliteit &amp; ambacht sinds 1948\",\"publisher\":{\"@id\":\"https:\\\/\\\/clarijs-fietstassen.nl\\\/de\\\/#organization\"},\"potentialAction\":[{\"@type\":\"SearchAction\",\"target\":{\"@type\":\"EntryPoint\",\"urlTemplate\":\"https:\\\/\\\/clarijs-fietstassen.nl\\\/de\\\/?s={search_term_string}\"},\"query-input\":{\"@type\":\"PropertyValueSpecification\",\"valueRequired\":true,\"valueName\":\"search_term_string\"}}],\"inLanguage\":\"de\"},{\"@type\":\"Organization\",\"@id\":\"https:\\\/\\\/clarijs-fietstassen.nl\\\/de\\\/#organization\",\"name\":\"Clarijs Fietstassen\",\"url\":\"https:\\\/\\\/clarijs-fietstassen.nl\\\/de\\\/\",\"logo\":{\"@type\":\"ImageObject\",\"inLanguage\":\"de\",\"@id\":\"https:\\\/\\\/clarijs-fietstassen.nl\\\/de\\\/#\\\/schema\\\/logo\\\/image\\\/\",\"url\":\"https:\\\/\\\/clarijs-fietstassen.nl\\\/wp-content\\\/uploads\\\/2024\\\/01\\\/clarijs-logo-met-rand.jpg\",\"contentUrl\":\"https:\\\/\\\/clarijs-fietstassen.nl\\\/wp-content\\\/uploads\\\/2024\\\/01\\\/clarijs-logo-met-rand.jpg\",\"width\":560,\"height\":266,\"caption\":\"Clarijs Fietstassen\"},\"image\":{\"@id\":\"https:\\\/\\\/clarijs-fietstassen.nl\\\/de\\\/#\\\/schema\\\/logo\\\/image\\\/\"},\"sameAs\":[\"https:\\\/\\\/www.facebook.com\\\/clarijs1948\\\/\",\"https:\\\/\\\/www.instagram.com\\\/clarijscovers\\\/\"]}]}<\/script>\n<meta property=\"og:availability\" content=\"instock\" \/>\n<meta property=\"product:availability\" content=\"instock\" \/>\n<meta property=\"product:retailer_item_id\" content=\"2128\" \/>\n<meta property=\"product:condition\" content=\"new\" \/>\n<!-- \/ Yoast SEO Premium plugin. -->","yoast_head_json":{"title":"Tote bag Catai - Mat tOlive - Clarijs Fietstassen","description":"Handgefertigte Tote Bag aus mattem olivfarbenem PVC mit gewebten Schulterriemen im Streifenmuster Moderne Clarijs Umh\u00e4ngetasche f\u00fcr den t\u00e4glichen Gebrauch.","robots":{"index":"index","follow":"follow","max-snippet":"max-snippet:-1","max-image-preview":"max-image-preview:large","max-video-preview":"max-video-preview:-1"},"canonical":"https:\/\/clarijs-fietstassen.nl\/de\/tote-bag-catai-matt-schwarz-kopie\/","og_locale":"de_DE","og_type":"article","og_title":"Tote bag Catai - Mat tOlive","og_description":"Handgefertigte Tote Bag aus mattem olivfarbenem PVC mit gewebten Schulterriemen im Streifenmuster Moderne Clarijs Umh\u00e4ngetasche f\u00fcr den t\u00e4glichen Gebrauch.","og_url":"https:\/\/clarijs-fietstassen.nl\/de\/tote-bag-catai-matt-schwarz-kopie\/","og_site_name":"Clarijs Fietstassen","article_publisher":"https:\/\/www.facebook.com\/clarijs1948\/","article_modified_time":"2026-05-11T14:42:51+00:00","og_image":[{"width":1200,"height":1200,"url":"https:\/\/clarijs-fietstassen.nl\/wp-content\/uploads\/2026\/05\/totebag-olive-4colors.jpg","type":"image\/jpeg"}],"twitter_card":"summary_large_image","twitter_misc":{"Verf\u00fcgbarkeit":"Auf Lager"},"schema":{"@context":"https:\/\/schema.org","@graph":[{"@type":"WebPage","@id":"https:\/\/clarijs-fietstassen.nl\/de\/tote-bag-catai-matt-schwarz-kopie\/","url":"https:\/\/clarijs-fietstassen.nl\/de\/tote-bag-catai-matt-schwarz-kopie\/","name":"Tote bag Catai - Mat tOlive - Clarijs Fietstassen","isPartOf":{"@id":"https:\/\/clarijs-fietstassen.nl\/de\/#website"},"primaryImageOfPage":{"@id":"https:\/\/clarijs-fietstassen.nl\/de\/tote-bag-catai-matt-schwarz-kopie\/#primaryimage"},"image":{"@id":"https:\/\/clarijs-fietstassen.nl\/de\/tote-bag-catai-matt-schwarz-kopie\/#primaryimage"},"thumbnailUrl":"https:\/\/clarijs-fietstassen.nl\/wp-content\/uploads\/2026\/05\/totebag-olive-4colors.jpg","datePublished":"2026-05-11T13:00:55+00:00","dateModified":"2026-05-11T14:42:51+00:00","description":"Handgefertigte Tote Bag aus mattem olivfarbenem PVC mit gewebten Schulterriemen im Streifenmuster Moderne Clarijs Umh\u00e4ngetasche f\u00fcr den t\u00e4glichen Gebrauch.","breadcrumb":{"@id":"https:\/\/clarijs-fietstassen.nl\/de\/tote-bag-catai-matt-schwarz-kopie\/#breadcrumb"},"inLanguage":"de","potentialAction":[{"@type":"ReadAction","target":["https:\/\/clarijs-fietstassen.nl\/de\/tote-bag-catai-matt-schwarz-kopie\/"]}]},{"@type":"ImageObject","inLanguage":"de","@id":"https:\/\/clarijs-fietstassen.nl\/de\/tote-bag-catai-matt-schwarz-kopie\/#primaryimage","url":"https:\/\/clarijs-fietstassen.nl\/wp-content\/uploads\/2026\/05\/totebag-olive-4colors.jpg","contentUrl":"https:\/\/clarijs-fietstassen.nl\/wp-content\/uploads\/2026\/05\/totebag-olive-4colors.jpg","width":1200,"height":1200,"caption":"Tote bag Catai - Mat olive"},{"@type":"BreadcrumbList","@id":"https:\/\/clarijs-fietstassen.nl\/de\/tote-bag-catai-matt-schwarz-kopie\/#breadcrumb","itemListElement":[{"@type":"ListItem","position":1,"name":"Home","item":"https:\/\/clarijs-fietstassen.nl\/de\/startseite\/"},{"@type":"ListItem","position":2,"name":"Shop","item":"https:\/\/clarijs-fietstassen.nl\/de\/shop\/"},{"@type":"ListItem","position":3,"name":"Tote bags","item":"https:\/\/clarijs-fietstassen.nl\/tote-bag-shoppers\/"},{"@type":"ListItem","position":4,"name":"Tote bag Catai &#8211; Mat tOlive"}]},{"@type":"WebSite","@id":"https:\/\/clarijs-fietstassen.nl\/de\/#website","url":"https:\/\/clarijs-fietstassen.nl\/de\/","name":"Clarijs Fietstassen","description":"Kwaliteit &amp; ambacht sinds 1948","publisher":{"@id":"https:\/\/clarijs-fietstassen.nl\/de\/#organization"},"potentialAction":[{"@type":"SearchAction","target":{"@type":"EntryPoint","urlTemplate":"https:\/\/clarijs-fietstassen.nl\/de\/?s={search_term_string}"},"query-input":{"@type":"PropertyValueSpecification","valueRequired":true,"valueName":"search_term_string"}}],"inLanguage":"de"},{"@type":"Organization","@id":"https:\/\/clarijs-fietstassen.nl\/de\/#organization","name":"Clarijs Fietstassen","url":"https:\/\/clarijs-fietstassen.nl\/de\/","logo":{"@type":"ImageObject","inLanguage":"de","@id":"https:\/\/clarijs-fietstassen.nl\/de\/#\/schema\/logo\/image\/","url":"https:\/\/clarijs-fietstassen.nl\/wp-content\/uploads\/2024\/01\/clarijs-logo-met-rand.jpg","contentUrl":"https:\/\/clarijs-fietstassen.nl\/wp-content\/uploads\/2024\/01\/clarijs-logo-met-rand.jpg","width":560,"height":266,"caption":"Clarijs Fietstassen"},"image":{"@id":"https:\/\/clarijs-fietstassen.nl\/de\/#\/schema\/logo\/image\/"},"sameAs":["https:\/\/www.facebook.com\/clarijs1948\/","https:\/\/www.instagram.com\/clarijscovers\/"]}]},"og_availability":"instock","product_availability":"instock","product_retailer_item_id":"2128","product_condition":"new"},"_links":{"self":[{"href":"https:\/\/clarijs-fietstassen.nl\/de\/wp-json\/wp\/v2\/product\/65932","targetHints":{"allow":["GET"]}}],"collection":[{"href":"https:\/\/clarijs-fietstassen.nl\/de\/wp-json\/wp\/v2\/product"}],"about":[{"href":"https:\/\/clarijs-fietstassen.nl\/de\/wp-json\/wp\/v2\/types\/product"}],"replies":[{"embeddable":true,"href":"https:\/\/clarijs-fietstassen.nl\/de\/wp-json\/wp\/v2\/comments?post=65932"}],"wp:featuredmedia":[{"embeddable":true,"href":"https:\/\/clarijs-fietstassen.nl\/de\/wp-json\/wp\/v2\/media\/65947"}],"wp:attachment":[{"href":"https:\/\/clarijs-fietstassen.nl\/de\/wp-json\/wp\/v2\/media?parent=65932"}],"wp:term":[{"taxonomy":"product_brand","embeddable":true,"href":"https:\/\/clarijs-fietstassen.nl\/de\/wp-json\/wp\/v2\/product_brand?post=65932"},{"taxonomy":"product_cat","embeddable":true,"href":"https:\/\/clarijs-fietstassen.nl\/de\/wp-json\/wp\/v2\/product_cat?post=65932"},{"taxonomy":"product_tag","embeddable":true,"href":"https:\/\/clarijs-fietstassen.nl\/de\/wp-json\/wp\/v2\/product_tag?post=65932"}],"curies":[{"name":"wp","href":"https:\/\/api.w.org\/{rel}","templated":true}]}}